{"id":4817,"date":"2021-11-09T08:13:25","date_gmt":"2021-11-09T07:13:25","guid":{"rendered":"https:\/\/www.piovan.com\/?post_type=product&#038;p=4817"},"modified":"2025-02-26T14:27:13","modified_gmt":"2025-02-26T13:27:13","slug":"cr","status":"publish","type":"product","link":"https:\/\/www.piovan.com\/fr\/product\/cr\/","title":{"rendered":"CR"},"content":{"rendered":"<p>Pour les processus de production qui utilisent du PET amorphe provenant de granul\u00e9s vierges et bouteilles rebroy\u00e9es, r\u00e9cipients, fibres, feuilles de thermoformage et cerclages, Piovan propose une gamme compl\u00e8te de cristalliser, pour r\u00e9aliser le processus de pr\u00e9paration du mat\u00e9riau avant la phase de moulage par injection ou extrusion.<\/p>\n<p>Crystallising hoppers are equipped with high efficiency planetary motor gears to guarantee low rotation speed of the vertical paddle shaft and minimize dust creation.<\/p>\n<p>Les mod\u00e8les allant du CR 150 au CR 4000 ont \u00e9t\u00e9 sp\u00e9cifiquement d\u00e9velopp\u00e9s pour surmonter la temp\u00e9rature de transition vitreuse du mat\u00e9riau et garantir une cristallisation homog\u00e8ne, sans risque de collage ou de formation de ponts.<\/p>\n<p>Une fois cristallis\u00e9, le mat\u00e9riau rebroy\u00e9 en interne ou la PCR sont dos\u00e9s et m\u00e9lang\u00e9s avec des granul\u00e9s vierges au moyen de m\u00e9langeurs gravim\u00e9triques fonctionnant par lots avant le processus de s\u00e9chage.<\/p>\n<p>The access to the inner part is facilitated by a large hinged and insulated door and by the removable cone (configuration according to size).<\/p>\n<p>Une bonne cristallisation permet d'optimiser et de simplifier la phase de s\u00e9chage, sans risque de d\u00e9gradation de la mati\u00e8re et possibilit\u00e9 de r\u00e9cup\u00e9rer des pourcentages \u00e9lev\u00e9s de rebroy\u00e9.<\/p>","protected":false},"featured_media":13107,"template":"","tags":[108],"acf":[],"yoast_head":"<title>CR - Groupe Piovan<\/title>\n<meta name=\"robots\" content=\"index, follow, max-snippet:-1, max-image-preview:large, max-video-preview:-1\" \/>\n<link rel=\"canonical\" href=\"https:\/\/www.piovan.com\/fr\/product\/cr\/\" \/>\n<meta property=\"og:locale\" content=\"fr_FR\" \/>\n<meta property=\"og:type\" content=\"article\" \/>\n<meta property=\"og:title\" content=\"CR - PiovanGroup\" \/>\n<meta property=\"og:description\" content=\"CR assures best crystallisation, improving the drying phase. The design has been specifically developed to exceed the material glass transition temperature and to guarantee homogeneous crystallization, assuring optimal flow of the material. Crystallising hoppers are equipped with high efficiency planetary motor gears to guarantee low rotation speed of the vertical paddle shaft and minimize dust creation. The vertical shaft is assembled with screw connections between the different paddle groups, in order to facilitate maintenance and the substitution of each single [&hellip;]\" \/>\n<meta property=\"og:url\" content=\"https:\/\/www.piovan.com\/fr\/product\/cr\/\" \/>\n<meta property=\"og:site_name\" content=\"PiovanGroup\" \/>\n<meta property=\"article:modified_time\" content=\"2025-02-26T13:27:13+00:00\" \/>\n<meta property=\"og:image\" content=\"https:\/\/www.piovan.com\/wp-content\/uploads\/CR_1200x1560px.png\" \/>\n\t<meta property=\"og:image:width\" content=\"1200\" \/>\n\t<meta property=\"og:image:height\" content=\"1560\" \/>\n\t<meta property=\"og:image:type\" content=\"image\/png\" \/>\n<meta name=\"twitter:card\" content=\"summary_large_image\" \/>\n<script type=\"application\/ld+json\" class=\"yoast-schema-graph\">{\"@context\":\"https:\/\/schema.org\",\"@graph\":[{\"@type\":\"WebPage\",\"@id\":\"https:\/\/www.piovan.com\/product\/cr\/\",\"url\":\"https:\/\/www.piovan.com\/product\/cr\/\",\"name\":\"CR - PiovanGroup\",\"isPartOf\":{\"@id\":\"https:\/\/www.piovan.com\/#website\"},\"datePublished\":\"2021-11-09T07:13:25+00:00\",\"dateModified\":\"2025-02-26T13:27:13+00:00\",\"breadcrumb\":{\"@id\":\"https:\/\/www.piovan.com\/product\/cr\/#breadcrumb\"},\"inLanguage\":\"fr-FR\",\"potentialAction\":[{\"@type\":\"ReadAction\",\"target\":[\"https:\/\/www.piovan.com\/product\/cr\/\"]}]},{\"@type\":\"BreadcrumbList\",\"@id\":\"https:\/\/www.piovan.com\/product\/cr\/#breadcrumb\",\"itemListElement\":[{\"@type\":\"ListItem\",\"position\":1,\"name\":\"Home\",\"item\":\"https:\/\/www.piovan.com\/\"},{\"@type\":\"ListItem\",\"position\":2,\"name\":\"Plastic\",\"item\":\"https:\/\/www.piovan.com\/fr\/products\/plastique\/\"},{\"@type\":\"ListItem\",\"position\":3,\"name\":\"Drying &amp; Dehumidifying\",\"item\":\"https:\/\/www.piovan.com\/fr\/products\/plastique\/sechage-et-deshumidification\/\"},{\"@type\":\"ListItem\",\"position\":4,\"name\":\"CR\"}]},{\"@type\":\"WebSite\",\"@id\":\"https:\/\/www.piovan.com\/#website\",\"url\":\"https:\/\/www.piovan.com\/\",\"name\":\"PiovanGroup\",\"description\":\"\",\"publisher\":{\"@id\":\"https:\/\/www.piovan.com\/#organization\"},\"potentialAction\":[{\"@type\":\"SearchAction\",\"target\":{\"@type\":\"EntryPoint\",\"urlTemplate\":\"https:\/\/www.piovan.com\/?s={search_term_string}\"},\"query-input\":\"required name=search_term_string\"}],\"inLanguage\":\"fr-FR\"},{\"@type\":\"Organization\",\"@id\":\"https:\/\/www.piovan.com\/#organization\",\"name\":\"PiovanGroup\",\"url\":\"https:\/\/www.piovan.com\/\",\"logo\":{\"@type\":\"ImageObject\",\"inLanguage\":\"fr-FR\",\"@id\":\"https:\/\/www.piovan.com\/#\/schema\/logo\/image\/\",\"url\":\"https:\/\/www.piovan.com\/wp-content\/uploads\/2021\/06\/logo@2x.png\",\"contentUrl\":\"https:\/\/www.piovan.com\/wp-content\/uploads\/2021\/06\/logo@2x.png\",\"width\":489,\"height\":78,\"caption\":\"PiovanGroup\"},\"image\":{\"@id\":\"https:\/\/www.piovan.com\/#\/schema\/logo\/image\/\"}}]}<\/script>","yoast_head_json":{"title":"CR - Groupe Piovan","robots":{"index":"index","follow":"follow","max-snippet":"max-snippet:-1","max-image-preview":"max-image-preview:large","max-video-preview":"max-video-preview:-1"},"canonical":"https:\/\/www.piovan.com\/fr\/product\/cr\/","og_locale":"fr_FR","og_type":"article","og_title":"CR - PiovanGroup","og_description":"CR assures best crystallisation, improving the drying phase. The design has been specifically developed to exceed the material glass transition temperature and to guarantee homogeneous crystallization, assuring optimal flow of the material. Crystallising hoppers are equipped with high efficiency planetary motor gears to guarantee low rotation speed of the vertical paddle shaft and minimize dust creation. The vertical shaft is assembled with screw connections between the different paddle groups, in order to facilitate maintenance and the substitution of each single [&hellip;]","og_url":"https:\/\/www.piovan.com\/fr\/product\/cr\/","og_site_name":"PiovanGroup","article_modified_time":"2025-02-26T13:27:13+00:00","og_image":[{"width":1200,"height":1560,"url":"https:\/\/www.piovan.com\/wp-content\/uploads\/CR_1200x1560px.png","type":"image\/png"}],"twitter_card":"summary_large_image","schema":{"@context":"https:\/\/schema.org","@graph":[{"@type":"WebPage","@id":"https:\/\/www.piovan.com\/product\/cr\/","url":"https:\/\/www.piovan.com\/product\/cr\/","name":"CR - PiovanGroup","isPartOf":{"@id":"https:\/\/www.piovan.com\/#website"},"datePublished":"2021-11-09T07:13:25+00:00","dateModified":"2025-02-26T13:27:13+00:00","breadcrumb":{"@id":"https:\/\/www.piovan.com\/product\/cr\/#breadcrumb"},"inLanguage":"fr-FR","potentialAction":[{"@type":"ReadAction","target":["https:\/\/www.piovan.com\/product\/cr\/"]}]},{"@type":"BreadcrumbList","@id":"https:\/\/www.piovan.com\/product\/cr\/#breadcrumb","itemListElement":[{"@type":"ListItem","position":1,"name":"Home","item":"https:\/\/www.piovan.com\/"},{"@type":"ListItem","position":2,"name":"Plastic","item":"https:\/\/www.piovan.com\/fr\/products\/plastique\/"},{"@type":"ListItem","position":3,"name":"Drying &amp; Dehumidifying","item":"https:\/\/www.piovan.com\/fr\/products\/plastique\/sechage-et-deshumidification\/"},{"@type":"ListItem","position":4,"name":"CR"}]},{"@type":"WebSite","@id":"https:\/\/www.piovan.com\/#website","url":"https:\/\/www.piovan.com\/","name":"PiovanGroup","description":"","publisher":{"@id":"https:\/\/www.piovan.com\/#organization"},"potentialAction":[{"@type":"SearchAction","target":{"@type":"EntryPoint","urlTemplate":"https:\/\/www.piovan.com\/?s={search_term_string}"},"query-input":"required name=search_term_string"}],"inLanguage":"fr-FR"},{"@type":"Organization","@id":"https:\/\/www.piovan.com\/#organization","name":"PiovanGroup","url":"https:\/\/www.piovan.com\/","logo":{"@type":"ImageObject","inLanguage":"fr-FR","@id":"https:\/\/www.piovan.com\/#\/schema\/logo\/image\/","url":"https:\/\/www.piovan.com\/wp-content\/uploads\/2021\/06\/logo@2x.png","contentUrl":"https:\/\/www.piovan.com\/wp-content\/uploads\/2021\/06\/logo@2x.png","width":489,"height":78,"caption":"PiovanGroup"},"image":{"@id":"https:\/\/www.piovan.com\/#\/schema\/logo\/image\/"}}]}},"_links":{"self":[{"href":"https:\/\/www.piovan.com\/fr\/wp-json\/wp\/v2\/product\/4817"}],"collection":[{"href":"https:\/\/www.piovan.com\/fr\/wp-json\/wp\/v2\/product"}],"about":[{"href":"https:\/\/www.piovan.com\/fr\/wp-json\/wp\/v2\/types\/product"}],"version-history":[{"count":4,"href":"https:\/\/www.piovan.com\/fr\/wp-json\/wp\/v2\/product\/4817\/revisions"}],"predecessor-version":[{"id":14545,"href":"https:\/\/www.piovan.com\/fr\/wp-json\/wp\/v2\/product\/4817\/revisions\/14545"}],"wp:featuredmedia":[{"embeddable":true,"href":"https:\/\/www.piovan.com\/fr\/wp-json\/wp\/v2\/media\/13107"}],"wp:attachment":[{"href":"https:\/\/www.piovan.com\/fr\/wp-json\/wp\/v2\/media?parent=4817"}],"wp:term":[{"taxonomy":"post_tag","embeddable":true,"href":"https:\/\/www.piovan.com\/fr\/wp-json\/wp\/v2\/tags?post=4817"}],"curies":[{"name":"wp","href":"https:\/\/api.w.org\/{rel}","templated":true}]}}