{"id":4812,"date":"2021-11-09T08:04:14","date_gmt":"2021-11-09T07:04:14","guid":{"rendered":"https:\/\/www.piovan.com\/product\/aipc-technology-2\/"},"modified":"2025-01-07T16:20:55","modified_gmt":"2025-01-07T15:20:55","slug":"condenso","status":"publish","type":"product","link":"https:\/\/www.piovan.com\/fr\/product\/condenso\/","title":{"rendered":"Condenso"},"content":{"rendered":"<p>Condenso a \u00e9t\u00e9 con\u00e7u pour condenser les substances \u00e0 point d'\u00e9bullition bas rel\u00e2ch\u00e9es par les granul\u00e9s en plastique, le rPET ou les flocons lors du processus de chauffage.<\/p>\n<p class=\" translation-block\">The main features are:<br>\r\n\u2022 Smart energy recovery to minimize the consumption of cooling water and heating power.<br>\r\n\u2022 PureTech technology to remove VOC and contaminants<br>\r\n\u2022 High condensing performance<br>\r\n\u2022 Smart function to maximize condensing process<br>\r\n\u2022 Easy maintenance<br>\r\n\u2022 Condenso modules can be installed in parallel for higher flow rates.<\/p>","protected":false},"featured_media":13081,"template":"","tags":[108],"acf":[],"yoast_head":"<title>Condenso - Groupe Piovan<\/title>\n<meta name=\"robots\" content=\"index, follow, max-snippet:-1, max-image-preview:large, max-video-preview:-1\" \/>\n<link rel=\"canonical\" href=\"https:\/\/www.piovan.com\/fr\/product\/condenso\/\" \/>\n<meta property=\"og:locale\" content=\"fr_FR\" \/>\n<meta property=\"og:type\" content=\"article\" \/>\n<meta property=\"og:title\" content=\"Condenso - PiovanGroup\" \/>\n<meta property=\"og:description\" content=\"Condenso is designed to condense the low boiling substances released from the plastic pellets, rPET or flakes during the heating process. The main features are: \u2022 Smart energy recovery to minimize the consumption of cooling water and heating power. \u2022 PureTech technology to remove VOC and contaminants \u2022 High condensing performance \u2022 Smart function to maximize condensing process \u2022 Easy maintenance \u2022 Condenso modules can be installed in parallel for higher flow rates.\" \/>\n<meta property=\"og:url\" content=\"https:\/\/www.piovan.com\/fr\/product\/condenso\/\" \/>\n<meta property=\"og:site_name\" content=\"PiovanGroup\" \/>\n<meta property=\"article:modified_time\" content=\"2025-01-07T15:20:55+00:00\" \/>\n<meta property=\"og:image\" content=\"https:\/\/www.piovan.com\/wp-content\/uploads\/CONDENSO_1200x1560px.png\" \/>\n\t<meta property=\"og:image:width\" content=\"1200\" \/>\n\t<meta property=\"og:image:height\" content=\"1560\" \/>\n\t<meta property=\"og:image:type\" content=\"image\/png\" \/>\n<meta name=\"twitter:card\" content=\"summary_large_image\" \/>\n<script type=\"application\/ld+json\" class=\"yoast-schema-graph\">{\"@context\":\"https:\/\/schema.org\",\"@graph\":[{\"@type\":\"WebPage\",\"@id\":\"https:\/\/www.piovan.com\/product\/condenso\/\",\"url\":\"https:\/\/www.piovan.com\/product\/condenso\/\",\"name\":\"Condenso - PiovanGroup\",\"isPartOf\":{\"@id\":\"https:\/\/www.piovan.com\/#website\"},\"datePublished\":\"2021-11-09T07:04:14+00:00\",\"dateModified\":\"2025-01-07T15:20:55+00:00\",\"breadcrumb\":{\"@id\":\"https:\/\/www.piovan.com\/product\/condenso\/#breadcrumb\"},\"inLanguage\":\"fr-FR\",\"potentialAction\":[{\"@type\":\"ReadAction\",\"target\":[\"https:\/\/www.piovan.com\/product\/condenso\/\"]}]},{\"@type\":\"BreadcrumbList\",\"@id\":\"https:\/\/www.piovan.com\/product\/condenso\/#breadcrumb\",\"itemListElement\":[{\"@type\":\"ListItem\",\"position\":1,\"name\":\"Home\",\"item\":\"https:\/\/www.piovan.com\/\"},{\"@type\":\"ListItem\",\"position\":2,\"name\":\"Plastic\",\"item\":\"https:\/\/www.piovan.com\/fr\/products\/plastique\/\"},{\"@type\":\"ListItem\",\"position\":3,\"name\":\"Drying &amp; Dehumidifying\",\"item\":\"https:\/\/www.piovan.com\/fr\/products\/plastique\/sechage-et-deshumidification\/\"},{\"@type\":\"ListItem\",\"position\":4,\"name\":\"Condenso\"}]},{\"@type\":\"WebSite\",\"@id\":\"https:\/\/www.piovan.com\/#website\",\"url\":\"https:\/\/www.piovan.com\/\",\"name\":\"PiovanGroup\",\"description\":\"\",\"publisher\":{\"@id\":\"https:\/\/www.piovan.com\/#organization\"},\"potentialAction\":[{\"@type\":\"SearchAction\",\"target\":{\"@type\":\"EntryPoint\",\"urlTemplate\":\"https:\/\/www.piovan.com\/?s={search_term_string}\"},\"query-input\":\"required name=search_term_string\"}],\"inLanguage\":\"fr-FR\"},{\"@type\":\"Organization\",\"@id\":\"https:\/\/www.piovan.com\/#organization\",\"name\":\"PiovanGroup\",\"url\":\"https:\/\/www.piovan.com\/\",\"logo\":{\"@type\":\"ImageObject\",\"inLanguage\":\"fr-FR\",\"@id\":\"https:\/\/www.piovan.com\/#\/schema\/logo\/image\/\",\"url\":\"https:\/\/www.piovan.com\/wp-content\/uploads\/2021\/06\/logo@2x.png\",\"contentUrl\":\"https:\/\/www.piovan.com\/wp-content\/uploads\/2021\/06\/logo@2x.png\",\"width\":489,\"height\":78,\"caption\":\"PiovanGroup\"},\"image\":{\"@id\":\"https:\/\/www.piovan.com\/#\/schema\/logo\/image\/\"}}]}<\/script>","yoast_head_json":{"title":"Condenso - Groupe Piovan","robots":{"index":"index","follow":"follow","max-snippet":"max-snippet:-1","max-image-preview":"max-image-preview:large","max-video-preview":"max-video-preview:-1"},"canonical":"https:\/\/www.piovan.com\/fr\/product\/condenso\/","og_locale":"fr_FR","og_type":"article","og_title":"Condenso - PiovanGroup","og_description":"Condenso is designed to condense the low boiling substances released from the plastic pellets, rPET or flakes during the heating process. The main features are: \u2022 Smart energy recovery to minimize the consumption of cooling water and heating power. \u2022 PureTech technology to remove VOC and contaminants \u2022 High condensing performance \u2022 Smart function to maximize condensing process \u2022 Easy maintenance \u2022 Condenso modules can be installed in parallel for higher flow rates.","og_url":"https:\/\/www.piovan.com\/fr\/product\/condenso\/","og_site_name":"PiovanGroup","article_modified_time":"2025-01-07T15:20:55+00:00","og_image":[{"width":1200,"height":1560,"url":"https:\/\/www.piovan.com\/wp-content\/uploads\/CONDENSO_1200x1560px.png","type":"image\/png"}],"twitter_card":"summary_large_image","schema":{"@context":"https:\/\/schema.org","@graph":[{"@type":"WebPage","@id":"https:\/\/www.piovan.com\/product\/condenso\/","url":"https:\/\/www.piovan.com\/product\/condenso\/","name":"Condenso - PiovanGroup","isPartOf":{"@id":"https:\/\/www.piovan.com\/#website"},"datePublished":"2021-11-09T07:04:14+00:00","dateModified":"2025-01-07T15:20:55+00:00","breadcrumb":{"@id":"https:\/\/www.piovan.com\/product\/condenso\/#breadcrumb"},"inLanguage":"fr-FR","potentialAction":[{"@type":"ReadAction","target":["https:\/\/www.piovan.com\/product\/condenso\/"]}]},{"@type":"BreadcrumbList","@id":"https:\/\/www.piovan.com\/product\/condenso\/#breadcrumb","itemListElement":[{"@type":"ListItem","position":1,"name":"Home","item":"https:\/\/www.piovan.com\/"},{"@type":"ListItem","position":2,"name":"Plastic","item":"https:\/\/www.piovan.com\/fr\/products\/plastique\/"},{"@type":"ListItem","position":3,"name":"Drying &amp; Dehumidifying","item":"https:\/\/www.piovan.com\/fr\/products\/plastique\/sechage-et-deshumidification\/"},{"@type":"ListItem","position":4,"name":"Condenso"}]},{"@type":"WebSite","@id":"https:\/\/www.piovan.com\/#website","url":"https:\/\/www.piovan.com\/","name":"PiovanGroup","description":"","publisher":{"@id":"https:\/\/www.piovan.com\/#organization"},"potentialAction":[{"@type":"SearchAction","target":{"@type":"EntryPoint","urlTemplate":"https:\/\/www.piovan.com\/?s={search_term_string}"},"query-input":"required name=search_term_string"}],"inLanguage":"fr-FR"},{"@type":"Organization","@id":"https:\/\/www.piovan.com\/#organization","name":"PiovanGroup","url":"https:\/\/www.piovan.com\/","logo":{"@type":"ImageObject","inLanguage":"fr-FR","@id":"https:\/\/www.piovan.com\/#\/schema\/logo\/image\/","url":"https:\/\/www.piovan.com\/wp-content\/uploads\/2021\/06\/logo@2x.png","contentUrl":"https:\/\/www.piovan.com\/wp-content\/uploads\/2021\/06\/logo@2x.png","width":489,"height":78,"caption":"PiovanGroup"},"image":{"@id":"https:\/\/www.piovan.com\/#\/schema\/logo\/image\/"}}]}},"_links":{"self":[{"href":"https:\/\/www.piovan.com\/fr\/wp-json\/wp\/v2\/product\/4812"}],"collection":[{"href":"https:\/\/www.piovan.com\/fr\/wp-json\/wp\/v2\/product"}],"about":[{"href":"https:\/\/www.piovan.com\/fr\/wp-json\/wp\/v2\/types\/product"}],"version-history":[{"count":5,"href":"https:\/\/www.piovan.com\/fr\/wp-json\/wp\/v2\/product\/4812\/revisions"}],"predecessor-version":[{"id":14159,"href":"https:\/\/www.piovan.com\/fr\/wp-json\/wp\/v2\/product\/4812\/revisions\/14159"}],"wp:featuredmedia":[{"embeddable":true,"href":"https:\/\/www.piovan.com\/fr\/wp-json\/wp\/v2\/media\/13081"}],"wp:attachment":[{"href":"https:\/\/www.piovan.com\/fr\/wp-json\/wp\/v2\/media?parent=4812"}],"wp:term":[{"taxonomy":"post_tag","embeddable":true,"href":"https:\/\/www.piovan.com\/fr\/wp-json\/wp\/v2\/tags?post=4812"}],"curies":[{"name":"wp","href":"https:\/\/api.w.org\/{rel}","templated":true}]}}