{"id":4799,"date":"2021-11-09T07:56:46","date_gmt":"2021-11-09T06:56:46","guid":{"rendered":"https:\/\/www.piovan.com\/?post_type=product&#038;p=4799"},"modified":"2025-02-26T16:02:21","modified_gmt":"2025-02-26T15:02:21","slug":"quantum","status":"publish","type":"product","link":"https:\/\/www.piovan.com\/fr\/product\/quantum\/","title":{"rendered":"Quantum"},"content":{"rendered":"<p>Quantum est un m\u00e9langeur gravim\u00e9trique qui convient \u00e0 tous les mat\u00e9riaux plastiques, insensible aux vibrations et facile \u00e0 utiliser. Toutes les surfaces qui entrent en contact avec les mat\u00e9riaux trait\u00e9s sont en acier inoxydable,\nutilisables dans les environnements les plus critiques, comme ceux existants dans le secteur m\u00e9dical et celui du conditionnement alimentaire. La gamme peut comprendre jusqu\u2019\u00e0 6 stations de dosage, qui peuvent \u00eatre\nfacilement retir\u00e9es pour le vidage et le nettoyage.<\/p>\n<p>Le m\u00e9langeur peut \u00eatre install\u00e9 \u00e0 distance de la machine de traitement tout en garantissant le meilleur m\u00e9lange, m\u00eame \u00e0 la suite du convoyage de mat\u00e9riaux de diff\u00e9rentes densit\u00e9s sur de longues distances.<\/p>\n<p>Con\u00e7u dans le but de simplifier le changement de mat\u00e9riau, lorsque le poids et la taille sont compatibles avec une manipulation en toute s\u00e9curit\u00e9, les stations de dosage peuvent \u00eatre retir\u00e9es facilement et rapidement par un seul op\u00e9rateur.<\/p>\n<p>Les m\u00e9langeurs Quantum sont disponibles avec l\u2019\u00e9cran tactile 10\u201d Premium Evo contenant toutes les informations principales sur le m\u00e9langeur et permettant l\u2019acc\u00e8s facile aux r\u00e9glages et \u00e9v\u00e9nements\/alarmes. Le port Ethernet et l\u2019interface USB permettent le t\u00e9l\u00e9chargement du fichier journal et l\u2019int\u00e9gration aux syst\u00e8mes de supervision, tels que Piovan Winfactory 4.0. Cela permet le calcul de la consommation afin d\u2019optimiser le stock ou la production et d\u2019assister le d\u00e9partement qualit\u00e9 lors du tra\u00e7age et du stockage de toutes les phases de production.<\/p>","protected":false},"featured_media":13570,"template":"","tags":[108,41],"acf":[],"yoast_head":"<title>Quantum - Groupe Piovan<\/title>\n<meta name=\"robots\" content=\"index, follow, max-snippet:-1, max-image-preview:large, max-video-preview:-1\" \/>\n<link rel=\"canonical\" href=\"https:\/\/www.piovan.com\/fr\/product\/quantum\/\" \/>\n<meta property=\"og:locale\" content=\"fr_FR\" \/>\n<meta property=\"og:type\" content=\"article\" \/>\n<meta property=\"og:title\" content=\"Quantum - PiovanGroup\" \/>\n<meta property=\"og:description\" content=\"Quantum are gravimetric blenders suitable for all plastic materials, immune to vibrations and easy to use. All the surfaces that come into contact with the process material are stainless steel and can be used in the most critical environments, like the medical and food packaging sectors. Its semispherical shape assures perfect mixing without stagnation. The range can have up to 6 dosing stations, which can be easily removed, for emptying or cleaning. The mixer can be installed remotely over the [&hellip;]\" \/>\n<meta property=\"og:url\" content=\"https:\/\/www.piovan.com\/fr\/product\/quantum\/\" \/>\n<meta property=\"og:site_name\" content=\"PiovanGroup\" \/>\n<meta property=\"article:modified_time\" content=\"2025-02-26T15:02:21+00:00\" \/>\n<meta property=\"og:image\" content=\"https:\/\/www.piovan.com\/wp-content\/uploads\/Quantum-1.png\" \/>\n\t<meta property=\"og:image:width\" content=\"1200\" \/>\n\t<meta property=\"og:image:height\" content=\"1560\" \/>\n\t<meta property=\"og:image:type\" content=\"image\/png\" \/>\n<meta name=\"twitter:card\" content=\"summary_large_image\" \/>\n<script type=\"application\/ld+json\" class=\"yoast-schema-graph\">{\"@context\":\"https:\/\/schema.org\",\"@graph\":[{\"@type\":\"WebPage\",\"@id\":\"https:\/\/www.piovan.com\/product\/quantum\/\",\"url\":\"https:\/\/www.piovan.com\/product\/quantum\/\",\"name\":\"Quantum - PiovanGroup\",\"isPartOf\":{\"@id\":\"https:\/\/www.piovan.com\/#website\"},\"datePublished\":\"2021-11-09T06:56:46+00:00\",\"dateModified\":\"2025-02-26T15:02:21+00:00\",\"breadcrumb\":{\"@id\":\"https:\/\/www.piovan.com\/product\/quantum\/#breadcrumb\"},\"inLanguage\":\"fr-FR\",\"potentialAction\":[{\"@type\":\"ReadAction\",\"target\":[\"https:\/\/www.piovan.com\/product\/quantum\/\"]}]},{\"@type\":\"BreadcrumbList\",\"@id\":\"https:\/\/www.piovan.com\/product\/quantum\/#breadcrumb\",\"itemListElement\":[{\"@type\":\"ListItem\",\"position\":1,\"name\":\"Home\",\"item\":\"https:\/\/www.piovan.com\/\"},{\"@type\":\"ListItem\",\"position\":2,\"name\":\"Plastic\",\"item\":\"https:\/\/www.piovan.com\/fr\/products\/plastique\/\"},{\"@type\":\"ListItem\",\"position\":3,\"name\":\"Dosing &amp; Blending\",\"item\":\"https:\/\/www.piovan.com\/fr\/products\/plastique\/dosage\/\"},{\"@type\":\"ListItem\",\"position\":4,\"name\":\"Quantum\"}]},{\"@type\":\"WebSite\",\"@id\":\"https:\/\/www.piovan.com\/#website\",\"url\":\"https:\/\/www.piovan.com\/\",\"name\":\"PiovanGroup\",\"description\":\"\",\"publisher\":{\"@id\":\"https:\/\/www.piovan.com\/#organization\"},\"potentialAction\":[{\"@type\":\"SearchAction\",\"target\":{\"@type\":\"EntryPoint\",\"urlTemplate\":\"https:\/\/www.piovan.com\/?s={search_term_string}\"},\"query-input\":\"required name=search_term_string\"}],\"inLanguage\":\"fr-FR\"},{\"@type\":\"Organization\",\"@id\":\"https:\/\/www.piovan.com\/#organization\",\"name\":\"PiovanGroup\",\"url\":\"https:\/\/www.piovan.com\/\",\"logo\":{\"@type\":\"ImageObject\",\"inLanguage\":\"fr-FR\",\"@id\":\"https:\/\/www.piovan.com\/#\/schema\/logo\/image\/\",\"url\":\"https:\/\/www.piovan.com\/wp-content\/uploads\/2021\/06\/logo@2x.png\",\"contentUrl\":\"https:\/\/www.piovan.com\/wp-content\/uploads\/2021\/06\/logo@2x.png\",\"width\":489,\"height\":78,\"caption\":\"PiovanGroup\"},\"image\":{\"@id\":\"https:\/\/www.piovan.com\/#\/schema\/logo\/image\/\"}}]}<\/script>","yoast_head_json":{"title":"Quantum - Groupe Piovan","robots":{"index":"index","follow":"follow","max-snippet":"max-snippet:-1","max-image-preview":"max-image-preview:large","max-video-preview":"max-video-preview:-1"},"canonical":"https:\/\/www.piovan.com\/fr\/product\/quantum\/","og_locale":"fr_FR","og_type":"article","og_title":"Quantum - PiovanGroup","og_description":"Quantum are gravimetric blenders suitable for all plastic materials, immune to vibrations and easy to use. All the surfaces that come into contact with the process material are stainless steel and can be used in the most critical environments, like the medical and food packaging sectors. Its semispherical shape assures perfect mixing without stagnation. The range can have up to 6 dosing stations, which can be easily removed, for emptying or cleaning. The mixer can be installed remotely over the [&hellip;]","og_url":"https:\/\/www.piovan.com\/fr\/product\/quantum\/","og_site_name":"PiovanGroup","article_modified_time":"2025-02-26T15:02:21+00:00","og_image":[{"width":1200,"height":1560,"url":"https:\/\/www.piovan.com\/wp-content\/uploads\/Quantum-1.png","type":"image\/png"}],"twitter_card":"summary_large_image","schema":{"@context":"https:\/\/schema.org","@graph":[{"@type":"WebPage","@id":"https:\/\/www.piovan.com\/product\/quantum\/","url":"https:\/\/www.piovan.com\/product\/quantum\/","name":"Quantum - PiovanGroup","isPartOf":{"@id":"https:\/\/www.piovan.com\/#website"},"datePublished":"2021-11-09T06:56:46+00:00","dateModified":"2025-02-26T15:02:21+00:00","breadcrumb":{"@id":"https:\/\/www.piovan.com\/product\/quantum\/#breadcrumb"},"inLanguage":"fr-FR","potentialAction":[{"@type":"ReadAction","target":["https:\/\/www.piovan.com\/product\/quantum\/"]}]},{"@type":"BreadcrumbList","@id":"https:\/\/www.piovan.com\/product\/quantum\/#breadcrumb","itemListElement":[{"@type":"ListItem","position":1,"name":"Home","item":"https:\/\/www.piovan.com\/"},{"@type":"ListItem","position":2,"name":"Plastic","item":"https:\/\/www.piovan.com\/fr\/products\/plastique\/"},{"@type":"ListItem","position":3,"name":"Dosing &amp; Blending","item":"https:\/\/www.piovan.com\/fr\/products\/plastique\/dosage\/"},{"@type":"ListItem","position":4,"name":"Quantum"}]},{"@type":"WebSite","@id":"https:\/\/www.piovan.com\/#website","url":"https:\/\/www.piovan.com\/","name":"PiovanGroup","description":"","publisher":{"@id":"https:\/\/www.piovan.com\/#organization"},"potentialAction":[{"@type":"SearchAction","target":{"@type":"EntryPoint","urlTemplate":"https:\/\/www.piovan.com\/?s={search_term_string}"},"query-input":"required name=search_term_string"}],"inLanguage":"fr-FR"},{"@type":"Organization","@id":"https:\/\/www.piovan.com\/#organization","name":"PiovanGroup","url":"https:\/\/www.piovan.com\/","logo":{"@type":"ImageObject","inLanguage":"fr-FR","@id":"https:\/\/www.piovan.com\/#\/schema\/logo\/image\/","url":"https:\/\/www.piovan.com\/wp-content\/uploads\/2021\/06\/logo@2x.png","contentUrl":"https:\/\/www.piovan.com\/wp-content\/uploads\/2021\/06\/logo@2x.png","width":489,"height":78,"caption":"PiovanGroup"},"image":{"@id":"https:\/\/www.piovan.com\/#\/schema\/logo\/image\/"}}]}},"_links":{"self":[{"href":"https:\/\/www.piovan.com\/fr\/wp-json\/wp\/v2\/product\/4799"}],"collection":[{"href":"https:\/\/www.piovan.com\/fr\/wp-json\/wp\/v2\/product"}],"about":[{"href":"https:\/\/www.piovan.com\/fr\/wp-json\/wp\/v2\/types\/product"}],"version-history":[{"count":3,"href":"https:\/\/www.piovan.com\/fr\/wp-json\/wp\/v2\/product\/4799\/revisions"}],"predecessor-version":[{"id":14556,"href":"https:\/\/www.piovan.com\/fr\/wp-json\/wp\/v2\/product\/4799\/revisions\/14556"}],"wp:featuredmedia":[{"embeddable":true,"href":"https:\/\/www.piovan.com\/fr\/wp-json\/wp\/v2\/media\/13570"}],"wp:attachment":[{"href":"https:\/\/www.piovan.com\/fr\/wp-json\/wp\/v2\/media?parent=4799"}],"wp:term":[{"taxonomy":"post_tag","embeddable":true,"href":"https:\/\/www.piovan.com\/fr\/wp-json\/wp\/v2\/tags?post=4799"}],"curies":[{"name":"wp","href":"https:\/\/api.w.org\/{rel}","templated":true}]}}