{"id":4761,"date":"2021-11-08T19:21:23","date_gmt":"2021-11-08T18:21:23","guid":{"rendered":"https:\/\/www.piovan.com\/?post_type=product&#038;p=4761"},"modified":"2025-01-09T17:04:50","modified_gmt":"2025-01-09T16:04:50","slug":"lybra-lg-lgr","status":"publish","type":"product","link":"https:\/\/www.piovan.com\/fr\/product\/lybra-lg-lgr\/","title":{"rendered":"Lybra LG - LGR"},"content":{"rendered":"<p>Lybra LG est un doseur gravim\u00e9trique pr\u00e9cis et flexible. Il est \u00e9galement disponible en version refroidie sous le nom de LGR.<\/p>\n<p>La vis sans fin de dosage est disponible en 3 configurations, vis \u00e0 filetage simple, double ou triple, avec un degr\u00e9 \u00e9lev\u00e9 de pr\u00e9cision et de r\u00e9p\u00e9tabilit\u00e9.<br \/>\nL\u2019interface utilisateur graphique intuitive permet \u00e0 l\u2019op\u00e9rateur de contr\u00f4ler les param\u00e8tres principaux, tels que les valeurs r\u00e9elles et d\u00e9finies ou la production instantan\u00e9e. Elle permet \u00e9galement l\u2019acc\u00e8s \u00e0 toutes les fonctions de l\u2019unit\u00e9.<\/p>\n<p>Lybra LG\/LGR peut \u00eatre facilement int\u00e9gr\u00e9 dans les syst\u00e8mes de supervision et convient \u00e0 Winfactory 4.0.<br \/>\nLe corps central est dot\u00e9 d'un m\u00e9langeur statique permettant aux additifs d'entrer au centre de la colonne vierge, garantissant un m\u00e9lange parfait.<\/p>\n<p>Lybra dispose d'une station de dosage inclin\u00e9e qui contr\u00f4le l'alimentation excessive en additif dans le flux de processus et d'une conception \u00e0 double capteur de force, o\u00f9 seule la tr\u00e9mie de stockage est soutenue par des capteurs de force. Un support en crochets s\u00e9par\u00e9 isole le chargeur de tr\u00e9mie du syst\u00e8me d'alimentation. Cette conception permet un plus haut d\u00e9bit de mat\u00e9riau,\nune plus grande pr\u00e9cision et moins d'usure sur l'unit\u00e9.<\/p>","protected":false},"featured_media":13448,"template":"","tags":[108,41],"acf":[],"yoast_head":"<title>Lybra LG - LGR - Groupe Piovan<\/title>\n<meta name=\"robots\" content=\"index, follow, max-snippet:-1, max-image-preview:large, max-video-preview:-1\" \/>\n<link rel=\"canonical\" href=\"https:\/\/www.piovan.com\/fr\/product\/lybra-lg-lgr\/\" \/>\n<meta property=\"og:locale\" content=\"fr_FR\" \/>\n<meta property=\"og:type\" content=\"article\" \/>\n<meta property=\"og:title\" content=\"Lybra LG - LGR - PiovanGroup\" \/>\n<meta property=\"og:description\" content=\"Lybra LG is a gravimetric doser which is precise and flexible. It is also available in cooled version under the name of LGR. The dosing auger available in 3 configurations, single, dual or triple flight screws, assures high level of accuracy and repeatability. The intuitive graphical user interface allows the operator to control the main parameters such as actual and set values or instantaneous production and access all unit\u2019s functions. Lybra LG\/LGR can be easily integrated in supervision system and [&hellip;]\" \/>\n<meta property=\"og:url\" content=\"https:\/\/www.piovan.com\/fr\/product\/lybra-lg-lgr\/\" \/>\n<meta property=\"og:site_name\" content=\"PiovanGroup\" \/>\n<meta property=\"article:modified_time\" content=\"2025-01-09T16:04:50+00:00\" \/>\n<meta property=\"og:image\" content=\"https:\/\/www.piovan.com\/wp-content\/uploads\/Lybra-LG.png\" \/>\n\t<meta property=\"og:image:width\" content=\"1200\" \/>\n\t<meta property=\"og:image:height\" content=\"1560\" \/>\n\t<meta property=\"og:image:type\" content=\"image\/png\" \/>\n<meta name=\"twitter:card\" content=\"summary_large_image\" \/>\n<script type=\"application\/ld+json\" class=\"yoast-schema-graph\">{\"@context\":\"https:\/\/schema.org\",\"@graph\":[{\"@type\":\"WebPage\",\"@id\":\"https:\/\/www.piovan.com\/product\/lybra-lg-lgr\/\",\"url\":\"https:\/\/www.piovan.com\/product\/lybra-lg-lgr\/\",\"name\":\"Lybra LG - LGR - PiovanGroup\",\"isPartOf\":{\"@id\":\"https:\/\/www.piovan.com\/#website\"},\"datePublished\":\"2021-11-08T18:21:23+00:00\",\"dateModified\":\"2025-01-09T16:04:50+00:00\",\"breadcrumb\":{\"@id\":\"https:\/\/www.piovan.com\/product\/lybra-lg-lgr\/#breadcrumb\"},\"inLanguage\":\"fr-FR\",\"potentialAction\":[{\"@type\":\"ReadAction\",\"target\":[\"https:\/\/www.piovan.com\/product\/lybra-lg-lgr\/\"]}]},{\"@type\":\"BreadcrumbList\",\"@id\":\"https:\/\/www.piovan.com\/product\/lybra-lg-lgr\/#breadcrumb\",\"itemListElement\":[{\"@type\":\"ListItem\",\"position\":1,\"name\":\"Home\",\"item\":\"https:\/\/www.piovan.com\/\"},{\"@type\":\"ListItem\",\"position\":2,\"name\":\"Plastic\",\"item\":\"https:\/\/www.piovan.com\/fr\/products\/plastique\/\"},{\"@type\":\"ListItem\",\"position\":3,\"name\":\"Dosing &amp; Blending\",\"item\":\"https:\/\/www.piovan.com\/fr\/products\/plastique\/dosage\/\"},{\"@type\":\"ListItem\",\"position\":4,\"name\":\"Lybra LG - LGR\"}]},{\"@type\":\"WebSite\",\"@id\":\"https:\/\/www.piovan.com\/#website\",\"url\":\"https:\/\/www.piovan.com\/\",\"name\":\"PiovanGroup\",\"description\":\"\",\"publisher\":{\"@id\":\"https:\/\/www.piovan.com\/#organization\"},\"potentialAction\":[{\"@type\":\"SearchAction\",\"target\":{\"@type\":\"EntryPoint\",\"urlTemplate\":\"https:\/\/www.piovan.com\/?s={search_term_string}\"},\"query-input\":\"required name=search_term_string\"}],\"inLanguage\":\"fr-FR\"},{\"@type\":\"Organization\",\"@id\":\"https:\/\/www.piovan.com\/#organization\",\"name\":\"PiovanGroup\",\"url\":\"https:\/\/www.piovan.com\/\",\"logo\":{\"@type\":\"ImageObject\",\"inLanguage\":\"fr-FR\",\"@id\":\"https:\/\/www.piovan.com\/#\/schema\/logo\/image\/\",\"url\":\"https:\/\/www.piovan.com\/wp-content\/uploads\/2021\/06\/logo@2x.png\",\"contentUrl\":\"https:\/\/www.piovan.com\/wp-content\/uploads\/2021\/06\/logo@2x.png\",\"width\":489,\"height\":78,\"caption\":\"PiovanGroup\"},\"image\":{\"@id\":\"https:\/\/www.piovan.com\/#\/schema\/logo\/image\/\"}}]}<\/script>","yoast_head_json":{"title":"Lybra LG - LGR - Groupe Piovan","robots":{"index":"index","follow":"follow","max-snippet":"max-snippet:-1","max-image-preview":"max-image-preview:large","max-video-preview":"max-video-preview:-1"},"canonical":"https:\/\/www.piovan.com\/fr\/product\/lybra-lg-lgr\/","og_locale":"fr_FR","og_type":"article","og_title":"Lybra LG - LGR - PiovanGroup","og_description":"Lybra LG is a gravimetric doser which is precise and flexible. It is also available in cooled version under the name of LGR. The dosing auger available in 3 configurations, single, dual or triple flight screws, assures high level of accuracy and repeatability. The intuitive graphical user interface allows the operator to control the main parameters such as actual and set values or instantaneous production and access all unit\u2019s functions. Lybra LG\/LGR can be easily integrated in supervision system and [&hellip;]","og_url":"https:\/\/www.piovan.com\/fr\/product\/lybra-lg-lgr\/","og_site_name":"PiovanGroup","article_modified_time":"2025-01-09T16:04:50+00:00","og_image":[{"width":1200,"height":1560,"url":"https:\/\/www.piovan.com\/wp-content\/uploads\/Lybra-LG.png","type":"image\/png"}],"twitter_card":"summary_large_image","schema":{"@context":"https:\/\/schema.org","@graph":[{"@type":"WebPage","@id":"https:\/\/www.piovan.com\/product\/lybra-lg-lgr\/","url":"https:\/\/www.piovan.com\/product\/lybra-lg-lgr\/","name":"Lybra LG - LGR - PiovanGroup","isPartOf":{"@id":"https:\/\/www.piovan.com\/#website"},"datePublished":"2021-11-08T18:21:23+00:00","dateModified":"2025-01-09T16:04:50+00:00","breadcrumb":{"@id":"https:\/\/www.piovan.com\/product\/lybra-lg-lgr\/#breadcrumb"},"inLanguage":"fr-FR","potentialAction":[{"@type":"ReadAction","target":["https:\/\/www.piovan.com\/product\/lybra-lg-lgr\/"]}]},{"@type":"BreadcrumbList","@id":"https:\/\/www.piovan.com\/product\/lybra-lg-lgr\/#breadcrumb","itemListElement":[{"@type":"ListItem","position":1,"name":"Home","item":"https:\/\/www.piovan.com\/"},{"@type":"ListItem","position":2,"name":"Plastic","item":"https:\/\/www.piovan.com\/fr\/products\/plastique\/"},{"@type":"ListItem","position":3,"name":"Dosing &amp; Blending","item":"https:\/\/www.piovan.com\/fr\/products\/plastique\/dosage\/"},{"@type":"ListItem","position":4,"name":"Lybra LG - LGR"}]},{"@type":"WebSite","@id":"https:\/\/www.piovan.com\/#website","url":"https:\/\/www.piovan.com\/","name":"PiovanGroup","description":"","publisher":{"@id":"https:\/\/www.piovan.com\/#organization"},"potentialAction":[{"@type":"SearchAction","target":{"@type":"EntryPoint","urlTemplate":"https:\/\/www.piovan.com\/?s={search_term_string}"},"query-input":"required name=search_term_string"}],"inLanguage":"fr-FR"},{"@type":"Organization","@id":"https:\/\/www.piovan.com\/#organization","name":"PiovanGroup","url":"https:\/\/www.piovan.com\/","logo":{"@type":"ImageObject","inLanguage":"fr-FR","@id":"https:\/\/www.piovan.com\/#\/schema\/logo\/image\/","url":"https:\/\/www.piovan.com\/wp-content\/uploads\/2021\/06\/logo@2x.png","contentUrl":"https:\/\/www.piovan.com\/wp-content\/uploads\/2021\/06\/logo@2x.png","width":489,"height":78,"caption":"PiovanGroup"},"image":{"@id":"https:\/\/www.piovan.com\/#\/schema\/logo\/image\/"}}]}},"_links":{"self":[{"href":"https:\/\/www.piovan.com\/fr\/wp-json\/wp\/v2\/product\/4761"}],"collection":[{"href":"https:\/\/www.piovan.com\/fr\/wp-json\/wp\/v2\/product"}],"about":[{"href":"https:\/\/www.piovan.com\/fr\/wp-json\/wp\/v2\/types\/product"}],"version-history":[{"count":3,"href":"https:\/\/www.piovan.com\/fr\/wp-json\/wp\/v2\/product\/4761\/revisions"}],"predecessor-version":[{"id":14209,"href":"https:\/\/www.piovan.com\/fr\/wp-json\/wp\/v2\/product\/4761\/revisions\/14209"}],"wp:featuredmedia":[{"embeddable":true,"href":"https:\/\/www.piovan.com\/fr\/wp-json\/wp\/v2\/media\/13448"}],"wp:attachment":[{"href":"https:\/\/www.piovan.com\/fr\/wp-json\/wp\/v2\/media?parent=4761"}],"wp:term":[{"taxonomy":"post_tag","embeddable":true,"href":"https:\/\/www.piovan.com\/fr\/wp-json\/wp\/v2\/tags?post=4761"}],"curies":[{"name":"wp","href":"https:\/\/api.w.org\/{rel}","templated":true}]}}