{"id":4627,"date":"2021-11-06T19:58:48","date_gmt":"2021-11-06T18:58:48","guid":{"rendered":"http:\/\/188.166.2.129\/product\/pureflo-2\/"},"modified":"2025-01-07T14:47:37","modified_gmt":"2025-01-07T13:47:37","slug":"pureflo-na","status":"publish","type":"product","link":"https:\/\/www.piovan.com\/fr\/product\/pureflo-na\/","title":{"rendered":"Pureflo"},"content":{"rendered":"<p>PureFlo est un chargeur sans filtre qui permet d\u2019\u00e9viter entretien ordinaire pour le nettoyage.<\/p>\n<p class=\" translation-block\">Disponible en volumes compris entre 5 et 75 litres, il est particuli\u00e8rement indiqu\u00e9 pour les sites d'installation dont l'acc\u00e8s est limit\u00e9, tels que les salles blanches ou les lieux situ\u00e9s en hauteur. Sa conception sp\u00e9cifique emp\u00eache tout effet d'usure d\u00fb au frottement des mat\u00e9riaux.<\/p>","protected":false},"featured_media":14123,"template":"","tags":[41],"acf":[],"yoast_head":"<title>Pureflo - Groupe Piovan<\/title>\n<meta name=\"robots\" content=\"index, follow, max-snippet:-1, max-image-preview:large, max-video-preview:-1\" \/>\n<link rel=\"canonical\" href=\"https:\/\/www.piovan.com\/fr\/product\/pureflo-na\/\" \/>\n<meta property=\"og:locale\" content=\"fr_FR\" \/>\n<meta property=\"og:type\" content=\"article\" \/>\n<meta property=\"og:title\" content=\"Pureflo - PiovanGroup\" \/>\n<meta property=\"og:description\" content=\"PureFlo is the filter-less receiver that eliminates the need for ordinary maintenance for cleaning. Available from 5 to 75 litres size, it is particularly indicated for installation site with limited accessibility such as clean room or elevated locations. The specific design prevents any wear effect due to material friction.\" \/>\n<meta property=\"og:url\" content=\"https:\/\/www.piovan.com\/fr\/product\/pureflo-na\/\" \/>\n<meta property=\"og:site_name\" content=\"PiovanGroup\" \/>\n<meta property=\"article:modified_time\" content=\"2025-01-07T13:47:37+00:00\" \/>\n<meta property=\"og:image\" content=\"https:\/\/www.piovan.com\/wp-content\/uploads\/Pureflo_1200x1560px-copia-1.png\" \/>\n\t<meta property=\"og:image:width\" content=\"1200\" \/>\n\t<meta property=\"og:image:height\" content=\"1560\" \/>\n\t<meta property=\"og:image:type\" content=\"image\/png\" \/>\n<meta name=\"twitter:card\" content=\"summary_large_image\" \/>\n<script type=\"application\/ld+json\" class=\"yoast-schema-graph\">{\"@context\":\"https:\/\/schema.org\",\"@graph\":[{\"@type\":\"WebPage\",\"@id\":\"https:\/\/www.piovan.com\/product\/pureflo-na\/\",\"url\":\"https:\/\/www.piovan.com\/product\/pureflo-na\/\",\"name\":\"Pureflo - PiovanGroup\",\"isPartOf\":{\"@id\":\"https:\/\/www.piovan.com\/#website\"},\"datePublished\":\"2021-11-06T18:58:48+00:00\",\"dateModified\":\"2025-01-07T13:47:37+00:00\",\"breadcrumb\":{\"@id\":\"https:\/\/www.piovan.com\/product\/pureflo-na\/#breadcrumb\"},\"inLanguage\":\"fr-FR\",\"potentialAction\":[{\"@type\":\"ReadAction\",\"target\":[\"https:\/\/www.piovan.com\/product\/pureflo-na\/\"]}]},{\"@type\":\"BreadcrumbList\",\"@id\":\"https:\/\/www.piovan.com\/product\/pureflo-na\/#breadcrumb\",\"itemListElement\":[{\"@type\":\"ListItem\",\"position\":1,\"name\":\"Home\",\"item\":\"https:\/\/www.piovan.com\/\"},{\"@type\":\"ListItem\",\"position\":2,\"name\":\"Plastic\",\"item\":\"https:\/\/www.piovan.com\/fr\/products\/plastique\/\"},{\"@type\":\"ListItem\",\"position\":3,\"name\":\"Feeding &amp; Conveying\",\"item\":\"https:\/\/www.piovan.com\/fr\/products\/plastique\/alimentation-et-transport\/\"},{\"@type\":\"ListItem\",\"position\":4,\"name\":\"Pureflo\"}]},{\"@type\":\"WebSite\",\"@id\":\"https:\/\/www.piovan.com\/#website\",\"url\":\"https:\/\/www.piovan.com\/\",\"name\":\"PiovanGroup\",\"description\":\"\",\"publisher\":{\"@id\":\"https:\/\/www.piovan.com\/#organization\"},\"potentialAction\":[{\"@type\":\"SearchAction\",\"target\":{\"@type\":\"EntryPoint\",\"urlTemplate\":\"https:\/\/www.piovan.com\/?s={search_term_string}\"},\"query-input\":\"required name=search_term_string\"}],\"inLanguage\":\"fr-FR\"},{\"@type\":\"Organization\",\"@id\":\"https:\/\/www.piovan.com\/#organization\",\"name\":\"PiovanGroup\",\"url\":\"https:\/\/www.piovan.com\/\",\"logo\":{\"@type\":\"ImageObject\",\"inLanguage\":\"fr-FR\",\"@id\":\"https:\/\/www.piovan.com\/#\/schema\/logo\/image\/\",\"url\":\"https:\/\/www.piovan.com\/wp-content\/uploads\/2021\/06\/logo@2x.png\",\"contentUrl\":\"https:\/\/www.piovan.com\/wp-content\/uploads\/2021\/06\/logo@2x.png\",\"width\":489,\"height\":78,\"caption\":\"PiovanGroup\"},\"image\":{\"@id\":\"https:\/\/www.piovan.com\/#\/schema\/logo\/image\/\"}}]}<\/script>","yoast_head_json":{"title":"Pureflo - Groupe Piovan","robots":{"index":"index","follow":"follow","max-snippet":"max-snippet:-1","max-image-preview":"max-image-preview:large","max-video-preview":"max-video-preview:-1"},"canonical":"https:\/\/www.piovan.com\/fr\/product\/pureflo-na\/","og_locale":"fr_FR","og_type":"article","og_title":"Pureflo - PiovanGroup","og_description":"PureFlo is the filter-less receiver that eliminates the need for ordinary maintenance for cleaning. Available from 5 to 75 litres size, it is particularly indicated for installation site with limited accessibility such as clean room or elevated locations. The specific design prevents any wear effect due to material friction.","og_url":"https:\/\/www.piovan.com\/fr\/product\/pureflo-na\/","og_site_name":"PiovanGroup","article_modified_time":"2025-01-07T13:47:37+00:00","og_image":[{"width":1200,"height":1560,"url":"https:\/\/www.piovan.com\/wp-content\/uploads\/Pureflo_1200x1560px-copia-1.png","type":"image\/png"}],"twitter_card":"summary_large_image","schema":{"@context":"https:\/\/schema.org","@graph":[{"@type":"WebPage","@id":"https:\/\/www.piovan.com\/product\/pureflo-na\/","url":"https:\/\/www.piovan.com\/product\/pureflo-na\/","name":"Pureflo - PiovanGroup","isPartOf":{"@id":"https:\/\/www.piovan.com\/#website"},"datePublished":"2021-11-06T18:58:48+00:00","dateModified":"2025-01-07T13:47:37+00:00","breadcrumb":{"@id":"https:\/\/www.piovan.com\/product\/pureflo-na\/#breadcrumb"},"inLanguage":"fr-FR","potentialAction":[{"@type":"ReadAction","target":["https:\/\/www.piovan.com\/product\/pureflo-na\/"]}]},{"@type":"BreadcrumbList","@id":"https:\/\/www.piovan.com\/product\/pureflo-na\/#breadcrumb","itemListElement":[{"@type":"ListItem","position":1,"name":"Home","item":"https:\/\/www.piovan.com\/"},{"@type":"ListItem","position":2,"name":"Plastic","item":"https:\/\/www.piovan.com\/fr\/products\/plastique\/"},{"@type":"ListItem","position":3,"name":"Feeding &amp; Conveying","item":"https:\/\/www.piovan.com\/fr\/products\/plastique\/alimentation-et-transport\/"},{"@type":"ListItem","position":4,"name":"Pureflo"}]},{"@type":"WebSite","@id":"https:\/\/www.piovan.com\/#website","url":"https:\/\/www.piovan.com\/","name":"PiovanGroup","description":"","publisher":{"@id":"https:\/\/www.piovan.com\/#organization"},"potentialAction":[{"@type":"SearchAction","target":{"@type":"EntryPoint","urlTemplate":"https:\/\/www.piovan.com\/?s={search_term_string}"},"query-input":"required name=search_term_string"}],"inLanguage":"fr-FR"},{"@type":"Organization","@id":"https:\/\/www.piovan.com\/#organization","name":"PiovanGroup","url":"https:\/\/www.piovan.com\/","logo":{"@type":"ImageObject","inLanguage":"fr-FR","@id":"https:\/\/www.piovan.com\/#\/schema\/logo\/image\/","url":"https:\/\/www.piovan.com\/wp-content\/uploads\/2021\/06\/logo@2x.png","contentUrl":"https:\/\/www.piovan.com\/wp-content\/uploads\/2021\/06\/logo@2x.png","width":489,"height":78,"caption":"PiovanGroup"},"image":{"@id":"https:\/\/www.piovan.com\/#\/schema\/logo\/image\/"}}]}},"_links":{"self":[{"href":"https:\/\/www.piovan.com\/fr\/wp-json\/wp\/v2\/product\/4627"}],"collection":[{"href":"https:\/\/www.piovan.com\/fr\/wp-json\/wp\/v2\/product"}],"about":[{"href":"https:\/\/www.piovan.com\/fr\/wp-json\/wp\/v2\/types\/product"}],"version-history":[{"count":3,"href":"https:\/\/www.piovan.com\/fr\/wp-json\/wp\/v2\/product\/4627\/revisions"}],"predecessor-version":[{"id":14134,"href":"https:\/\/www.piovan.com\/fr\/wp-json\/wp\/v2\/product\/4627\/revisions\/14134"}],"wp:featuredmedia":[{"embeddable":true,"href":"https:\/\/www.piovan.com\/fr\/wp-json\/wp\/v2\/media\/14123"}],"wp:attachment":[{"href":"https:\/\/www.piovan.com\/fr\/wp-json\/wp\/v2\/media?parent=4627"}],"wp:term":[{"taxonomy":"post_tag","embeddable":true,"href":"https:\/\/www.piovan.com\/fr\/wp-json\/wp\/v2\/tags?post=4627"}],"curies":[{"name":"wp","href":"https:\/\/api.w.org\/{rel}","templated":true}]}}