{"id":15026,"date":"2025-05-08T16:04:52","date_gmt":"2025-05-08T14:04:52","guid":{"rendered":"https:\/\/www.piovan.com\/?post_type=product&#038;p=15026"},"modified":"2025-05-14T15:42:05","modified_gmt":"2025-05-14T13:42:05","slug":"optisieve","status":"publish","type":"product","link":"https:\/\/www.piovan.com\/fr\/product\/optisieve\/","title":{"rendered":"OptiSieve"},"content":{"rendered":"<p>Le tamis centrifuge repr\u00e9sente la solution parfaite pour le criblage des produits en poudre et pour briser les petits grumeaux.<\/p>\n<p class=\" translation-block\">Le syst\u00e8me offre efficacit\u00e9 et polyvalence dans le criblage de produits en poudre. Le treillis interne, disponible en diff\u00e9rentes trames et t\u00f4les perfor\u00e9es, peut \u00eatre personnalis\u00e9 pour r\u00e9pondre aux besoins sp\u00e9cifiques, garantissant des r\u00e9sultats au niveau de qualit\u00e9 \u00e9lev\u00e9e.<\/p>\n<p>Le syst\u00e8me assure une plus grande efficacit\u00e9 du proc\u00e9d\u00e9 de production, garantissant des r\u00e9sultats de haute qualit\u00e9.<\/p>\n<p>La conception a \u00e9t\u00e9 optimis\u00e9e pour garantir :<\/p>\n<ul>\n<li>Efficacit\u00e9 et qualit\u00e9 : Le produit tamis\u00e9 est pr\u00eat \u00e0 \u00eatre int\u00e9gr\u00e9 dans le proc\u00e9d\u00e9 de production, assurant uniformit\u00e9 et qualit\u00e9 constante.<\/li>\n<li>Gestion des d\u00e9chets : Les d\u00e9chets sont achemin\u00e9s vers une sortie frontale, facilement raccordable \u00e0 \nun r\u00e9servoir de collecte ou d'\u00e9limination, ou \u00e0 un syst\u00e8me pour un traitement ult\u00e9rieur.<\/li>\n<li>Robustesse et durabilit\u00e9 : Fabriqu\u00e9 avec une structure en acier inoxydable, le tamis est con\u00e7u pour g\u00e9rer diff\u00e9rents types de produits, garantissant des performances durables.<\/li>\n<li>S\u00e9curit\u00e9 et propret\u00e9 : Con\u00e7u pour garder la zone de travail propre et sure.<\/li>\n<\/ul>","protected":false},"featured_media":15130,"template":"","tags":[189],"acf":[],"yoast_head":"<title>OptiSieve - PiovanGroup<\/title>\n<meta name=\"robots\" content=\"index, follow, max-snippet:-1, max-image-preview:large, max-video-preview:-1\" \/>\n<link rel=\"canonical\" href=\"https:\/\/www.piovan.com\/fr\/product\/optisieve\/\" \/>\n<meta property=\"og:locale\" content=\"fr_FR\" \/>\n<meta property=\"og:type\" content=\"article\" \/>\n<meta property=\"og:title\" content=\"OptiSieve - PiovanGroup\" \/>\n<meta property=\"og:description\" content=\"The centrifugal sifter is the perfect solution for screening powdered products and breaking up small clumps. The system offers efficient and versatile screening of powdered products. The internal mesh, available in various weaves and perforated sheets, can be customized to meet specific requirements, ensuring results in line with the highest standards. The system enhances production efficiency while delivering consistently high-quality outcomes. The design has been optimized to ensure: Efficiency and Quality: The sieved product is ready to be integrated into [&hellip;]\" \/>\n<meta property=\"og:url\" content=\"https:\/\/www.piovan.com\/fr\/product\/optisieve\/\" \/>\n<meta property=\"og:site_name\" content=\"PiovanGroup\" \/>\n<meta property=\"article:modified_time\" content=\"2025-05-14T13:42:05+00:00\" \/>\n<meta property=\"og:image\" content=\"https:\/\/www.piovan.com\/wp-content\/uploads\/0001_Setaccio.png\" \/>\n\t<meta property=\"og:image:width\" content=\"1200\" \/>\n\t<meta property=\"og:image:height\" content=\"1560\" \/>\n\t<meta property=\"og:image:type\" content=\"image\/png\" \/>\n<meta name=\"twitter:card\" content=\"summary_large_image\" \/>\n<script type=\"application\/ld+json\" class=\"yoast-schema-graph\">{\"@context\":\"https:\/\/schema.org\",\"@graph\":[{\"@type\":\"WebPage\",\"@id\":\"https:\/\/www.piovan.com\/product\/optisieve\/\",\"url\":\"https:\/\/www.piovan.com\/product\/optisieve\/\",\"name\":\"OptiSieve - PiovanGroup\",\"isPartOf\":{\"@id\":\"https:\/\/www.piovan.com\/#website\"},\"datePublished\":\"2025-05-08T14:04:52+00:00\",\"dateModified\":\"2025-05-14T13:42:05+00:00\",\"breadcrumb\":{\"@id\":\"https:\/\/www.piovan.com\/product\/optisieve\/#breadcrumb\"},\"inLanguage\":\"fr-FR\",\"potentialAction\":[{\"@type\":\"ReadAction\",\"target\":[\"https:\/\/www.piovan.com\/product\/optisieve\/\"]}]},{\"@type\":\"BreadcrumbList\",\"@id\":\"https:\/\/www.piovan.com\/product\/optisieve\/#breadcrumb\",\"itemListElement\":[{\"@type\":\"ListItem\",\"position\":1,\"name\":\"Home\",\"item\":\"https:\/\/www.piovan.com\/\"},{\"@type\":\"ListItem\",\"position\":2,\"name\":\"Food\",\"item\":\"https:\/\/www.piovan.com\/fr\/products\/food\/\"},{\"@type\":\"ListItem\",\"position\":3,\"name\":\"Sieving\",\"item\":\"https:\/\/www.piovan.com\/fr\/products\/food\/sieving\/\"},{\"@type\":\"ListItem\",\"position\":4,\"name\":\"OptiSieve\"}]},{\"@type\":\"WebSite\",\"@id\":\"https:\/\/www.piovan.com\/#website\",\"url\":\"https:\/\/www.piovan.com\/\",\"name\":\"PiovanGroup\",\"description\":\"\",\"publisher\":{\"@id\":\"https:\/\/www.piovan.com\/#organization\"},\"potentialAction\":[{\"@type\":\"SearchAction\",\"target\":{\"@type\":\"EntryPoint\",\"urlTemplate\":\"https:\/\/www.piovan.com\/?s={search_term_string}\"},\"query-input\":\"required name=search_term_string\"}],\"inLanguage\":\"fr-FR\"},{\"@type\":\"Organization\",\"@id\":\"https:\/\/www.piovan.com\/#organization\",\"name\":\"PiovanGroup\",\"url\":\"https:\/\/www.piovan.com\/\",\"logo\":{\"@type\":\"ImageObject\",\"inLanguage\":\"fr-FR\",\"@id\":\"https:\/\/www.piovan.com\/#\/schema\/logo\/image\/\",\"url\":\"https:\/\/www.piovan.com\/wp-content\/uploads\/2021\/06\/logo@2x.png\",\"contentUrl\":\"https:\/\/www.piovan.com\/wp-content\/uploads\/2021\/06\/logo@2x.png\",\"width\":489,\"height\":78,\"caption\":\"PiovanGroup\"},\"image\":{\"@id\":\"https:\/\/www.piovan.com\/#\/schema\/logo\/image\/\"}}]}<\/script>","yoast_head_json":{"title":"OptiSieve - PiovanGroup","robots":{"index":"index","follow":"follow","max-snippet":"max-snippet:-1","max-image-preview":"max-image-preview:large","max-video-preview":"max-video-preview:-1"},"canonical":"https:\/\/www.piovan.com\/fr\/product\/optisieve\/","og_locale":"fr_FR","og_type":"article","og_title":"OptiSieve - PiovanGroup","og_description":"The centrifugal sifter is the perfect solution for screening powdered products and breaking up small clumps. The system offers efficient and versatile screening of powdered products. The internal mesh, available in various weaves and perforated sheets, can be customized to meet specific requirements, ensuring results in line with the highest standards. The system enhances production efficiency while delivering consistently high-quality outcomes. The design has been optimized to ensure: Efficiency and Quality: The sieved product is ready to be integrated into [&hellip;]","og_url":"https:\/\/www.piovan.com\/fr\/product\/optisieve\/","og_site_name":"PiovanGroup","article_modified_time":"2025-05-14T13:42:05+00:00","og_image":[{"width":1200,"height":1560,"url":"https:\/\/www.piovan.com\/wp-content\/uploads\/0001_Setaccio.png","type":"image\/png"}],"twitter_card":"summary_large_image","schema":{"@context":"https:\/\/schema.org","@graph":[{"@type":"WebPage","@id":"https:\/\/www.piovan.com\/product\/optisieve\/","url":"https:\/\/www.piovan.com\/product\/optisieve\/","name":"OptiSieve - PiovanGroup","isPartOf":{"@id":"https:\/\/www.piovan.com\/#website"},"datePublished":"2025-05-08T14:04:52+00:00","dateModified":"2025-05-14T13:42:05+00:00","breadcrumb":{"@id":"https:\/\/www.piovan.com\/product\/optisieve\/#breadcrumb"},"inLanguage":"fr-FR","potentialAction":[{"@type":"ReadAction","target":["https:\/\/www.piovan.com\/product\/optisieve\/"]}]},{"@type":"BreadcrumbList","@id":"https:\/\/www.piovan.com\/product\/optisieve\/#breadcrumb","itemListElement":[{"@type":"ListItem","position":1,"name":"Home","item":"https:\/\/www.piovan.com\/"},{"@type":"ListItem","position":2,"name":"Food","item":"https:\/\/www.piovan.com\/fr\/products\/food\/"},{"@type":"ListItem","position":3,"name":"Sieving","item":"https:\/\/www.piovan.com\/fr\/products\/food\/sieving\/"},{"@type":"ListItem","position":4,"name":"OptiSieve"}]},{"@type":"WebSite","@id":"https:\/\/www.piovan.com\/#website","url":"https:\/\/www.piovan.com\/","name":"PiovanGroup","description":"","publisher":{"@id":"https:\/\/www.piovan.com\/#organization"},"potentialAction":[{"@type":"SearchAction","target":{"@type":"EntryPoint","urlTemplate":"https:\/\/www.piovan.com\/?s={search_term_string}"},"query-input":"required name=search_term_string"}],"inLanguage":"fr-FR"},{"@type":"Organization","@id":"https:\/\/www.piovan.com\/#organization","name":"PiovanGroup","url":"https:\/\/www.piovan.com\/","logo":{"@type":"ImageObject","inLanguage":"fr-FR","@id":"https:\/\/www.piovan.com\/#\/schema\/logo\/image\/","url":"https:\/\/www.piovan.com\/wp-content\/uploads\/2021\/06\/logo@2x.png","contentUrl":"https:\/\/www.piovan.com\/wp-content\/uploads\/2021\/06\/logo@2x.png","width":489,"height":78,"caption":"PiovanGroup"},"image":{"@id":"https:\/\/www.piovan.com\/#\/schema\/logo\/image\/"}}]}},"_links":{"self":[{"href":"https:\/\/www.piovan.com\/fr\/wp-json\/wp\/v2\/product\/15026"}],"collection":[{"href":"https:\/\/www.piovan.com\/fr\/wp-json\/wp\/v2\/product"}],"about":[{"href":"https:\/\/www.piovan.com\/fr\/wp-json\/wp\/v2\/types\/product"}],"version-history":[{"count":2,"href":"https:\/\/www.piovan.com\/fr\/wp-json\/wp\/v2\/product\/15026\/revisions"}],"predecessor-version":[{"id":15140,"href":"https:\/\/www.piovan.com\/fr\/wp-json\/wp\/v2\/product\/15026\/revisions\/15140"}],"wp:featuredmedia":[{"embeddable":true,"href":"https:\/\/www.piovan.com\/fr\/wp-json\/wp\/v2\/media\/15130"}],"wp:attachment":[{"href":"https:\/\/www.piovan.com\/fr\/wp-json\/wp\/v2\/media?parent=15026"}],"wp:term":[{"taxonomy":"post_tag","embeddable":true,"href":"https:\/\/www.piovan.com\/fr\/wp-json\/wp\/v2\/tags?post=15026"}],"curies":[{"name":"wp","href":"https:\/\/api.w.org\/{rel}","templated":true}]}}