{"id":15024,"date":"2025-05-08T16:03:52","date_gmt":"2025-05-08T14:03:52","guid":{"rendered":"https:\/\/www.piovan.com\/?post_type=product&#038;p=15024"},"modified":"2025-05-14T12:51:41","modified_gmt":"2025-05-14T10:51:41","slug":"teslatube","status":"publish","type":"product","link":"https:\/\/www.piovan.com\/fr\/product\/teslatube\/","title":{"rendered":"TeslaTube"},"content":{"rendered":"<p>TeslaTube est un syst\u00e8me de pointe de chauffage par induction \u00e9lectromagn\u00e9tique sp\u00e9cifique pour les fluides alimentaires tels que le chocolat, les cr\u00e8mes \u00e0 tartiner, les gel\u00e9es et le miel ou, en g\u00e9n\u00e9ral, qui n\u00e9cessitent des temp\u00e9ratures contr\u00f4l\u00e9es. En utilisant\nune technologie de pointe, on garantit une temp\u00e9rature pr\u00e9cise tout au long du proc\u00e9d\u00e9, en emp\u00eachant ainsi la solidification et en pr\u00e9servant la qualit\u00e9 du produit.<\/p>\n<p>Le fonctionnement est bas\u00e9 sur l'induction \u00e9lectromagn\u00e9tique : un courant alternatif \u00e0 haute fr\u00e9quence traverse un conducteur enroul\u00e9 autour de la tuyauterie en acier inoxydable, g\u00e9n\u00e9rant un champ magn\u00e9tique qui induit des courants dans la tuyauterie m\u00eame, en la chauffant uniform\u00e9ment et en\ntransf\u00e9rant la chaleur au fluide de mani\u00e8re contr\u00f4l\u00e9e.<\/p>\n<p>L'architecture modulaire permet une installation simple et adaptable \u00e0 toute configuration existante. Le syst\u00e8me g\u00e8re toute la ligne de proc\u00e9d\u00e9, des r\u00e9servoirs aux vannes, des pompes aux \u00e9changeurs, garantissant un contr\u00f4le thermique pr\u00e9cis. Les connexions rapides facilitent l'installation et la maintenance, tandis que la standardisation optimise la gestion des pi\u00e8ces de rechange.<\/p>\n<p>The advanced PLC controller, through distributed sensors, constantly monitors and adjusts the delivered power, maintaining the temperature of the fluid within \u00b10.1\u00b0C with extremely fast response times. The intuitive interface allows for real-time programming and monitoring.<\/p>\n<p>Par rapport aux syst\u00e8mes traditionnels, TeslaTube offre des avantages significatifs : efficacit\u00e9 \u00e9nerg\u00e9tique sup\u00e9rieure avec des \u00e9conomies allant jusqu'\u00e0 90%, \u00e9limination des composants \u00e9nergivores, distribution homog\u00e8ne de la chaleur, temps de d\u00e9marrage r\u00e9duits et aucun risque de contamination.<\/p>\n<p class=\" translation-block\">Le syst\u00e8me peut exploiter directement l'\u00e9nergie des onduleurs photovolta\u00efques, en \u00e9liminant les conversions d'\u00e9nergie interm\u00e9diaires, en augmentant l\u2019efficacit\u00e9 du proc\u00e9d\u00e9 et en r\u00e9duisant consid\u00e9rablement l'empreinte carbone de l'ensemble du proc\u00e9d\u00e9 de production.<\/p>","protected":false},"featured_media":15119,"template":"","tags":[189],"acf":[],"yoast_head":"<title>TeslaTube - PiovanGroup<\/title>\n<meta name=\"robots\" content=\"index, follow, max-snippet:-1, max-image-preview:large, max-video-preview:-1\" \/>\n<link rel=\"canonical\" href=\"https:\/\/www.piovan.com\/fr\/product\/teslatube\/\" \/>\n<meta property=\"og:locale\" content=\"fr_FR\" \/>\n<meta property=\"og:type\" content=\"article\" \/>\n<meta property=\"og:title\" content=\"TeslaTube - PiovanGroup\" \/>\n<meta property=\"og:description\" content=\"TeslaTube is an advanced electromagnetic induction heating system specifically designed for food fluids such as chocolate, spreads, jellies, and honey, or in general, products that require controlled temperatures. Using cutting-edge technology, it ensures a precise temperature along the entire processing path, preventing solidification and preserving the quality of the product. The operating principle is that of electromagnetic induction: a high-frequency alternating current passes through a conductor wound around the stainless steel piping, generating a magnetic field that induces currents in [&hellip;]\" \/>\n<meta property=\"og:url\" content=\"https:\/\/www.piovan.com\/fr\/product\/teslatube\/\" \/>\n<meta property=\"og:site_name\" content=\"PiovanGroup\" \/>\n<meta property=\"article:modified_time\" content=\"2025-05-14T10:51:41+00:00\" \/>\n<meta property=\"og:image\" content=\"https:\/\/www.piovan.com\/wp-content\/uploads\/Teslatube.png\" \/>\n\t<meta property=\"og:image:width\" content=\"1200\" \/>\n\t<meta property=\"og:image:height\" content=\"1560\" \/>\n\t<meta property=\"og:image:type\" content=\"image\/png\" \/>\n<meta name=\"twitter:card\" content=\"summary_large_image\" \/>\n<script type=\"application\/ld+json\" class=\"yoast-schema-graph\">{\"@context\":\"https:\/\/schema.org\",\"@graph\":[{\"@type\":\"WebPage\",\"@id\":\"https:\/\/www.piovan.com\/product\/teslatube\/\",\"url\":\"https:\/\/www.piovan.com\/product\/teslatube\/\",\"name\":\"TeslaTube - PiovanGroup\",\"isPartOf\":{\"@id\":\"https:\/\/www.piovan.com\/#website\"},\"datePublished\":\"2025-05-08T14:03:52+00:00\",\"dateModified\":\"2025-05-14T10:51:41+00:00\",\"breadcrumb\":{\"@id\":\"https:\/\/www.piovan.com\/product\/teslatube\/#breadcrumb\"},\"inLanguage\":\"fr-FR\",\"potentialAction\":[{\"@type\":\"ReadAction\",\"target\":[\"https:\/\/www.piovan.com\/product\/teslatube\/\"]}]},{\"@type\":\"BreadcrumbList\",\"@id\":\"https:\/\/www.piovan.com\/product\/teslatube\/#breadcrumb\",\"itemListElement\":[{\"@type\":\"ListItem\",\"position\":1,\"name\":\"Home\",\"item\":\"https:\/\/www.piovan.com\/\"},{\"@type\":\"ListItem\",\"position\":2,\"name\":\"Food\",\"item\":\"https:\/\/www.piovan.com\/fr\/products\/food\/\"},{\"@type\":\"ListItem\",\"position\":3,\"name\":\"Transport\",\"item\":\"https:\/\/www.piovan.com\/fr\/products\/food\/transport\/\"},{\"@type\":\"ListItem\",\"position\":4,\"name\":\"TeslaTube\"}]},{\"@type\":\"WebSite\",\"@id\":\"https:\/\/www.piovan.com\/#website\",\"url\":\"https:\/\/www.piovan.com\/\",\"name\":\"PiovanGroup\",\"description\":\"\",\"publisher\":{\"@id\":\"https:\/\/www.piovan.com\/#organization\"},\"potentialAction\":[{\"@type\":\"SearchAction\",\"target\":{\"@type\":\"EntryPoint\",\"urlTemplate\":\"https:\/\/www.piovan.com\/?s={search_term_string}\"},\"query-input\":\"required name=search_term_string\"}],\"inLanguage\":\"fr-FR\"},{\"@type\":\"Organization\",\"@id\":\"https:\/\/www.piovan.com\/#organization\",\"name\":\"PiovanGroup\",\"url\":\"https:\/\/www.piovan.com\/\",\"logo\":{\"@type\":\"ImageObject\",\"inLanguage\":\"fr-FR\",\"@id\":\"https:\/\/www.piovan.com\/#\/schema\/logo\/image\/\",\"url\":\"https:\/\/www.piovan.com\/wp-content\/uploads\/2021\/06\/logo@2x.png\",\"contentUrl\":\"https:\/\/www.piovan.com\/wp-content\/uploads\/2021\/06\/logo@2x.png\",\"width\":489,\"height\":78,\"caption\":\"PiovanGroup\"},\"image\":{\"@id\":\"https:\/\/www.piovan.com\/#\/schema\/logo\/image\/\"}}]}<\/script>","yoast_head_json":{"title":"TeslaTube - PiovanGroup","robots":{"index":"index","follow":"follow","max-snippet":"max-snippet:-1","max-image-preview":"max-image-preview:large","max-video-preview":"max-video-preview:-1"},"canonical":"https:\/\/www.piovan.com\/fr\/product\/teslatube\/","og_locale":"fr_FR","og_type":"article","og_title":"TeslaTube - PiovanGroup","og_description":"TeslaTube is an advanced electromagnetic induction heating system specifically designed for food fluids such as chocolate, spreads, jellies, and honey, or in general, products that require controlled temperatures. Using cutting-edge technology, it ensures a precise temperature along the entire processing path, preventing solidification and preserving the quality of the product. The operating principle is that of electromagnetic induction: a high-frequency alternating current passes through a conductor wound around the stainless steel piping, generating a magnetic field that induces currents in [&hellip;]","og_url":"https:\/\/www.piovan.com\/fr\/product\/teslatube\/","og_site_name":"PiovanGroup","article_modified_time":"2025-05-14T10:51:41+00:00","og_image":[{"width":1200,"height":1560,"url":"https:\/\/www.piovan.com\/wp-content\/uploads\/Teslatube.png","type":"image\/png"}],"twitter_card":"summary_large_image","schema":{"@context":"https:\/\/schema.org","@graph":[{"@type":"WebPage","@id":"https:\/\/www.piovan.com\/product\/teslatube\/","url":"https:\/\/www.piovan.com\/product\/teslatube\/","name":"TeslaTube - PiovanGroup","isPartOf":{"@id":"https:\/\/www.piovan.com\/#website"},"datePublished":"2025-05-08T14:03:52+00:00","dateModified":"2025-05-14T10:51:41+00:00","breadcrumb":{"@id":"https:\/\/www.piovan.com\/product\/teslatube\/#breadcrumb"},"inLanguage":"fr-FR","potentialAction":[{"@type":"ReadAction","target":["https:\/\/www.piovan.com\/product\/teslatube\/"]}]},{"@type":"BreadcrumbList","@id":"https:\/\/www.piovan.com\/product\/teslatube\/#breadcrumb","itemListElement":[{"@type":"ListItem","position":1,"name":"Home","item":"https:\/\/www.piovan.com\/"},{"@type":"ListItem","position":2,"name":"Food","item":"https:\/\/www.piovan.com\/fr\/products\/food\/"},{"@type":"ListItem","position":3,"name":"Transport","item":"https:\/\/www.piovan.com\/fr\/products\/food\/transport\/"},{"@type":"ListItem","position":4,"name":"TeslaTube"}]},{"@type":"WebSite","@id":"https:\/\/www.piovan.com\/#website","url":"https:\/\/www.piovan.com\/","name":"PiovanGroup","description":"","publisher":{"@id":"https:\/\/www.piovan.com\/#organization"},"potentialAction":[{"@type":"SearchAction","target":{"@type":"EntryPoint","urlTemplate":"https:\/\/www.piovan.com\/?s={search_term_string}"},"query-input":"required name=search_term_string"}],"inLanguage":"fr-FR"},{"@type":"Organization","@id":"https:\/\/www.piovan.com\/#organization","name":"PiovanGroup","url":"https:\/\/www.piovan.com\/","logo":{"@type":"ImageObject","inLanguage":"fr-FR","@id":"https:\/\/www.piovan.com\/#\/schema\/logo\/image\/","url":"https:\/\/www.piovan.com\/wp-content\/uploads\/2021\/06\/logo@2x.png","contentUrl":"https:\/\/www.piovan.com\/wp-content\/uploads\/2021\/06\/logo@2x.png","width":489,"height":78,"caption":"PiovanGroup"},"image":{"@id":"https:\/\/www.piovan.com\/#\/schema\/logo\/image\/"}}]}},"_links":{"self":[{"href":"https:\/\/www.piovan.com\/fr\/wp-json\/wp\/v2\/product\/15024"}],"collection":[{"href":"https:\/\/www.piovan.com\/fr\/wp-json\/wp\/v2\/product"}],"about":[{"href":"https:\/\/www.piovan.com\/fr\/wp-json\/wp\/v2\/types\/product"}],"version-history":[{"count":3,"href":"https:\/\/www.piovan.com\/fr\/wp-json\/wp\/v2\/product\/15024\/revisions"}],"predecessor-version":[{"id":15120,"href":"https:\/\/www.piovan.com\/fr\/wp-json\/wp\/v2\/product\/15024\/revisions\/15120"}],"wp:featuredmedia":[{"embeddable":true,"href":"https:\/\/www.piovan.com\/fr\/wp-json\/wp\/v2\/media\/15119"}],"wp:attachment":[{"href":"https:\/\/www.piovan.com\/fr\/wp-json\/wp\/v2\/media?parent=15024"}],"wp:term":[{"taxonomy":"post_tag","embeddable":true,"href":"https:\/\/www.piovan.com\/fr\/wp-json\/wp\/v2\/tags?post=15024"}],"curies":[{"name":"wp","href":"https:\/\/api.w.org\/{rel}","templated":true}]}}