{"id":14276,"date":"2025-01-20T10:22:43","date_gmt":"2025-01-20T09:22:43","guid":{"rendered":"https:\/\/www.piovan.com\/product\/aryadew-2\/"},"modified":"2025-05-14T11:54:28","modified_gmt":"2025-05-14T09:54:28","slug":"piggingsystem","status":"publish","type":"product","link":"https:\/\/www.piovan.com\/fr\/product\/piggingsystem\/","title":{"rendered":"Pigging System"},"content":{"rendered":"<p>Les produits r\u00e9siduels dans la tuyauterie repr\u00e9sentent un d\u00e9fi en termes de co\u00fbts et de productivit\u00e9. Le syst\u00e8me de nettoyage Piovan Food &amp; Powders offre une solution innovante, en utilisant des PIG en silicone de qualit\u00e9 alimentaire entra\u00een\u00e9s par de l\u2019air comprim\u00e9 dans la tuyauterie. Une unit\u00e9 de contr\u00f4le d\u00e9di\u00e9e assure un r\u00e9glage continu de la vitesse et de la pression d\u2019alimentation, permettant un nettoyage efficace et \u00e9liminant les d\u00e9chets et la contamination crois\u00e9e entre les produits.<\/p>\n<p>Le syst\u00e8me PIG r\u00e9volutionne les m\u00e9thodes traditionnelles de r\u00e9cup\u00e9ration des produits dans les canalisations de transport alimentaire, offrant une valeur exceptionnelle dans toutes les op\u00e9rations.<\/p>\n<p>R\u00e9cup\u00e9ration optimale du produit. Gr\u00e2ce \u00e0 des PIG en silicone de qualit\u00e9 alimentaire actionn\u00e9s par de l\u2019air comprim\u00e9, le syst\u00e8me r\u00e9cup\u00e8re jusqu\u2019\u00e0 70 % de produit en plus par rapport aux m\u00e9thodes conventionnelles, ce qui \u00e9limine la contamination crois\u00e9e entre les produits et absence de d\u00e9chets lors des changements de production.<\/p>\n<p>Excellence op\u00e9rationnelle. Le syst\u00e8me se caract\u00e9rise par des cycles de nettoyage courts et permet l\u2019entretien en cours de fonctionnement. Une unit\u00e9 de contr\u00f4le d\u00e9di\u00e9e r\u00e9gule la vitesse et la pression, maintenant une efficacit\u00e9 de nettoyage optimale avec une certification de niveau de performance d (PLd).<\/p>\n<p>Avantages \u00e9conomiques. Cette technologie permet de r\u00e9duire la consommation d\u2019eau et de produits chimiques jusqu\u2019\u00e0 70 %, ce qui se traduit par d\u2019importantes \u00e9conomies et des avantages pour l\u2019environnement. Elle est donc id\u00e9ale pour les fabricants qui traitent des produits de grande valeur tels que le chocolat, les cr\u00e8mes anhydres et les ar\u00f4mes alimentaires, tout en garantissant l\u2019efficacit\u00e9 de la production et des normes d\u2019hygi\u00e8ne optimales.<\/p>","protected":false},"featured_media":15105,"template":"","tags":[189],"acf":[],"yoast_head":"<title>Pigging System - PiovanGroup<\/title>\n<meta name=\"robots\" content=\"index, follow, max-snippet:-1, max-image-preview:large, max-video-preview:-1\" \/>\n<link rel=\"canonical\" href=\"https:\/\/www.piovan.com\/fr\/product\/piggingsystem\/\" \/>\n<meta property=\"og:locale\" content=\"fr_FR\" \/>\n<meta property=\"og:type\" content=\"article\" \/>\n<meta property=\"og:title\" content=\"Pigging System - PiovanGroup\" \/>\n<meta property=\"og:description\" content=\"Residual product in pipelines represents both a cost and operational challenge. The Piovan Food &amp; Powders Pigging System offers an innovative solution using food-grade silicone PIGs propelled by compressed air through the pipeline. A dedicated control unit ensures continuous regulation of advancement speed and pressure, ensuring efficient cleaning while eliminating waste and cross-contamination between products. The PIG system revolutionizes traditional product recovery methods in food processing pipelines, delivering exceptional value across operations. Superior Product Recovery. Using foodgrade silicone PIGs propelled [&hellip;]\" \/>\n<meta property=\"og:url\" content=\"https:\/\/www.piovan.com\/fr\/product\/piggingsystem\/\" \/>\n<meta property=\"og:site_name\" content=\"PiovanGroup\" \/>\n<meta property=\"article:modified_time\" content=\"2025-05-14T09:54:28+00:00\" \/>\n<meta property=\"og:image\" content=\"https:\/\/www.piovan.com\/wp-content\/uploads\/0007_Pig_station.png\" \/>\n\t<meta property=\"og:image:width\" content=\"1200\" \/>\n\t<meta property=\"og:image:height\" content=\"1560\" \/>\n\t<meta property=\"og:image:type\" content=\"image\/png\" \/>\n<meta name=\"twitter:card\" content=\"summary_large_image\" \/>\n<script type=\"application\/ld+json\" class=\"yoast-schema-graph\">{\"@context\":\"https:\/\/schema.org\",\"@graph\":[{\"@type\":\"WebPage\",\"@id\":\"https:\/\/www.piovan.com\/product\/piggingsystem\/\",\"url\":\"https:\/\/www.piovan.com\/product\/piggingsystem\/\",\"name\":\"Pigging System - PiovanGroup\",\"isPartOf\":{\"@id\":\"https:\/\/www.piovan.com\/#website\"},\"datePublished\":\"2025-01-20T09:22:43+00:00\",\"dateModified\":\"2025-05-14T09:54:28+00:00\",\"breadcrumb\":{\"@id\":\"https:\/\/www.piovan.com\/product\/piggingsystem\/#breadcrumb\"},\"inLanguage\":\"fr-FR\",\"potentialAction\":[{\"@type\":\"ReadAction\",\"target\":[\"https:\/\/www.piovan.com\/product\/piggingsystem\/\"]}]},{\"@type\":\"BreadcrumbList\",\"@id\":\"https:\/\/www.piovan.com\/product\/piggingsystem\/#breadcrumb\",\"itemListElement\":[{\"@type\":\"ListItem\",\"position\":1,\"name\":\"Home\",\"item\":\"https:\/\/www.piovan.com\/\"},{\"@type\":\"ListItem\",\"position\":2,\"name\":\"Food\",\"item\":\"https:\/\/www.piovan.com\/fr\/products\/food\/\"},{\"@type\":\"ListItem\",\"position\":3,\"name\":\"Transport\",\"item\":\"https:\/\/www.piovan.com\/fr\/products\/food\/transport\/\"},{\"@type\":\"ListItem\",\"position\":4,\"name\":\"Pigging System\"}]},{\"@type\":\"WebSite\",\"@id\":\"https:\/\/www.piovan.com\/#website\",\"url\":\"https:\/\/www.piovan.com\/\",\"name\":\"PiovanGroup\",\"description\":\"\",\"publisher\":{\"@id\":\"https:\/\/www.piovan.com\/#organization\"},\"potentialAction\":[{\"@type\":\"SearchAction\",\"target\":{\"@type\":\"EntryPoint\",\"urlTemplate\":\"https:\/\/www.piovan.com\/?s={search_term_string}\"},\"query-input\":\"required name=search_term_string\"}],\"inLanguage\":\"fr-FR\"},{\"@type\":\"Organization\",\"@id\":\"https:\/\/www.piovan.com\/#organization\",\"name\":\"PiovanGroup\",\"url\":\"https:\/\/www.piovan.com\/\",\"logo\":{\"@type\":\"ImageObject\",\"inLanguage\":\"fr-FR\",\"@id\":\"https:\/\/www.piovan.com\/#\/schema\/logo\/image\/\",\"url\":\"https:\/\/www.piovan.com\/wp-content\/uploads\/2021\/06\/logo@2x.png\",\"contentUrl\":\"https:\/\/www.piovan.com\/wp-content\/uploads\/2021\/06\/logo@2x.png\",\"width\":489,\"height\":78,\"caption\":\"PiovanGroup\"},\"image\":{\"@id\":\"https:\/\/www.piovan.com\/#\/schema\/logo\/image\/\"}}]}<\/script>","yoast_head_json":{"title":"Pigging System - PiovanGroup","robots":{"index":"index","follow":"follow","max-snippet":"max-snippet:-1","max-image-preview":"max-image-preview:large","max-video-preview":"max-video-preview:-1"},"canonical":"https:\/\/www.piovan.com\/fr\/product\/piggingsystem\/","og_locale":"fr_FR","og_type":"article","og_title":"Pigging System - PiovanGroup","og_description":"Residual product in pipelines represents both a cost and operational challenge. The Piovan Food &amp; Powders Pigging System offers an innovative solution using food-grade silicone PIGs propelled by compressed air through the pipeline. A dedicated control unit ensures continuous regulation of advancement speed and pressure, ensuring efficient cleaning while eliminating waste and cross-contamination between products. The PIG system revolutionizes traditional product recovery methods in food processing pipelines, delivering exceptional value across operations. Superior Product Recovery. Using foodgrade silicone PIGs propelled [&hellip;]","og_url":"https:\/\/www.piovan.com\/fr\/product\/piggingsystem\/","og_site_name":"PiovanGroup","article_modified_time":"2025-05-14T09:54:28+00:00","og_image":[{"width":1200,"height":1560,"url":"https:\/\/www.piovan.com\/wp-content\/uploads\/0007_Pig_station.png","type":"image\/png"}],"twitter_card":"summary_large_image","schema":{"@context":"https:\/\/schema.org","@graph":[{"@type":"WebPage","@id":"https:\/\/www.piovan.com\/product\/piggingsystem\/","url":"https:\/\/www.piovan.com\/product\/piggingsystem\/","name":"Pigging System - PiovanGroup","isPartOf":{"@id":"https:\/\/www.piovan.com\/#website"},"datePublished":"2025-01-20T09:22:43+00:00","dateModified":"2025-05-14T09:54:28+00:00","breadcrumb":{"@id":"https:\/\/www.piovan.com\/product\/piggingsystem\/#breadcrumb"},"inLanguage":"fr-FR","potentialAction":[{"@type":"ReadAction","target":["https:\/\/www.piovan.com\/product\/piggingsystem\/"]}]},{"@type":"BreadcrumbList","@id":"https:\/\/www.piovan.com\/product\/piggingsystem\/#breadcrumb","itemListElement":[{"@type":"ListItem","position":1,"name":"Home","item":"https:\/\/www.piovan.com\/"},{"@type":"ListItem","position":2,"name":"Food","item":"https:\/\/www.piovan.com\/fr\/products\/food\/"},{"@type":"ListItem","position":3,"name":"Transport","item":"https:\/\/www.piovan.com\/fr\/products\/food\/transport\/"},{"@type":"ListItem","position":4,"name":"Pigging System"}]},{"@type":"WebSite","@id":"https:\/\/www.piovan.com\/#website","url":"https:\/\/www.piovan.com\/","name":"PiovanGroup","description":"","publisher":{"@id":"https:\/\/www.piovan.com\/#organization"},"potentialAction":[{"@type":"SearchAction","target":{"@type":"EntryPoint","urlTemplate":"https:\/\/www.piovan.com\/?s={search_term_string}"},"query-input":"required name=search_term_string"}],"inLanguage":"fr-FR"},{"@type":"Organization","@id":"https:\/\/www.piovan.com\/#organization","name":"PiovanGroup","url":"https:\/\/www.piovan.com\/","logo":{"@type":"ImageObject","inLanguage":"fr-FR","@id":"https:\/\/www.piovan.com\/#\/schema\/logo\/image\/","url":"https:\/\/www.piovan.com\/wp-content\/uploads\/2021\/06\/logo@2x.png","contentUrl":"https:\/\/www.piovan.com\/wp-content\/uploads\/2021\/06\/logo@2x.png","width":489,"height":78,"caption":"PiovanGroup"},"image":{"@id":"https:\/\/www.piovan.com\/#\/schema\/logo\/image\/"}}]}},"_links":{"self":[{"href":"https:\/\/www.piovan.com\/fr\/wp-json\/wp\/v2\/product\/14276"}],"collection":[{"href":"https:\/\/www.piovan.com\/fr\/wp-json\/wp\/v2\/product"}],"about":[{"href":"https:\/\/www.piovan.com\/fr\/wp-json\/wp\/v2\/types\/product"}],"version-history":[{"count":3,"href":"https:\/\/www.piovan.com\/fr\/wp-json\/wp\/v2\/product\/14276\/revisions"}],"predecessor-version":[{"id":15106,"href":"https:\/\/www.piovan.com\/fr\/wp-json\/wp\/v2\/product\/14276\/revisions\/15106"}],"wp:featuredmedia":[{"embeddable":true,"href":"https:\/\/www.piovan.com\/fr\/wp-json\/wp\/v2\/media\/15105"}],"wp:attachment":[{"href":"https:\/\/www.piovan.com\/fr\/wp-json\/wp\/v2\/media?parent=14276"}],"wp:term":[{"taxonomy":"post_tag","embeddable":true,"href":"https:\/\/www.piovan.com\/fr\/wp-json\/wp\/v2\/tags?post=14276"}],"curies":[{"name":"wp","href":"https:\/\/api.w.org\/{rel}","templated":true}]}}