{"id":11833,"date":"2024-03-25T11:56:57","date_gmt":"2024-03-25T10:56:57","guid":{"rendered":"https:\/\/www.piovan.com\/product\/mdw-2\/"},"modified":"2025-01-10T09:42:39","modified_gmt":"2025-01-10T08:42:39","slug":"mdw","status":"publish","type":"product","link":"https:\/\/www.piovan.com\/fr\/product\/mdw\/","title":{"rendered":"MDW"},"content":{"rendered":"<p>Les m\u00e9langeurs MDW peuvent doser et peser jusqu'\u00e0 8 mat\u00e9riaux.<\/p>\n<p>La commande par microprocesseur garantit une vitesse d'ex\u00e9cution tr\u00e8s \u00e9lev\u00e9e, la pr\u00e9cision et un r\u00e9glage facile de l'unit\u00e9.<\/p>\n<p>Les m\u00e9langeurs MDW sont disponibles avec l'\u00e9cran tactile 10\u201d Premium Evo contenant toutes les informations principales sur le m\u00e9langeur et dont l'acc\u00e8s aux r\u00e9glages et \u00e9v\u00e9nements\/alarmes est facile. Le port Ethernet et l'interface USB permettent le t\u00e9l\u00e9chargement du fichier journal et l'int\u00e9gration aux syst\u00e8mes de supervision, tels que Piovan Winfactory 4.0. Cela permet l'enregistrement de la consommation afin d'optimiser le stock ou la production et d'assister le d\u00e9partement qualit\u00e9 lors du tra\u00e7age et du stockage de toutes les donn\u00e9es de production.<\/p>","protected":false},"featured_media":13560,"template":"","tags":[108,41],"acf":[],"yoast_head":"<title>MDW - Groupe Piovan<\/title>\n<meta name=\"robots\" content=\"index, follow, max-snippet:-1, max-image-preview:large, max-video-preview:-1\" \/>\n<link rel=\"canonical\" href=\"https:\/\/www.piovan.com\/fr\/product\/mdw\/\" \/>\n<meta property=\"og:locale\" content=\"fr_FR\" \/>\n<meta property=\"og:type\" content=\"article\" \/>\n<meta property=\"og:title\" content=\"MDW - PiovanGroup\" \/>\n<meta property=\"og:description\" content=\"MDW blenders can dose and weigh up to 8 materials. The microprocessor control assures high execution speed, precision and simple setting of the unit. MDW blenders are available with Premium Evo, 10\u201d touch screen with all the main information on the blender and easy access to settings and event\/alarm. Ethernet port and the USB interface allow the downloading of log file and integration with supervision systems, such as Piovan Winfactory 4.0. This allows consumption recording to optimize stock or production [&hellip;]\" \/>\n<meta property=\"og:url\" content=\"https:\/\/www.piovan.com\/fr\/product\/mdw\/\" \/>\n<meta property=\"og:site_name\" content=\"PiovanGroup\" \/>\n<meta property=\"article:modified_time\" content=\"2025-01-10T08:42:39+00:00\" \/>\n<meta property=\"og:image\" content=\"https:\/\/www.piovan.com\/wp-content\/uploads\/MDW-1.png\" \/>\n\t<meta property=\"og:image:width\" content=\"1200\" \/>\n\t<meta property=\"og:image:height\" content=\"1560\" \/>\n\t<meta property=\"og:image:type\" content=\"image\/png\" \/>\n<meta name=\"twitter:card\" content=\"summary_large_image\" \/>\n<script type=\"application\/ld+json\" class=\"yoast-schema-graph\">{\"@context\":\"https:\/\/schema.org\",\"@graph\":[{\"@type\":\"WebPage\",\"@id\":\"https:\/\/www.piovan.com\/product\/mdw\/\",\"url\":\"https:\/\/www.piovan.com\/product\/mdw\/\",\"name\":\"MDW - PiovanGroup\",\"isPartOf\":{\"@id\":\"https:\/\/www.piovan.com\/#website\"},\"datePublished\":\"2024-03-25T10:56:57+00:00\",\"dateModified\":\"2025-01-10T08:42:39+00:00\",\"breadcrumb\":{\"@id\":\"https:\/\/www.piovan.com\/product\/mdw\/#breadcrumb\"},\"inLanguage\":\"fr-FR\",\"potentialAction\":[{\"@type\":\"ReadAction\",\"target\":[\"https:\/\/www.piovan.com\/product\/mdw\/\"]}]},{\"@type\":\"BreadcrumbList\",\"@id\":\"https:\/\/www.piovan.com\/product\/mdw\/#breadcrumb\",\"itemListElement\":[{\"@type\":\"ListItem\",\"position\":1,\"name\":\"Home\",\"item\":\"https:\/\/www.piovan.com\/\"},{\"@type\":\"ListItem\",\"position\":2,\"name\":\"Plastic\",\"item\":\"https:\/\/www.piovan.com\/fr\/products\/plastique\/\"},{\"@type\":\"ListItem\",\"position\":3,\"name\":\"Dosing &amp; Blending\",\"item\":\"https:\/\/www.piovan.com\/fr\/products\/plastique\/dosage\/\"},{\"@type\":\"ListItem\",\"position\":4,\"name\":\"MDW\"}]},{\"@type\":\"WebSite\",\"@id\":\"https:\/\/www.piovan.com\/#website\",\"url\":\"https:\/\/www.piovan.com\/\",\"name\":\"PiovanGroup\",\"description\":\"\",\"publisher\":{\"@id\":\"https:\/\/www.piovan.com\/#organization\"},\"potentialAction\":[{\"@type\":\"SearchAction\",\"target\":{\"@type\":\"EntryPoint\",\"urlTemplate\":\"https:\/\/www.piovan.com\/?s={search_term_string}\"},\"query-input\":\"required name=search_term_string\"}],\"inLanguage\":\"fr-FR\"},{\"@type\":\"Organization\",\"@id\":\"https:\/\/www.piovan.com\/#organization\",\"name\":\"PiovanGroup\",\"url\":\"https:\/\/www.piovan.com\/\",\"logo\":{\"@type\":\"ImageObject\",\"inLanguage\":\"fr-FR\",\"@id\":\"https:\/\/www.piovan.com\/#\/schema\/logo\/image\/\",\"url\":\"https:\/\/www.piovan.com\/wp-content\/uploads\/2021\/06\/logo@2x.png\",\"contentUrl\":\"https:\/\/www.piovan.com\/wp-content\/uploads\/2021\/06\/logo@2x.png\",\"width\":489,\"height\":78,\"caption\":\"PiovanGroup\"},\"image\":{\"@id\":\"https:\/\/www.piovan.com\/#\/schema\/logo\/image\/\"}}]}<\/script>","yoast_head_json":{"title":"MDW - Groupe Piovan","robots":{"index":"index","follow":"follow","max-snippet":"max-snippet:-1","max-image-preview":"max-image-preview:large","max-video-preview":"max-video-preview:-1"},"canonical":"https:\/\/www.piovan.com\/fr\/product\/mdw\/","og_locale":"fr_FR","og_type":"article","og_title":"MDW - PiovanGroup","og_description":"MDW blenders can dose and weigh up to 8 materials. The microprocessor control assures high execution speed, precision and simple setting of the unit. MDW blenders are available with Premium Evo, 10\u201d touch screen with all the main information on the blender and easy access to settings and event\/alarm. Ethernet port and the USB interface allow the downloading of log file and integration with supervision systems, such as Piovan Winfactory 4.0. This allows consumption recording to optimize stock or production [&hellip;]","og_url":"https:\/\/www.piovan.com\/fr\/product\/mdw\/","og_site_name":"PiovanGroup","article_modified_time":"2025-01-10T08:42:39+00:00","og_image":[{"width":1200,"height":1560,"url":"https:\/\/www.piovan.com\/wp-content\/uploads\/MDW-1.png","type":"image\/png"}],"twitter_card":"summary_large_image","schema":{"@context":"https:\/\/schema.org","@graph":[{"@type":"WebPage","@id":"https:\/\/www.piovan.com\/product\/mdw\/","url":"https:\/\/www.piovan.com\/product\/mdw\/","name":"MDW - PiovanGroup","isPartOf":{"@id":"https:\/\/www.piovan.com\/#website"},"datePublished":"2024-03-25T10:56:57+00:00","dateModified":"2025-01-10T08:42:39+00:00","breadcrumb":{"@id":"https:\/\/www.piovan.com\/product\/mdw\/#breadcrumb"},"inLanguage":"fr-FR","potentialAction":[{"@type":"ReadAction","target":["https:\/\/www.piovan.com\/product\/mdw\/"]}]},{"@type":"BreadcrumbList","@id":"https:\/\/www.piovan.com\/product\/mdw\/#breadcrumb","itemListElement":[{"@type":"ListItem","position":1,"name":"Home","item":"https:\/\/www.piovan.com\/"},{"@type":"ListItem","position":2,"name":"Plastic","item":"https:\/\/www.piovan.com\/fr\/products\/plastique\/"},{"@type":"ListItem","position":3,"name":"Dosing &amp; Blending","item":"https:\/\/www.piovan.com\/fr\/products\/plastique\/dosage\/"},{"@type":"ListItem","position":4,"name":"MDW"}]},{"@type":"WebSite","@id":"https:\/\/www.piovan.com\/#website","url":"https:\/\/www.piovan.com\/","name":"PiovanGroup","description":"","publisher":{"@id":"https:\/\/www.piovan.com\/#organization"},"potentialAction":[{"@type":"SearchAction","target":{"@type":"EntryPoint","urlTemplate":"https:\/\/www.piovan.com\/?s={search_term_string}"},"query-input":"required name=search_term_string"}],"inLanguage":"fr-FR"},{"@type":"Organization","@id":"https:\/\/www.piovan.com\/#organization","name":"PiovanGroup","url":"https:\/\/www.piovan.com\/","logo":{"@type":"ImageObject","inLanguage":"fr-FR","@id":"https:\/\/www.piovan.com\/#\/schema\/logo\/image\/","url":"https:\/\/www.piovan.com\/wp-content\/uploads\/2021\/06\/logo@2x.png","contentUrl":"https:\/\/www.piovan.com\/wp-content\/uploads\/2021\/06\/logo@2x.png","width":489,"height":78,"caption":"PiovanGroup"},"image":{"@id":"https:\/\/www.piovan.com\/#\/schema\/logo\/image\/"}}]}},"_links":{"self":[{"href":"https:\/\/www.piovan.com\/fr\/wp-json\/wp\/v2\/product\/11833"}],"collection":[{"href":"https:\/\/www.piovan.com\/fr\/wp-json\/wp\/v2\/product"}],"about":[{"href":"https:\/\/www.piovan.com\/fr\/wp-json\/wp\/v2\/types\/product"}],"version-history":[{"count":4,"href":"https:\/\/www.piovan.com\/fr\/wp-json\/wp\/v2\/product\/11833\/revisions"}],"predecessor-version":[{"id":14216,"href":"https:\/\/www.piovan.com\/fr\/wp-json\/wp\/v2\/product\/11833\/revisions\/14216"}],"wp:featuredmedia":[{"embeddable":true,"href":"https:\/\/www.piovan.com\/fr\/wp-json\/wp\/v2\/media\/13560"}],"wp:attachment":[{"href":"https:\/\/www.piovan.com\/fr\/wp-json\/wp\/v2\/media?parent=11833"}],"wp:term":[{"taxonomy":"post_tag","embeddable":true,"href":"https:\/\/www.piovan.com\/fr\/wp-json\/wp\/v2\/tags?post=11833"}],"curies":[{"name":"wp","href":"https:\/\/api.w.org\/{rel}","templated":true}]}}