{"id":11255,"date":"2023-12-14T15:12:58","date_gmt":"2023-12-14T14:12:58","guid":{"rendered":"https:\/\/www.piovan.com\/product\/cw-0621-1921\/"},"modified":"2025-10-23T15:13:01","modified_gmt":"2025-10-23T13:13:01","slug":"cw-0621-1921","status":"publish","type":"product","link":"https:\/\/www.piovan.com\/fr\/product\/cw-0621-1921\/","title":{"rendered":"CW 0621-1921"},"content":{"rendered":"<p><strong>2 ou 3 compresseurs de type scroll, 1 circuit de refroidissement<\/strong><\/p>\n<p>Les refroidisseurs mobiles de la s\u00e9rie SLIM sont les plus compacts du march\u00e9 et produisent de l'eau r\u00e9frig\u00e9r\u00e9e \u00e0 temp\u00e9rature constante quelles que soient les conditions atmosph\u00e9riques. Cette gamme a \u00e9t\u00e9 con\u00e7ue sp\u00e9cialement pour une utilisation dans toutes les applications de l'industrie de transformation des mati\u00e8res plastiques, avec une garantie d'efficacit\u00e9 \u00e9nerg\u00e9tique tr\u00e8s \u00e9lev\u00e9e et de souplesse d'utilisation totale.<\/p>\n<p><strong>Avantages<\/strong><br \/>\n\u2022 D\u00e9velopp\u00e9 pour \u00eatre utilis\u00e9 \u00e0 l'int\u00e9rieur, avec des temp\u00e9ratures de l'eau de condensation comprises entre 17 \u00b0C et +40 \u00b0C<br \/>\n\u2022 Gaz r\u00e9frig\u00e9rant \u00e9cologique R407C<br \/>\n\u2022 Compresseur Scroll : r\u00e9duction significative de la consommation \u00e9nerg\u00e9tique et du niveau de bruit<br \/>\n\u2022 \u00c9vaporateurs\/condensateurs \u00e0 plaques en acier inox : \u00e9change thermique plus efficace, longue dur\u00e9e, absence de contamination<br \/>\n\u2022 Pompe interne pour d\u00e9bits d'eau optimaux (option)<br \/>\n\u2022 Divers dispositifs de s\u00e9curit\u00e9 prot\u00e8gent l'unit\u00e9 et garantissent un fonctionnement optimal (pressostats de haute et basse pression, manom\u00e8tre de haute et basse pression, fluxostat)<br \/>\n\u2022 Contr\u00f4le par microprocesseur fiable et \u00e9volu\u00e9, avec affichage de la temp\u00e9rature de consigne et de la temp\u00e9rature r\u00e9elle de l'eau et des alarmes<\/p>\n<p><strong>Options<\/strong><br \/>\n\u2022 Vanne de contr\u00f4le de condensation<br \/>\n\u2022 Raccords de l'\u00e9vaporateur de type \u00e0 bride ou \u00e0 souder<br \/>\n\u2022 Interface s\u00e9rie pour la connexion au logiciel de supervision Piovan<\/p>","protected":false},"featured_media":11256,"template":"","tags":[168],"acf":[],"yoast_head":"<title>CW 0621-1921 - Groupe Piovan<\/title>\n<meta name=\"robots\" content=\"index, follow, max-snippet:-1, max-image-preview:large, max-video-preview:-1\" \/>\n<link rel=\"canonical\" href=\"https:\/\/www.piovan.com\/fr\/product\/cw-0621-1921\/\" \/>\n<meta property=\"og:locale\" content=\"fr_FR\" \/>\n<meta property=\"og:type\" content=\"article\" \/>\n<meta property=\"og:title\" content=\"CW 0621-1921 - PiovanGroup\" \/>\n<meta property=\"og:description\" content=\"2 or 3 X SCROLL compressor, 1 X refrigerant circuit The CW Series chillers provide low temperature water independent from any ambient condition. The range, designed for application in all the industrial sectors, assures maximum flexibility and energy efficient functioning. Features \u2022 Water condensing temperature from 17\u00b0C up to 40\u00b0C \u2022 Green refrigerant R407C \u2022 Reduced energy absorption and lower noise levels \u2022 High efficient heat exchange: stainless steel brazed plate evaporator \u2022 Optimal flow: internal water circulation pump (optional) [&hellip;]\" \/>\n<meta property=\"og:url\" content=\"https:\/\/www.piovan.com\/fr\/product\/cw-0621-1921\/\" \/>\n<meta property=\"og:site_name\" content=\"PiovanGroup\" \/>\n<meta property=\"article:modified_time\" content=\"2025-10-23T13:13:01+00:00\" \/>\n<meta property=\"og:image\" content=\"https:\/\/www.piovan.com\/wp-content\/uploads\/0016_Ecosmart-CW-0621-1921-1.png\" \/>\n\t<meta property=\"og:image:width\" content=\"1200\" \/>\n\t<meta property=\"og:image:height\" content=\"1560\" \/>\n\t<meta property=\"og:image:type\" content=\"image\/png\" \/>\n<meta name=\"twitter:card\" content=\"summary_large_image\" \/>\n<script type=\"application\/ld+json\" class=\"yoast-schema-graph\">{\"@context\":\"https:\/\/schema.org\",\"@graph\":[{\"@type\":\"WebPage\",\"@id\":\"https:\/\/www.piovan.com\/product\/cw-0621-1921\/\",\"url\":\"https:\/\/www.piovan.com\/product\/cw-0621-1921\/\",\"name\":\"CW 0621-1921 - PiovanGroup\",\"isPartOf\":{\"@id\":\"https:\/\/www.piovan.com\/#website\"},\"datePublished\":\"2023-12-14T14:12:58+00:00\",\"dateModified\":\"2025-10-23T13:13:01+00:00\",\"breadcrumb\":{\"@id\":\"https:\/\/www.piovan.com\/product\/cw-0621-1921\/#breadcrumb\"},\"inLanguage\":\"fr-FR\",\"potentialAction\":[{\"@type\":\"ReadAction\",\"target\":[\"https:\/\/www.piovan.com\/product\/cw-0621-1921\/\"]}]},{\"@type\":\"BreadcrumbList\",\"@id\":\"https:\/\/www.piovan.com\/product\/cw-0621-1921\/#breadcrumb\",\"itemListElement\":[{\"@type\":\"ListItem\",\"position\":1,\"name\":\"Home\",\"item\":\"https:\/\/www.piovan.com\/\"},{\"@type\":\"ListItem\",\"position\":2,\"name\":\"Industrial cooling\",\"item\":\"https:\/\/www.piovan.com\/fr\/products\/refroidissement-industriel\/\"},{\"@type\":\"ListItem\",\"position\":3,\"name\":\"Water-Cooled Chillers\",\"item\":\"https:\/\/www.piovan.com\/fr\/products\/refroidissement-industriel\/water-cooled-chillers\/\"},{\"@type\":\"ListItem\",\"position\":4,\"name\":\"CW 0621-1921\"}]},{\"@type\":\"WebSite\",\"@id\":\"https:\/\/www.piovan.com\/#website\",\"url\":\"https:\/\/www.piovan.com\/\",\"name\":\"PiovanGroup\",\"description\":\"\",\"publisher\":{\"@id\":\"https:\/\/www.piovan.com\/#organization\"},\"potentialAction\":[{\"@type\":\"SearchAction\",\"target\":{\"@type\":\"EntryPoint\",\"urlTemplate\":\"https:\/\/www.piovan.com\/?s={search_term_string}\"},\"query-input\":\"required name=search_term_string\"}],\"inLanguage\":\"fr-FR\"},{\"@type\":\"Organization\",\"@id\":\"https:\/\/www.piovan.com\/#organization\",\"name\":\"PiovanGroup\",\"url\":\"https:\/\/www.piovan.com\/\",\"logo\":{\"@type\":\"ImageObject\",\"inLanguage\":\"fr-FR\",\"@id\":\"https:\/\/www.piovan.com\/#\/schema\/logo\/image\/\",\"url\":\"https:\/\/www.piovan.com\/wp-content\/uploads\/2021\/06\/logo@2x.png\",\"contentUrl\":\"https:\/\/www.piovan.com\/wp-content\/uploads\/2021\/06\/logo@2x.png\",\"width\":489,\"height\":78,\"caption\":\"PiovanGroup\"},\"image\":{\"@id\":\"https:\/\/www.piovan.com\/#\/schema\/logo\/image\/\"}}]}<\/script>","yoast_head_json":{"title":"CW 0621-1921 - Groupe Piovan","robots":{"index":"index","follow":"follow","max-snippet":"max-snippet:-1","max-image-preview":"max-image-preview:large","max-video-preview":"max-video-preview:-1"},"canonical":"https:\/\/www.piovan.com\/fr\/product\/cw-0621-1921\/","og_locale":"fr_FR","og_type":"article","og_title":"CW 0621-1921 - PiovanGroup","og_description":"2 or 3 X SCROLL compressor, 1 X refrigerant circuit The CW Series chillers provide low temperature water independent from any ambient condition. The range, designed for application in all the industrial sectors, assures maximum flexibility and energy efficient functioning. Features \u2022 Water condensing temperature from 17\u00b0C up to 40\u00b0C \u2022 Green refrigerant R407C \u2022 Reduced energy absorption and lower noise levels \u2022 High efficient heat exchange: stainless steel brazed plate evaporator \u2022 Optimal flow: internal water circulation pump (optional) [&hellip;]","og_url":"https:\/\/www.piovan.com\/fr\/product\/cw-0621-1921\/","og_site_name":"PiovanGroup","article_modified_time":"2025-10-23T13:13:01+00:00","og_image":[{"width":1200,"height":1560,"url":"https:\/\/www.piovan.com\/wp-content\/uploads\/0016_Ecosmart-CW-0621-1921-1.png","type":"image\/png"}],"twitter_card":"summary_large_image","schema":{"@context":"https:\/\/schema.org","@graph":[{"@type":"WebPage","@id":"https:\/\/www.piovan.com\/product\/cw-0621-1921\/","url":"https:\/\/www.piovan.com\/product\/cw-0621-1921\/","name":"CW 0621-1921 - PiovanGroup","isPartOf":{"@id":"https:\/\/www.piovan.com\/#website"},"datePublished":"2023-12-14T14:12:58+00:00","dateModified":"2025-10-23T13:13:01+00:00","breadcrumb":{"@id":"https:\/\/www.piovan.com\/product\/cw-0621-1921\/#breadcrumb"},"inLanguage":"fr-FR","potentialAction":[{"@type":"ReadAction","target":["https:\/\/www.piovan.com\/product\/cw-0621-1921\/"]}]},{"@type":"BreadcrumbList","@id":"https:\/\/www.piovan.com\/product\/cw-0621-1921\/#breadcrumb","itemListElement":[{"@type":"ListItem","position":1,"name":"Home","item":"https:\/\/www.piovan.com\/"},{"@type":"ListItem","position":2,"name":"Industrial cooling","item":"https:\/\/www.piovan.com\/fr\/products\/refroidissement-industriel\/"},{"@type":"ListItem","position":3,"name":"Water-Cooled Chillers","item":"https:\/\/www.piovan.com\/fr\/products\/refroidissement-industriel\/water-cooled-chillers\/"},{"@type":"ListItem","position":4,"name":"CW 0621-1921"}]},{"@type":"WebSite","@id":"https:\/\/www.piovan.com\/#website","url":"https:\/\/www.piovan.com\/","name":"PiovanGroup","description":"","publisher":{"@id":"https:\/\/www.piovan.com\/#organization"},"potentialAction":[{"@type":"SearchAction","target":{"@type":"EntryPoint","urlTemplate":"https:\/\/www.piovan.com\/?s={search_term_string}"},"query-input":"required name=search_term_string"}],"inLanguage":"fr-FR"},{"@type":"Organization","@id":"https:\/\/www.piovan.com\/#organization","name":"PiovanGroup","url":"https:\/\/www.piovan.com\/","logo":{"@type":"ImageObject","inLanguage":"fr-FR","@id":"https:\/\/www.piovan.com\/#\/schema\/logo\/image\/","url":"https:\/\/www.piovan.com\/wp-content\/uploads\/2021\/06\/logo@2x.png","contentUrl":"https:\/\/www.piovan.com\/wp-content\/uploads\/2021\/06\/logo@2x.png","width":489,"height":78,"caption":"PiovanGroup"},"image":{"@id":"https:\/\/www.piovan.com\/#\/schema\/logo\/image\/"}}]}},"_links":{"self":[{"href":"https:\/\/www.piovan.com\/fr\/wp-json\/wp\/v2\/product\/11255"}],"collection":[{"href":"https:\/\/www.piovan.com\/fr\/wp-json\/wp\/v2\/product"}],"about":[{"href":"https:\/\/www.piovan.com\/fr\/wp-json\/wp\/v2\/types\/product"}],"version-history":[{"count":2,"href":"https:\/\/www.piovan.com\/fr\/wp-json\/wp\/v2\/product\/11255\/revisions"}],"predecessor-version":[{"id":15820,"href":"https:\/\/www.piovan.com\/fr\/wp-json\/wp\/v2\/product\/11255\/revisions\/15820"}],"wp:featuredmedia":[{"embeddable":true,"href":"https:\/\/www.piovan.com\/fr\/wp-json\/wp\/v2\/media\/11256"}],"wp:attachment":[{"href":"https:\/\/www.piovan.com\/fr\/wp-json\/wp\/v2\/media?parent=11255"}],"wp:term":[{"taxonomy":"post_tag","embeddable":true,"href":"https:\/\/www.piovan.com\/fr\/wp-json\/wp\/v2\/tags?post=11255"}],"curies":[{"name":"wp","href":"https:\/\/api.w.org\/{rel}","templated":true}]}}