{"id":11244,"date":"2023-12-14T12:20:39","date_gmt":"2023-12-14T11:20:39","guid":{"rendered":"https:\/\/www.piovan.com\/product\/ecosmart-2\/"},"modified":"2025-10-23T15:39:21","modified_gmt":"2025-10-23T13:39:21","slug":"ecosmart-ca","status":"publish","type":"product","link":"https:\/\/www.piovan.com\/fr\/product\/ecosmart-ca\/","title":{"rendered":"Ecosmart"},"content":{"rendered":"<p><strong>Mod\u00e8le CA<br \/>\nCompresseur \u00e0 VIS \u00e0 haute efficacit\u00e9 avec INVERTER int\u00e9gr\u00e9<\/strong><\/p>\n<p class=\" translation-block\">Les refroidisseurs Aquatech de la gamme Ecosmart avec inverter sont en mesure de fournir de l'eau r\u00e9frig\u00e9r\u00e9e avec une consommation \u00e9lectrique extr\u00eamement r\u00e9duite.<\/p>\n<p class=\" translation-block\"><strong>TECHNOLOGIE INVERTER<\/strong> la partialisation de la puissance frigorifique est obtenue en r\u00e9duisant le nombre de tours du moteur qui actionne le compresseur. La vitesse de rotation de la vis est r\u00e9gul\u00e9e en fonction de la charge thermique instantan\u00e9e \u00e0 \u00e9liminer. Les charges thermiques \u00e9lev\u00e9es n\u00e9cessitent des d\u00e9bits \u00e9lev\u00e9s de gaz r\u00e9frig\u00e9rants et donc de hautes vitesses de rotation, tandis que les charges thermiques faibles permettent de travailler \u00e0 des vitesses inf\u00e9rieures.<br><br>\n\nEn intervenant sur la vitesse de rotation du moteur, on r\u00e9duit les absorptions \u00e9lectriques et donc la consommation d'\u00e9nergie, contrairement \u00e0 une machine avec compresseur \u00e0 vis sans inverter qui fonctionne \u00e0 vitesse constante.<\/p>\n<p class=\" translation-block\"><strong>Avantages<\/strong><br>\n\u2022 Haute efficacit\u00e9 \u00e9nerg\u00e9tique : les coefficients d'efficacit\u00e9 \u00e9nerg\u00e9tique les plus \u00e9lev\u00e9s quelles que soient les conditions de fonctionnement (charges partielles)<br>\n\u2022 Compresseur \u00e0 vis avec inverter int\u00e9gr\u00e9 : en mesure de moduler en continu entre 25% et 100%<br>\n\u2022 Ventilateurs g\u00e9r\u00e9s par inverter : modulation continue du flux d'air de condensation<br>\n\u2022 Pompe interne g\u00e9r\u00e9e par inverter : pour garantir des pressions constantes dans le circuit hydrique lorsque les conditions op\u00e9rationnelles varient<br>\n\u2022 Condensateurs \u00e9vaporateurs : de dimensions g\u00e9n\u00e9reuses, ils permettent d'augmenter l'efficacit\u00e9 du compresseur<br>\n\u2022 Vanne de d\u00e9tente \u00e9lectronique (EEV) pour b\u00e9n\u00e9ficier de la meilleure stabilit\u00e9 de la temp\u00e9rature de l'eau de processus (+\/- 0,4 \u00b0C \u00e0 la sortie de l'\u00e9vaporateur)<br>\n\u2022 Allongement de la vis du compresseur : r\u00e9duction des d\u00e9marrages, r\u00e9duction des courants initiaux de d\u00e9marrage et diminution de l'usure du moteur<br>\n\u2022 Protections : pressostat diff\u00e9rentiel destin\u00e9 \u00e0 prot\u00e9ger l'\u00e9vaporateur, pressostat d'huile de lubrification du compresseur, fluxostat d'eau<br>\n\u2022 Installation simplifi\u00e9e (interne), avec proc\u00e9dures de mise en marche de la machine simplifi\u00e9es<br>\n\u2022 Gaz r\u00e9frig\u00e9rant R134a \u00e9co-compatible<br>\n\u2022 Valeurs d'\u00e9mission sonore r\u00e9duites<\/p>","protected":false},"featured_media":11247,"template":"","tags":[168],"acf":[],"yoast_head":"<title>Ecosmart - Groupe Piovan<\/title>\n<meta name=\"robots\" content=\"index, follow, max-snippet:-1, max-image-preview:large, max-video-preview:-1\" \/>\n<link rel=\"canonical\" href=\"https:\/\/www.piovan.com\/fr\/product\/ecosmart-ca\/\" \/>\n<meta property=\"og:locale\" content=\"fr_FR\" \/>\n<meta property=\"og:type\" content=\"article\" \/>\n<meta property=\"og:title\" content=\"Ecosmart - PiovanGroup\" \/>\n<meta property=\"og:description\" content=\"Model CA INVERTER driven SCREW compressor The Ecosmart Inverter driven chillers\u00a0provide low temperature water assuring the highest energy efficient functioning. INVERTER TECHNOLOGY works on the principle of variable compressor motor speed; an electrical signal is given to the compressor motor to adjust the screw speed according to the thermal load. If the thermal load is high the compressor runs faster developing a higher refrigerant flow rate and accordingly increasing the cooling power; on the contrary, the inverter reduces the refrigerant [&hellip;]\" \/>\n<meta property=\"og:url\" content=\"https:\/\/www.piovan.com\/fr\/product\/ecosmart-ca\/\" \/>\n<meta property=\"og:site_name\" content=\"PiovanGroup\" \/>\n<meta property=\"article:modified_time\" content=\"2025-10-23T13:39:21+00:00\" \/>\n<meta property=\"og:image\" content=\"https:\/\/www.piovan.com\/wp-content\/uploads\/0017_Ecosmart-CA_new_label.png\" \/>\n\t<meta property=\"og:image:width\" content=\"1200\" \/>\n\t<meta property=\"og:image:height\" content=\"1560\" \/>\n\t<meta property=\"og:image:type\" content=\"image\/png\" \/>\n<meta name=\"twitter:card\" content=\"summary_large_image\" \/>\n<script type=\"application\/ld+json\" class=\"yoast-schema-graph\">{\"@context\":\"https:\/\/schema.org\",\"@graph\":[{\"@type\":\"WebPage\",\"@id\":\"https:\/\/www.piovan.com\/product\/ecosmart-ca\/\",\"url\":\"https:\/\/www.piovan.com\/product\/ecosmart-ca\/\",\"name\":\"Ecosmart - PiovanGroup\",\"isPartOf\":{\"@id\":\"https:\/\/www.piovan.com\/#website\"},\"datePublished\":\"2023-12-14T11:20:39+00:00\",\"dateModified\":\"2025-10-23T13:39:21+00:00\",\"breadcrumb\":{\"@id\":\"https:\/\/www.piovan.com\/product\/ecosmart-ca\/#breadcrumb\"},\"inLanguage\":\"fr-FR\",\"potentialAction\":[{\"@type\":\"ReadAction\",\"target\":[\"https:\/\/www.piovan.com\/product\/ecosmart-ca\/\"]}]},{\"@type\":\"BreadcrumbList\",\"@id\":\"https:\/\/www.piovan.com\/product\/ecosmart-ca\/#breadcrumb\",\"itemListElement\":[{\"@type\":\"ListItem\",\"position\":1,\"name\":\"Home\",\"item\":\"https:\/\/www.piovan.com\/\"},{\"@type\":\"ListItem\",\"position\":2,\"name\":\"Industrial cooling\",\"item\":\"https:\/\/www.piovan.com\/fr\/products\/refroidissement-industriel\/\"},{\"@type\":\"ListItem\",\"position\":3,\"name\":\"Air-Cooled Chillers\",\"item\":\"https:\/\/www.piovan.com\/fr\/products\/refroidissement-industriel\/air-cooled-chillers\/\"},{\"@type\":\"ListItem\",\"position\":4,\"name\":\"Ecosmart\"}]},{\"@type\":\"WebSite\",\"@id\":\"https:\/\/www.piovan.com\/#website\",\"url\":\"https:\/\/www.piovan.com\/\",\"name\":\"PiovanGroup\",\"description\":\"\",\"publisher\":{\"@id\":\"https:\/\/www.piovan.com\/#organization\"},\"potentialAction\":[{\"@type\":\"SearchAction\",\"target\":{\"@type\":\"EntryPoint\",\"urlTemplate\":\"https:\/\/www.piovan.com\/?s={search_term_string}\"},\"query-input\":\"required name=search_term_string\"}],\"inLanguage\":\"fr-FR\"},{\"@type\":\"Organization\",\"@id\":\"https:\/\/www.piovan.com\/#organization\",\"name\":\"PiovanGroup\",\"url\":\"https:\/\/www.piovan.com\/\",\"logo\":{\"@type\":\"ImageObject\",\"inLanguage\":\"fr-FR\",\"@id\":\"https:\/\/www.piovan.com\/#\/schema\/logo\/image\/\",\"url\":\"https:\/\/www.piovan.com\/wp-content\/uploads\/2021\/06\/logo@2x.png\",\"contentUrl\":\"https:\/\/www.piovan.com\/wp-content\/uploads\/2021\/06\/logo@2x.png\",\"width\":489,\"height\":78,\"caption\":\"PiovanGroup\"},\"image\":{\"@id\":\"https:\/\/www.piovan.com\/#\/schema\/logo\/image\/\"}}]}<\/script>","yoast_head_json":{"title":"Ecosmart - Groupe Piovan","robots":{"index":"index","follow":"follow","max-snippet":"max-snippet:-1","max-image-preview":"max-image-preview:large","max-video-preview":"max-video-preview:-1"},"canonical":"https:\/\/www.piovan.com\/fr\/product\/ecosmart-ca\/","og_locale":"fr_FR","og_type":"article","og_title":"Ecosmart - PiovanGroup","og_description":"Model CA INVERTER driven SCREW compressor The Ecosmart Inverter driven chillers\u00a0provide low temperature water assuring the highest energy efficient functioning. INVERTER TECHNOLOGY works on the principle of variable compressor motor speed; an electrical signal is given to the compressor motor to adjust the screw speed according to the thermal load. If the thermal load is high the compressor runs faster developing a higher refrigerant flow rate and accordingly increasing the cooling power; on the contrary, the inverter reduces the refrigerant [&hellip;]","og_url":"https:\/\/www.piovan.com\/fr\/product\/ecosmart-ca\/","og_site_name":"PiovanGroup","article_modified_time":"2025-10-23T13:39:21+00:00","og_image":[{"width":1200,"height":1560,"url":"https:\/\/www.piovan.com\/wp-content\/uploads\/0017_Ecosmart-CA_new_label.png","type":"image\/png"}],"twitter_card":"summary_large_image","schema":{"@context":"https:\/\/schema.org","@graph":[{"@type":"WebPage","@id":"https:\/\/www.piovan.com\/product\/ecosmart-ca\/","url":"https:\/\/www.piovan.com\/product\/ecosmart-ca\/","name":"Ecosmart - PiovanGroup","isPartOf":{"@id":"https:\/\/www.piovan.com\/#website"},"datePublished":"2023-12-14T11:20:39+00:00","dateModified":"2025-10-23T13:39:21+00:00","breadcrumb":{"@id":"https:\/\/www.piovan.com\/product\/ecosmart-ca\/#breadcrumb"},"inLanguage":"fr-FR","potentialAction":[{"@type":"ReadAction","target":["https:\/\/www.piovan.com\/product\/ecosmart-ca\/"]}]},{"@type":"BreadcrumbList","@id":"https:\/\/www.piovan.com\/product\/ecosmart-ca\/#breadcrumb","itemListElement":[{"@type":"ListItem","position":1,"name":"Home","item":"https:\/\/www.piovan.com\/"},{"@type":"ListItem","position":2,"name":"Industrial cooling","item":"https:\/\/www.piovan.com\/fr\/products\/refroidissement-industriel\/"},{"@type":"ListItem","position":3,"name":"Air-Cooled Chillers","item":"https:\/\/www.piovan.com\/fr\/products\/refroidissement-industriel\/air-cooled-chillers\/"},{"@type":"ListItem","position":4,"name":"Ecosmart"}]},{"@type":"WebSite","@id":"https:\/\/www.piovan.com\/#website","url":"https:\/\/www.piovan.com\/","name":"PiovanGroup","description":"","publisher":{"@id":"https:\/\/www.piovan.com\/#organization"},"potentialAction":[{"@type":"SearchAction","target":{"@type":"EntryPoint","urlTemplate":"https:\/\/www.piovan.com\/?s={search_term_string}"},"query-input":"required name=search_term_string"}],"inLanguage":"fr-FR"},{"@type":"Organization","@id":"https:\/\/www.piovan.com\/#organization","name":"PiovanGroup","url":"https:\/\/www.piovan.com\/","logo":{"@type":"ImageObject","inLanguage":"fr-FR","@id":"https:\/\/www.piovan.com\/#\/schema\/logo\/image\/","url":"https:\/\/www.piovan.com\/wp-content\/uploads\/2021\/06\/logo@2x.png","contentUrl":"https:\/\/www.piovan.com\/wp-content\/uploads\/2021\/06\/logo@2x.png","width":489,"height":78,"caption":"PiovanGroup"},"image":{"@id":"https:\/\/www.piovan.com\/#\/schema\/logo\/image\/"}}]}},"_links":{"self":[{"href":"https:\/\/www.piovan.com\/fr\/wp-json\/wp\/v2\/product\/11244"}],"collection":[{"href":"https:\/\/www.piovan.com\/fr\/wp-json\/wp\/v2\/product"}],"about":[{"href":"https:\/\/www.piovan.com\/fr\/wp-json\/wp\/v2\/types\/product"}],"version-history":[{"count":3,"href":"https:\/\/www.piovan.com\/fr\/wp-json\/wp\/v2\/product\/11244\/revisions"}],"predecessor-version":[{"id":15826,"href":"https:\/\/www.piovan.com\/fr\/wp-json\/wp\/v2\/product\/11244\/revisions\/15826"}],"wp:featuredmedia":[{"embeddable":true,"href":"https:\/\/www.piovan.com\/fr\/wp-json\/wp\/v2\/media\/11247"}],"wp:attachment":[{"href":"https:\/\/www.piovan.com\/fr\/wp-json\/wp\/v2\/media?parent=11244"}],"wp:term":[{"taxonomy":"post_tag","embeddable":true,"href":"https:\/\/www.piovan.com\/fr\/wp-json\/wp\/v2\/tags?post=11244"}],"curies":[{"name":"wp","href":"https:\/\/api.w.org\/{rel}","templated":true}]}}