{"id":11154,"date":"2023-12-13T16:12:19","date_gmt":"2023-12-13T15:12:19","guid":{"rendered":"https:\/\/www.piovan.com\/product\/aquaflow\/"},"modified":"2025-10-23T14:58:26","modified_gmt":"2025-10-23T12:58:26","slug":"aquaflow","status":"publish","type":"product","link":"https:\/\/www.piovan.com\/fr\/product\/aquaflow\/","title":{"rendered":"Aquaflow"},"content":{"rendered":"<p>Aquaflow, la nouvelle gamme de groupe de pompage d\u2019eau, par Thermal Care, est con\u00e7ue pour couvrir tous les d\u00e9bits et toutes les pressions requises par les process industriels.<br \/>\nCette customisation pouss\u00e9e est obtenue en \u00e9quipant le groupe de pompage avec un variateur de fr\u00e9quence pour obtenir les meilleures \u00e9conomies d\u2019\u00e9nergie possible en charge partielles. Chaque groupe peut \u00e9galement \u00eatre \u00e9quip\u00e9 d\u2019une pompe \u00ab stand by \u00bb, pour augmenter la fiabilit\u00e9 de celui-ci.<br \/>\nConsommation d\u2019\u00e9nergie minimum, haute qualit\u00e9 de production, et une structure robuste font de Aquaflow une ligne id\u00e9ale de groupe de pompage, avec une maintenance facile, fiabilit\u00e9 maximale et longue dur\u00e9e de vie.<\/p>\n<p><strong>Conception Modulaire<\/strong><br \/>\nLes groupes de pompage Acquatech ont \u00e9t\u00e9 d\u00e9velopp\u00e9 gr\u00e2ce \u00e0 un concept modulaire et innovant. Ils peuvent \u00eatre fournis comme pompe seule et autonome, ou avec deux ou trois pompes suppl\u00e9mentaires, pour fournir une large gamme de d\u00e9bit, et fiabiliser le fonctionnement.<\/p>\n<p><strong>Diff\u00e9rentes gamme de pression<\/strong><br \/>\nTrois gammes de pression permettent de s\u2019adapter \u00e0 toutes les conditions, et aux besoins sp\u00e9cifiques de chaque process de production.<br \/>\n\u2022 Groupes basse pression (2-3 bar)<br \/>\n\u2022 Groupes moyenne pression (3-5 bar)<br \/>\n\u2022 Groupe haute pression (5-7 bar)<\/p>\n<p>Pour chaque gamme, 10 groupes de pompe diff\u00e9rents sont disponibles.<\/p>\n<p><strong>Inverter equipment<\/strong><br \/>\nSuivant les besoins du client, Aquaflow peut \u00eatre fourni avec un inverter qui garantit les meilleures performances, permettant des \u00e9conomies d\u2019\u00e9nergies en charge partielle.<\/p>\n<p><em>Tous les produits Aquaflow r\u00e9pondent aux obligations d\u2019\u00e9coconception de la Directive Europ\u00e9enne 2005\/32\/EC applicable aux produits consommateurs d'\u00e9nergie, et \u00e0 la Directive 2009\/125\/EC applicable aux produits li\u00e9s \u00e0 l\u2019\u00e9nergie.<\/em><\/p>","protected":false},"featured_media":11155,"template":"","tags":[168],"acf":[],"yoast_head":"<title>Aquaflow - Groupe Piovan<\/title>\n<meta name=\"robots\" content=\"index, follow, max-snippet:-1, max-image-preview:large, max-video-preview:-1\" \/>\n<link rel=\"canonical\" href=\"https:\/\/www.piovan.com\/fr\/product\/aquaflow\/\" \/>\n<meta property=\"og:locale\" content=\"fr_FR\" \/>\n<meta property=\"og:type\" content=\"article\" \/>\n<meta property=\"og:title\" content=\"Aquaflow - PiovanGroup\" \/>\n<meta property=\"og:description\" content=\"Aquaflow is the new range of water pumping groups by Thermal Care designed to cover all the flow rates and pressures required by the industrial processes. The utmost customization can be achieved by equipping the pumping group with an inverter to obtain the highest energy saving at partial loads. Any group can be configured with a \u201cstand-by\u201d pump, to increase performances and reliability. Very low energy consumptions, high-quality production, and robust structure make the Aquaflow line an ideal pumping solution, [&hellip;]\" \/>\n<meta property=\"og:url\" content=\"https:\/\/www.piovan.com\/fr\/product\/aquaflow\/\" \/>\n<meta property=\"og:site_name\" content=\"PiovanGroup\" \/>\n<meta property=\"article:modified_time\" content=\"2025-10-23T12:58:26+00:00\" \/>\n<meta property=\"og:image\" content=\"https:\/\/www.piovan.com\/wp-content\/uploads\/0058_Aquaflow_bipompa_con_inverter_01.png\" \/>\n\t<meta property=\"og:image:width\" content=\"1200\" \/>\n\t<meta property=\"og:image:height\" content=\"1560\" \/>\n\t<meta property=\"og:image:type\" content=\"image\/png\" \/>\n<meta name=\"twitter:card\" content=\"summary_large_image\" \/>\n<script type=\"application\/ld+json\" class=\"yoast-schema-graph\">{\"@context\":\"https:\/\/schema.org\",\"@graph\":[{\"@type\":\"WebPage\",\"@id\":\"https:\/\/www.piovan.com\/product\/aquaflow\/\",\"url\":\"https:\/\/www.piovan.com\/product\/aquaflow\/\",\"name\":\"Aquaflow - PiovanGroup\",\"isPartOf\":{\"@id\":\"https:\/\/www.piovan.com\/#website\"},\"datePublished\":\"2023-12-13T15:12:19+00:00\",\"dateModified\":\"2025-10-23T12:58:26+00:00\",\"breadcrumb\":{\"@id\":\"https:\/\/www.piovan.com\/product\/aquaflow\/#breadcrumb\"},\"inLanguage\":\"fr-FR\",\"potentialAction\":[{\"@type\":\"ReadAction\",\"target\":[\"https:\/\/www.piovan.com\/product\/aquaflow\/\"]}]},{\"@type\":\"BreadcrumbList\",\"@id\":\"https:\/\/www.piovan.com\/product\/aquaflow\/#breadcrumb\",\"itemListElement\":[{\"@type\":\"ListItem\",\"position\":1,\"name\":\"Home\",\"item\":\"https:\/\/www.piovan.com\/\"},{\"@type\":\"ListItem\",\"position\":2,\"name\":\"Industrial cooling\",\"item\":\"https:\/\/www.piovan.com\/fr\/products\/refroidissement-industriel\/\"},{\"@type\":\"ListItem\",\"position\":3,\"name\":\"Pump Stations\",\"item\":\"https:\/\/www.piovan.com\/fr\/products\/refroidissement-industriel\/pump-stations\/\"},{\"@type\":\"ListItem\",\"position\":4,\"name\":\"Aquaflow\"}]},{\"@type\":\"WebSite\",\"@id\":\"https:\/\/www.piovan.com\/#website\",\"url\":\"https:\/\/www.piovan.com\/\",\"name\":\"PiovanGroup\",\"description\":\"\",\"publisher\":{\"@id\":\"https:\/\/www.piovan.com\/#organization\"},\"potentialAction\":[{\"@type\":\"SearchAction\",\"target\":{\"@type\":\"EntryPoint\",\"urlTemplate\":\"https:\/\/www.piovan.com\/?s={search_term_string}\"},\"query-input\":\"required name=search_term_string\"}],\"inLanguage\":\"fr-FR\"},{\"@type\":\"Organization\",\"@id\":\"https:\/\/www.piovan.com\/#organization\",\"name\":\"PiovanGroup\",\"url\":\"https:\/\/www.piovan.com\/\",\"logo\":{\"@type\":\"ImageObject\",\"inLanguage\":\"fr-FR\",\"@id\":\"https:\/\/www.piovan.com\/#\/schema\/logo\/image\/\",\"url\":\"https:\/\/www.piovan.com\/wp-content\/uploads\/2021\/06\/logo@2x.png\",\"contentUrl\":\"https:\/\/www.piovan.com\/wp-content\/uploads\/2021\/06\/logo@2x.png\",\"width\":489,\"height\":78,\"caption\":\"PiovanGroup\"},\"image\":{\"@id\":\"https:\/\/www.piovan.com\/#\/schema\/logo\/image\/\"}}]}<\/script>","yoast_head_json":{"title":"Aquaflow - Groupe Piovan","robots":{"index":"index","follow":"follow","max-snippet":"max-snippet:-1","max-image-preview":"max-image-preview:large","max-video-preview":"max-video-preview:-1"},"canonical":"https:\/\/www.piovan.com\/fr\/product\/aquaflow\/","og_locale":"fr_FR","og_type":"article","og_title":"Aquaflow - PiovanGroup","og_description":"Aquaflow is the new range of water pumping groups by Thermal Care designed to cover all the flow rates and pressures required by the industrial processes. The utmost customization can be achieved by equipping the pumping group with an inverter to obtain the highest energy saving at partial loads. Any group can be configured with a \u201cstand-by\u201d pump, to increase performances and reliability. Very low energy consumptions, high-quality production, and robust structure make the Aquaflow line an ideal pumping solution, [&hellip;]","og_url":"https:\/\/www.piovan.com\/fr\/product\/aquaflow\/","og_site_name":"PiovanGroup","article_modified_time":"2025-10-23T12:58:26+00:00","og_image":[{"width":1200,"height":1560,"url":"https:\/\/www.piovan.com\/wp-content\/uploads\/0058_Aquaflow_bipompa_con_inverter_01.png","type":"image\/png"}],"twitter_card":"summary_large_image","schema":{"@context":"https:\/\/schema.org","@graph":[{"@type":"WebPage","@id":"https:\/\/www.piovan.com\/product\/aquaflow\/","url":"https:\/\/www.piovan.com\/product\/aquaflow\/","name":"Aquaflow - PiovanGroup","isPartOf":{"@id":"https:\/\/www.piovan.com\/#website"},"datePublished":"2023-12-13T15:12:19+00:00","dateModified":"2025-10-23T12:58:26+00:00","breadcrumb":{"@id":"https:\/\/www.piovan.com\/product\/aquaflow\/#breadcrumb"},"inLanguage":"fr-FR","potentialAction":[{"@type":"ReadAction","target":["https:\/\/www.piovan.com\/product\/aquaflow\/"]}]},{"@type":"BreadcrumbList","@id":"https:\/\/www.piovan.com\/product\/aquaflow\/#breadcrumb","itemListElement":[{"@type":"ListItem","position":1,"name":"Home","item":"https:\/\/www.piovan.com\/"},{"@type":"ListItem","position":2,"name":"Industrial cooling","item":"https:\/\/www.piovan.com\/fr\/products\/refroidissement-industriel\/"},{"@type":"ListItem","position":3,"name":"Pump Stations","item":"https:\/\/www.piovan.com\/fr\/products\/refroidissement-industriel\/pump-stations\/"},{"@type":"ListItem","position":4,"name":"Aquaflow"}]},{"@type":"WebSite","@id":"https:\/\/www.piovan.com\/#website","url":"https:\/\/www.piovan.com\/","name":"PiovanGroup","description":"","publisher":{"@id":"https:\/\/www.piovan.com\/#organization"},"potentialAction":[{"@type":"SearchAction","target":{"@type":"EntryPoint","urlTemplate":"https:\/\/www.piovan.com\/?s={search_term_string}"},"query-input":"required name=search_term_string"}],"inLanguage":"fr-FR"},{"@type":"Organization","@id":"https:\/\/www.piovan.com\/#organization","name":"PiovanGroup","url":"https:\/\/www.piovan.com\/","logo":{"@type":"ImageObject","inLanguage":"fr-FR","@id":"https:\/\/www.piovan.com\/#\/schema\/logo\/image\/","url":"https:\/\/www.piovan.com\/wp-content\/uploads\/2021\/06\/logo@2x.png","contentUrl":"https:\/\/www.piovan.com\/wp-content\/uploads\/2021\/06\/logo@2x.png","width":489,"height":78,"caption":"PiovanGroup"},"image":{"@id":"https:\/\/www.piovan.com\/#\/schema\/logo\/image\/"}}]}},"_links":{"self":[{"href":"https:\/\/www.piovan.com\/fr\/wp-json\/wp\/v2\/product\/11154"}],"collection":[{"href":"https:\/\/www.piovan.com\/fr\/wp-json\/wp\/v2\/product"}],"about":[{"href":"https:\/\/www.piovan.com\/fr\/wp-json\/wp\/v2\/types\/product"}],"version-history":[{"count":3,"href":"https:\/\/www.piovan.com\/fr\/wp-json\/wp\/v2\/product\/11154\/revisions"}],"predecessor-version":[{"id":15816,"href":"https:\/\/www.piovan.com\/fr\/wp-json\/wp\/v2\/product\/11154\/revisions\/15816"}],"wp:featuredmedia":[{"embeddable":true,"href":"https:\/\/www.piovan.com\/fr\/wp-json\/wp\/v2\/media\/11155"}],"wp:attachment":[{"href":"https:\/\/www.piovan.com\/fr\/wp-json\/wp\/v2\/media?parent=11154"}],"wp:term":[{"taxonomy":"post_tag","embeddable":true,"href":"https:\/\/www.piovan.com\/fr\/wp-json\/wp\/v2\/tags?post=11154"}],"curies":[{"name":"wp","href":"https:\/\/api.w.org\/{rel}","templated":true}]}}