{"id":10687,"date":"2023-08-28T10:02:25","date_gmt":"2023-08-28T08:02:25","guid":{"rendered":"https:\/\/www.piovan.com\/?post_type=product&#038;p=10687"},"modified":"2025-01-08T10:51:35","modified_gmt":"2025-01-08T09:51:35","slug":"easypure","status":"publish","type":"product","link":"https:\/\/www.piovan.com\/fr\/product\/easypure\/","title":{"rendered":"Easypure"},"content":{"rendered":"<p>Easypure permet d'am\u00e9liorer de mani\u00e8re significative la qualit\u00e9 des mat\u00e9riaux recycl\u00e9s, \u00e9tant int\u00e9gr\u00e9 au processus de recyclage m\u00e9canique, \u00e0 la suite de la phase de granulation. C'est pourquoi Easypure \u00e9limine les substances \u00e0 point d'\u00e9bullition bas contenues dans le plastique recycl\u00e9, pouvant g\u00e9n\u00e9rer des odeurs d\u00e9sagr\u00e9ables.<\/p>\n<p>Easypure est un syst\u00e8me flexible car les param\u00e8tres principaux peuvent \u00eatre r\u00e9gl\u00e9s en fonction des conditions de processus r\u00e9elles.\nLa temp\u00e9rature, la quantit\u00e9 d'air et le temps de stockage peuvent \u00eatre contr\u00f4l\u00e9s et r\u00e9gl\u00e9s manuellement ou de mani\u00e8re enti\u00e8rement automatique.<\/p>\n<p>Easypure fonctionne en continu gr\u00e2ce \u00e0 une vis de transport qui d\u00e9charge la tr\u00e9mie et envoie le mat\u00e9riau d\u00e9sodoris\u00e9 vers la zone d'emballage ou vers le syst\u00e8me de convoyage de l'usine.<\/p>\n<p>Pour un plus grand contr\u00f4le du processus de d\u00e9sodorisation, Easypure peut \u00eatre \u00e9quip\u00e9 d'un nez \u00e9lectronique d\u00e9velopp\u00e9 par Piovan - OdorMinder - fournissant une \u00e9valuation imm\u00e9diate de l'efficacit\u00e9 du processus d'\u00e9limination des odeurs pour les granul\u00e9s trait\u00e9s.<\/p>\n<p>Gr\u00e2ce \u00e0 ses capteurs et \u00e0 la suite d'un \u00ab entra\u00eenement \u00bb ad\u00e9quat, Odor minder est capable de d\u00e9tecter jusqu'\u00e0 25 substances odorantes. Il est caract\u00e9ris\u00e9 par : une sensibilit\u00e9 \u00e9lev\u00e9e,\nune s\u00e9lectivit\u00e9 \u00e9lev\u00e9e, une bonne stabilit\u00e9 dans le temps et une r\u00e9activit\u00e9 \u00e9lev\u00e9e \u00e0 la pr\u00e9sence de gaz.<\/p>\n<p>Odor Minder permet un tra\u00e7age parfait des produits contenant des polyol\u00e9fines recycl\u00e9es telles que rPP, rPE, rHDPE, rLDPE.<\/p>","protected":false},"featured_media":13105,"template":"","tags":[108],"acf":[],"yoast_head":"<title>Easypure - PiovanGroup<\/title>\n<meta name=\"robots\" content=\"index, follow, max-snippet:-1, max-image-preview:large, max-video-preview:-1\" \/>\n<link rel=\"canonical\" href=\"https:\/\/www.piovan.com\/fr\/product\/easypure\/\" \/>\n<meta property=\"og:locale\" content=\"fr_FR\" \/>\n<meta property=\"og:type\" content=\"article\" \/>\n<meta property=\"og:title\" content=\"Easypure - PiovanGroup\" \/>\n<meta property=\"og:description\" content=\"Easypure allows a significant improvement in the quality of the recycled material, being integrated in the process of mechanical recycling, after the pelletising phase. This is because Easypure removes the low boiling substances contained in the recycled plastic material, that can generate undesired smells. Easypure is a flexible system since the main parameters can be adjusted according to actual process conditions. The temperature, the amount of air and the residence time can be controlled and adjusted manually or in a [&hellip;]\" \/>\n<meta property=\"og:url\" content=\"https:\/\/www.piovan.com\/fr\/product\/easypure\/\" \/>\n<meta property=\"og:site_name\" content=\"PiovanGroup\" \/>\n<meta property=\"article:modified_time\" content=\"2025-01-08T09:51:35+00:00\" \/>\n<meta property=\"og:image\" content=\"https:\/\/www.piovan.com\/wp-content\/uploads\/EASYPURE_1200x1560px.png\" \/>\n\t<meta property=\"og:image:width\" content=\"1200\" \/>\n\t<meta property=\"og:image:height\" content=\"1560\" \/>\n\t<meta property=\"og:image:type\" content=\"image\/png\" \/>\n<meta name=\"twitter:card\" content=\"summary_large_image\" \/>\n<script type=\"application\/ld+json\" class=\"yoast-schema-graph\">{\"@context\":\"https:\/\/schema.org\",\"@graph\":[{\"@type\":\"WebPage\",\"@id\":\"https:\/\/www.piovan.com\/product\/easypure\/\",\"url\":\"https:\/\/www.piovan.com\/product\/easypure\/\",\"name\":\"Easypure - PiovanGroup\",\"isPartOf\":{\"@id\":\"https:\/\/www.piovan.com\/#website\"},\"datePublished\":\"2023-08-28T08:02:25+00:00\",\"dateModified\":\"2025-01-08T09:51:35+00:00\",\"breadcrumb\":{\"@id\":\"https:\/\/www.piovan.com\/product\/easypure\/#breadcrumb\"},\"inLanguage\":\"fr-FR\",\"potentialAction\":[{\"@type\":\"ReadAction\",\"target\":[\"https:\/\/www.piovan.com\/product\/easypure\/\"]}]},{\"@type\":\"BreadcrumbList\",\"@id\":\"https:\/\/www.piovan.com\/product\/easypure\/#breadcrumb\",\"itemListElement\":[{\"@type\":\"ListItem\",\"position\":1,\"name\":\"Home\",\"item\":\"https:\/\/www.piovan.com\/\"},{\"@type\":\"ListItem\",\"position\":2,\"name\":\"Plastic\",\"item\":\"https:\/\/www.piovan.com\/fr\/products\/plastique\/\"},{\"@type\":\"ListItem\",\"position\":3,\"name\":\"Drying &amp; Dehumidifying\",\"item\":\"https:\/\/www.piovan.com\/fr\/products\/plastique\/sechage-et-deshumidification\/\"},{\"@type\":\"ListItem\",\"position\":4,\"name\":\"Easypure\"}]},{\"@type\":\"WebSite\",\"@id\":\"https:\/\/www.piovan.com\/#website\",\"url\":\"https:\/\/www.piovan.com\/\",\"name\":\"PiovanGroup\",\"description\":\"\",\"publisher\":{\"@id\":\"https:\/\/www.piovan.com\/#organization\"},\"potentialAction\":[{\"@type\":\"SearchAction\",\"target\":{\"@type\":\"EntryPoint\",\"urlTemplate\":\"https:\/\/www.piovan.com\/?s={search_term_string}\"},\"query-input\":\"required name=search_term_string\"}],\"inLanguage\":\"fr-FR\"},{\"@type\":\"Organization\",\"@id\":\"https:\/\/www.piovan.com\/#organization\",\"name\":\"PiovanGroup\",\"url\":\"https:\/\/www.piovan.com\/\",\"logo\":{\"@type\":\"ImageObject\",\"inLanguage\":\"fr-FR\",\"@id\":\"https:\/\/www.piovan.com\/#\/schema\/logo\/image\/\",\"url\":\"https:\/\/www.piovan.com\/wp-content\/uploads\/2021\/06\/logo@2x.png\",\"contentUrl\":\"https:\/\/www.piovan.com\/wp-content\/uploads\/2021\/06\/logo@2x.png\",\"width\":489,\"height\":78,\"caption\":\"PiovanGroup\"},\"image\":{\"@id\":\"https:\/\/www.piovan.com\/#\/schema\/logo\/image\/\"}}]}<\/script>","yoast_head_json":{"title":"Easypure - PiovanGroup","robots":{"index":"index","follow":"follow","max-snippet":"max-snippet:-1","max-image-preview":"max-image-preview:large","max-video-preview":"max-video-preview:-1"},"canonical":"https:\/\/www.piovan.com\/fr\/product\/easypure\/","og_locale":"fr_FR","og_type":"article","og_title":"Easypure - PiovanGroup","og_description":"Easypure allows a significant improvement in the quality of the recycled material, being integrated in the process of mechanical recycling, after the pelletising phase. This is because Easypure removes the low boiling substances contained in the recycled plastic material, that can generate undesired smells. Easypure is a flexible system since the main parameters can be adjusted according to actual process conditions. The temperature, the amount of air and the residence time can be controlled and adjusted manually or in a [&hellip;]","og_url":"https:\/\/www.piovan.com\/fr\/product\/easypure\/","og_site_name":"PiovanGroup","article_modified_time":"2025-01-08T09:51:35+00:00","og_image":[{"width":1200,"height":1560,"url":"https:\/\/www.piovan.com\/wp-content\/uploads\/EASYPURE_1200x1560px.png","type":"image\/png"}],"twitter_card":"summary_large_image","schema":{"@context":"https:\/\/schema.org","@graph":[{"@type":"WebPage","@id":"https:\/\/www.piovan.com\/product\/easypure\/","url":"https:\/\/www.piovan.com\/product\/easypure\/","name":"Easypure - PiovanGroup","isPartOf":{"@id":"https:\/\/www.piovan.com\/#website"},"datePublished":"2023-08-28T08:02:25+00:00","dateModified":"2025-01-08T09:51:35+00:00","breadcrumb":{"@id":"https:\/\/www.piovan.com\/product\/easypure\/#breadcrumb"},"inLanguage":"fr-FR","potentialAction":[{"@type":"ReadAction","target":["https:\/\/www.piovan.com\/product\/easypure\/"]}]},{"@type":"BreadcrumbList","@id":"https:\/\/www.piovan.com\/product\/easypure\/#breadcrumb","itemListElement":[{"@type":"ListItem","position":1,"name":"Home","item":"https:\/\/www.piovan.com\/"},{"@type":"ListItem","position":2,"name":"Plastic","item":"https:\/\/www.piovan.com\/fr\/products\/plastique\/"},{"@type":"ListItem","position":3,"name":"Drying &amp; Dehumidifying","item":"https:\/\/www.piovan.com\/fr\/products\/plastique\/sechage-et-deshumidification\/"},{"@type":"ListItem","position":4,"name":"Easypure"}]},{"@type":"WebSite","@id":"https:\/\/www.piovan.com\/#website","url":"https:\/\/www.piovan.com\/","name":"PiovanGroup","description":"","publisher":{"@id":"https:\/\/www.piovan.com\/#organization"},"potentialAction":[{"@type":"SearchAction","target":{"@type":"EntryPoint","urlTemplate":"https:\/\/www.piovan.com\/?s={search_term_string}"},"query-input":"required name=search_term_string"}],"inLanguage":"fr-FR"},{"@type":"Organization","@id":"https:\/\/www.piovan.com\/#organization","name":"PiovanGroup","url":"https:\/\/www.piovan.com\/","logo":{"@type":"ImageObject","inLanguage":"fr-FR","@id":"https:\/\/www.piovan.com\/#\/schema\/logo\/image\/","url":"https:\/\/www.piovan.com\/wp-content\/uploads\/2021\/06\/logo@2x.png","contentUrl":"https:\/\/www.piovan.com\/wp-content\/uploads\/2021\/06\/logo@2x.png","width":489,"height":78,"caption":"PiovanGroup"},"image":{"@id":"https:\/\/www.piovan.com\/#\/schema\/logo\/image\/"}}]}},"_links":{"self":[{"href":"https:\/\/www.piovan.com\/fr\/wp-json\/wp\/v2\/product\/10687"}],"collection":[{"href":"https:\/\/www.piovan.com\/fr\/wp-json\/wp\/v2\/product"}],"about":[{"href":"https:\/\/www.piovan.com\/fr\/wp-json\/wp\/v2\/types\/product"}],"version-history":[{"count":3,"href":"https:\/\/www.piovan.com\/fr\/wp-json\/wp\/v2\/product\/10687\/revisions"}],"predecessor-version":[{"id":14186,"href":"https:\/\/www.piovan.com\/fr\/wp-json\/wp\/v2\/product\/10687\/revisions\/14186"}],"wp:featuredmedia":[{"embeddable":true,"href":"https:\/\/www.piovan.com\/fr\/wp-json\/wp\/v2\/media\/13105"}],"wp:attachment":[{"href":"https:\/\/www.piovan.com\/fr\/wp-json\/wp\/v2\/media?parent=10687"}],"wp:term":[{"taxonomy":"post_tag","embeddable":true,"href":"https:\/\/www.piovan.com\/fr\/wp-json\/wp\/v2\/tags?post=10687"}],"curies":[{"name":"wp","href":"https:\/\/api.w.org\/{rel}","templated":true}]}}