{"id":10034,"date":"2023-03-20T15:03:35","date_gmt":"2023-03-20T14:03:35","guid":{"rendered":"https:\/\/www.piovan.com\/product\/spraystay-2\/"},"modified":"2025-05-19T12:37:24","modified_gmt":"2025-05-19T10:37:24","slug":"gravistay","status":"publish","type":"product","link":"https:\/\/www.piovan.com\/fr\/product\/gravistay\/","title":{"rendered":"GraviStay"},"content":{"rendered":"<p>Gravistay permet de recouvrir de nombreux produits avec diff\u00e9rents types de poudres grossi\u00e8res en une couche uniforme.<\/p>\n<p>La charge \u00e9lectrostatique permet \u00e0 la poudre d'adh\u00e9rer au support, ce qui am\u00e9liore l'aspect des produits m\u00eame apr\u00e8s leur conditionnement. Gravistay r\u00e9duit les co\u00fbts de production, en minimisant l'utilisation de mat\u00e9riaux primaires (moins d'overspray) et le temps n\u00e9cessaire au nettoyage des machines.<\/p>\n<p>Peut \u00eatre personnalis\u00e9 en fonction des caract\u00e9ristiques des diff\u00e9rentes lignes de production.<\/p>","protected":false},"featured_media":15050,"template":"","tags":[47,189],"acf":[],"yoast_head":"<title>GraviStay - PiovanGroup<\/title>\n<meta name=\"robots\" content=\"index, follow, max-snippet:-1, max-image-preview:large, max-video-preview:-1\" \/>\n<link rel=\"canonical\" href=\"https:\/\/www.piovan.com\/fr\/product\/gravistay\/\" \/>\n<meta property=\"og:locale\" content=\"fr_FR\" \/>\n<meta property=\"og:type\" content=\"article\" \/>\n<meta property=\"og:title\" content=\"GraviStay - PiovanGroup\" \/>\n<meta property=\"og:description\" content=\"Gravistay allows many products to be covered with different types of coarse powders in a consistent layer. The electrostatic charge allows the powder to adhere to the support, improving the appearance of products even after their packaging. Gravistay reduces production costs, minimising the use of primary materials (less overspray) and the time needed to clean the machines. It can be customised to suit the characteristics of different production lines.\" \/>\n<meta property=\"og:url\" content=\"https:\/\/www.piovan.com\/fr\/product\/gravistay\/\" \/>\n<meta property=\"og:site_name\" content=\"PiovanGroup\" \/>\n<meta property=\"article:modified_time\" content=\"2025-05-19T10:37:24+00:00\" \/>\n<meta property=\"og:image\" content=\"https:\/\/www.piovan.com\/wp-content\/uploads\/0000_Gravistay.png\" \/>\n\t<meta property=\"og:image:width\" content=\"1200\" \/>\n\t<meta property=\"og:image:height\" content=\"1560\" \/>\n\t<meta property=\"og:image:type\" content=\"image\/png\" \/>\n<meta name=\"twitter:card\" content=\"summary_large_image\" \/>\n<script type=\"application\/ld+json\" class=\"yoast-schema-graph\">{\"@context\":\"https:\/\/schema.org\",\"@graph\":[{\"@type\":\"WebPage\",\"@id\":\"https:\/\/www.piovan.com\/product\/gravistay\/\",\"url\":\"https:\/\/www.piovan.com\/product\/gravistay\/\",\"name\":\"GraviStay - PiovanGroup\",\"isPartOf\":{\"@id\":\"https:\/\/www.piovan.com\/#website\"},\"datePublished\":\"2023-03-20T14:03:35+00:00\",\"dateModified\":\"2025-05-19T10:37:24+00:00\",\"breadcrumb\":{\"@id\":\"https:\/\/www.piovan.com\/product\/gravistay\/#breadcrumb\"},\"inLanguage\":\"fr-FR\",\"potentialAction\":[{\"@type\":\"ReadAction\",\"target\":[\"https:\/\/www.piovan.com\/product\/gravistay\/\"]}]},{\"@type\":\"BreadcrumbList\",\"@id\":\"https:\/\/www.piovan.com\/product\/gravistay\/#breadcrumb\",\"itemListElement\":[{\"@type\":\"ListItem\",\"position\":1,\"name\":\"Home\",\"item\":\"https:\/\/www.piovan.com\/\"},{\"@type\":\"ListItem\",\"position\":2,\"name\":\"Food\",\"item\":\"https:\/\/www.piovan.com\/fr\/products\/food\/\"},{\"@type\":\"ListItem\",\"position\":3,\"name\":\"Electrostatic coating\",\"item\":\"https:\/\/www.piovan.com\/fr\/products\/food\/electrostatic-coating\/\"},{\"@type\":\"ListItem\",\"position\":4,\"name\":\"GraviStay\"}]},{\"@type\":\"WebSite\",\"@id\":\"https:\/\/www.piovan.com\/#website\",\"url\":\"https:\/\/www.piovan.com\/\",\"name\":\"PiovanGroup\",\"description\":\"\",\"publisher\":{\"@id\":\"https:\/\/www.piovan.com\/#organization\"},\"potentialAction\":[{\"@type\":\"SearchAction\",\"target\":{\"@type\":\"EntryPoint\",\"urlTemplate\":\"https:\/\/www.piovan.com\/?s={search_term_string}\"},\"query-input\":\"required name=search_term_string\"}],\"inLanguage\":\"fr-FR\"},{\"@type\":\"Organization\",\"@id\":\"https:\/\/www.piovan.com\/#organization\",\"name\":\"PiovanGroup\",\"url\":\"https:\/\/www.piovan.com\/\",\"logo\":{\"@type\":\"ImageObject\",\"inLanguage\":\"fr-FR\",\"@id\":\"https:\/\/www.piovan.com\/#\/schema\/logo\/image\/\",\"url\":\"https:\/\/www.piovan.com\/wp-content\/uploads\/2021\/06\/logo@2x.png\",\"contentUrl\":\"https:\/\/www.piovan.com\/wp-content\/uploads\/2021\/06\/logo@2x.png\",\"width\":489,\"height\":78,\"caption\":\"PiovanGroup\"},\"image\":{\"@id\":\"https:\/\/www.piovan.com\/#\/schema\/logo\/image\/\"}}]}<\/script>","yoast_head_json":{"title":"GraviStay - PiovanGroup","robots":{"index":"index","follow":"follow","max-snippet":"max-snippet:-1","max-image-preview":"max-image-preview:large","max-video-preview":"max-video-preview:-1"},"canonical":"https:\/\/www.piovan.com\/fr\/product\/gravistay\/","og_locale":"fr_FR","og_type":"article","og_title":"GraviStay - PiovanGroup","og_description":"Gravistay allows many products to be covered with different types of coarse powders in a consistent layer. The electrostatic charge allows the powder to adhere to the support, improving the appearance of products even after their packaging. Gravistay reduces production costs, minimising the use of primary materials (less overspray) and the time needed to clean the machines. It can be customised to suit the characteristics of different production lines.","og_url":"https:\/\/www.piovan.com\/fr\/product\/gravistay\/","og_site_name":"PiovanGroup","article_modified_time":"2025-05-19T10:37:24+00:00","og_image":[{"width":1200,"height":1560,"url":"https:\/\/www.piovan.com\/wp-content\/uploads\/0000_Gravistay.png","type":"image\/png"}],"twitter_card":"summary_large_image","schema":{"@context":"https:\/\/schema.org","@graph":[{"@type":"WebPage","@id":"https:\/\/www.piovan.com\/product\/gravistay\/","url":"https:\/\/www.piovan.com\/product\/gravistay\/","name":"GraviStay - PiovanGroup","isPartOf":{"@id":"https:\/\/www.piovan.com\/#website"},"datePublished":"2023-03-20T14:03:35+00:00","dateModified":"2025-05-19T10:37:24+00:00","breadcrumb":{"@id":"https:\/\/www.piovan.com\/product\/gravistay\/#breadcrumb"},"inLanguage":"fr-FR","potentialAction":[{"@type":"ReadAction","target":["https:\/\/www.piovan.com\/product\/gravistay\/"]}]},{"@type":"BreadcrumbList","@id":"https:\/\/www.piovan.com\/product\/gravistay\/#breadcrumb","itemListElement":[{"@type":"ListItem","position":1,"name":"Home","item":"https:\/\/www.piovan.com\/"},{"@type":"ListItem","position":2,"name":"Food","item":"https:\/\/www.piovan.com\/fr\/products\/food\/"},{"@type":"ListItem","position":3,"name":"Electrostatic coating","item":"https:\/\/www.piovan.com\/fr\/products\/food\/electrostatic-coating\/"},{"@type":"ListItem","position":4,"name":"GraviStay"}]},{"@type":"WebSite","@id":"https:\/\/www.piovan.com\/#website","url":"https:\/\/www.piovan.com\/","name":"PiovanGroup","description":"","publisher":{"@id":"https:\/\/www.piovan.com\/#organization"},"potentialAction":[{"@type":"SearchAction","target":{"@type":"EntryPoint","urlTemplate":"https:\/\/www.piovan.com\/?s={search_term_string}"},"query-input":"required name=search_term_string"}],"inLanguage":"fr-FR"},{"@type":"Organization","@id":"https:\/\/www.piovan.com\/#organization","name":"PiovanGroup","url":"https:\/\/www.piovan.com\/","logo":{"@type":"ImageObject","inLanguage":"fr-FR","@id":"https:\/\/www.piovan.com\/#\/schema\/logo\/image\/","url":"https:\/\/www.piovan.com\/wp-content\/uploads\/2021\/06\/logo@2x.png","contentUrl":"https:\/\/www.piovan.com\/wp-content\/uploads\/2021\/06\/logo@2x.png","width":489,"height":78,"caption":"PiovanGroup"},"image":{"@id":"https:\/\/www.piovan.com\/#\/schema\/logo\/image\/"}}]}},"_links":{"self":[{"href":"https:\/\/www.piovan.com\/fr\/wp-json\/wp\/v2\/product\/10034"}],"collection":[{"href":"https:\/\/www.piovan.com\/fr\/wp-json\/wp\/v2\/product"}],"about":[{"href":"https:\/\/www.piovan.com\/fr\/wp-json\/wp\/v2\/types\/product"}],"version-history":[{"count":4,"href":"https:\/\/www.piovan.com\/fr\/wp-json\/wp\/v2\/product\/10034\/revisions"}],"predecessor-version":[{"id":15187,"href":"https:\/\/www.piovan.com\/fr\/wp-json\/wp\/v2\/product\/10034\/revisions\/15187"}],"wp:featuredmedia":[{"embeddable":true,"href":"https:\/\/www.piovan.com\/fr\/wp-json\/wp\/v2\/media\/15050"}],"wp:attachment":[{"href":"https:\/\/www.piovan.com\/fr\/wp-json\/wp\/v2\/media?parent=10034"}],"wp:term":[{"taxonomy":"post_tag","embeddable":true,"href":"https:\/\/www.piovan.com\/fr\/wp-json\/wp\/v2\/tags?post=10034"}],"curies":[{"name":"wp","href":"https:\/\/api.w.org\/{rel}","templated":true}]}}