{"id":9802,"date":"2023-02-14T15:22:32","date_gmt":"2023-02-14T14:22:32","guid":{"rendered":"https:\/\/www.piovan.com\/?post_type=product&#038;p=9802"},"modified":"2025-07-04T09:46:11","modified_gmt":"2025-07-04T07:46:11","slug":"thermovan","status":"publish","type":"product","link":"https:\/\/www.piovan.com\/es\/product\/thermovan\/","title":{"rendered":"Thermovan"},"content":{"rendered":"<p>Las Series TW, TO y TP de los controladores de temperatura de Piovan han sido proyectadas para mantener la temperatura constante de las cavidades de los moldes, el aceite hidr\u00e1ulico de las m\u00e1quinas de inyectoras, tornillos de las extrusoras, los cabezales de calibraci\u00f3n, los cilindros y calandras de las termoformadoras. Los modelos a agua, aceite y agua presurizada operan en una amplia gama de temperaturas, de 20\u00b0C a 250\u00b0C.<\/p>\n<p><strong>Beneficios<\/strong><br \/>\n\u2022 Optimizaci\u00f3n de los costos de operaci\u00f3n<br \/>\n\u2022 Arranque simple e inmediato<br \/>\n\u2022 Operaci\u00f3n continua y larga durabilidad<br \/>\n\u2022 Sin costo de mantenimiento para el control de los calentadores<\/p>","protected":false},"featured_media":9809,"template":"","tags":[108],"acf":[],"yoast_head":"<title>Thermovan - PiovanGroup<\/title>\n<meta name=\"robots\" content=\"index, follow, max-snippet:-1, max-image-preview:large, max-video-preview:-1\" \/>\n<link rel=\"canonical\" href=\"https:\/\/www.piovan.com\/es\/product\/thermovan\/\" \/>\n<meta property=\"og:locale\" content=\"es_ES\" \/>\n<meta property=\"og:type\" content=\"article\" \/>\n<meta property=\"og:title\" content=\"Thermovan - PiovanGroup\" \/>\n<meta property=\"og:description\" content=\"The TW, TO and TP series of Piovan mould temperature controllers has been designed to maintain at a constant temperature the mould cavities, the hydraulic oil of the injection moulding machines, the extruder screws, the calibration heads, the cylinders and calenders of thermoforming lines. Water, oil and pressurised water models operate in a wide range of temperatures, from 20\u00b0C up to 250\u00b0C. Benefits \u2022 Optimisation of the running costs \u2022 Immediate and optimal usage of the unit \u2022 Continuous operation [&hellip;]\" \/>\n<meta property=\"og:url\" content=\"https:\/\/www.piovan.com\/es\/product\/thermovan\/\" \/>\n<meta property=\"og:site_name\" content=\"PiovanGroup\" \/>\n<meta property=\"article:modified_time\" content=\"2025-07-04T07:46:11+00:00\" \/>\n<meta property=\"og:image\" content=\"https:\/\/www.piovan.com\/wp-content\/uploads\/Thermovan.png\" \/>\n\t<meta property=\"og:image:width\" content=\"1200\" \/>\n\t<meta property=\"og:image:height\" content=\"1560\" \/>\n\t<meta property=\"og:image:type\" content=\"image\/png\" \/>\n<meta name=\"twitter:card\" content=\"summary_large_image\" \/>\n<script type=\"application\/ld+json\" class=\"yoast-schema-graph\">{\"@context\":\"https:\/\/schema.org\",\"@graph\":[{\"@type\":\"WebPage\",\"@id\":\"https:\/\/www.piovan.com\/product\/thermovan\/\",\"url\":\"https:\/\/www.piovan.com\/product\/thermovan\/\",\"name\":\"Thermovan - PiovanGroup\",\"isPartOf\":{\"@id\":\"https:\/\/www.piovan.com\/#website\"},\"datePublished\":\"2023-02-14T14:22:32+00:00\",\"dateModified\":\"2025-07-04T07:46:11+00:00\",\"breadcrumb\":{\"@id\":\"https:\/\/www.piovan.com\/product\/thermovan\/#breadcrumb\"},\"inLanguage\":\"es\",\"potentialAction\":[{\"@type\":\"ReadAction\",\"target\":[\"https:\/\/www.piovan.com\/product\/thermovan\/\"]}]},{\"@type\":\"BreadcrumbList\",\"@id\":\"https:\/\/www.piovan.com\/product\/thermovan\/#breadcrumb\",\"itemListElement\":[{\"@type\":\"ListItem\",\"position\":1,\"name\":\"Home\",\"item\":\"https:\/\/www.piovan.com\/\"},{\"@type\":\"ListItem\",\"position\":2,\"name\":\"Plastic\",\"item\":\"https:\/\/www.piovan.com\/es\/products\/plastico\/\"},{\"@type\":\"ListItem\",\"position\":3,\"name\":\"Temperature Controllers\",\"item\":\"https:\/\/www.piovan.com\/es\/products\/plastico\/termorreguladores\/\"},{\"@type\":\"ListItem\",\"position\":4,\"name\":\"Thermovan\"}]},{\"@type\":\"WebSite\",\"@id\":\"https:\/\/www.piovan.com\/#website\",\"url\":\"https:\/\/www.piovan.com\/\",\"name\":\"PiovanGroup\",\"description\":\"\",\"publisher\":{\"@id\":\"https:\/\/www.piovan.com\/#organization\"},\"potentialAction\":[{\"@type\":\"SearchAction\",\"target\":{\"@type\":\"EntryPoint\",\"urlTemplate\":\"https:\/\/www.piovan.com\/?s={search_term_string}\"},\"query-input\":\"required name=search_term_string\"}],\"inLanguage\":\"es\"},{\"@type\":\"Organization\",\"@id\":\"https:\/\/www.piovan.com\/#organization\",\"name\":\"PiovanGroup\",\"url\":\"https:\/\/www.piovan.com\/\",\"logo\":{\"@type\":\"ImageObject\",\"inLanguage\":\"es\",\"@id\":\"https:\/\/www.piovan.com\/#\/schema\/logo\/image\/\",\"url\":\"https:\/\/www.piovan.com\/wp-content\/uploads\/2021\/06\/logo@2x.png\",\"contentUrl\":\"https:\/\/www.piovan.com\/wp-content\/uploads\/2021\/06\/logo@2x.png\",\"width\":489,\"height\":78,\"caption\":\"PiovanGroup\"},\"image\":{\"@id\":\"https:\/\/www.piovan.com\/#\/schema\/logo\/image\/\"}}]}<\/script>","yoast_head_json":{"title":"Thermovan - PiovanGroup","robots":{"index":"index","follow":"follow","max-snippet":"max-snippet:-1","max-image-preview":"max-image-preview:large","max-video-preview":"max-video-preview:-1"},"canonical":"https:\/\/www.piovan.com\/es\/product\/thermovan\/","og_locale":"es_ES","og_type":"article","og_title":"Thermovan - PiovanGroup","og_description":"The TW, TO and TP series of Piovan mould temperature controllers has been designed to maintain at a constant temperature the mould cavities, the hydraulic oil of the injection moulding machines, the extruder screws, the calibration heads, the cylinders and calenders of thermoforming lines. Water, oil and pressurised water models operate in a wide range of temperatures, from 20\u00b0C up to 250\u00b0C. Benefits \u2022 Optimisation of the running costs \u2022 Immediate and optimal usage of the unit \u2022 Continuous operation [&hellip;]","og_url":"https:\/\/www.piovan.com\/es\/product\/thermovan\/","og_site_name":"PiovanGroup","article_modified_time":"2025-07-04T07:46:11+00:00","og_image":[{"width":1200,"height":1560,"url":"https:\/\/www.piovan.com\/wp-content\/uploads\/Thermovan.png","type":"image\/png"}],"twitter_card":"summary_large_image","schema":{"@context":"https:\/\/schema.org","@graph":[{"@type":"WebPage","@id":"https:\/\/www.piovan.com\/product\/thermovan\/","url":"https:\/\/www.piovan.com\/product\/thermovan\/","name":"Thermovan - PiovanGroup","isPartOf":{"@id":"https:\/\/www.piovan.com\/#website"},"datePublished":"2023-02-14T14:22:32+00:00","dateModified":"2025-07-04T07:46:11+00:00","breadcrumb":{"@id":"https:\/\/www.piovan.com\/product\/thermovan\/#breadcrumb"},"inLanguage":"es","potentialAction":[{"@type":"ReadAction","target":["https:\/\/www.piovan.com\/product\/thermovan\/"]}]},{"@type":"BreadcrumbList","@id":"https:\/\/www.piovan.com\/product\/thermovan\/#breadcrumb","itemListElement":[{"@type":"ListItem","position":1,"name":"Home","item":"https:\/\/www.piovan.com\/"},{"@type":"ListItem","position":2,"name":"Plastic","item":"https:\/\/www.piovan.com\/es\/products\/plastico\/"},{"@type":"ListItem","position":3,"name":"Temperature Controllers","item":"https:\/\/www.piovan.com\/es\/products\/plastico\/termorreguladores\/"},{"@type":"ListItem","position":4,"name":"Thermovan"}]},{"@type":"WebSite","@id":"https:\/\/www.piovan.com\/#website","url":"https:\/\/www.piovan.com\/","name":"PiovanGroup","description":"","publisher":{"@id":"https:\/\/www.piovan.com\/#organization"},"potentialAction":[{"@type":"SearchAction","target":{"@type":"EntryPoint","urlTemplate":"https:\/\/www.piovan.com\/?s={search_term_string}"},"query-input":"required name=search_term_string"}],"inLanguage":"es"},{"@type":"Organization","@id":"https:\/\/www.piovan.com\/#organization","name":"PiovanGroup","url":"https:\/\/www.piovan.com\/","logo":{"@type":"ImageObject","inLanguage":"es","@id":"https:\/\/www.piovan.com\/#\/schema\/logo\/image\/","url":"https:\/\/www.piovan.com\/wp-content\/uploads\/2021\/06\/logo@2x.png","contentUrl":"https:\/\/www.piovan.com\/wp-content\/uploads\/2021\/06\/logo@2x.png","width":489,"height":78,"caption":"PiovanGroup"},"image":{"@id":"https:\/\/www.piovan.com\/#\/schema\/logo\/image\/"}}]}},"_links":{"self":[{"href":"https:\/\/www.piovan.com\/es\/wp-json\/wp\/v2\/product\/9802"}],"collection":[{"href":"https:\/\/www.piovan.com\/es\/wp-json\/wp\/v2\/product"}],"about":[{"href":"https:\/\/www.piovan.com\/es\/wp-json\/wp\/v2\/types\/product"}],"version-history":[{"count":4,"href":"https:\/\/www.piovan.com\/es\/wp-json\/wp\/v2\/product\/9802\/revisions"}],"predecessor-version":[{"id":15337,"href":"https:\/\/www.piovan.com\/es\/wp-json\/wp\/v2\/product\/9802\/revisions\/15337"}],"wp:featuredmedia":[{"embeddable":true,"href":"https:\/\/www.piovan.com\/es\/wp-json\/wp\/v2\/media\/9809"}],"wp:attachment":[{"href":"https:\/\/www.piovan.com\/es\/wp-json\/wp\/v2\/media?parent=9802"}],"wp:term":[{"taxonomy":"post_tag","embeddable":true,"href":"https:\/\/www.piovan.com\/es\/wp-json\/wp\/v2\/tags?post=9802"}],"curies":[{"name":"wp","href":"https:\/\/api.w.org\/{rel}","templated":true}]}}