{"id":9209,"date":"2022-09-28T16:31:23","date_gmt":"2022-09-28T14:31:23","guid":{"rendered":"https:\/\/www.piovan.com\/?post_type=product&#038;p=9209"},"modified":"2025-02-27T08:57:26","modified_gmt":"2025-02-27T07:57:26","slug":"vulkano","status":"publish","type":"product","link":"https:\/\/www.piovan.com\/es\/product\/vulkano\/","title":{"rendered":"Vulkano"},"content":{"rendered":"<p>Vulkano es una herramienta port\u00e1til para detectar y cuantificar la presencia de compuestos org\u00e1nicos de carbono (T.O.C.) Total Organic Carbon, en el aire de proceso de deshumidificaci\u00f3n.<\/p>\n<p>El pl\u00e1stico higrosc\u00f3pico post-consumo debe ser deshumidificado para producir nuevos productos. El proceso de extracci\u00f3n de humedad tambi\u00e9n extrae las sustancias absorbidas por el pol\u00edmero durante su vida anterior, las NIAS (Non Intentionally Added Substances). El aire que circula en circuitos t\u00edpicamente cerrados por razones de eficiencia\nenerg\u00e9tica y seguridad corre el riesgo de saturarse de Compuestos de carbono org\u00e1nico y puede llevar a:<br \/>\n\u25cf oil deposition on the internal surfaces of the dehumidifier<br \/>\n\u25cf saturation of molecular sieves with consequent loss of functionality<br \/>\n\u25cf failure to extract N.I.A.S. from the treated plastic.<\/p>\n<p>Con el aumento del uso de pl\u00e1sticos post-consumo, se recomienda el uso de condensadores de humos como el Condenso y filtros de carb\u00f3n activado como los PureTech para proteger el deshumidificador y el producto acabado.<\/p>\n<p>Un analizador port\u00e1til como Vulkano ofrece un m\u00e9todo r\u00e1pido y preciso (adaptable tambi\u00e9n a medidas en continuo) para verificar la pureza del aire de proceso. Permite un monitoreo de la saturaci\u00f3n de los filtros, indicando el relativo momento de sustituci\u00f3n.<\/p>\n<p>Vulkano, adem\u00e1s, puede ser utilizado por cualquier operador de l\u00ednea con la m\u00e1xima simplicidad por su interfaz intuitiva.<\/p>","protected":false},"featured_media":13755,"template":"","tags":[108],"acf":[],"yoast_head":"<title>Vulkano - PiovanGroup<\/title>\n<meta name=\"robots\" content=\"index, follow, max-snippet:-1, max-image-preview:large, max-video-preview:-1\" \/>\n<link rel=\"canonical\" href=\"https:\/\/www.piovan.com\/es\/product\/vulkano\/\" \/>\n<meta property=\"og:locale\" content=\"es_ES\" \/>\n<meta property=\"og:type\" content=\"article\" \/>\n<meta property=\"og:title\" content=\"Vulkano - PiovanGroup\" \/>\n<meta property=\"og:description\" content=\"Vulkano is a portable instrument for detecting and quantifying the presence of organic carbon compounds (T.O.C. -Total Organic Carbon), in the dehumidification process air. Post-consumer hygroscopic plastics must be dehumidified to produce new products. The process to extract moisture also extracts substances absorbed by the polymer during its previous life, the NIAS (Non Intentionally Added Substances). The air circulating in circuits that are typically closed for energy efficiency and safety reasons is at risk of becoming saturated with of organic [&hellip;]\" \/>\n<meta property=\"og:url\" content=\"https:\/\/www.piovan.com\/es\/product\/vulkano\/\" \/>\n<meta property=\"og:site_name\" content=\"PiovanGroup\" \/>\n<meta property=\"article:modified_time\" content=\"2025-02-27T07:57:26+00:00\" \/>\n<meta property=\"og:image\" content=\"https:\/\/www.piovan.com\/wp-content\/uploads\/Vulkano-1.png\" \/>\n\t<meta property=\"og:image:width\" content=\"1200\" \/>\n\t<meta property=\"og:image:height\" content=\"1560\" \/>\n\t<meta property=\"og:image:type\" content=\"image\/png\" \/>\n<meta name=\"twitter:card\" content=\"summary_large_image\" \/>\n<script type=\"application\/ld+json\" class=\"yoast-schema-graph\">{\"@context\":\"https:\/\/schema.org\",\"@graph\":[{\"@type\":\"WebPage\",\"@id\":\"https:\/\/www.piovan.com\/product\/vulkano\/\",\"url\":\"https:\/\/www.piovan.com\/product\/vulkano\/\",\"name\":\"Vulkano - PiovanGroup\",\"isPartOf\":{\"@id\":\"https:\/\/www.piovan.com\/#website\"},\"datePublished\":\"2022-09-28T14:31:23+00:00\",\"dateModified\":\"2025-02-27T07:57:26+00:00\",\"breadcrumb\":{\"@id\":\"https:\/\/www.piovan.com\/product\/vulkano\/#breadcrumb\"},\"inLanguage\":\"es\",\"potentialAction\":[{\"@type\":\"ReadAction\",\"target\":[\"https:\/\/www.piovan.com\/product\/vulkano\/\"]}]},{\"@type\":\"BreadcrumbList\",\"@id\":\"https:\/\/www.piovan.com\/product\/vulkano\/#breadcrumb\",\"itemListElement\":[{\"@type\":\"ListItem\",\"position\":1,\"name\":\"Home\",\"item\":\"https:\/\/www.piovan.com\/\"},{\"@type\":\"ListItem\",\"position\":2,\"name\":\"Plastic\",\"item\":\"https:\/\/www.piovan.com\/es\/products\/plastico\/\"},{\"@type\":\"ListItem\",\"position\":3,\"name\":\"Lab-tech\",\"item\":\"https:\/\/www.piovan.com\/es\/products\/plastico\/lab-tech\/\"},{\"@type\":\"ListItem\",\"position\":4,\"name\":\"Vulkano\"}]},{\"@type\":\"WebSite\",\"@id\":\"https:\/\/www.piovan.com\/#website\",\"url\":\"https:\/\/www.piovan.com\/\",\"name\":\"PiovanGroup\",\"description\":\"\",\"publisher\":{\"@id\":\"https:\/\/www.piovan.com\/#organization\"},\"potentialAction\":[{\"@type\":\"SearchAction\",\"target\":{\"@type\":\"EntryPoint\",\"urlTemplate\":\"https:\/\/www.piovan.com\/?s={search_term_string}\"},\"query-input\":\"required name=search_term_string\"}],\"inLanguage\":\"es\"},{\"@type\":\"Organization\",\"@id\":\"https:\/\/www.piovan.com\/#organization\",\"name\":\"PiovanGroup\",\"url\":\"https:\/\/www.piovan.com\/\",\"logo\":{\"@type\":\"ImageObject\",\"inLanguage\":\"es\",\"@id\":\"https:\/\/www.piovan.com\/#\/schema\/logo\/image\/\",\"url\":\"https:\/\/www.piovan.com\/wp-content\/uploads\/2021\/06\/logo@2x.png\",\"contentUrl\":\"https:\/\/www.piovan.com\/wp-content\/uploads\/2021\/06\/logo@2x.png\",\"width\":489,\"height\":78,\"caption\":\"PiovanGroup\"},\"image\":{\"@id\":\"https:\/\/www.piovan.com\/#\/schema\/logo\/image\/\"}}]}<\/script>","yoast_head_json":{"title":"Vulkano - PiovanGroup","robots":{"index":"index","follow":"follow","max-snippet":"max-snippet:-1","max-image-preview":"max-image-preview:large","max-video-preview":"max-video-preview:-1"},"canonical":"https:\/\/www.piovan.com\/es\/product\/vulkano\/","og_locale":"es_ES","og_type":"article","og_title":"Vulkano - PiovanGroup","og_description":"Vulkano is a portable instrument for detecting and quantifying the presence of organic carbon compounds (T.O.C. -Total Organic Carbon), in the dehumidification process air. Post-consumer hygroscopic plastics must be dehumidified to produce new products. The process to extract moisture also extracts substances absorbed by the polymer during its previous life, the NIAS (Non Intentionally Added Substances). The air circulating in circuits that are typically closed for energy efficiency and safety reasons is at risk of becoming saturated with of organic [&hellip;]","og_url":"https:\/\/www.piovan.com\/es\/product\/vulkano\/","og_site_name":"PiovanGroup","article_modified_time":"2025-02-27T07:57:26+00:00","og_image":[{"width":1200,"height":1560,"url":"https:\/\/www.piovan.com\/wp-content\/uploads\/Vulkano-1.png","type":"image\/png"}],"twitter_card":"summary_large_image","schema":{"@context":"https:\/\/schema.org","@graph":[{"@type":"WebPage","@id":"https:\/\/www.piovan.com\/product\/vulkano\/","url":"https:\/\/www.piovan.com\/product\/vulkano\/","name":"Vulkano - PiovanGroup","isPartOf":{"@id":"https:\/\/www.piovan.com\/#website"},"datePublished":"2022-09-28T14:31:23+00:00","dateModified":"2025-02-27T07:57:26+00:00","breadcrumb":{"@id":"https:\/\/www.piovan.com\/product\/vulkano\/#breadcrumb"},"inLanguage":"es","potentialAction":[{"@type":"ReadAction","target":["https:\/\/www.piovan.com\/product\/vulkano\/"]}]},{"@type":"BreadcrumbList","@id":"https:\/\/www.piovan.com\/product\/vulkano\/#breadcrumb","itemListElement":[{"@type":"ListItem","position":1,"name":"Home","item":"https:\/\/www.piovan.com\/"},{"@type":"ListItem","position":2,"name":"Plastic","item":"https:\/\/www.piovan.com\/es\/products\/plastico\/"},{"@type":"ListItem","position":3,"name":"Lab-tech","item":"https:\/\/www.piovan.com\/es\/products\/plastico\/lab-tech\/"},{"@type":"ListItem","position":4,"name":"Vulkano"}]},{"@type":"WebSite","@id":"https:\/\/www.piovan.com\/#website","url":"https:\/\/www.piovan.com\/","name":"PiovanGroup","description":"","publisher":{"@id":"https:\/\/www.piovan.com\/#organization"},"potentialAction":[{"@type":"SearchAction","target":{"@type":"EntryPoint","urlTemplate":"https:\/\/www.piovan.com\/?s={search_term_string}"},"query-input":"required name=search_term_string"}],"inLanguage":"es"},{"@type":"Organization","@id":"https:\/\/www.piovan.com\/#organization","name":"PiovanGroup","url":"https:\/\/www.piovan.com\/","logo":{"@type":"ImageObject","inLanguage":"es","@id":"https:\/\/www.piovan.com\/#\/schema\/logo\/image\/","url":"https:\/\/www.piovan.com\/wp-content\/uploads\/2021\/06\/logo@2x.png","contentUrl":"https:\/\/www.piovan.com\/wp-content\/uploads\/2021\/06\/logo@2x.png","width":489,"height":78,"caption":"PiovanGroup"},"image":{"@id":"https:\/\/www.piovan.com\/#\/schema\/logo\/image\/"}}]}},"_links":{"self":[{"href":"https:\/\/www.piovan.com\/es\/wp-json\/wp\/v2\/product\/9209"}],"collection":[{"href":"https:\/\/www.piovan.com\/es\/wp-json\/wp\/v2\/product"}],"about":[{"href":"https:\/\/www.piovan.com\/es\/wp-json\/wp\/v2\/types\/product"}],"version-history":[{"count":4,"href":"https:\/\/www.piovan.com\/es\/wp-json\/wp\/v2\/product\/9209\/revisions"}],"predecessor-version":[{"id":14593,"href":"https:\/\/www.piovan.com\/es\/wp-json\/wp\/v2\/product\/9209\/revisions\/14593"}],"wp:featuredmedia":[{"embeddable":true,"href":"https:\/\/www.piovan.com\/es\/wp-json\/wp\/v2\/media\/13755"}],"wp:attachment":[{"href":"https:\/\/www.piovan.com\/es\/wp-json\/wp\/v2\/media?parent=9209"}],"wp:term":[{"taxonomy":"post_tag","embeddable":true,"href":"https:\/\/www.piovan.com\/es\/wp-json\/wp\/v2\/tags?post=9209"}],"curies":[{"name":"wp","href":"https:\/\/api.w.org\/{rel}","templated":true}]}}