{"id":6040,"date":"2021-12-05T15:18:23","date_gmt":"2021-12-05T14:18:23","guid":{"rendered":"http:\/\/188.166.2.129\/product\/aquaflow\/"},"modified":"2023-12-13T16:12:07","modified_gmt":"2023-12-13T15:12:07","slug":"aquaflow_piovan-china","status":"publish","type":"product","link":"https:\/\/www.piovan.com\/es\/product\/aquaflow_piovan-china\/","title":{"rendered":"Aquaflow"},"content":{"rendered":"<p>Aquaflow es la nueva gama de grupos de bombeo de agua de Aquatech dise\u00f1ada para cubrir todos los caudales y presiones que requieren los procesos industriales.<br \/>\nSe puede conseguir la m\u00e1xima personalizaci\u00f3n equipando el grupo de bombeo con un inversor para obtener el mayor ahorro energ\u00e9tico a cargas parciales. Cualquier grupo puede configurarse con una bomba \u00abstand-by\u00bb, para aumentar las prestaciones y la fiabilidad.<br \/>\nLos consumos energ\u00e9ticos muy bajos, la producci\u00f3n de alta calidad y la estructura robusta hacen de la l\u00ednea Aquaflow una soluci\u00f3n de bombeo ideal, de f\u00e1cil mantenimiento, gran precisi\u00f3n y larga vida \u00fatil.<\/p>\n<p><strong>Dise\u00f1o modular<\/strong><br \/>\nLos grupos de bombeo de agua Aquaflow se han desarrollado con un concepto de dise\u00f1o modular e innovador. Pueden suministrarse como una bomba independiente, con dos o m\u00e1s bombas, para conseguir cualquier caudal y garantizar un funcionamiento continuo.<\/p>\n<p><strong>Diferentes rangos de presi\u00f3n<\/strong><br \/>\nTres rangos de presi\u00f3n permiten satisfacer cualquier condici\u00f3n de trabajo y requerimiento espec\u00edfico de cada proceso productivo.<br \/>\n\u2022 Grupos de baja presi\u00f3n, [2 - 3] bares<br \/>\n\u2022 Grupos de media presi\u00f3n, [3 - 5] bares<br \/>\n\u2022 Grupos de alta presi\u00f3n, [5 - 7] bares<\/p>\n<p>Para cada rango, se dispone de 10 capacidades de bombeo diferentes.<\/p>\n<p><strong>Equipo inversor<\/strong><br \/>\nSeg\u00fan la necesidad del cliente, Aquaflow puede suministrarse con un equipo inversor que garantiza el mejor rendimiento con el menor consumo de energ\u00eda, permitiendo que el sistema trabaje con una presi\u00f3n de trabajo constante y un ahorro de energ\u00eda en cargas parciales.<\/p>\n<p><em>Todos los productos Aquaflow cumplen con los requisitos de dise\u00f1o ecol\u00f3gico establecidos por la Directiva de la Comunidad Europea 2005\/32\/CE sobre productos que utilizan energ\u00eda (PUE) y por la Directiva 2009\/125\/CE sobre productos relacionados con la energ\u00eda (PRE).<\/em><\/p>","protected":false},"featured_media":6082,"template":"","tags":[],"acf":[],"yoast_head":"<title>Aquaflow - Grupo Piovan<\/title>\n<meta name=\"robots\" content=\"index, follow, max-snippet:-1, max-image-preview:large, max-video-preview:-1\" \/>\n<link rel=\"canonical\" href=\"https:\/\/www.piovan.com\/es\/product\/aquaflow_piovan-china\/\" \/>\n<meta property=\"og:locale\" content=\"es_ES\" \/>\n<meta property=\"og:type\" content=\"article\" \/>\n<meta property=\"og:title\" content=\"Aquaflow - PiovanGroup\" \/>\n<meta property=\"og:description\" content=\"Aquaflow is the new range of water pumping groups by Aquatech designed to cover all the flow rates and pressures required by the industrial processes. The utmost customization can be achieved by equipping the pumping group with an inverter to obtain the highest energy saving at partial loads. Any group can be configured with a \u201cstand-by\u201d pump, to increase performances and reliability. Very low energy consumptions, high-quality production, and robust structure make the Aquaflow line an ideal pumping solution, with [&hellip;]\" \/>\n<meta property=\"og:url\" content=\"https:\/\/www.piovan.com\/es\/product\/aquaflow_piovan-china\/\" \/>\n<meta property=\"og:site_name\" content=\"PiovanGroup\" \/>\n<meta property=\"article:modified_time\" content=\"2023-12-13T15:12:07+00:00\" \/>\n<meta property=\"og:image\" content=\"https:\/\/www.piovan.com\/wp-content\/uploads\/1200x1560_Aquaflow.png\" \/>\n\t<meta property=\"og:image:width\" content=\"1200\" \/>\n\t<meta property=\"og:image:height\" content=\"1560\" \/>\n\t<meta property=\"og:image:type\" content=\"image\/png\" \/>\n<meta name=\"twitter:card\" content=\"summary_large_image\" \/>\n<script type=\"application\/ld+json\" class=\"yoast-schema-graph\">{\"@context\":\"https:\/\/schema.org\",\"@graph\":[{\"@type\":\"WebPage\",\"@id\":\"https:\/\/www.piovan.com\/product\/aquaflow_piovan-china\/\",\"url\":\"https:\/\/www.piovan.com\/product\/aquaflow_piovan-china\/\",\"name\":\"Aquaflow - PiovanGroup\",\"isPartOf\":{\"@id\":\"https:\/\/www.piovan.com\/#website\"},\"datePublished\":\"2021-12-05T14:18:23+00:00\",\"dateModified\":\"2023-12-13T15:12:07+00:00\",\"breadcrumb\":{\"@id\":\"https:\/\/www.piovan.com\/product\/aquaflow_piovan-china\/#breadcrumb\"},\"inLanguage\":\"es\",\"potentialAction\":[{\"@type\":\"ReadAction\",\"target\":[\"https:\/\/www.piovan.com\/product\/aquaflow_piovan-china\/\"]}]},{\"@type\":\"BreadcrumbList\",\"@id\":\"https:\/\/www.piovan.com\/product\/aquaflow_piovan-china\/#breadcrumb\",\"itemListElement\":[{\"@type\":\"ListItem\",\"position\":1,\"name\":\"Home\",\"item\":\"https:\/\/www.piovan.com\/\"},{\"@type\":\"ListItem\",\"position\":2,\"name\":\"Industrial cooling\",\"item\":\"https:\/\/www.piovan.com\/es\/products\/refrigeracion-industrial\/\"},{\"@type\":\"ListItem\",\"position\":3,\"name\":\"Pump Stations\",\"item\":\"https:\/\/www.piovan.com\/es\/products\/refrigeracion-industrial\/pump-stations\/\"},{\"@type\":\"ListItem\",\"position\":4,\"name\":\"Aquaflow\"}]},{\"@type\":\"WebSite\",\"@id\":\"https:\/\/www.piovan.com\/#website\",\"url\":\"https:\/\/www.piovan.com\/\",\"name\":\"PiovanGroup\",\"description\":\"\",\"publisher\":{\"@id\":\"https:\/\/www.piovan.com\/#organization\"},\"potentialAction\":[{\"@type\":\"SearchAction\",\"target\":{\"@type\":\"EntryPoint\",\"urlTemplate\":\"https:\/\/www.piovan.com\/?s={search_term_string}\"},\"query-input\":\"required name=search_term_string\"}],\"inLanguage\":\"es\"},{\"@type\":\"Organization\",\"@id\":\"https:\/\/www.piovan.com\/#organization\",\"name\":\"PiovanGroup\",\"url\":\"https:\/\/www.piovan.com\/\",\"logo\":{\"@type\":\"ImageObject\",\"inLanguage\":\"es\",\"@id\":\"https:\/\/www.piovan.com\/#\/schema\/logo\/image\/\",\"url\":\"https:\/\/www.piovan.com\/wp-content\/uploads\/2021\/06\/logo@2x.png\",\"contentUrl\":\"https:\/\/www.piovan.com\/wp-content\/uploads\/2021\/06\/logo@2x.png\",\"width\":489,\"height\":78,\"caption\":\"PiovanGroup\"},\"image\":{\"@id\":\"https:\/\/www.piovan.com\/#\/schema\/logo\/image\/\"}}]}<\/script>","yoast_head_json":{"title":"Aquaflow - Grupo Piovan","robots":{"index":"index","follow":"follow","max-snippet":"max-snippet:-1","max-image-preview":"max-image-preview:large","max-video-preview":"max-video-preview:-1"},"canonical":"https:\/\/www.piovan.com\/es\/product\/aquaflow_piovan-china\/","og_locale":"es_ES","og_type":"article","og_title":"Aquaflow - PiovanGroup","og_description":"Aquaflow is the new range of water pumping groups by Aquatech designed to cover all the flow rates and pressures required by the industrial processes. The utmost customization can be achieved by equipping the pumping group with an inverter to obtain the highest energy saving at partial loads. Any group can be configured with a \u201cstand-by\u201d pump, to increase performances and reliability. Very low energy consumptions, high-quality production, and robust structure make the Aquaflow line an ideal pumping solution, with [&hellip;]","og_url":"https:\/\/www.piovan.com\/es\/product\/aquaflow_piovan-china\/","og_site_name":"PiovanGroup","article_modified_time":"2023-12-13T15:12:07+00:00","og_image":[{"width":1200,"height":1560,"url":"https:\/\/www.piovan.com\/wp-content\/uploads\/1200x1560_Aquaflow.png","type":"image\/png"}],"twitter_card":"summary_large_image","schema":{"@context":"https:\/\/schema.org","@graph":[{"@type":"WebPage","@id":"https:\/\/www.piovan.com\/product\/aquaflow_piovan-china\/","url":"https:\/\/www.piovan.com\/product\/aquaflow_piovan-china\/","name":"Aquaflow - PiovanGroup","isPartOf":{"@id":"https:\/\/www.piovan.com\/#website"},"datePublished":"2021-12-05T14:18:23+00:00","dateModified":"2023-12-13T15:12:07+00:00","breadcrumb":{"@id":"https:\/\/www.piovan.com\/product\/aquaflow_piovan-china\/#breadcrumb"},"inLanguage":"es","potentialAction":[{"@type":"ReadAction","target":["https:\/\/www.piovan.com\/product\/aquaflow_piovan-china\/"]}]},{"@type":"BreadcrumbList","@id":"https:\/\/www.piovan.com\/product\/aquaflow_piovan-china\/#breadcrumb","itemListElement":[{"@type":"ListItem","position":1,"name":"Home","item":"https:\/\/www.piovan.com\/"},{"@type":"ListItem","position":2,"name":"Industrial cooling","item":"https:\/\/www.piovan.com\/es\/products\/refrigeracion-industrial\/"},{"@type":"ListItem","position":3,"name":"Pump Stations","item":"https:\/\/www.piovan.com\/es\/products\/refrigeracion-industrial\/pump-stations\/"},{"@type":"ListItem","position":4,"name":"Aquaflow"}]},{"@type":"WebSite","@id":"https:\/\/www.piovan.com\/#website","url":"https:\/\/www.piovan.com\/","name":"PiovanGroup","description":"","publisher":{"@id":"https:\/\/www.piovan.com\/#organization"},"potentialAction":[{"@type":"SearchAction","target":{"@type":"EntryPoint","urlTemplate":"https:\/\/www.piovan.com\/?s={search_term_string}"},"query-input":"required name=search_term_string"}],"inLanguage":"es"},{"@type":"Organization","@id":"https:\/\/www.piovan.com\/#organization","name":"PiovanGroup","url":"https:\/\/www.piovan.com\/","logo":{"@type":"ImageObject","inLanguage":"es","@id":"https:\/\/www.piovan.com\/#\/schema\/logo\/image\/","url":"https:\/\/www.piovan.com\/wp-content\/uploads\/2021\/06\/logo@2x.png","contentUrl":"https:\/\/www.piovan.com\/wp-content\/uploads\/2021\/06\/logo@2x.png","width":489,"height":78,"caption":"PiovanGroup"},"image":{"@id":"https:\/\/www.piovan.com\/#\/schema\/logo\/image\/"}}]}},"_links":{"self":[{"href":"https:\/\/www.piovan.com\/es\/wp-json\/wp\/v2\/product\/6040"}],"collection":[{"href":"https:\/\/www.piovan.com\/es\/wp-json\/wp\/v2\/product"}],"about":[{"href":"https:\/\/www.piovan.com\/es\/wp-json\/wp\/v2\/types\/product"}],"version-history":[{"count":1,"href":"https:\/\/www.piovan.com\/es\/wp-json\/wp\/v2\/product\/6040\/revisions"}],"predecessor-version":[{"id":11153,"href":"https:\/\/www.piovan.com\/es\/wp-json\/wp\/v2\/product\/6040\/revisions\/11153"}],"wp:featuredmedia":[{"embeddable":true,"href":"https:\/\/www.piovan.com\/es\/wp-json\/wp\/v2\/media\/6082"}],"wp:attachment":[{"href":"https:\/\/www.piovan.com\/es\/wp-json\/wp\/v2\/media?parent=6040"}],"wp:term":[{"taxonomy":"post_tag","embeddable":true,"href":"https:\/\/www.piovan.com\/es\/wp-json\/wp\/v2\/tags?post=6040"}],"curies":[{"name":"wp","href":"https:\/\/api.w.org\/{rel}","templated":true}]}}