{"id":6030,"date":"2021-12-05T15:18:23","date_gmt":"2021-12-05T14:18:23","guid":{"rendered":"http:\/\/188.166.2.129\/product\/ecosmart-2\/"},"modified":"2023-12-13T15:14:44","modified_gmt":"2023-12-13T14:14:44","slug":"ecosmart-cw_piovan-china","status":"publish","type":"product","link":"https:\/\/www.piovan.com\/es\/product\/ecosmart-cw_piovan-china\/","title":{"rendered":"Ecosmart"},"content":{"rendered":"<p><strong>Model CW<br \/>\nCompresor de tornillo accionado por inversor<\/strong><\/p>\n<p><strong>Los refrigeradores Ecosmart accionados por inversor<\/strong> proporcionan agua a baja temperatura asegurando el funcionamiento m\u00e1s eficiente desde el punto de vista energ\u00e9tico.<\/p>\n<p class=\" translation-block\"><strong>La TECNOLOG\u00cdA INVERTER<\/strong> funciona seg\u00fan el principio de la velocidad variable del motor del compresor; se env\u00eda una se\u00f1al el\u00e9ctrica al motor del compresor para ajustar la velocidad del tornillo en funci\u00f3n de la carga t\u00e9rmica. Si la carga t\u00e9rmica es alta, el compresor funciona m\u00e1s r\u00e1pido desarrollando un mayor caudal de refrigerante y, en consecuencia, aumentando la potencia de refrigeraci\u00f3n; por el contrario, el inversor reduce el caudal de refrigerante reduciendo la potencia de refrigeraci\u00f3n suministrada en consecuencia.<br>\n<strong><br>\nCaracter\u00edsticas<\/strong><br>\n\u2022 M\u00e1xima EER en cualquier condici\u00f3n de trabajo (cargas parciales)<br>\n\u2022 Modulaci\u00f3n continua sin escalas del 25 % al 100 %<br>\n\u2022 Valores estables de la presi\u00f3n del agua de proceso en cualquier condici\u00f3n de trabajo<br>\n\u2022 Condensadores evaporadores de gran tama\u00f1o: para tener la mejor eficiencia del compresor<br>\n\u2022 V\u00e1lvula de expansi\u00f3n electr\u00f3nica EEV para alcanzar la m\u00e1xima estabilidad de la temperatura del agua (+\/\u2022 0,4 \u00b0C en la salida del evaporador)<br>\n\u2022 Mayor vida \u00fatil del compresor: sin corriente de entrada<br>\n\u2022 Menor fricci\u00f3n<br>\n\u2022 Funcionamiento seguro: presostatos diferenciales, interruptores de flujo de aceite, interruptores de flujo de agua<br>\n\u2022 Instalaci\u00f3n simplificada (en interiores), con operaciones de puesta en marcha facilitadas y r\u00e1pidas<br>\n\u2022 Ecocompatible: refrigerante ecol\u00f3gico R134a<br>\n\u2022 Bajo nivel de ruido de funcionamiento<\/p>","protected":false},"featured_media":6166,"template":"","tags":[],"acf":[],"yoast_head":"<title>Ecosmart - Grupo Piovan<\/title>\n<meta name=\"robots\" content=\"index, follow, max-snippet:-1, max-image-preview:large, max-video-preview:-1\" \/>\n<link rel=\"canonical\" href=\"https:\/\/www.piovan.com\/es\/product\/ecosmart-cw_piovan-china\/\" \/>\n<meta property=\"og:locale\" content=\"es_ES\" \/>\n<meta property=\"og:type\" content=\"article\" \/>\n<meta property=\"og:title\" content=\"Ecosmart - PiovanGroup\" \/>\n<meta property=\"og:description\" content=\"Model CW INVERTER driven SCREW compressor The Ecosmart Inverter driven chillers provide low temperature water assuring the highest energy efficient functioning. INVERTER TECHNOLOGY works on the principle of variable compressor motor speed; an electrical signal is given to the compressor motor to adjust the screw speed according to the thermal load. If the thermal load is high the compressor runs faster developing a higher refrigerant flow rate and accordingly increasing the cooling power; on the contrary, the inverter reduces the [&hellip;]\" \/>\n<meta property=\"og:url\" content=\"https:\/\/www.piovan.com\/es\/product\/ecosmart-cw_piovan-china\/\" \/>\n<meta property=\"og:site_name\" content=\"PiovanGroup\" \/>\n<meta property=\"article:modified_time\" content=\"2023-12-13T14:14:44+00:00\" \/>\n<meta property=\"og:image\" content=\"https:\/\/www.piovan.com\/wp-content\/uploads\/Ecosmart-CW-0621-1921_product_1200x1560.png\" \/>\n\t<meta property=\"og:image:width\" content=\"1200\" \/>\n\t<meta property=\"og:image:height\" content=\"1560\" \/>\n\t<meta property=\"og:image:type\" content=\"image\/png\" \/>\n<meta name=\"twitter:card\" content=\"summary_large_image\" \/>\n<script type=\"application\/ld+json\" class=\"yoast-schema-graph\">{\"@context\":\"https:\/\/schema.org\",\"@graph\":[{\"@type\":\"WebPage\",\"@id\":\"https:\/\/www.piovan.com\/product\/ecosmart-cw_piovan-china\/\",\"url\":\"https:\/\/www.piovan.com\/product\/ecosmart-cw_piovan-china\/\",\"name\":\"Ecosmart - PiovanGroup\",\"isPartOf\":{\"@id\":\"https:\/\/www.piovan.com\/#website\"},\"datePublished\":\"2021-12-05T14:18:23+00:00\",\"dateModified\":\"2023-12-13T14:14:44+00:00\",\"breadcrumb\":{\"@id\":\"https:\/\/www.piovan.com\/product\/ecosmart-cw_piovan-china\/#breadcrumb\"},\"inLanguage\":\"es\",\"potentialAction\":[{\"@type\":\"ReadAction\",\"target\":[\"https:\/\/www.piovan.com\/product\/ecosmart-cw_piovan-china\/\"]}]},{\"@type\":\"BreadcrumbList\",\"@id\":\"https:\/\/www.piovan.com\/product\/ecosmart-cw_piovan-china\/#breadcrumb\",\"itemListElement\":[{\"@type\":\"ListItem\",\"position\":1,\"name\":\"Home\",\"item\":\"https:\/\/www.piovan.com\/\"},{\"@type\":\"ListItem\",\"position\":2,\"name\":\"Industrial cooling\",\"item\":\"https:\/\/www.piovan.com\/es\/products\/refrigeracion-industrial\/\"},{\"@type\":\"ListItem\",\"position\":3,\"name\":\"Water-Cooled Chillers\",\"item\":\"https:\/\/www.piovan.com\/es\/products\/refrigeracion-industrial\/water-cooled-chillers\/\"},{\"@type\":\"ListItem\",\"position\":4,\"name\":\"Ecosmart\"}]},{\"@type\":\"WebSite\",\"@id\":\"https:\/\/www.piovan.com\/#website\",\"url\":\"https:\/\/www.piovan.com\/\",\"name\":\"PiovanGroup\",\"description\":\"\",\"publisher\":{\"@id\":\"https:\/\/www.piovan.com\/#organization\"},\"potentialAction\":[{\"@type\":\"SearchAction\",\"target\":{\"@type\":\"EntryPoint\",\"urlTemplate\":\"https:\/\/www.piovan.com\/?s={search_term_string}\"},\"query-input\":\"required name=search_term_string\"}],\"inLanguage\":\"es\"},{\"@type\":\"Organization\",\"@id\":\"https:\/\/www.piovan.com\/#organization\",\"name\":\"PiovanGroup\",\"url\":\"https:\/\/www.piovan.com\/\",\"logo\":{\"@type\":\"ImageObject\",\"inLanguage\":\"es\",\"@id\":\"https:\/\/www.piovan.com\/#\/schema\/logo\/image\/\",\"url\":\"https:\/\/www.piovan.com\/wp-content\/uploads\/2021\/06\/logo@2x.png\",\"contentUrl\":\"https:\/\/www.piovan.com\/wp-content\/uploads\/2021\/06\/logo@2x.png\",\"width\":489,\"height\":78,\"caption\":\"PiovanGroup\"},\"image\":{\"@id\":\"https:\/\/www.piovan.com\/#\/schema\/logo\/image\/\"}}]}<\/script>","yoast_head_json":{"title":"Ecosmart - Grupo Piovan","robots":{"index":"index","follow":"follow","max-snippet":"max-snippet:-1","max-image-preview":"max-image-preview:large","max-video-preview":"max-video-preview:-1"},"canonical":"https:\/\/www.piovan.com\/es\/product\/ecosmart-cw_piovan-china\/","og_locale":"es_ES","og_type":"article","og_title":"Ecosmart - PiovanGroup","og_description":"Model CW INVERTER driven SCREW compressor The Ecosmart Inverter driven chillers provide low temperature water assuring the highest energy efficient functioning. INVERTER TECHNOLOGY works on the principle of variable compressor motor speed; an electrical signal is given to the compressor motor to adjust the screw speed according to the thermal load. If the thermal load is high the compressor runs faster developing a higher refrigerant flow rate and accordingly increasing the cooling power; on the contrary, the inverter reduces the [&hellip;]","og_url":"https:\/\/www.piovan.com\/es\/product\/ecosmart-cw_piovan-china\/","og_site_name":"PiovanGroup","article_modified_time":"2023-12-13T14:14:44+00:00","og_image":[{"width":1200,"height":1560,"url":"https:\/\/www.piovan.com\/wp-content\/uploads\/Ecosmart-CW-0621-1921_product_1200x1560.png","type":"image\/png"}],"twitter_card":"summary_large_image","schema":{"@context":"https:\/\/schema.org","@graph":[{"@type":"WebPage","@id":"https:\/\/www.piovan.com\/product\/ecosmart-cw_piovan-china\/","url":"https:\/\/www.piovan.com\/product\/ecosmart-cw_piovan-china\/","name":"Ecosmart - PiovanGroup","isPartOf":{"@id":"https:\/\/www.piovan.com\/#website"},"datePublished":"2021-12-05T14:18:23+00:00","dateModified":"2023-12-13T14:14:44+00:00","breadcrumb":{"@id":"https:\/\/www.piovan.com\/product\/ecosmart-cw_piovan-china\/#breadcrumb"},"inLanguage":"es","potentialAction":[{"@type":"ReadAction","target":["https:\/\/www.piovan.com\/product\/ecosmart-cw_piovan-china\/"]}]},{"@type":"BreadcrumbList","@id":"https:\/\/www.piovan.com\/product\/ecosmart-cw_piovan-china\/#breadcrumb","itemListElement":[{"@type":"ListItem","position":1,"name":"Home","item":"https:\/\/www.piovan.com\/"},{"@type":"ListItem","position":2,"name":"Industrial cooling","item":"https:\/\/www.piovan.com\/es\/products\/refrigeracion-industrial\/"},{"@type":"ListItem","position":3,"name":"Water-Cooled Chillers","item":"https:\/\/www.piovan.com\/es\/products\/refrigeracion-industrial\/water-cooled-chillers\/"},{"@type":"ListItem","position":4,"name":"Ecosmart"}]},{"@type":"WebSite","@id":"https:\/\/www.piovan.com\/#website","url":"https:\/\/www.piovan.com\/","name":"PiovanGroup","description":"","publisher":{"@id":"https:\/\/www.piovan.com\/#organization"},"potentialAction":[{"@type":"SearchAction","target":{"@type":"EntryPoint","urlTemplate":"https:\/\/www.piovan.com\/?s={search_term_string}"},"query-input":"required name=search_term_string"}],"inLanguage":"es"},{"@type":"Organization","@id":"https:\/\/www.piovan.com\/#organization","name":"PiovanGroup","url":"https:\/\/www.piovan.com\/","logo":{"@type":"ImageObject","inLanguage":"es","@id":"https:\/\/www.piovan.com\/#\/schema\/logo\/image\/","url":"https:\/\/www.piovan.com\/wp-content\/uploads\/2021\/06\/logo@2x.png","contentUrl":"https:\/\/www.piovan.com\/wp-content\/uploads\/2021\/06\/logo@2x.png","width":489,"height":78,"caption":"PiovanGroup"},"image":{"@id":"https:\/\/www.piovan.com\/#\/schema\/logo\/image\/"}}]}},"_links":{"self":[{"href":"https:\/\/www.piovan.com\/es\/wp-json\/wp\/v2\/product\/6030"}],"collection":[{"href":"https:\/\/www.piovan.com\/es\/wp-json\/wp\/v2\/product"}],"about":[{"href":"https:\/\/www.piovan.com\/es\/wp-json\/wp\/v2\/types\/product"}],"version-history":[{"count":2,"href":"https:\/\/www.piovan.com\/es\/wp-json\/wp\/v2\/product\/6030\/revisions"}],"predecessor-version":[{"id":11136,"href":"https:\/\/www.piovan.com\/es\/wp-json\/wp\/v2\/product\/6030\/revisions\/11136"}],"wp:featuredmedia":[{"embeddable":true,"href":"https:\/\/www.piovan.com\/es\/wp-json\/wp\/v2\/media\/6166"}],"wp:attachment":[{"href":"https:\/\/www.piovan.com\/es\/wp-json\/wp\/v2\/media?parent=6030"}],"wp:term":[{"taxonomy":"post_tag","embeddable":true,"href":"https:\/\/www.piovan.com\/es\/wp-json\/wp\/v2\/tags?post=6030"}],"curies":[{"name":"wp","href":"https:\/\/api.w.org\/{rel}","templated":true}]}}