{"id":6024,"date":"2021-12-05T15:18:07","date_gmt":"2021-12-05T14:18:07","guid":{"rendered":"http:\/\/188.166.2.129\/product\/slim-1211-4511\/"},"modified":"2023-12-14T15:39:41","modified_gmt":"2023-12-14T14:39:41","slug":"slim-1211-4511_piovan-china","status":"publish","type":"product","link":"https:\/\/www.piovan.com\/es\/product\/slim-1211-4511_piovan-china\/","title":{"rendered":"Slim 1211-4511"},"content":{"rendered":"<p><strong>Model SCW 1211-4511<br \/>\n1 X compresor SCROLL, 1 X circuito de refrigeraci\u00f3n<\/strong><\/p>\n<p>La serie SLIM de refrigeradores port\u00e1tiles proporciona agua a baja temperatura independientemente de cualquier condici\u00f3n ambiental. La gama, dise\u00f1ada para su aplicaci\u00f3n en todos los sectores industriales, asegura la m\u00e1xima flexibilidad y un funcionamiento energ\u00e9ticamente eficiente.<\/p>\n<p class=\" translation-block\"><strong>Caracter\u00edsticas<\/strong><br>\n\u2022 Temperaturas de condensaci\u00f3n del agua desde 17 \u00b0C hasta +40 \u00b0C<br>\n\u2022 Refrigerante ecol\u00f3gico R410a con alta capacidad de refrigeraci\u00f3n<br>\n\u2022 Menor absorci\u00f3n de energ\u00eda y menor nivel de ruido<br>\n\u2022 Intercambio de calor altamente eficiente: evaporador de placas soldadas de acero inoxidable<br>\n\u2022 Flujo \u00f3ptimo: bomba de circulaci\u00f3n de agua interna<br>\n\u2022 Estabilidad de la temperatura y baja dispersi\u00f3n t\u00e9rmica: dep\u00f3sito interno de acero inoxidable y aislado de tipo abierto para descargar el aire dentro del circuito durante el cambio de producci\u00f3n<br>\n\u2022 Funcionamiento seguro: presostatos de alta y baja presi\u00f3n, man\u00f3metros de alta y baja presi\u00f3n, interruptor de flujo<br>\n\u2022 Facilidad de uso: control por microprocesador que muestra la temperatura del agua y las alarmas<br>\n\u2022 Tama\u00f1o reducido<br>\n\u2022 Circuito de agua construido sin ninguna pieza ferrosa<\/p>\n<p class=\" translation-block\"><strong>Opcional<\/strong><br>:\n\u2022 Kit de seguridad contra el desbordamiento<br>\n\u2022 Interfaz en serie Modbus<br>\n\u2022 Alarma ac\u00fastica con l\u00e1mpara<br>\n\u2022 V\u00e1lvula by-pass de gas caliente para una temperatura del agua extremadamente precisa<br>\n\u2022 V\u00e1lvula de control de la condensaci\u00f3n<br>\n\u2022 Filtro de agua mec\u00e1nico<\/p>","protected":false},"featured_media":6119,"template":"","tags":[],"acf":[],"yoast_head":"<title>Slim 1211-4511 - Grupo Piovan<\/title>\n<meta name=\"robots\" content=\"index, follow, max-snippet:-1, max-image-preview:large, max-video-preview:-1\" \/>\n<link rel=\"canonical\" href=\"https:\/\/www.piovan.com\/es\/product\/slim-1211-4511_piovan-china\/\" \/>\n<meta property=\"og:locale\" content=\"es_ES\" \/>\n<meta property=\"og:type\" content=\"article\" \/>\n<meta property=\"og:title\" content=\"Slim 1211-4511 - PiovanGroup\" \/>\n<meta property=\"og:description\" content=\"Model SCW 1211-4511 1 X SCROLL compressor, 1 X refrigerant circuit The SLIM Series of portable chillers provide low temperature water independent from any ambient condition. The range, designed for application in all the industrial sectors, assures maximum flexibility and energy efficient functioning. Features \u2022 Water condensing temperatures from 17\u00b0C up to +40\u00b0C \u2022 Green refrigerant R410a with high cooling capacity \u2022 Reduced energy absorption and lower noise levels \u2022 High efficient heat exchange: stainless steel brazed plate evaporator \u2022 [&hellip;]\" \/>\n<meta property=\"og:url\" content=\"https:\/\/www.piovan.com\/es\/product\/slim-1211-4511_piovan-china\/\" \/>\n<meta property=\"og:site_name\" content=\"PiovanGroup\" \/>\n<meta property=\"article:modified_time\" content=\"2023-12-14T14:39:41+00:00\" \/>\n<meta property=\"og:image\" content=\"https:\/\/www.piovan.com\/wp-content\/uploads\/SLIM-SCW-1211-4511_product_1200x1560.png\" \/>\n\t<meta property=\"og:image:width\" content=\"1200\" \/>\n\t<meta property=\"og:image:height\" content=\"1560\" \/>\n\t<meta property=\"og:image:type\" content=\"image\/png\" \/>\n<meta name=\"twitter:card\" content=\"summary_large_image\" \/>\n<script type=\"application\/ld+json\" class=\"yoast-schema-graph\">{\"@context\":\"https:\/\/schema.org\",\"@graph\":[{\"@type\":\"WebPage\",\"@id\":\"https:\/\/www.piovan.com\/product\/slim-1211-4511_piovan-china\/\",\"url\":\"https:\/\/www.piovan.com\/product\/slim-1211-4511_piovan-china\/\",\"name\":\"Slim 1211-4511 - PiovanGroup\",\"isPartOf\":{\"@id\":\"https:\/\/www.piovan.com\/#website\"},\"datePublished\":\"2021-12-05T14:18:07+00:00\",\"dateModified\":\"2023-12-14T14:39:41+00:00\",\"breadcrumb\":{\"@id\":\"https:\/\/www.piovan.com\/product\/slim-1211-4511_piovan-china\/#breadcrumb\"},\"inLanguage\":\"es\",\"potentialAction\":[{\"@type\":\"ReadAction\",\"target\":[\"https:\/\/www.piovan.com\/product\/slim-1211-4511_piovan-china\/\"]}]},{\"@type\":\"BreadcrumbList\",\"@id\":\"https:\/\/www.piovan.com\/product\/slim-1211-4511_piovan-china\/#breadcrumb\",\"itemListElement\":[{\"@type\":\"ListItem\",\"position\":1,\"name\":\"Home\",\"item\":\"https:\/\/www.piovan.com\/\"},{\"@type\":\"ListItem\",\"position\":2,\"name\":\"Industrial cooling\",\"item\":\"https:\/\/www.piovan.com\/es\/products\/refrigeracion-industrial\/\"},{\"@type\":\"ListItem\",\"position\":3,\"name\":\"Water-Cooled Chillers\",\"item\":\"https:\/\/www.piovan.com\/es\/products\/refrigeracion-industrial\/water-cooled-chillers\/\"},{\"@type\":\"ListItem\",\"position\":4,\"name\":\"Slim 1211-4511\"}]},{\"@type\":\"WebSite\",\"@id\":\"https:\/\/www.piovan.com\/#website\",\"url\":\"https:\/\/www.piovan.com\/\",\"name\":\"PiovanGroup\",\"description\":\"\",\"publisher\":{\"@id\":\"https:\/\/www.piovan.com\/#organization\"},\"potentialAction\":[{\"@type\":\"SearchAction\",\"target\":{\"@type\":\"EntryPoint\",\"urlTemplate\":\"https:\/\/www.piovan.com\/?s={search_term_string}\"},\"query-input\":\"required name=search_term_string\"}],\"inLanguage\":\"es\"},{\"@type\":\"Organization\",\"@id\":\"https:\/\/www.piovan.com\/#organization\",\"name\":\"PiovanGroup\",\"url\":\"https:\/\/www.piovan.com\/\",\"logo\":{\"@type\":\"ImageObject\",\"inLanguage\":\"es\",\"@id\":\"https:\/\/www.piovan.com\/#\/schema\/logo\/image\/\",\"url\":\"https:\/\/www.piovan.com\/wp-content\/uploads\/2021\/06\/logo@2x.png\",\"contentUrl\":\"https:\/\/www.piovan.com\/wp-content\/uploads\/2021\/06\/logo@2x.png\",\"width\":489,\"height\":78,\"caption\":\"PiovanGroup\"},\"image\":{\"@id\":\"https:\/\/www.piovan.com\/#\/schema\/logo\/image\/\"}}]}<\/script>","yoast_head_json":{"title":"Slim 1211-4511 - Grupo Piovan","robots":{"index":"index","follow":"follow","max-snippet":"max-snippet:-1","max-image-preview":"max-image-preview:large","max-video-preview":"max-video-preview:-1"},"canonical":"https:\/\/www.piovan.com\/es\/product\/slim-1211-4511_piovan-china\/","og_locale":"es_ES","og_type":"article","og_title":"Slim 1211-4511 - PiovanGroup","og_description":"Model SCW 1211-4511 1 X SCROLL compressor, 1 X refrigerant circuit The SLIM Series of portable chillers provide low temperature water independent from any ambient condition. The range, designed for application in all the industrial sectors, assures maximum flexibility and energy efficient functioning. Features \u2022 Water condensing temperatures from 17\u00b0C up to +40\u00b0C \u2022 Green refrigerant R410a with high cooling capacity \u2022 Reduced energy absorption and lower noise levels \u2022 High efficient heat exchange: stainless steel brazed plate evaporator \u2022 [&hellip;]","og_url":"https:\/\/www.piovan.com\/es\/product\/slim-1211-4511_piovan-china\/","og_site_name":"PiovanGroup","article_modified_time":"2023-12-14T14:39:41+00:00","og_image":[{"width":1200,"height":1560,"url":"https:\/\/www.piovan.com\/wp-content\/uploads\/SLIM-SCW-1211-4511_product_1200x1560.png","type":"image\/png"}],"twitter_card":"summary_large_image","schema":{"@context":"https:\/\/schema.org","@graph":[{"@type":"WebPage","@id":"https:\/\/www.piovan.com\/product\/slim-1211-4511_piovan-china\/","url":"https:\/\/www.piovan.com\/product\/slim-1211-4511_piovan-china\/","name":"Slim 1211-4511 - PiovanGroup","isPartOf":{"@id":"https:\/\/www.piovan.com\/#website"},"datePublished":"2021-12-05T14:18:07+00:00","dateModified":"2023-12-14T14:39:41+00:00","breadcrumb":{"@id":"https:\/\/www.piovan.com\/product\/slim-1211-4511_piovan-china\/#breadcrumb"},"inLanguage":"es","potentialAction":[{"@type":"ReadAction","target":["https:\/\/www.piovan.com\/product\/slim-1211-4511_piovan-china\/"]}]},{"@type":"BreadcrumbList","@id":"https:\/\/www.piovan.com\/product\/slim-1211-4511_piovan-china\/#breadcrumb","itemListElement":[{"@type":"ListItem","position":1,"name":"Home","item":"https:\/\/www.piovan.com\/"},{"@type":"ListItem","position":2,"name":"Industrial cooling","item":"https:\/\/www.piovan.com\/es\/products\/refrigeracion-industrial\/"},{"@type":"ListItem","position":3,"name":"Water-Cooled Chillers","item":"https:\/\/www.piovan.com\/es\/products\/refrigeracion-industrial\/water-cooled-chillers\/"},{"@type":"ListItem","position":4,"name":"Slim 1211-4511"}]},{"@type":"WebSite","@id":"https:\/\/www.piovan.com\/#website","url":"https:\/\/www.piovan.com\/","name":"PiovanGroup","description":"","publisher":{"@id":"https:\/\/www.piovan.com\/#organization"},"potentialAction":[{"@type":"SearchAction","target":{"@type":"EntryPoint","urlTemplate":"https:\/\/www.piovan.com\/?s={search_term_string}"},"query-input":"required name=search_term_string"}],"inLanguage":"es"},{"@type":"Organization","@id":"https:\/\/www.piovan.com\/#organization","name":"PiovanGroup","url":"https:\/\/www.piovan.com\/","logo":{"@type":"ImageObject","inLanguage":"es","@id":"https:\/\/www.piovan.com\/#\/schema\/logo\/image\/","url":"https:\/\/www.piovan.com\/wp-content\/uploads\/2021\/06\/logo@2x.png","contentUrl":"https:\/\/www.piovan.com\/wp-content\/uploads\/2021\/06\/logo@2x.png","width":489,"height":78,"caption":"PiovanGroup"},"image":{"@id":"https:\/\/www.piovan.com\/#\/schema\/logo\/image\/"}}]}},"_links":{"self":[{"href":"https:\/\/www.piovan.com\/es\/wp-json\/wp\/v2\/product\/6024"}],"collection":[{"href":"https:\/\/www.piovan.com\/es\/wp-json\/wp\/v2\/product"}],"about":[{"href":"https:\/\/www.piovan.com\/es\/wp-json\/wp\/v2\/types\/product"}],"version-history":[{"count":1,"href":"https:\/\/www.piovan.com\/es\/wp-json\/wp\/v2\/product\/6024\/revisions"}],"predecessor-version":[{"id":11262,"href":"https:\/\/www.piovan.com\/es\/wp-json\/wp\/v2\/product\/6024\/revisions\/11262"}],"wp:featuredmedia":[{"embeddable":true,"href":"https:\/\/www.piovan.com\/es\/wp-json\/wp\/v2\/media\/6119"}],"wp:attachment":[{"href":"https:\/\/www.piovan.com\/es\/wp-json\/wp\/v2\/media?parent=6024"}],"wp:term":[{"taxonomy":"post_tag","embeddable":true,"href":"https:\/\/www.piovan.com\/es\/wp-json\/wp\/v2\/tags?post=6024"}],"curies":[{"name":"wp","href":"https:\/\/api.w.org\/{rel}","templated":true}]}}