{"id":6008,"date":"2021-12-05T15:18:07","date_gmt":"2021-12-05T14:18:07","guid":{"rendered":"http:\/\/188.166.2.129\/product\/petchiller\/"},"modified":"2023-12-13T17:05:56","modified_gmt":"2023-12-13T16:05:56","slug":"petchiller_piovan-china","status":"publish","type":"product","link":"https:\/\/www.piovan.com\/es\/product\/petchiller_piovan-china\/","title":{"rendered":"PETChiller"},"content":{"rendered":"<p>Esta gama de refrigeradores adopta dispositivos de enfriamiento de \u00faltima generaci\u00f3n para alcanzar el m\u00e1ximo rendimiento en t\u00e9rminos de eficiencia, precisi\u00f3n y fiabilidad.<\/p>\n<p>El PETChiller funciona seg\u00fan el principio de velocidad variable del motor del compresor; se env\u00eda una se\u00f1al el\u00e9ctrica al motor del compresor para que ajuste la velocidad del tornillo en funci\u00f3n de la carga t\u00e9rmica.<br \/>\nSi la carga t\u00e9rmica es alta, el compresor funciona m\u00e1s r\u00e1pido desarrollando un mayor flujo de refrigerante y, en consecuencia, aumentando la potencia de refrigeraci\u00f3n; por el contrario, el inversor reduce el flujo de refrigerante reduciendo la potencia de refrigeraci\u00f3n suministrada en consecuencia.<\/p>\n<p><strong>Caracter\u00edsticas principales<\/strong><br \/>\n\u2022 <strong>Compresor de tornillo controlado por inversor<\/strong>: (condiciones de proceso estables y utilizaci\u00f3n \u00f3ptima de la energ\u00eda)<br \/>\n\u2022 <strong>Bomba de agua de proceso controlada por inversor<\/strong>: (la cantidad de agua a suministrar a los servicios se determina autom\u00e1ticamente en funci\u00f3n del diferencial de temperatura de entrada\/salida)<br \/>\n\u2022 <strong>Intercambiadores de calor de acero inoxidable de placas soldadas<\/strong><br \/>\n\u2022 <strong>V\u00e1lvula de expansi\u00f3n electr\u00f3nica <\/strong>(la modulaci\u00f3n, el control y la expansi\u00f3n regular del gas son claves para un proceso que, adem\u00e1s de ser eficiente, debe ser muy preciso)<br \/>\n\u2022 <strong>Control preciso de la temperatura<\/strong> (precisi\u00f3n de 0,1 \u00baC, frente a las variaciones de temperatura de 1 \u00baC y m\u00e1s de los sistemas de agua fr\u00eda convencionales)<\/p>","protected":false},"featured_media":6145,"template":"","tags":[],"acf":[],"yoast_head":"<title>PETChiller - Grupo Piovan<\/title>\n<meta name=\"robots\" content=\"index, follow, max-snippet:-1, max-image-preview:large, max-video-preview:-1\" \/>\n<link rel=\"canonical\" href=\"https:\/\/www.piovan.com\/es\/product\/petchiller_piovan-china\/\" \/>\n<meta property=\"og:locale\" content=\"es_ES\" \/>\n<meta property=\"og:type\" content=\"article\" \/>\n<meta property=\"og:title\" content=\"PETChiller - PiovanGroup\" \/>\n<meta property=\"og:description\" content=\"This range of chillers adopts state-of-the-art cooling devices to reach the highest performance in terms of efficiency, accuracy and reliability. The PETChiller works on the principle of variable compressor motor speed; an electrical signal is given to the compressor motor to adjust the screw speed according to the thermal load. If the thermal load is high the compressor runs faster developing a higher refrigerant flow rate and accordingly increasing the cooling power; on the contrary, the inverter reduces the refrigerant [&hellip;]\" \/>\n<meta property=\"og:url\" content=\"https:\/\/www.piovan.com\/es\/product\/petchiller_piovan-china\/\" \/>\n<meta property=\"og:site_name\" content=\"PiovanGroup\" \/>\n<meta property=\"article:modified_time\" content=\"2023-12-13T16:05:56+00:00\" \/>\n<meta property=\"og:image\" content=\"https:\/\/www.piovan.com\/wp-content\/uploads\/PETChiller_product_1200x1560.png\" \/>\n\t<meta property=\"og:image:width\" content=\"1200\" \/>\n\t<meta property=\"og:image:height\" content=\"1560\" \/>\n\t<meta property=\"og:image:type\" content=\"image\/png\" \/>\n<meta name=\"twitter:card\" content=\"summary_large_image\" \/>\n<script type=\"application\/ld+json\" class=\"yoast-schema-graph\">{\"@context\":\"https:\/\/schema.org\",\"@graph\":[{\"@type\":\"WebPage\",\"@id\":\"https:\/\/www.piovan.com\/product\/petchiller_piovan-china\/\",\"url\":\"https:\/\/www.piovan.com\/product\/petchiller_piovan-china\/\",\"name\":\"PETChiller - PiovanGroup\",\"isPartOf\":{\"@id\":\"https:\/\/www.piovan.com\/#website\"},\"datePublished\":\"2021-12-05T14:18:07+00:00\",\"dateModified\":\"2023-12-13T16:05:56+00:00\",\"breadcrumb\":{\"@id\":\"https:\/\/www.piovan.com\/product\/petchiller_piovan-china\/#breadcrumb\"},\"inLanguage\":\"es\",\"potentialAction\":[{\"@type\":\"ReadAction\",\"target\":[\"https:\/\/www.piovan.com\/product\/petchiller_piovan-china\/\"]}]},{\"@type\":\"BreadcrumbList\",\"@id\":\"https:\/\/www.piovan.com\/product\/petchiller_piovan-china\/#breadcrumb\",\"itemListElement\":[{\"@type\":\"ListItem\",\"position\":1,\"name\":\"Home\",\"item\":\"https:\/\/www.piovan.com\/\"},{\"@type\":\"ListItem\",\"position\":2,\"name\":\"Plastic Applications\",\"item\":\"https:\/\/www.piovan.com\/es\/products\/plastic-applications\/\"},{\"@type\":\"ListItem\",\"position\":3,\"name\":\"PET Preforms and Bottles\",\"item\":\"https:\/\/www.piovan.com\/es\/products\/plastic-applications\/pet-preforms-and-bottles\/\"},{\"@type\":\"ListItem\",\"position\":4,\"name\":\"PETChiller\"}]},{\"@type\":\"WebSite\",\"@id\":\"https:\/\/www.piovan.com\/#website\",\"url\":\"https:\/\/www.piovan.com\/\",\"name\":\"PiovanGroup\",\"description\":\"\",\"publisher\":{\"@id\":\"https:\/\/www.piovan.com\/#organization\"},\"potentialAction\":[{\"@type\":\"SearchAction\",\"target\":{\"@type\":\"EntryPoint\",\"urlTemplate\":\"https:\/\/www.piovan.com\/?s={search_term_string}\"},\"query-input\":\"required name=search_term_string\"}],\"inLanguage\":\"es\"},{\"@type\":\"Organization\",\"@id\":\"https:\/\/www.piovan.com\/#organization\",\"name\":\"PiovanGroup\",\"url\":\"https:\/\/www.piovan.com\/\",\"logo\":{\"@type\":\"ImageObject\",\"inLanguage\":\"es\",\"@id\":\"https:\/\/www.piovan.com\/#\/schema\/logo\/image\/\",\"url\":\"https:\/\/www.piovan.com\/wp-content\/uploads\/2021\/06\/logo@2x.png\",\"contentUrl\":\"https:\/\/www.piovan.com\/wp-content\/uploads\/2021\/06\/logo@2x.png\",\"width\":489,\"height\":78,\"caption\":\"PiovanGroup\"},\"image\":{\"@id\":\"https:\/\/www.piovan.com\/#\/schema\/logo\/image\/\"}}]}<\/script>","yoast_head_json":{"title":"PETChiller - Grupo Piovan","robots":{"index":"index","follow":"follow","max-snippet":"max-snippet:-1","max-image-preview":"max-image-preview:large","max-video-preview":"max-video-preview:-1"},"canonical":"https:\/\/www.piovan.com\/es\/product\/petchiller_piovan-china\/","og_locale":"es_ES","og_type":"article","og_title":"PETChiller - PiovanGroup","og_description":"This range of chillers adopts state-of-the-art cooling devices to reach the highest performance in terms of efficiency, accuracy and reliability. The PETChiller works on the principle of variable compressor motor speed; an electrical signal is given to the compressor motor to adjust the screw speed according to the thermal load. If the thermal load is high the compressor runs faster developing a higher refrigerant flow rate and accordingly increasing the cooling power; on the contrary, the inverter reduces the refrigerant [&hellip;]","og_url":"https:\/\/www.piovan.com\/es\/product\/petchiller_piovan-china\/","og_site_name":"PiovanGroup","article_modified_time":"2023-12-13T16:05:56+00:00","og_image":[{"width":1200,"height":1560,"url":"https:\/\/www.piovan.com\/wp-content\/uploads\/PETChiller_product_1200x1560.png","type":"image\/png"}],"twitter_card":"summary_large_image","schema":{"@context":"https:\/\/schema.org","@graph":[{"@type":"WebPage","@id":"https:\/\/www.piovan.com\/product\/petchiller_piovan-china\/","url":"https:\/\/www.piovan.com\/product\/petchiller_piovan-china\/","name":"PETChiller - PiovanGroup","isPartOf":{"@id":"https:\/\/www.piovan.com\/#website"},"datePublished":"2021-12-05T14:18:07+00:00","dateModified":"2023-12-13T16:05:56+00:00","breadcrumb":{"@id":"https:\/\/www.piovan.com\/product\/petchiller_piovan-china\/#breadcrumb"},"inLanguage":"es","potentialAction":[{"@type":"ReadAction","target":["https:\/\/www.piovan.com\/product\/petchiller_piovan-china\/"]}]},{"@type":"BreadcrumbList","@id":"https:\/\/www.piovan.com\/product\/petchiller_piovan-china\/#breadcrumb","itemListElement":[{"@type":"ListItem","position":1,"name":"Home","item":"https:\/\/www.piovan.com\/"},{"@type":"ListItem","position":2,"name":"Plastic Applications","item":"https:\/\/www.piovan.com\/es\/products\/plastic-applications\/"},{"@type":"ListItem","position":3,"name":"PET Preforms and Bottles","item":"https:\/\/www.piovan.com\/es\/products\/plastic-applications\/pet-preforms-and-bottles\/"},{"@type":"ListItem","position":4,"name":"PETChiller"}]},{"@type":"WebSite","@id":"https:\/\/www.piovan.com\/#website","url":"https:\/\/www.piovan.com\/","name":"PiovanGroup","description":"","publisher":{"@id":"https:\/\/www.piovan.com\/#organization"},"potentialAction":[{"@type":"SearchAction","target":{"@type":"EntryPoint","urlTemplate":"https:\/\/www.piovan.com\/?s={search_term_string}"},"query-input":"required name=search_term_string"}],"inLanguage":"es"},{"@type":"Organization","@id":"https:\/\/www.piovan.com\/#organization","name":"PiovanGroup","url":"https:\/\/www.piovan.com\/","logo":{"@type":"ImageObject","inLanguage":"es","@id":"https:\/\/www.piovan.com\/#\/schema\/logo\/image\/","url":"https:\/\/www.piovan.com\/wp-content\/uploads\/2021\/06\/logo@2x.png","contentUrl":"https:\/\/www.piovan.com\/wp-content\/uploads\/2021\/06\/logo@2x.png","width":489,"height":78,"caption":"PiovanGroup"},"image":{"@id":"https:\/\/www.piovan.com\/#\/schema\/logo\/image\/"}}]}},"_links":{"self":[{"href":"https:\/\/www.piovan.com\/es\/wp-json\/wp\/v2\/product\/6008"}],"collection":[{"href":"https:\/\/www.piovan.com\/es\/wp-json\/wp\/v2\/product"}],"about":[{"href":"https:\/\/www.piovan.com\/es\/wp-json\/wp\/v2\/types\/product"}],"version-history":[{"count":1,"href":"https:\/\/www.piovan.com\/es\/wp-json\/wp\/v2\/product\/6008\/revisions"}],"predecessor-version":[{"id":11170,"href":"https:\/\/www.piovan.com\/es\/wp-json\/wp\/v2\/product\/6008\/revisions\/11170"}],"wp:featuredmedia":[{"embeddable":true,"href":"https:\/\/www.piovan.com\/es\/wp-json\/wp\/v2\/media\/6145"}],"wp:attachment":[{"href":"https:\/\/www.piovan.com\/es\/wp-json\/wp\/v2\/media?parent=6008"}],"wp:term":[{"taxonomy":"post_tag","embeddable":true,"href":"https:\/\/www.piovan.com\/es\/wp-json\/wp\/v2\/tags?post=6008"}],"curies":[{"name":"wp","href":"https:\/\/api.w.org\/{rel}","templated":true}]}}