{"id":5148,"date":"2021-11-12T17:13:00","date_gmt":"2021-11-12T16:13:00","guid":{"rendered":"https:\/\/www.piovan.com\/product\/winenergy-2\/"},"modified":"2025-02-26T16:41:31","modified_gmt":"2025-02-26T15:41:31","slug":"winfactory-4-0","status":"publish","type":"product","link":"https:\/\/www.piovan.com\/es\/product\/winfactory-4-0\/","title":{"rendered":"Winfactory 4.0"},"content":{"rendered":"<p>Winfactory 4.0 es el software de control y gesti\u00f3n del proceso de producci\u00f3n desarrollado por Piovan para la f\u00e1brica digital.<br \/>\nLa integraci\u00f3n entre el hardware y el software asegura la configuraci\u00f3n autom\u00e1tica de las recetas, la prevenci\u00f3n de errores humanos y la repetibilidad de la producci\u00f3n.<\/p>\n<p class=\" translation-block\">It allows management of automation systems from the storage area to the finished product keeping everything under control:<br>\r\n\u2022 Raw materials and final product batches<br>\r\n\u2022 Alarms<br>\r\n\u2022 KPI and troubleshooting tools<br>\r\nfor supporting every department.<\/p>\n<p>Winfactory 4.0, adem\u00e1s, puede incluir los manuales de los equipos en caso de que sea necesario.<\/p>\n<p>Winfactory 4.0 is available with versions specifically developed for the sectors:<br \/>\n\u2022 Automotive<br \/>\n\u2022 PET and preforms<br \/>\n\u2022 Flexible film<br \/>\n\u2022 Medical.<\/p>","protected":false},"featured_media":13746,"template":"","tags":[108],"acf":[],"yoast_head":"<title>Winfactory 4.0 - Grupo Piovan<\/title>\n<meta name=\"robots\" content=\"index, follow, max-snippet:-1, max-image-preview:large, max-video-preview:-1\" \/>\n<link rel=\"canonical\" href=\"https:\/\/www.piovan.com\/es\/product\/winfactory-4-0\/\" \/>\n<meta property=\"og:locale\" content=\"es_ES\" \/>\n<meta property=\"og:type\" content=\"article\" \/>\n<meta property=\"og:title\" content=\"Winfactory 4.0 - PiovanGroup\" \/>\n<meta property=\"og:description\" content=\"Winfactory 4.0 is the production process control and management software developed by Piovan for the digital factory. The integration between hardware and software assures automatic recipe setup, prevention of human errors and production repeatability. It allows management of automation systems from the storage area to the finished product keeping everything under control: \u2022 Raw materials and final product batches \u2022 Alarms \u2022 KPI and troubleshooting tools for supporting every department. Winfactory 4.0, furthermore, can include equipment manuals in case is [&hellip;]\" \/>\n<meta property=\"og:url\" content=\"https:\/\/www.piovan.com\/es\/product\/winfactory-4-0\/\" \/>\n<meta property=\"og:site_name\" content=\"PiovanGroup\" \/>\n<meta property=\"article:modified_time\" content=\"2025-02-26T15:41:31+00:00\" \/>\n<meta property=\"og:image\" content=\"https:\/\/www.piovan.com\/wp-content\/uploads\/Winfactory-4.0.png\" \/>\n\t<meta property=\"og:image:width\" content=\"1200\" \/>\n\t<meta property=\"og:image:height\" content=\"1560\" \/>\n\t<meta property=\"og:image:type\" content=\"image\/png\" \/>\n<meta name=\"twitter:card\" content=\"summary_large_image\" \/>\n<script type=\"application\/ld+json\" class=\"yoast-schema-graph\">{\"@context\":\"https:\/\/schema.org\",\"@graph\":[{\"@type\":\"WebPage\",\"@id\":\"https:\/\/www.piovan.com\/product\/winfactory-4-0\/\",\"url\":\"https:\/\/www.piovan.com\/product\/winfactory-4-0\/\",\"name\":\"Winfactory 4.0 - PiovanGroup\",\"isPartOf\":{\"@id\":\"https:\/\/www.piovan.com\/#website\"},\"datePublished\":\"2021-11-12T16:13:00+00:00\",\"dateModified\":\"2025-02-26T15:41:31+00:00\",\"breadcrumb\":{\"@id\":\"https:\/\/www.piovan.com\/product\/winfactory-4-0\/#breadcrumb\"},\"inLanguage\":\"es\",\"potentialAction\":[{\"@type\":\"ReadAction\",\"target\":[\"https:\/\/www.piovan.com\/product\/winfactory-4-0\/\"]}]},{\"@type\":\"BreadcrumbList\",\"@id\":\"https:\/\/www.piovan.com\/product\/winfactory-4-0\/#breadcrumb\",\"itemListElement\":[{\"@type\":\"ListItem\",\"position\":1,\"name\":\"Home\",\"item\":\"https:\/\/www.piovan.com\/\"},{\"@type\":\"ListItem\",\"position\":2,\"name\":\"Plastic\",\"item\":\"https:\/\/www.piovan.com\/es\/products\/plastico\/\"},{\"@type\":\"ListItem\",\"position\":3,\"name\":\"Software &amp; Control systems\",\"item\":\"https:\/\/www.piovan.com\/es\/products\/plastico\/software\/\"},{\"@type\":\"ListItem\",\"position\":4,\"name\":\"Winfactory 4.0\"}]},{\"@type\":\"WebSite\",\"@id\":\"https:\/\/www.piovan.com\/#website\",\"url\":\"https:\/\/www.piovan.com\/\",\"name\":\"PiovanGroup\",\"description\":\"\",\"publisher\":{\"@id\":\"https:\/\/www.piovan.com\/#organization\"},\"potentialAction\":[{\"@type\":\"SearchAction\",\"target\":{\"@type\":\"EntryPoint\",\"urlTemplate\":\"https:\/\/www.piovan.com\/?s={search_term_string}\"},\"query-input\":\"required name=search_term_string\"}],\"inLanguage\":\"es\"},{\"@type\":\"Organization\",\"@id\":\"https:\/\/www.piovan.com\/#organization\",\"name\":\"PiovanGroup\",\"url\":\"https:\/\/www.piovan.com\/\",\"logo\":{\"@type\":\"ImageObject\",\"inLanguage\":\"es\",\"@id\":\"https:\/\/www.piovan.com\/#\/schema\/logo\/image\/\",\"url\":\"https:\/\/www.piovan.com\/wp-content\/uploads\/2021\/06\/logo@2x.png\",\"contentUrl\":\"https:\/\/www.piovan.com\/wp-content\/uploads\/2021\/06\/logo@2x.png\",\"width\":489,\"height\":78,\"caption\":\"PiovanGroup\"},\"image\":{\"@id\":\"https:\/\/www.piovan.com\/#\/schema\/logo\/image\/\"}}]}<\/script>","yoast_head_json":{"title":"Winfactory 4.0 - Grupo Piovan","robots":{"index":"index","follow":"follow","max-snippet":"max-snippet:-1","max-image-preview":"max-image-preview:large","max-video-preview":"max-video-preview:-1"},"canonical":"https:\/\/www.piovan.com\/es\/product\/winfactory-4-0\/","og_locale":"es_ES","og_type":"article","og_title":"Winfactory 4.0 - PiovanGroup","og_description":"Winfactory 4.0 is the production process control and management software developed by Piovan for the digital factory. The integration between hardware and software assures automatic recipe setup, prevention of human errors and production repeatability. It allows management of automation systems from the storage area to the finished product keeping everything under control: \u2022 Raw materials and final product batches \u2022 Alarms \u2022 KPI and troubleshooting tools for supporting every department. Winfactory 4.0, furthermore, can include equipment manuals in case is [&hellip;]","og_url":"https:\/\/www.piovan.com\/es\/product\/winfactory-4-0\/","og_site_name":"PiovanGroup","article_modified_time":"2025-02-26T15:41:31+00:00","og_image":[{"width":1200,"height":1560,"url":"https:\/\/www.piovan.com\/wp-content\/uploads\/Winfactory-4.0.png","type":"image\/png"}],"twitter_card":"summary_large_image","schema":{"@context":"https:\/\/schema.org","@graph":[{"@type":"WebPage","@id":"https:\/\/www.piovan.com\/product\/winfactory-4-0\/","url":"https:\/\/www.piovan.com\/product\/winfactory-4-0\/","name":"Winfactory 4.0 - PiovanGroup","isPartOf":{"@id":"https:\/\/www.piovan.com\/#website"},"datePublished":"2021-11-12T16:13:00+00:00","dateModified":"2025-02-26T15:41:31+00:00","breadcrumb":{"@id":"https:\/\/www.piovan.com\/product\/winfactory-4-0\/#breadcrumb"},"inLanguage":"es","potentialAction":[{"@type":"ReadAction","target":["https:\/\/www.piovan.com\/product\/winfactory-4-0\/"]}]},{"@type":"BreadcrumbList","@id":"https:\/\/www.piovan.com\/product\/winfactory-4-0\/#breadcrumb","itemListElement":[{"@type":"ListItem","position":1,"name":"Home","item":"https:\/\/www.piovan.com\/"},{"@type":"ListItem","position":2,"name":"Plastic","item":"https:\/\/www.piovan.com\/es\/products\/plastico\/"},{"@type":"ListItem","position":3,"name":"Software &amp; Control systems","item":"https:\/\/www.piovan.com\/es\/products\/plastico\/software\/"},{"@type":"ListItem","position":4,"name":"Winfactory 4.0"}]},{"@type":"WebSite","@id":"https:\/\/www.piovan.com\/#website","url":"https:\/\/www.piovan.com\/","name":"PiovanGroup","description":"","publisher":{"@id":"https:\/\/www.piovan.com\/#organization"},"potentialAction":[{"@type":"SearchAction","target":{"@type":"EntryPoint","urlTemplate":"https:\/\/www.piovan.com\/?s={search_term_string}"},"query-input":"required name=search_term_string"}],"inLanguage":"es"},{"@type":"Organization","@id":"https:\/\/www.piovan.com\/#organization","name":"PiovanGroup","url":"https:\/\/www.piovan.com\/","logo":{"@type":"ImageObject","inLanguage":"es","@id":"https:\/\/www.piovan.com\/#\/schema\/logo\/image\/","url":"https:\/\/www.piovan.com\/wp-content\/uploads\/2021\/06\/logo@2x.png","contentUrl":"https:\/\/www.piovan.com\/wp-content\/uploads\/2021\/06\/logo@2x.png","width":489,"height":78,"caption":"PiovanGroup"},"image":{"@id":"https:\/\/www.piovan.com\/#\/schema\/logo\/image\/"}}]}},"_links":{"self":[{"href":"https:\/\/www.piovan.com\/es\/wp-json\/wp\/v2\/product\/5148"}],"collection":[{"href":"https:\/\/www.piovan.com\/es\/wp-json\/wp\/v2\/product"}],"about":[{"href":"https:\/\/www.piovan.com\/es\/wp-json\/wp\/v2\/types\/product"}],"version-history":[{"count":5,"href":"https:\/\/www.piovan.com\/es\/wp-json\/wp\/v2\/product\/5148\/revisions"}],"predecessor-version":[{"id":14572,"href":"https:\/\/www.piovan.com\/es\/wp-json\/wp\/v2\/product\/5148\/revisions\/14572"}],"wp:featuredmedia":[{"embeddable":true,"href":"https:\/\/www.piovan.com\/es\/wp-json\/wp\/v2\/media\/13746"}],"wp:attachment":[{"href":"https:\/\/www.piovan.com\/es\/wp-json\/wp\/v2\/media?parent=5148"}],"wp:term":[{"taxonomy":"post_tag","embeddable":true,"href":"https:\/\/www.piovan.com\/es\/wp-json\/wp\/v2\/tags?post=5148"}],"curies":[{"name":"wp","href":"https:\/\/api.w.org\/{rel}","templated":true}]}}