{"id":5143,"date":"2021-11-12T17:09:48","date_gmt":"2021-11-12T16:09:48","guid":{"rendered":"https:\/\/www.piovan.com\/?post_type=product&#038;p=5143"},"modified":"2025-10-23T16:37:42","modified_gmt":"2025-10-23T14:37:42","slug":"winenergy","status":"publish","type":"product","link":"https:\/\/www.piovan.com\/es\/product\/winenergy\/","title":{"rendered":"Winenergy"},"content":{"rendered":"<p>Winenergy es una potente herramienta que proporciona a los clientes un an\u00e1lisis completo de cu\u00e1l es el consumo real. Esta informaci\u00f3n puede ser especialmente \u00fatil en muchos pa\u00edses en los que, por ley, hay que informar sobre el uso de la energ\u00eda y actualizarla peri\u00f3dicamente.<\/p>\n<p>El sistema de monitorizaci\u00f3n se basa en dispositivos de medici\u00f3n distribuidos y conectados a un gestor de datos capaz de recoger y guardar todos los datos detectados. Se pueden medir diferentes par\u00e1metros f\u00edsicos (flujos de electricidad, gas o agua, temperaturas, presiones, etc.).<\/p>\n<p>Winenergy puede instalarse como una aplicaci\u00f3n independiente o como un paquete adicional de Winfactory 4.0.<\/p>","protected":false},"featured_media":5285,"template":"","tags":[108],"acf":[],"yoast_head":"<title>Winenergy - Grupo Piovan<\/title>\n<meta name=\"robots\" content=\"index, follow, max-snippet:-1, max-image-preview:large, max-video-preview:-1\" \/>\n<link rel=\"canonical\" href=\"https:\/\/www.piovan.com\/es\/product\/winenergy\/\" \/>\n<meta property=\"og:locale\" content=\"es_ES\" \/>\n<meta property=\"og:type\" content=\"article\" \/>\n<meta property=\"og:title\" content=\"Winenergy - PiovanGroup\" \/>\n<meta property=\"og:description\" content=\"Winenergy is a powerful tool that provides customers with a complete analysis of what the real consumption is. This information can be particularly helpful in many countries where the energy usage has to be reported by law and it has to be periodically updated. The monitoring system is based on distributed measuring devices connected with a data-manager able to collect and save all the detected data. Different physical parameters can be measured (electricity, gas or water flows, temperatures, pressures...). Winenergy [&hellip;]\" \/>\n<meta property=\"og:url\" content=\"https:\/\/www.piovan.com\/es\/product\/winenergy\/\" \/>\n<meta property=\"og:site_name\" content=\"PiovanGroup\" \/>\n<meta property=\"article:modified_time\" content=\"2025-10-23T14:37:42+00:00\" \/>\n<meta property=\"og:image\" content=\"https:\/\/www.piovan.com\/wp-content\/uploads\/Product_1200x1560px_0001_Winenergy.png\" \/>\n\t<meta property=\"og:image:width\" content=\"1200\" \/>\n\t<meta property=\"og:image:height\" content=\"1560\" \/>\n\t<meta property=\"og:image:type\" content=\"image\/png\" \/>\n<meta name=\"twitter:card\" content=\"summary_large_image\" \/>\n<script type=\"application\/ld+json\" class=\"yoast-schema-graph\">{\"@context\":\"https:\/\/schema.org\",\"@graph\":[{\"@type\":\"WebPage\",\"@id\":\"https:\/\/www.piovan.com\/product\/winenergy\/\",\"url\":\"https:\/\/www.piovan.com\/product\/winenergy\/\",\"name\":\"Winenergy - PiovanGroup\",\"isPartOf\":{\"@id\":\"https:\/\/www.piovan.com\/#website\"},\"datePublished\":\"2021-11-12T16:09:48+00:00\",\"dateModified\":\"2025-10-23T14:37:42+00:00\",\"breadcrumb\":{\"@id\":\"https:\/\/www.piovan.com\/product\/winenergy\/#breadcrumb\"},\"inLanguage\":\"es\",\"potentialAction\":[{\"@type\":\"ReadAction\",\"target\":[\"https:\/\/www.piovan.com\/product\/winenergy\/\"]}]},{\"@type\":\"BreadcrumbList\",\"@id\":\"https:\/\/www.piovan.com\/product\/winenergy\/#breadcrumb\",\"itemListElement\":[{\"@type\":\"ListItem\",\"position\":1,\"name\":\"Home\",\"item\":\"https:\/\/www.piovan.com\/\"},{\"@type\":\"ListItem\",\"position\":2,\"name\":\"Plastic\",\"item\":\"https:\/\/www.piovan.com\/es\/products\/plastico\/\"},{\"@type\":\"ListItem\",\"position\":3,\"name\":\"Software &amp; Control systems\",\"item\":\"https:\/\/www.piovan.com\/es\/products\/plastico\/software\/\"},{\"@type\":\"ListItem\",\"position\":4,\"name\":\"Winenergy\"}]},{\"@type\":\"WebSite\",\"@id\":\"https:\/\/www.piovan.com\/#website\",\"url\":\"https:\/\/www.piovan.com\/\",\"name\":\"PiovanGroup\",\"description\":\"\",\"publisher\":{\"@id\":\"https:\/\/www.piovan.com\/#organization\"},\"potentialAction\":[{\"@type\":\"SearchAction\",\"target\":{\"@type\":\"EntryPoint\",\"urlTemplate\":\"https:\/\/www.piovan.com\/?s={search_term_string}\"},\"query-input\":\"required name=search_term_string\"}],\"inLanguage\":\"es\"},{\"@type\":\"Organization\",\"@id\":\"https:\/\/www.piovan.com\/#organization\",\"name\":\"PiovanGroup\",\"url\":\"https:\/\/www.piovan.com\/\",\"logo\":{\"@type\":\"ImageObject\",\"inLanguage\":\"es\",\"@id\":\"https:\/\/www.piovan.com\/#\/schema\/logo\/image\/\",\"url\":\"https:\/\/www.piovan.com\/wp-content\/uploads\/2021\/06\/logo@2x.png\",\"contentUrl\":\"https:\/\/www.piovan.com\/wp-content\/uploads\/2021\/06\/logo@2x.png\",\"width\":489,\"height\":78,\"caption\":\"PiovanGroup\"},\"image\":{\"@id\":\"https:\/\/www.piovan.com\/#\/schema\/logo\/image\/\"}}]}<\/script>","yoast_head_json":{"title":"Winenergy - Grupo Piovan","robots":{"index":"index","follow":"follow","max-snippet":"max-snippet:-1","max-image-preview":"max-image-preview:large","max-video-preview":"max-video-preview:-1"},"canonical":"https:\/\/www.piovan.com\/es\/product\/winenergy\/","og_locale":"es_ES","og_type":"article","og_title":"Winenergy - PiovanGroup","og_description":"Winenergy is a powerful tool that provides customers with a complete analysis of what the real consumption is. This information can be particularly helpful in many countries where the energy usage has to be reported by law and it has to be periodically updated. The monitoring system is based on distributed measuring devices connected with a data-manager able to collect and save all the detected data. Different physical parameters can be measured (electricity, gas or water flows, temperatures, pressures...). Winenergy [&hellip;]","og_url":"https:\/\/www.piovan.com\/es\/product\/winenergy\/","og_site_name":"PiovanGroup","article_modified_time":"2025-10-23T14:37:42+00:00","og_image":[{"width":1200,"height":1560,"url":"https:\/\/www.piovan.com\/wp-content\/uploads\/Product_1200x1560px_0001_Winenergy.png","type":"image\/png"}],"twitter_card":"summary_large_image","schema":{"@context":"https:\/\/schema.org","@graph":[{"@type":"WebPage","@id":"https:\/\/www.piovan.com\/product\/winenergy\/","url":"https:\/\/www.piovan.com\/product\/winenergy\/","name":"Winenergy - PiovanGroup","isPartOf":{"@id":"https:\/\/www.piovan.com\/#website"},"datePublished":"2021-11-12T16:09:48+00:00","dateModified":"2025-10-23T14:37:42+00:00","breadcrumb":{"@id":"https:\/\/www.piovan.com\/product\/winenergy\/#breadcrumb"},"inLanguage":"es","potentialAction":[{"@type":"ReadAction","target":["https:\/\/www.piovan.com\/product\/winenergy\/"]}]},{"@type":"BreadcrumbList","@id":"https:\/\/www.piovan.com\/product\/winenergy\/#breadcrumb","itemListElement":[{"@type":"ListItem","position":1,"name":"Home","item":"https:\/\/www.piovan.com\/"},{"@type":"ListItem","position":2,"name":"Plastic","item":"https:\/\/www.piovan.com\/es\/products\/plastico\/"},{"@type":"ListItem","position":3,"name":"Software &amp; Control systems","item":"https:\/\/www.piovan.com\/es\/products\/plastico\/software\/"},{"@type":"ListItem","position":4,"name":"Winenergy"}]},{"@type":"WebSite","@id":"https:\/\/www.piovan.com\/#website","url":"https:\/\/www.piovan.com\/","name":"PiovanGroup","description":"","publisher":{"@id":"https:\/\/www.piovan.com\/#organization"},"potentialAction":[{"@type":"SearchAction","target":{"@type":"EntryPoint","urlTemplate":"https:\/\/www.piovan.com\/?s={search_term_string}"},"query-input":"required name=search_term_string"}],"inLanguage":"es"},{"@type":"Organization","@id":"https:\/\/www.piovan.com\/#organization","name":"PiovanGroup","url":"https:\/\/www.piovan.com\/","logo":{"@type":"ImageObject","inLanguage":"es","@id":"https:\/\/www.piovan.com\/#\/schema\/logo\/image\/","url":"https:\/\/www.piovan.com\/wp-content\/uploads\/2021\/06\/logo@2x.png","contentUrl":"https:\/\/www.piovan.com\/wp-content\/uploads\/2021\/06\/logo@2x.png","width":489,"height":78,"caption":"PiovanGroup"},"image":{"@id":"https:\/\/www.piovan.com\/#\/schema\/logo\/image\/"}}]}},"_links":{"self":[{"href":"https:\/\/www.piovan.com\/es\/wp-json\/wp\/v2\/product\/5143"}],"collection":[{"href":"https:\/\/www.piovan.com\/es\/wp-json\/wp\/v2\/product"}],"about":[{"href":"https:\/\/www.piovan.com\/es\/wp-json\/wp\/v2\/types\/product"}],"version-history":[{"count":3,"href":"https:\/\/www.piovan.com\/es\/wp-json\/wp\/v2\/product\/5143\/revisions"}],"predecessor-version":[{"id":15839,"href":"https:\/\/www.piovan.com\/es\/wp-json\/wp\/v2\/product\/5143\/revisions\/15839"}],"wp:featuredmedia":[{"embeddable":true,"href":"https:\/\/www.piovan.com\/es\/wp-json\/wp\/v2\/media\/5285"}],"wp:attachment":[{"href":"https:\/\/www.piovan.com\/es\/wp-json\/wp\/v2\/media?parent=5143"}],"wp:term":[{"taxonomy":"post_tag","embeddable":true,"href":"https:\/\/www.piovan.com\/es\/wp-json\/wp\/v2\/tags?post=5143"}],"curies":[{"name":"wp","href":"https:\/\/api.w.org\/{rel}","templated":true}]}}