{"id":4993,"date":"2021-11-10T15:21:41","date_gmt":"2021-11-10T14:21:41","guid":{"rendered":"https:\/\/www.piovan.com\/?post_type=product&#038;p=4993"},"modified":"2025-02-26T11:27:23","modified_gmt":"2025-02-26T10:27:23","slug":"easylink","status":"publish","type":"product","link":"https:\/\/www.piovan.com\/es\/product\/easylink\/","title":{"rendered":"Easylink+"},"content":{"rendered":"<p>Estaci\u00f3n autom\u00e1tica de acoplamiento capaz de gestionar hasta 60 entradas\/salidas con un tama\u00f1o de tubo de 40 a 76 mm con un espacio m\u00ednimo.<\/p>\n<p>Dise\u00f1ada para un mantenimiento f\u00e1cil, es completamente segura para los operadores tanto durante el funcionamiento normal como durante las operaciones de asistencia.<\/p>\n<p>Las geometr\u00edas, el sistema de limpieza avanzado y los materiales resistentes al desgaste garantizan la calidad constante de la producci\u00f3n en las condiciones m\u00e1s dif\u00edciles.<\/p>\n<p class=\" translation-block\">La integraci\u00f3n con Winfactory 4.0 permite: <br>\n\u2022 m\u00e1xima trazabilidad de los materiales<br>\n\u2022 configuraci\u00f3n autom\u00e1tica de los tiempos de transporte y de limpieza de la l\u00ednea.<\/p>\n<p>Easylink+ est\u00e1 disponible con bastidor de apoyo para instalaci\u00f3n en el suelo o en altillo.<\/p>\n<p>Todo el recorrido interno de las tuber\u00edas est\u00e1 realizado con conductos r\u00edgidos, sin ning\u00fan tubo flexible.<\/p>","protected":false},"featured_media":5301,"template":"","tags":[108,41],"acf":[],"yoast_head":"<title>Easylink+ - Grupo Piovan<\/title>\n<meta name=\"robots\" content=\"index, follow, max-snippet:-1, max-image-preview:large, max-video-preview:-1\" \/>\n<link rel=\"canonical\" href=\"https:\/\/www.piovan.com\/es\/product\/easylink\/\" \/>\n<meta property=\"og:locale\" content=\"es_ES\" \/>\n<meta property=\"og:type\" content=\"article\" \/>\n<meta property=\"og:title\" content=\"Easylink+ - PiovanGroup\" \/>\n<meta property=\"og:description\" content=\"Automatic coupling station able to manage up to 60 inlets\/outlets with pipe size from 40 to 76 mm with minimum footprint. Designed for easy maintenance, it is totally safe for the operators both during regular functioning and service activities. The geometries, the advanced cleaning systems and the wear resistant materials assure the constant production quality in most demanding conditions. Integration with Winfactory 4.0 allows: \u2022 maximum traceability of materials \u2022 automatic setting of transport and line cleaning times Easylink+ is [&hellip;]\" \/>\n<meta property=\"og:url\" content=\"https:\/\/www.piovan.com\/es\/product\/easylink\/\" \/>\n<meta property=\"og:site_name\" content=\"PiovanGroup\" \/>\n<meta property=\"article:modified_time\" content=\"2025-02-26T10:27:23+00:00\" \/>\n<meta property=\"og:image\" content=\"https:\/\/www.piovan.com\/wp-content\/uploads\/Product_1200x1560px_0007_Easylink.png\" \/>\n\t<meta property=\"og:image:width\" content=\"1200\" \/>\n\t<meta property=\"og:image:height\" content=\"1560\" \/>\n\t<meta property=\"og:image:type\" content=\"image\/png\" \/>\n<meta name=\"twitter:card\" content=\"summary_large_image\" \/>\n<script type=\"application\/ld+json\" class=\"yoast-schema-graph\">{\"@context\":\"https:\/\/schema.org\",\"@graph\":[{\"@type\":\"WebPage\",\"@id\":\"https:\/\/www.piovan.com\/product\/easylink\/\",\"url\":\"https:\/\/www.piovan.com\/product\/easylink\/\",\"name\":\"Easylink+ - PiovanGroup\",\"isPartOf\":{\"@id\":\"https:\/\/www.piovan.com\/#website\"},\"datePublished\":\"2021-11-10T14:21:41+00:00\",\"dateModified\":\"2025-02-26T10:27:23+00:00\",\"breadcrumb\":{\"@id\":\"https:\/\/www.piovan.com\/product\/easylink\/#breadcrumb\"},\"inLanguage\":\"es\",\"potentialAction\":[{\"@type\":\"ReadAction\",\"target\":[\"https:\/\/www.piovan.com\/product\/easylink\/\"]}]},{\"@type\":\"BreadcrumbList\",\"@id\":\"https:\/\/www.piovan.com\/product\/easylink\/#breadcrumb\",\"itemListElement\":[{\"@type\":\"ListItem\",\"position\":1,\"name\":\"Home\",\"item\":\"https:\/\/www.piovan.com\/\"},{\"@type\":\"ListItem\",\"position\":2,\"name\":\"Plastic\",\"item\":\"https:\/\/www.piovan.com\/es\/products\/plastico\/\"},{\"@type\":\"ListItem\",\"position\":3,\"name\":\"Feeding &amp; Conveying\",\"item\":\"https:\/\/www.piovan.com\/es\/products\/plastico\/alimentacion-y-transporte\/\"},{\"@type\":\"ListItem\",\"position\":4,\"name\":\"Easylink+\"}]},{\"@type\":\"WebSite\",\"@id\":\"https:\/\/www.piovan.com\/#website\",\"url\":\"https:\/\/www.piovan.com\/\",\"name\":\"PiovanGroup\",\"description\":\"\",\"publisher\":{\"@id\":\"https:\/\/www.piovan.com\/#organization\"},\"potentialAction\":[{\"@type\":\"SearchAction\",\"target\":{\"@type\":\"EntryPoint\",\"urlTemplate\":\"https:\/\/www.piovan.com\/?s={search_term_string}\"},\"query-input\":\"required name=search_term_string\"}],\"inLanguage\":\"es\"},{\"@type\":\"Organization\",\"@id\":\"https:\/\/www.piovan.com\/#organization\",\"name\":\"PiovanGroup\",\"url\":\"https:\/\/www.piovan.com\/\",\"logo\":{\"@type\":\"ImageObject\",\"inLanguage\":\"es\",\"@id\":\"https:\/\/www.piovan.com\/#\/schema\/logo\/image\/\",\"url\":\"https:\/\/www.piovan.com\/wp-content\/uploads\/2021\/06\/logo@2x.png\",\"contentUrl\":\"https:\/\/www.piovan.com\/wp-content\/uploads\/2021\/06\/logo@2x.png\",\"width\":489,\"height\":78,\"caption\":\"PiovanGroup\"},\"image\":{\"@id\":\"https:\/\/www.piovan.com\/#\/schema\/logo\/image\/\"}}]}<\/script>","yoast_head_json":{"title":"Easylink+ - Grupo Piovan","robots":{"index":"index","follow":"follow","max-snippet":"max-snippet:-1","max-image-preview":"max-image-preview:large","max-video-preview":"max-video-preview:-1"},"canonical":"https:\/\/www.piovan.com\/es\/product\/easylink\/","og_locale":"es_ES","og_type":"article","og_title":"Easylink+ - PiovanGroup","og_description":"Automatic coupling station able to manage up to 60 inlets\/outlets with pipe size from 40 to 76 mm with minimum footprint. Designed for easy maintenance, it is totally safe for the operators both during regular functioning and service activities. The geometries, the advanced cleaning systems and the wear resistant materials assure the constant production quality in most demanding conditions. Integration with Winfactory 4.0 allows: \u2022 maximum traceability of materials \u2022 automatic setting of transport and line cleaning times Easylink+ is [&hellip;]","og_url":"https:\/\/www.piovan.com\/es\/product\/easylink\/","og_site_name":"PiovanGroup","article_modified_time":"2025-02-26T10:27:23+00:00","og_image":[{"width":1200,"height":1560,"url":"https:\/\/www.piovan.com\/wp-content\/uploads\/Product_1200x1560px_0007_Easylink.png","type":"image\/png"}],"twitter_card":"summary_large_image","schema":{"@context":"https:\/\/schema.org","@graph":[{"@type":"WebPage","@id":"https:\/\/www.piovan.com\/product\/easylink\/","url":"https:\/\/www.piovan.com\/product\/easylink\/","name":"Easylink+ - PiovanGroup","isPartOf":{"@id":"https:\/\/www.piovan.com\/#website"},"datePublished":"2021-11-10T14:21:41+00:00","dateModified":"2025-02-26T10:27:23+00:00","breadcrumb":{"@id":"https:\/\/www.piovan.com\/product\/easylink\/#breadcrumb"},"inLanguage":"es","potentialAction":[{"@type":"ReadAction","target":["https:\/\/www.piovan.com\/product\/easylink\/"]}]},{"@type":"BreadcrumbList","@id":"https:\/\/www.piovan.com\/product\/easylink\/#breadcrumb","itemListElement":[{"@type":"ListItem","position":1,"name":"Home","item":"https:\/\/www.piovan.com\/"},{"@type":"ListItem","position":2,"name":"Plastic","item":"https:\/\/www.piovan.com\/es\/products\/plastico\/"},{"@type":"ListItem","position":3,"name":"Feeding &amp; Conveying","item":"https:\/\/www.piovan.com\/es\/products\/plastico\/alimentacion-y-transporte\/"},{"@type":"ListItem","position":4,"name":"Easylink+"}]},{"@type":"WebSite","@id":"https:\/\/www.piovan.com\/#website","url":"https:\/\/www.piovan.com\/","name":"PiovanGroup","description":"","publisher":{"@id":"https:\/\/www.piovan.com\/#organization"},"potentialAction":[{"@type":"SearchAction","target":{"@type":"EntryPoint","urlTemplate":"https:\/\/www.piovan.com\/?s={search_term_string}"},"query-input":"required name=search_term_string"}],"inLanguage":"es"},{"@type":"Organization","@id":"https:\/\/www.piovan.com\/#organization","name":"PiovanGroup","url":"https:\/\/www.piovan.com\/","logo":{"@type":"ImageObject","inLanguage":"es","@id":"https:\/\/www.piovan.com\/#\/schema\/logo\/image\/","url":"https:\/\/www.piovan.com\/wp-content\/uploads\/2021\/06\/logo@2x.png","contentUrl":"https:\/\/www.piovan.com\/wp-content\/uploads\/2021\/06\/logo@2x.png","width":489,"height":78,"caption":"PiovanGroup"},"image":{"@id":"https:\/\/www.piovan.com\/#\/schema\/logo\/image\/"}}]}},"_links":{"self":[{"href":"https:\/\/www.piovan.com\/es\/wp-json\/wp\/v2\/product\/4993"}],"collection":[{"href":"https:\/\/www.piovan.com\/es\/wp-json\/wp\/v2\/product"}],"about":[{"href":"https:\/\/www.piovan.com\/es\/wp-json\/wp\/v2\/types\/product"}],"version-history":[{"count":3,"href":"https:\/\/www.piovan.com\/es\/wp-json\/wp\/v2\/product\/4993\/revisions"}],"predecessor-version":[{"id":14524,"href":"https:\/\/www.piovan.com\/es\/wp-json\/wp\/v2\/product\/4993\/revisions\/14524"}],"wp:featuredmedia":[{"embeddable":true,"href":"https:\/\/www.piovan.com\/es\/wp-json\/wp\/v2\/media\/5301"}],"wp:attachment":[{"href":"https:\/\/www.piovan.com\/es\/wp-json\/wp\/v2\/media?parent=4993"}],"wp:term":[{"taxonomy":"post_tag","embeddable":true,"href":"https:\/\/www.piovan.com\/es\/wp-json\/wp\/v2\/tags?post=4993"}],"curies":[{"name":"wp","href":"https:\/\/api.w.org\/{rel}","templated":true}]}}