{"id":4919,"date":"2021-11-09T14:32:52","date_gmt":"2021-11-09T13:32:52","guid":{"rendered":"https:\/\/www.piovan.com\/?post_type=product&#038;p=4919"},"modified":"2025-01-09T16:08:22","modified_gmt":"2025-01-09T15:08:22","slug":"puretech","status":"publish","type":"product","link":"https:\/\/www.piovan.com\/es\/product\/puretech\/","title":{"rendered":"PureTech"},"content":{"rendered":"<p>PureTech es un filtro de alta tecnolog\u00eda que combina la filtraci\u00f3n mec\u00e1nica de polvo de part\u00edculas \u2265 8 \u03bcm y una filtraci\u00f3n qu\u00edmica de vol\u00e1tiles. El filtro est\u00e1 fabricado con un marco de acero inoxidable que contiene una c\u00e1mara para el carb\u00f3n activado y la capa de papel con un acabado nanotecnol\u00f3gico de la superficie; las juntas est\u00e1n aprobadas por la FDA para una m\u00e1xima seguridad.<\/p>\n<p>Los filtros PureTech reducen los COV que pueden estar presentes en el aire de proceso y, en consecuencia, en los productos finales. Esto es especialmente importante cuando se utilizan materiales reciclados, debido a la mayor presencia de posibles contaminantes.<\/p>","protected":false},"featured_media":13433,"template":"","tags":[108],"acf":[],"yoast_head":"<title>PureTech - Grupo Piovan<\/title>\n<meta name=\"robots\" content=\"index, follow, max-snippet:-1, max-image-preview:large, max-video-preview:-1\" \/>\n<link rel=\"canonical\" href=\"https:\/\/www.piovan.com\/es\/product\/puretech\/\" \/>\n<meta property=\"og:locale\" content=\"es_ES\" \/>\n<meta property=\"og:type\" content=\"article\" \/>\n<meta property=\"og:title\" content=\"PureTech - PiovanGroup\" \/>\n<meta property=\"og:description\" content=\"PureTech is a high-tech filter that combines the mechanical dust filtration of particles \u2265 8 \u03bcm and a chemical filtration of volatiles. The filter is made with a stainless steel frame that contains a chamber for the activated carbon and the paper layer with a nanotech finishing of the surface; the seals are FDA approved for maximum safety. PureTech filters provide a reduction of VOC that can be present in the process air and consequently in the final products. This [&hellip;]\" \/>\n<meta property=\"og:url\" content=\"https:\/\/www.piovan.com\/es\/product\/puretech\/\" \/>\n<meta property=\"og:site_name\" content=\"PiovanGroup\" \/>\n<meta property=\"article:modified_time\" content=\"2025-01-09T15:08:22+00:00\" \/>\n<meta property=\"og:image\" content=\"https:\/\/www.piovan.com\/wp-content\/uploads\/PureTech.png\" \/>\n\t<meta property=\"og:image:width\" content=\"1200\" \/>\n\t<meta property=\"og:image:height\" content=\"1560\" \/>\n\t<meta property=\"og:image:type\" content=\"image\/png\" \/>\n<meta name=\"twitter:card\" content=\"summary_large_image\" \/>\n<script type=\"application\/ld+json\" class=\"yoast-schema-graph\">{\"@context\":\"https:\/\/schema.org\",\"@graph\":[{\"@type\":\"WebPage\",\"@id\":\"https:\/\/www.piovan.com\/product\/puretech\/\",\"url\":\"https:\/\/www.piovan.com\/product\/puretech\/\",\"name\":\"PureTech - PiovanGroup\",\"isPartOf\":{\"@id\":\"https:\/\/www.piovan.com\/#website\"},\"datePublished\":\"2021-11-09T13:32:52+00:00\",\"dateModified\":\"2025-01-09T15:08:22+00:00\",\"breadcrumb\":{\"@id\":\"https:\/\/www.piovan.com\/product\/puretech\/#breadcrumb\"},\"inLanguage\":\"es\",\"potentialAction\":[{\"@type\":\"ReadAction\",\"target\":[\"https:\/\/www.piovan.com\/product\/puretech\/\"]}]},{\"@type\":\"BreadcrumbList\",\"@id\":\"https:\/\/www.piovan.com\/product\/puretech\/#breadcrumb\",\"itemListElement\":[{\"@type\":\"ListItem\",\"position\":1,\"name\":\"Home\",\"item\":\"https:\/\/www.piovan.com\/\"},{\"@type\":\"ListItem\",\"position\":2,\"name\":\"Plastic\",\"item\":\"https:\/\/www.piovan.com\/es\/products\/plastico\/\"},{\"@type\":\"ListItem\",\"position\":3,\"name\":\"Drying &amp; Dehumidifying\",\"item\":\"https:\/\/www.piovan.com\/es\/products\/plastico\/secado-y-deshumidificacion\/\"},{\"@type\":\"ListItem\",\"position\":4,\"name\":\"PureTech\"}]},{\"@type\":\"WebSite\",\"@id\":\"https:\/\/www.piovan.com\/#website\",\"url\":\"https:\/\/www.piovan.com\/\",\"name\":\"PiovanGroup\",\"description\":\"\",\"publisher\":{\"@id\":\"https:\/\/www.piovan.com\/#organization\"},\"potentialAction\":[{\"@type\":\"SearchAction\",\"target\":{\"@type\":\"EntryPoint\",\"urlTemplate\":\"https:\/\/www.piovan.com\/?s={search_term_string}\"},\"query-input\":\"required name=search_term_string\"}],\"inLanguage\":\"es\"},{\"@type\":\"Organization\",\"@id\":\"https:\/\/www.piovan.com\/#organization\",\"name\":\"PiovanGroup\",\"url\":\"https:\/\/www.piovan.com\/\",\"logo\":{\"@type\":\"ImageObject\",\"inLanguage\":\"es\",\"@id\":\"https:\/\/www.piovan.com\/#\/schema\/logo\/image\/\",\"url\":\"https:\/\/www.piovan.com\/wp-content\/uploads\/2021\/06\/logo@2x.png\",\"contentUrl\":\"https:\/\/www.piovan.com\/wp-content\/uploads\/2021\/06\/logo@2x.png\",\"width\":489,\"height\":78,\"caption\":\"PiovanGroup\"},\"image\":{\"@id\":\"https:\/\/www.piovan.com\/#\/schema\/logo\/image\/\"}}]}<\/script>","yoast_head_json":{"title":"PureTech - Grupo Piovan","robots":{"index":"index","follow":"follow","max-snippet":"max-snippet:-1","max-image-preview":"max-image-preview:large","max-video-preview":"max-video-preview:-1"},"canonical":"https:\/\/www.piovan.com\/es\/product\/puretech\/","og_locale":"es_ES","og_type":"article","og_title":"PureTech - PiovanGroup","og_description":"PureTech is a high-tech filter that combines the mechanical dust filtration of particles \u2265 8 \u03bcm and a chemical filtration of volatiles. The filter is made with a stainless steel frame that contains a chamber for the activated carbon and the paper layer with a nanotech finishing of the surface; the seals are FDA approved for maximum safety. PureTech filters provide a reduction of VOC that can be present in the process air and consequently in the final products. This [&hellip;]","og_url":"https:\/\/www.piovan.com\/es\/product\/puretech\/","og_site_name":"PiovanGroup","article_modified_time":"2025-01-09T15:08:22+00:00","og_image":[{"width":1200,"height":1560,"url":"https:\/\/www.piovan.com\/wp-content\/uploads\/PureTech.png","type":"image\/png"}],"twitter_card":"summary_large_image","schema":{"@context":"https:\/\/schema.org","@graph":[{"@type":"WebPage","@id":"https:\/\/www.piovan.com\/product\/puretech\/","url":"https:\/\/www.piovan.com\/product\/puretech\/","name":"PureTech - PiovanGroup","isPartOf":{"@id":"https:\/\/www.piovan.com\/#website"},"datePublished":"2021-11-09T13:32:52+00:00","dateModified":"2025-01-09T15:08:22+00:00","breadcrumb":{"@id":"https:\/\/www.piovan.com\/product\/puretech\/#breadcrumb"},"inLanguage":"es","potentialAction":[{"@type":"ReadAction","target":["https:\/\/www.piovan.com\/product\/puretech\/"]}]},{"@type":"BreadcrumbList","@id":"https:\/\/www.piovan.com\/product\/puretech\/#breadcrumb","itemListElement":[{"@type":"ListItem","position":1,"name":"Home","item":"https:\/\/www.piovan.com\/"},{"@type":"ListItem","position":2,"name":"Plastic","item":"https:\/\/www.piovan.com\/es\/products\/plastico\/"},{"@type":"ListItem","position":3,"name":"Drying &amp; Dehumidifying","item":"https:\/\/www.piovan.com\/es\/products\/plastico\/secado-y-deshumidificacion\/"},{"@type":"ListItem","position":4,"name":"PureTech"}]},{"@type":"WebSite","@id":"https:\/\/www.piovan.com\/#website","url":"https:\/\/www.piovan.com\/","name":"PiovanGroup","description":"","publisher":{"@id":"https:\/\/www.piovan.com\/#organization"},"potentialAction":[{"@type":"SearchAction","target":{"@type":"EntryPoint","urlTemplate":"https:\/\/www.piovan.com\/?s={search_term_string}"},"query-input":"required name=search_term_string"}],"inLanguage":"es"},{"@type":"Organization","@id":"https:\/\/www.piovan.com\/#organization","name":"PiovanGroup","url":"https:\/\/www.piovan.com\/","logo":{"@type":"ImageObject","inLanguage":"es","@id":"https:\/\/www.piovan.com\/#\/schema\/logo\/image\/","url":"https:\/\/www.piovan.com\/wp-content\/uploads\/2021\/06\/logo@2x.png","contentUrl":"https:\/\/www.piovan.com\/wp-content\/uploads\/2021\/06\/logo@2x.png","width":489,"height":78,"caption":"PiovanGroup"},"image":{"@id":"https:\/\/www.piovan.com\/#\/schema\/logo\/image\/"}}]}},"_links":{"self":[{"href":"https:\/\/www.piovan.com\/es\/wp-json\/wp\/v2\/product\/4919"}],"collection":[{"href":"https:\/\/www.piovan.com\/es\/wp-json\/wp\/v2\/product"}],"about":[{"href":"https:\/\/www.piovan.com\/es\/wp-json\/wp\/v2\/types\/product"}],"version-history":[{"count":3,"href":"https:\/\/www.piovan.com\/es\/wp-json\/wp\/v2\/product\/4919\/revisions"}],"predecessor-version":[{"id":14200,"href":"https:\/\/www.piovan.com\/es\/wp-json\/wp\/v2\/product\/4919\/revisions\/14200"}],"wp:featuredmedia":[{"embeddable":true,"href":"https:\/\/www.piovan.com\/es\/wp-json\/wp\/v2\/media\/13433"}],"wp:attachment":[{"href":"https:\/\/www.piovan.com\/es\/wp-json\/wp\/v2\/media?parent=4919"}],"wp:term":[{"taxonomy":"post_tag","embeddable":true,"href":"https:\/\/www.piovan.com\/es\/wp-json\/wp\/v2\/tags?post=4919"}],"curies":[{"name":"wp","href":"https:\/\/api.w.org\/{rel}","templated":true}]}}