{"id":4909,"date":"2021-11-09T14:11:51","date_gmt":"2021-11-09T13:11:51","guid":{"rendered":"https:\/\/www.piovan.com\/?post_type=product&#038;p=4909"},"modified":"2025-02-26T14:39:16","modified_gmt":"2025-02-26T13:39:16","slug":"modula","status":"publish","type":"product","link":"https:\/\/www.piovan.com\/es\/product\/modula\/","title":{"rendered":"Modula"},"content":{"rendered":"<p>El sistema Modula regula y controla autom\u00e1ticamente todos los par\u00e1metros operativos de cada tolva individual, utilizando \u00fanicamente la cantidad total de energ\u00eda estrictamente necesaria. El flujo de aire puede ser regulado y controlado de manera instant\u00e1nea e independiente para cada tolva. Adem\u00e1s, el flujo de aire total se modula autom\u00e1ticamente por la unidad central de deshumidificaci\u00f3n, logrando condiciones operativas de proceso \u00f3ptimas.<\/p>\n<p class=\" translation-block\">Modula is characterised by:<br>\r\n\u2022 Self-modulating operation for 50% energy savings<br>\r\n\u2022 Inverter controlled process blower<br>\r\n\u2022 Material database management<\/p>","protected":false},"featured_media":13419,"template":"","tags":[108],"acf":[],"yoast_head":"<title>Modula - Grupo Piovan<\/title>\n<meta name=\"robots\" content=\"index, follow, max-snippet:-1, max-image-preview:large, max-video-preview:-1\" \/>\n<link rel=\"canonical\" href=\"https:\/\/www.piovan.com\/es\/product\/modula\/\" \/>\n<meta property=\"og:locale\" content=\"es_ES\" \/>\n<meta property=\"og:type\" content=\"article\" \/>\n<meta property=\"og:title\" content=\"Modula - PiovanGroup\" \/>\n<meta property=\"og:description\" content=\"Modula automatically adjusts and controls all operating parameters for each individual hopper and hence uses only the overall amount of energy strictly required. The airflow can be adjusted and controlled instantaneously and independently hopper by hopper. In addition, total airflow is modulated automatically by the central drying unit, resulting in optimum process operating conditions. Modula is characterised by: \u2022 Self-modulating operation for 50% energy savings \u2022 Inverter controlled process blower \u2022 Material database management\" \/>\n<meta property=\"og:url\" content=\"https:\/\/www.piovan.com\/es\/product\/modula\/\" \/>\n<meta property=\"og:site_name\" content=\"PiovanGroup\" \/>\n<meta property=\"article:modified_time\" content=\"2025-02-26T13:39:16+00:00\" \/>\n<meta property=\"og:image\" content=\"https:\/\/www.piovan.com\/wp-content\/uploads\/PTU-PTUN.png\" \/>\n\t<meta property=\"og:image:width\" content=\"1200\" \/>\n\t<meta property=\"og:image:height\" content=\"1560\" \/>\n\t<meta property=\"og:image:type\" content=\"image\/png\" \/>\n<meta name=\"twitter:card\" content=\"summary_large_image\" \/>\n<script type=\"application\/ld+json\" class=\"yoast-schema-graph\">{\"@context\":\"https:\/\/schema.org\",\"@graph\":[{\"@type\":\"WebPage\",\"@id\":\"https:\/\/www.piovan.com\/product\/modula\/\",\"url\":\"https:\/\/www.piovan.com\/product\/modula\/\",\"name\":\"Modula - PiovanGroup\",\"isPartOf\":{\"@id\":\"https:\/\/www.piovan.com\/#website\"},\"datePublished\":\"2021-11-09T13:11:51+00:00\",\"dateModified\":\"2025-02-26T13:39:16+00:00\",\"breadcrumb\":{\"@id\":\"https:\/\/www.piovan.com\/product\/modula\/#breadcrumb\"},\"inLanguage\":\"es\",\"potentialAction\":[{\"@type\":\"ReadAction\",\"target\":[\"https:\/\/www.piovan.com\/product\/modula\/\"]}]},{\"@type\":\"BreadcrumbList\",\"@id\":\"https:\/\/www.piovan.com\/product\/modula\/#breadcrumb\",\"itemListElement\":[{\"@type\":\"ListItem\",\"position\":1,\"name\":\"Home\",\"item\":\"https:\/\/www.piovan.com\/\"},{\"@type\":\"ListItem\",\"position\":2,\"name\":\"Plastic\",\"item\":\"https:\/\/www.piovan.com\/es\/products\/plastico\/\"},{\"@type\":\"ListItem\",\"position\":3,\"name\":\"Drying &amp; Dehumidifying\",\"item\":\"https:\/\/www.piovan.com\/es\/products\/plastico\/secado-y-deshumidificacion\/\"},{\"@type\":\"ListItem\",\"position\":4,\"name\":\"Modula\"}]},{\"@type\":\"WebSite\",\"@id\":\"https:\/\/www.piovan.com\/#website\",\"url\":\"https:\/\/www.piovan.com\/\",\"name\":\"PiovanGroup\",\"description\":\"\",\"publisher\":{\"@id\":\"https:\/\/www.piovan.com\/#organization\"},\"potentialAction\":[{\"@type\":\"SearchAction\",\"target\":{\"@type\":\"EntryPoint\",\"urlTemplate\":\"https:\/\/www.piovan.com\/?s={search_term_string}\"},\"query-input\":\"required name=search_term_string\"}],\"inLanguage\":\"es\"},{\"@type\":\"Organization\",\"@id\":\"https:\/\/www.piovan.com\/#organization\",\"name\":\"PiovanGroup\",\"url\":\"https:\/\/www.piovan.com\/\",\"logo\":{\"@type\":\"ImageObject\",\"inLanguage\":\"es\",\"@id\":\"https:\/\/www.piovan.com\/#\/schema\/logo\/image\/\",\"url\":\"https:\/\/www.piovan.com\/wp-content\/uploads\/2021\/06\/logo@2x.png\",\"contentUrl\":\"https:\/\/www.piovan.com\/wp-content\/uploads\/2021\/06\/logo@2x.png\",\"width\":489,\"height\":78,\"caption\":\"PiovanGroup\"},\"image\":{\"@id\":\"https:\/\/www.piovan.com\/#\/schema\/logo\/image\/\"}}]}<\/script>","yoast_head_json":{"title":"Modula - Grupo Piovan","robots":{"index":"index","follow":"follow","max-snippet":"max-snippet:-1","max-image-preview":"max-image-preview:large","max-video-preview":"max-video-preview:-1"},"canonical":"https:\/\/www.piovan.com\/es\/product\/modula\/","og_locale":"es_ES","og_type":"article","og_title":"Modula - PiovanGroup","og_description":"Modula automatically adjusts and controls all operating parameters for each individual hopper and hence uses only the overall amount of energy strictly required. The airflow can be adjusted and controlled instantaneously and independently hopper by hopper. In addition, total airflow is modulated automatically by the central drying unit, resulting in optimum process operating conditions. Modula is characterised by: \u2022 Self-modulating operation for 50% energy savings \u2022 Inverter controlled process blower \u2022 Material database management","og_url":"https:\/\/www.piovan.com\/es\/product\/modula\/","og_site_name":"PiovanGroup","article_modified_time":"2025-02-26T13:39:16+00:00","og_image":[{"width":1200,"height":1560,"url":"https:\/\/www.piovan.com\/wp-content\/uploads\/PTU-PTUN.png","type":"image\/png"}],"twitter_card":"summary_large_image","schema":{"@context":"https:\/\/schema.org","@graph":[{"@type":"WebPage","@id":"https:\/\/www.piovan.com\/product\/modula\/","url":"https:\/\/www.piovan.com\/product\/modula\/","name":"Modula - PiovanGroup","isPartOf":{"@id":"https:\/\/www.piovan.com\/#website"},"datePublished":"2021-11-09T13:11:51+00:00","dateModified":"2025-02-26T13:39:16+00:00","breadcrumb":{"@id":"https:\/\/www.piovan.com\/product\/modula\/#breadcrumb"},"inLanguage":"es","potentialAction":[{"@type":"ReadAction","target":["https:\/\/www.piovan.com\/product\/modula\/"]}]},{"@type":"BreadcrumbList","@id":"https:\/\/www.piovan.com\/product\/modula\/#breadcrumb","itemListElement":[{"@type":"ListItem","position":1,"name":"Home","item":"https:\/\/www.piovan.com\/"},{"@type":"ListItem","position":2,"name":"Plastic","item":"https:\/\/www.piovan.com\/es\/products\/plastico\/"},{"@type":"ListItem","position":3,"name":"Drying &amp; Dehumidifying","item":"https:\/\/www.piovan.com\/es\/products\/plastico\/secado-y-deshumidificacion\/"},{"@type":"ListItem","position":4,"name":"Modula"}]},{"@type":"WebSite","@id":"https:\/\/www.piovan.com\/#website","url":"https:\/\/www.piovan.com\/","name":"PiovanGroup","description":"","publisher":{"@id":"https:\/\/www.piovan.com\/#organization"},"potentialAction":[{"@type":"SearchAction","target":{"@type":"EntryPoint","urlTemplate":"https:\/\/www.piovan.com\/?s={search_term_string}"},"query-input":"required name=search_term_string"}],"inLanguage":"es"},{"@type":"Organization","@id":"https:\/\/www.piovan.com\/#organization","name":"PiovanGroup","url":"https:\/\/www.piovan.com\/","logo":{"@type":"ImageObject","inLanguage":"es","@id":"https:\/\/www.piovan.com\/#\/schema\/logo\/image\/","url":"https:\/\/www.piovan.com\/wp-content\/uploads\/2021\/06\/logo@2x.png","contentUrl":"https:\/\/www.piovan.com\/wp-content\/uploads\/2021\/06\/logo@2x.png","width":489,"height":78,"caption":"PiovanGroup"},"image":{"@id":"https:\/\/www.piovan.com\/#\/schema\/logo\/image\/"}}]}},"_links":{"self":[{"href":"https:\/\/www.piovan.com\/es\/wp-json\/wp\/v2\/product\/4909"}],"collection":[{"href":"https:\/\/www.piovan.com\/es\/wp-json\/wp\/v2\/product"}],"about":[{"href":"https:\/\/www.piovan.com\/es\/wp-json\/wp\/v2\/types\/product"}],"version-history":[{"count":3,"href":"https:\/\/www.piovan.com\/es\/wp-json\/wp\/v2\/product\/4909\/revisions"}],"predecessor-version":[{"id":14547,"href":"https:\/\/www.piovan.com\/es\/wp-json\/wp\/v2\/product\/4909\/revisions\/14547"}],"wp:featuredmedia":[{"embeddable":true,"href":"https:\/\/www.piovan.com\/es\/wp-json\/wp\/v2\/media\/13419"}],"wp:attachment":[{"href":"https:\/\/www.piovan.com\/es\/wp-json\/wp\/v2\/media?parent=4909"}],"wp:term":[{"taxonomy":"post_tag","embeddable":true,"href":"https:\/\/www.piovan.com\/es\/wp-json\/wp\/v2\/tags?post=4909"}],"curies":[{"name":"wp","href":"https:\/\/api.w.org\/{rel}","templated":true}]}}