{"id":4884,"date":"2021-11-09T12:03:16","date_gmt":"2021-11-09T11:03:16","guid":{"rendered":"https:\/\/www.piovan.com\/?post_type=product&#038;p=4884"},"modified":"2024-10-28T15:35:06","modified_gmt":"2024-10-28T14:35:06","slug":"genesysnext","status":"publish","type":"product","link":"https:\/\/www.piovan.com\/es\/product\/genesysnext\/","title":{"rendered":"GenesysNext"},"content":{"rendered":"<p>Sistema de secado de alto rendimiento, totalmente autom\u00e1tico y con una sola tolva, que reduce los costes de producci\u00f3n.<\/p>\n<p class=\" translation-block\">GenesysNext es la soluci\u00f3n de vanguardia para<br>\n\u2022 Optimizaci\u00f3n del uso de la energ\u00eda<br>\n\u2022 Reducci\u00f3n de los desechos gracias al seguimiento continuo de la presi\u00f3n de inyecci\u00f3n<\/p>\n<p class=\" translation-block\">Las mediciones del Moisture Minder, la humedad residual en l\u00ednea de los gr\u00e1nulos de pl\u00e1stico, est\u00e1n integradas en el control GenesysNext.<\/p>\n<p class=\" translation-block\">GenesysNext es tambi\u00e9n un paso hacia la econom\u00eda circular: con PureTech el sistema de filtraci\u00f3n, disponible como opci\u00f3n, es posible una filtraci\u00f3n anticipada del sistema de COV presente en el aire del proceso. Esto es especialmente necesario en el caso de materiales reciclados que pueden liberar sustancias de bajo punto de ebullici\u00f3n durante el proceso de calentamiento o inyecci\u00f3n y preservar las torres de desecaci\u00f3n.<\/p>\n<p>El control de GenesysNext est\u00e1 dise\u00f1ado tambi\u00e9n para combinar dos m\u00e1quinas, con un \u00fanico HMI, con el fin de ampliar el rango de aplicaci\u00f3n.<\/p>","protected":false},"featured_media":13116,"template":"","tags":[108,41],"acf":[],"yoast_head":"<title>GenesysNext - Grupo Piovan<\/title>\n<meta name=\"robots\" content=\"index, follow, max-snippet:-1, max-image-preview:large, max-video-preview:-1\" \/>\n<link rel=\"canonical\" href=\"https:\/\/www.piovan.com\/es\/product\/genesysnext\/\" \/>\n<meta property=\"og:locale\" content=\"es_ES\" \/>\n<meta property=\"og:type\" content=\"article\" \/>\n<meta property=\"og:title\" content=\"GenesysNext - PiovanGroup\" \/>\n<meta property=\"og:description\" content=\"High performance, fully automatic, mono hopper drying system that reduces the production costs. GenesysNext is the cutting edge solution for \u2022 Optimising the energy usage \u2022 Scrap reduction thanks to continuous tracking of injection pressure Moisture Minder measurements, online residual humidity in plastic granules, are integrated in the GenesysNext control. GenesysNext is also a step toward circular economy: with PureTech filtration system, available as an option, an advance filtration of the VOC system present in the process air is possible. [&hellip;]\" \/>\n<meta property=\"og:url\" content=\"https:\/\/www.piovan.com\/es\/product\/genesysnext\/\" \/>\n<meta property=\"og:site_name\" content=\"PiovanGroup\" \/>\n<meta property=\"article:modified_time\" content=\"2024-10-28T14:35:06+00:00\" \/>\n<meta property=\"og:image\" content=\"https:\/\/www.piovan.com\/wp-content\/uploads\/GENESYSNEXT_1200x1560px.png\" \/>\n\t<meta property=\"og:image:width\" content=\"1200\" \/>\n\t<meta property=\"og:image:height\" content=\"1560\" \/>\n\t<meta property=\"og:image:type\" content=\"image\/png\" \/>\n<meta name=\"twitter:card\" content=\"summary_large_image\" \/>\n<script type=\"application\/ld+json\" class=\"yoast-schema-graph\">{\"@context\":\"https:\/\/schema.org\",\"@graph\":[{\"@type\":\"WebPage\",\"@id\":\"https:\/\/www.piovan.com\/product\/genesysnext\/\",\"url\":\"https:\/\/www.piovan.com\/product\/genesysnext\/\",\"name\":\"GenesysNext - PiovanGroup\",\"isPartOf\":{\"@id\":\"https:\/\/www.piovan.com\/#website\"},\"datePublished\":\"2021-11-09T11:03:16+00:00\",\"dateModified\":\"2024-10-28T14:35:06+00:00\",\"breadcrumb\":{\"@id\":\"https:\/\/www.piovan.com\/product\/genesysnext\/#breadcrumb\"},\"inLanguage\":\"es\",\"potentialAction\":[{\"@type\":\"ReadAction\",\"target\":[\"https:\/\/www.piovan.com\/product\/genesysnext\/\"]}]},{\"@type\":\"BreadcrumbList\",\"@id\":\"https:\/\/www.piovan.com\/product\/genesysnext\/#breadcrumb\",\"itemListElement\":[{\"@type\":\"ListItem\",\"position\":1,\"name\":\"Home\",\"item\":\"https:\/\/www.piovan.com\/\"},{\"@type\":\"ListItem\",\"position\":2,\"name\":\"Plastic\",\"item\":\"https:\/\/www.piovan.com\/es\/products\/plastico\/\"},{\"@type\":\"ListItem\",\"position\":3,\"name\":\"Drying &amp; Dehumidifying\",\"item\":\"https:\/\/www.piovan.com\/es\/products\/plastico\/secado-y-deshumidificacion\/\"},{\"@type\":\"ListItem\",\"position\":4,\"name\":\"GenesysNext\"}]},{\"@type\":\"WebSite\",\"@id\":\"https:\/\/www.piovan.com\/#website\",\"url\":\"https:\/\/www.piovan.com\/\",\"name\":\"PiovanGroup\",\"description\":\"\",\"publisher\":{\"@id\":\"https:\/\/www.piovan.com\/#organization\"},\"potentialAction\":[{\"@type\":\"SearchAction\",\"target\":{\"@type\":\"EntryPoint\",\"urlTemplate\":\"https:\/\/www.piovan.com\/?s={search_term_string}\"},\"query-input\":\"required name=search_term_string\"}],\"inLanguage\":\"es\"},{\"@type\":\"Organization\",\"@id\":\"https:\/\/www.piovan.com\/#organization\",\"name\":\"PiovanGroup\",\"url\":\"https:\/\/www.piovan.com\/\",\"logo\":{\"@type\":\"ImageObject\",\"inLanguage\":\"es\",\"@id\":\"https:\/\/www.piovan.com\/#\/schema\/logo\/image\/\",\"url\":\"https:\/\/www.piovan.com\/wp-content\/uploads\/2021\/06\/logo@2x.png\",\"contentUrl\":\"https:\/\/www.piovan.com\/wp-content\/uploads\/2021\/06\/logo@2x.png\",\"width\":489,\"height\":78,\"caption\":\"PiovanGroup\"},\"image\":{\"@id\":\"https:\/\/www.piovan.com\/#\/schema\/logo\/image\/\"}}]}<\/script>","yoast_head_json":{"title":"GenesysNext - Grupo Piovan","robots":{"index":"index","follow":"follow","max-snippet":"max-snippet:-1","max-image-preview":"max-image-preview:large","max-video-preview":"max-video-preview:-1"},"canonical":"https:\/\/www.piovan.com\/es\/product\/genesysnext\/","og_locale":"es_ES","og_type":"article","og_title":"GenesysNext - PiovanGroup","og_description":"High performance, fully automatic, mono hopper drying system that reduces the production costs. GenesysNext is the cutting edge solution for \u2022 Optimising the energy usage \u2022 Scrap reduction thanks to continuous tracking of injection pressure Moisture Minder measurements, online residual humidity in plastic granules, are integrated in the GenesysNext control. GenesysNext is also a step toward circular economy: with PureTech filtration system, available as an option, an advance filtration of the VOC system present in the process air is possible. [&hellip;]","og_url":"https:\/\/www.piovan.com\/es\/product\/genesysnext\/","og_site_name":"PiovanGroup","article_modified_time":"2024-10-28T14:35:06+00:00","og_image":[{"width":1200,"height":1560,"url":"https:\/\/www.piovan.com\/wp-content\/uploads\/GENESYSNEXT_1200x1560px.png","type":"image\/png"}],"twitter_card":"summary_large_image","schema":{"@context":"https:\/\/schema.org","@graph":[{"@type":"WebPage","@id":"https:\/\/www.piovan.com\/product\/genesysnext\/","url":"https:\/\/www.piovan.com\/product\/genesysnext\/","name":"GenesysNext - PiovanGroup","isPartOf":{"@id":"https:\/\/www.piovan.com\/#website"},"datePublished":"2021-11-09T11:03:16+00:00","dateModified":"2024-10-28T14:35:06+00:00","breadcrumb":{"@id":"https:\/\/www.piovan.com\/product\/genesysnext\/#breadcrumb"},"inLanguage":"es","potentialAction":[{"@type":"ReadAction","target":["https:\/\/www.piovan.com\/product\/genesysnext\/"]}]},{"@type":"BreadcrumbList","@id":"https:\/\/www.piovan.com\/product\/genesysnext\/#breadcrumb","itemListElement":[{"@type":"ListItem","position":1,"name":"Home","item":"https:\/\/www.piovan.com\/"},{"@type":"ListItem","position":2,"name":"Plastic","item":"https:\/\/www.piovan.com\/es\/products\/plastico\/"},{"@type":"ListItem","position":3,"name":"Drying &amp; Dehumidifying","item":"https:\/\/www.piovan.com\/es\/products\/plastico\/secado-y-deshumidificacion\/"},{"@type":"ListItem","position":4,"name":"GenesysNext"}]},{"@type":"WebSite","@id":"https:\/\/www.piovan.com\/#website","url":"https:\/\/www.piovan.com\/","name":"PiovanGroup","description":"","publisher":{"@id":"https:\/\/www.piovan.com\/#organization"},"potentialAction":[{"@type":"SearchAction","target":{"@type":"EntryPoint","urlTemplate":"https:\/\/www.piovan.com\/?s={search_term_string}"},"query-input":"required name=search_term_string"}],"inLanguage":"es"},{"@type":"Organization","@id":"https:\/\/www.piovan.com\/#organization","name":"PiovanGroup","url":"https:\/\/www.piovan.com\/","logo":{"@type":"ImageObject","inLanguage":"es","@id":"https:\/\/www.piovan.com\/#\/schema\/logo\/image\/","url":"https:\/\/www.piovan.com\/wp-content\/uploads\/2021\/06\/logo@2x.png","contentUrl":"https:\/\/www.piovan.com\/wp-content\/uploads\/2021\/06\/logo@2x.png","width":489,"height":78,"caption":"PiovanGroup"},"image":{"@id":"https:\/\/www.piovan.com\/#\/schema\/logo\/image\/"}}]}},"_links":{"self":[{"href":"https:\/\/www.piovan.com\/es\/wp-json\/wp\/v2\/product\/4884"}],"collection":[{"href":"https:\/\/www.piovan.com\/es\/wp-json\/wp\/v2\/product"}],"about":[{"href":"https:\/\/www.piovan.com\/es\/wp-json\/wp\/v2\/types\/product"}],"version-history":[{"count":3,"href":"https:\/\/www.piovan.com\/es\/wp-json\/wp\/v2\/product\/4884\/revisions"}],"predecessor-version":[{"id":13513,"href":"https:\/\/www.piovan.com\/es\/wp-json\/wp\/v2\/product\/4884\/revisions\/13513"}],"wp:featuredmedia":[{"embeddable":true,"href":"https:\/\/www.piovan.com\/es\/wp-json\/wp\/v2\/media\/13116"}],"wp:attachment":[{"href":"https:\/\/www.piovan.com\/es\/wp-json\/wp\/v2\/media?parent=4884"}],"wp:term":[{"taxonomy":"post_tag","embeddable":true,"href":"https:\/\/www.piovan.com\/es\/wp-json\/wp\/v2\/tags?post=4884"}],"curies":[{"name":"wp","href":"https:\/\/api.w.org\/{rel}","templated":true}]}}