{"id":4877,"date":"2021-11-09T10:57:35","date_gmt":"2021-11-09T09:57:35","guid":{"rendered":"https:\/\/www.piovan.com\/?post_type=product&#038;p=4877"},"modified":"2024-09-30T17:05:57","modified_gmt":"2024-09-30T15:05:57","slug":"g-esp","status":"publish","type":"product","link":"https:\/\/www.piovan.com\/es\/product\/g-esp\/","title":{"rendered":"G | ESP"},"content":{"rendered":"<p>La soluci\u00f3n de secado para materiales termopl\u00e1sticos no higrosc\u00f3picos se caracteriza por su gran flexibilidad, con una capacidad de tolva de 10 a 3000 litros.<\/p>\n<p class=\" translation-block\">Serie G<br>\n\u2022 instalaci\u00f3n sobre IMM o extrusoras para alimentaci\u00f3n directa<br>\n\u2022 instalaci\u00f3n en el suelo sobre un carro para alimentar varias m\u00e1quinas.<\/p>\n<p class=\" translation-block\">ESP<br>\n\u2022 configuraci\u00f3n con unidad generadora de aire separada<br>\n\u2022 para la alimentaci\u00f3n de una o varias m\u00e1quinas<\/p>","protected":false},"featured_media":13443,"template":"","tags":[108],"acf":[],"yoast_head":"<title>G | ESP - Grupo Piovan<\/title>\n<meta name=\"robots\" content=\"index, follow, max-snippet:-1, max-image-preview:large, max-video-preview:-1\" \/>\n<link rel=\"canonical\" href=\"https:\/\/www.piovan.com\/es\/product\/g-esp\/\" \/>\n<meta property=\"og:locale\" content=\"es_ES\" \/>\n<meta property=\"og:type\" content=\"article\" \/>\n<meta property=\"og:title\" content=\"G | ESP - PiovanGroup\" \/>\n<meta property=\"og:description\" content=\"The drying solution for nonhygroscopic thermoplastic materials characterised by high flexibility, with hopper capacity from 10 to 3,000 litres. G series \u2022 installation on IMM or extruders for direct feeding \u2022 floor installation on trolley to feed multiple machines. ESP \u2022 configuration with separate air generator unit \u2022 for single or multiple machine feeding\" \/>\n<meta property=\"og:url\" content=\"https:\/\/www.piovan.com\/es\/product\/g-esp\/\" \/>\n<meta property=\"og:site_name\" content=\"PiovanGroup\" \/>\n<meta property=\"article:modified_time\" content=\"2024-09-30T15:05:57+00:00\" \/>\n<meta property=\"og:image\" content=\"https:\/\/www.piovan.com\/wp-content\/uploads\/G-ESP.png\" \/>\n\t<meta property=\"og:image:width\" content=\"1200\" \/>\n\t<meta property=\"og:image:height\" content=\"1560\" \/>\n\t<meta property=\"og:image:type\" content=\"image\/png\" \/>\n<meta name=\"twitter:card\" content=\"summary_large_image\" \/>\n<script type=\"application\/ld+json\" class=\"yoast-schema-graph\">{\"@context\":\"https:\/\/schema.org\",\"@graph\":[{\"@type\":\"WebPage\",\"@id\":\"https:\/\/www.piovan.com\/product\/g-esp\/\",\"url\":\"https:\/\/www.piovan.com\/product\/g-esp\/\",\"name\":\"G | ESP - PiovanGroup\",\"isPartOf\":{\"@id\":\"https:\/\/www.piovan.com\/#website\"},\"datePublished\":\"2021-11-09T09:57:35+00:00\",\"dateModified\":\"2024-09-30T15:05:57+00:00\",\"breadcrumb\":{\"@id\":\"https:\/\/www.piovan.com\/product\/g-esp\/#breadcrumb\"},\"inLanguage\":\"es\",\"potentialAction\":[{\"@type\":\"ReadAction\",\"target\":[\"https:\/\/www.piovan.com\/product\/g-esp\/\"]}]},{\"@type\":\"BreadcrumbList\",\"@id\":\"https:\/\/www.piovan.com\/product\/g-esp\/#breadcrumb\",\"itemListElement\":[{\"@type\":\"ListItem\",\"position\":1,\"name\":\"Home\",\"item\":\"https:\/\/www.piovan.com\/\"},{\"@type\":\"ListItem\",\"position\":2,\"name\":\"Plastic\",\"item\":\"https:\/\/www.piovan.com\/es\/products\/plastico\/\"},{\"@type\":\"ListItem\",\"position\":3,\"name\":\"Drying &amp; Dehumidifying\",\"item\":\"https:\/\/www.piovan.com\/es\/products\/plastico\/secado-y-deshumidificacion\/\"},{\"@type\":\"ListItem\",\"position\":4,\"name\":\"G | ESP\"}]},{\"@type\":\"WebSite\",\"@id\":\"https:\/\/www.piovan.com\/#website\",\"url\":\"https:\/\/www.piovan.com\/\",\"name\":\"PiovanGroup\",\"description\":\"\",\"publisher\":{\"@id\":\"https:\/\/www.piovan.com\/#organization\"},\"potentialAction\":[{\"@type\":\"SearchAction\",\"target\":{\"@type\":\"EntryPoint\",\"urlTemplate\":\"https:\/\/www.piovan.com\/?s={search_term_string}\"},\"query-input\":\"required name=search_term_string\"}],\"inLanguage\":\"es\"},{\"@type\":\"Organization\",\"@id\":\"https:\/\/www.piovan.com\/#organization\",\"name\":\"PiovanGroup\",\"url\":\"https:\/\/www.piovan.com\/\",\"logo\":{\"@type\":\"ImageObject\",\"inLanguage\":\"es\",\"@id\":\"https:\/\/www.piovan.com\/#\/schema\/logo\/image\/\",\"url\":\"https:\/\/www.piovan.com\/wp-content\/uploads\/2021\/06\/logo@2x.png\",\"contentUrl\":\"https:\/\/www.piovan.com\/wp-content\/uploads\/2021\/06\/logo@2x.png\",\"width\":489,\"height\":78,\"caption\":\"PiovanGroup\"},\"image\":{\"@id\":\"https:\/\/www.piovan.com\/#\/schema\/logo\/image\/\"}}]}<\/script>","yoast_head_json":{"title":"G | ESP - Grupo Piovan","robots":{"index":"index","follow":"follow","max-snippet":"max-snippet:-1","max-image-preview":"max-image-preview:large","max-video-preview":"max-video-preview:-1"},"canonical":"https:\/\/www.piovan.com\/es\/product\/g-esp\/","og_locale":"es_ES","og_type":"article","og_title":"G | ESP - PiovanGroup","og_description":"The drying solution for nonhygroscopic thermoplastic materials characterised by high flexibility, with hopper capacity from 10 to 3,000 litres. G series \u2022 installation on IMM or extruders for direct feeding \u2022 floor installation on trolley to feed multiple machines. ESP \u2022 configuration with separate air generator unit \u2022 for single or multiple machine feeding","og_url":"https:\/\/www.piovan.com\/es\/product\/g-esp\/","og_site_name":"PiovanGroup","article_modified_time":"2024-09-30T15:05:57+00:00","og_image":[{"width":1200,"height":1560,"url":"https:\/\/www.piovan.com\/wp-content\/uploads\/G-ESP.png","type":"image\/png"}],"twitter_card":"summary_large_image","schema":{"@context":"https:\/\/schema.org","@graph":[{"@type":"WebPage","@id":"https:\/\/www.piovan.com\/product\/g-esp\/","url":"https:\/\/www.piovan.com\/product\/g-esp\/","name":"G | ESP - PiovanGroup","isPartOf":{"@id":"https:\/\/www.piovan.com\/#website"},"datePublished":"2021-11-09T09:57:35+00:00","dateModified":"2024-09-30T15:05:57+00:00","breadcrumb":{"@id":"https:\/\/www.piovan.com\/product\/g-esp\/#breadcrumb"},"inLanguage":"es","potentialAction":[{"@type":"ReadAction","target":["https:\/\/www.piovan.com\/product\/g-esp\/"]}]},{"@type":"BreadcrumbList","@id":"https:\/\/www.piovan.com\/product\/g-esp\/#breadcrumb","itemListElement":[{"@type":"ListItem","position":1,"name":"Home","item":"https:\/\/www.piovan.com\/"},{"@type":"ListItem","position":2,"name":"Plastic","item":"https:\/\/www.piovan.com\/es\/products\/plastico\/"},{"@type":"ListItem","position":3,"name":"Drying &amp; Dehumidifying","item":"https:\/\/www.piovan.com\/es\/products\/plastico\/secado-y-deshumidificacion\/"},{"@type":"ListItem","position":4,"name":"G | ESP"}]},{"@type":"WebSite","@id":"https:\/\/www.piovan.com\/#website","url":"https:\/\/www.piovan.com\/","name":"PiovanGroup","description":"","publisher":{"@id":"https:\/\/www.piovan.com\/#organization"},"potentialAction":[{"@type":"SearchAction","target":{"@type":"EntryPoint","urlTemplate":"https:\/\/www.piovan.com\/?s={search_term_string}"},"query-input":"required name=search_term_string"}],"inLanguage":"es"},{"@type":"Organization","@id":"https:\/\/www.piovan.com\/#organization","name":"PiovanGroup","url":"https:\/\/www.piovan.com\/","logo":{"@type":"ImageObject","inLanguage":"es","@id":"https:\/\/www.piovan.com\/#\/schema\/logo\/image\/","url":"https:\/\/www.piovan.com\/wp-content\/uploads\/2021\/06\/logo@2x.png","contentUrl":"https:\/\/www.piovan.com\/wp-content\/uploads\/2021\/06\/logo@2x.png","width":489,"height":78,"caption":"PiovanGroup"},"image":{"@id":"https:\/\/www.piovan.com\/#\/schema\/logo\/image\/"}}]}},"_links":{"self":[{"href":"https:\/\/www.piovan.com\/es\/wp-json\/wp\/v2\/product\/4877"}],"collection":[{"href":"https:\/\/www.piovan.com\/es\/wp-json\/wp\/v2\/product"}],"about":[{"href":"https:\/\/www.piovan.com\/es\/wp-json\/wp\/v2\/types\/product"}],"version-history":[{"count":3,"href":"https:\/\/www.piovan.com\/es\/wp-json\/wp\/v2\/product\/4877\/revisions"}],"predecessor-version":[{"id":13446,"href":"https:\/\/www.piovan.com\/es\/wp-json\/wp\/v2\/product\/4877\/revisions\/13446"}],"wp:featuredmedia":[{"embeddable":true,"href":"https:\/\/www.piovan.com\/es\/wp-json\/wp\/v2\/media\/13443"}],"wp:attachment":[{"href":"https:\/\/www.piovan.com\/es\/wp-json\/wp\/v2\/media?parent=4877"}],"wp:term":[{"taxonomy":"post_tag","embeddable":true,"href":"https:\/\/www.piovan.com\/es\/wp-json\/wp\/v2\/tags?post=4877"}],"curies":[{"name":"wp","href":"https:\/\/api.w.org\/{rel}","templated":true}]}}