{"id":4860,"date":"2021-11-09T10:09:19","date_gmt":"2021-11-09T09:09:19","guid":{"rendered":"https:\/\/www.piovan.com\/?post_type=product&#038;p=4860"},"modified":"2026-02-16T15:49:25","modified_gmt":"2026-02-16T14:49:25","slug":"dpa","status":"publish","type":"product","link":"https:\/\/www.piovan.com\/es\/product\/dpa\/","title":{"rendered":"DPA"},"content":{"rendered":"<p>La serie DPA utiliza el aire comprimido para la deshumidificaci\u00f3n de los pol\u00edmeros higrosc\u00f3picos.<\/p>\n<p>Los par\u00e1metros en ejecuci\u00f3n se pueden cargar f\u00e1cilmente desde el banco de datos interno.<br \/>\nCon el uso de cartuchos desecantes, el DPA puede alcanzar valores de punto de roc\u00edo m\u00e1s bajos (hasta -40 \u00b0C).<br \/>\nEn los modelos con tolva de vidrio, el cono removible permite realizar las actividades de limpieza de manera r\u00e1pida y f\u00e1cil.<\/p>\n<p>El dispositivo de control gestiona el flujo de aire en 7 intervalos y regula el funcionamiento del deshumidificador en base a los flujos de producci\u00f3n del material. De esta manera, el sistema evita el desperdicio de energ\u00eda y aire\ncomprimido.<br \/>\nLos deshumidificadores DPA pueden estar equipados con el sistema IMD (Intelligent Material Drying) que garantiza una gesti\u00f3n \u00f3ptima del proceso de secado, evitando el recalentamiento y la deshumidificaci\u00f3n excesiva del material.<br \/>\nGracias al banco de datos del material, el dispositivo de control ajusta autom\u00e1ticamente la condici\u00f3n de trabajo una vez que se ha seleccionado el material y se ha establecido la producci\u00f3n horaria.<\/p>","protected":false},"featured_media":13442,"template":"","tags":[108],"acf":[],"yoast_head":"<title>DPA - Grupo Piovan<\/title>\n<meta name=\"robots\" content=\"index, follow, max-snippet:-1, max-image-preview:large, max-video-preview:-1\" \/>\n<link rel=\"canonical\" href=\"https:\/\/www.piovan.com\/es\/product\/dpa\/\" \/>\n<meta property=\"og:locale\" content=\"es_ES\" \/>\n<meta property=\"og:type\" content=\"article\" \/>\n<meta property=\"og:title\" content=\"DPA - PiovanGroup\" \/>\n<meta property=\"og:description\" content=\"DPA Series use compressed air for drying hygroscopic polymers. The running parameters can be easily loaded from the internal database. With the use of desiccant cartridges DPA can reach lower Dew Point values (up to \u201340\u00b0C). For the models with glass hopper, the removable cone allows easy and fast cleaning operations. The control manages the airflow in 7 increments and adjusts the dryer&#039;s functioning according to the material throughput. The system thus avoids wastage of energy and compressed air. DPA [&hellip;]\" \/>\n<meta property=\"og:url\" content=\"https:\/\/www.piovan.com\/es\/product\/dpa\/\" \/>\n<meta property=\"og:site_name\" content=\"PiovanGroup\" \/>\n<meta property=\"article:modified_time\" content=\"2026-02-16T14:49:25+00:00\" \/>\n<meta property=\"og:image\" content=\"https:\/\/www.piovan.com\/wp-content\/uploads\/DPA-1.png\" \/>\n\t<meta property=\"og:image:width\" content=\"1200\" \/>\n\t<meta property=\"og:image:height\" content=\"1560\" \/>\n\t<meta property=\"og:image:type\" content=\"image\/png\" \/>\n<meta name=\"twitter:card\" content=\"summary_large_image\" \/>\n<script type=\"application\/ld+json\" class=\"yoast-schema-graph\">{\"@context\":\"https:\/\/schema.org\",\"@graph\":[{\"@type\":\"WebPage\",\"@id\":\"https:\/\/www.piovan.com\/product\/dpa\/\",\"url\":\"https:\/\/www.piovan.com\/product\/dpa\/\",\"name\":\"DPA - PiovanGroup\",\"isPartOf\":{\"@id\":\"https:\/\/www.piovan.com\/#website\"},\"datePublished\":\"2021-11-09T09:09:19+00:00\",\"dateModified\":\"2026-02-16T14:49:25+00:00\",\"breadcrumb\":{\"@id\":\"https:\/\/www.piovan.com\/product\/dpa\/#breadcrumb\"},\"inLanguage\":\"es\",\"potentialAction\":[{\"@type\":\"ReadAction\",\"target\":[\"https:\/\/www.piovan.com\/product\/dpa\/\"]}]},{\"@type\":\"BreadcrumbList\",\"@id\":\"https:\/\/www.piovan.com\/product\/dpa\/#breadcrumb\",\"itemListElement\":[{\"@type\":\"ListItem\",\"position\":1,\"name\":\"Home\",\"item\":\"https:\/\/www.piovan.com\/\"},{\"@type\":\"ListItem\",\"position\":2,\"name\":\"Plastic\",\"item\":\"https:\/\/www.piovan.com\/es\/products\/plastico\/\"},{\"@type\":\"ListItem\",\"position\":3,\"name\":\"Drying &amp; Dehumidifying\",\"item\":\"https:\/\/www.piovan.com\/es\/products\/plastico\/secado-y-deshumidificacion\/\"},{\"@type\":\"ListItem\",\"position\":4,\"name\":\"DPA\"}]},{\"@type\":\"WebSite\",\"@id\":\"https:\/\/www.piovan.com\/#website\",\"url\":\"https:\/\/www.piovan.com\/\",\"name\":\"PiovanGroup\",\"description\":\"\",\"publisher\":{\"@id\":\"https:\/\/www.piovan.com\/#organization\"},\"potentialAction\":[{\"@type\":\"SearchAction\",\"target\":{\"@type\":\"EntryPoint\",\"urlTemplate\":\"https:\/\/www.piovan.com\/?s={search_term_string}\"},\"query-input\":\"required name=search_term_string\"}],\"inLanguage\":\"es\"},{\"@type\":\"Organization\",\"@id\":\"https:\/\/www.piovan.com\/#organization\",\"name\":\"PiovanGroup\",\"url\":\"https:\/\/www.piovan.com\/\",\"logo\":{\"@type\":\"ImageObject\",\"inLanguage\":\"es\",\"@id\":\"https:\/\/www.piovan.com\/#\/schema\/logo\/image\/\",\"url\":\"https:\/\/www.piovan.com\/wp-content\/uploads\/2021\/06\/logo@2x.png\",\"contentUrl\":\"https:\/\/www.piovan.com\/wp-content\/uploads\/2021\/06\/logo@2x.png\",\"width\":489,\"height\":78,\"caption\":\"PiovanGroup\"},\"image\":{\"@id\":\"https:\/\/www.piovan.com\/#\/schema\/logo\/image\/\"}}]}<\/script>","yoast_head_json":{"title":"DPA - Grupo Piovan","robots":{"index":"index","follow":"follow","max-snippet":"max-snippet:-1","max-image-preview":"max-image-preview:large","max-video-preview":"max-video-preview:-1"},"canonical":"https:\/\/www.piovan.com\/es\/product\/dpa\/","og_locale":"es_ES","og_type":"article","og_title":"DPA - PiovanGroup","og_description":"DPA Series use compressed air for drying hygroscopic polymers. The running parameters can be easily loaded from the internal database. With the use of desiccant cartridges DPA can reach lower Dew Point values (up to \u201340\u00b0C). For the models with glass hopper, the removable cone allows easy and fast cleaning operations. The control manages the airflow in 7 increments and adjusts the dryer's functioning according to the material throughput. The system thus avoids wastage of energy and compressed air. DPA [&hellip;]","og_url":"https:\/\/www.piovan.com\/es\/product\/dpa\/","og_site_name":"PiovanGroup","article_modified_time":"2026-02-16T14:49:25+00:00","og_image":[{"width":1200,"height":1560,"url":"https:\/\/www.piovan.com\/wp-content\/uploads\/DPA-1.png","type":"image\/png"}],"twitter_card":"summary_large_image","schema":{"@context":"https:\/\/schema.org","@graph":[{"@type":"WebPage","@id":"https:\/\/www.piovan.com\/product\/dpa\/","url":"https:\/\/www.piovan.com\/product\/dpa\/","name":"DPA - PiovanGroup","isPartOf":{"@id":"https:\/\/www.piovan.com\/#website"},"datePublished":"2021-11-09T09:09:19+00:00","dateModified":"2026-02-16T14:49:25+00:00","breadcrumb":{"@id":"https:\/\/www.piovan.com\/product\/dpa\/#breadcrumb"},"inLanguage":"es","potentialAction":[{"@type":"ReadAction","target":["https:\/\/www.piovan.com\/product\/dpa\/"]}]},{"@type":"BreadcrumbList","@id":"https:\/\/www.piovan.com\/product\/dpa\/#breadcrumb","itemListElement":[{"@type":"ListItem","position":1,"name":"Home","item":"https:\/\/www.piovan.com\/"},{"@type":"ListItem","position":2,"name":"Plastic","item":"https:\/\/www.piovan.com\/es\/products\/plastico\/"},{"@type":"ListItem","position":3,"name":"Drying &amp; Dehumidifying","item":"https:\/\/www.piovan.com\/es\/products\/plastico\/secado-y-deshumidificacion\/"},{"@type":"ListItem","position":4,"name":"DPA"}]},{"@type":"WebSite","@id":"https:\/\/www.piovan.com\/#website","url":"https:\/\/www.piovan.com\/","name":"PiovanGroup","description":"","publisher":{"@id":"https:\/\/www.piovan.com\/#organization"},"potentialAction":[{"@type":"SearchAction","target":{"@type":"EntryPoint","urlTemplate":"https:\/\/www.piovan.com\/?s={search_term_string}"},"query-input":"required name=search_term_string"}],"inLanguage":"es"},{"@type":"Organization","@id":"https:\/\/www.piovan.com\/#organization","name":"PiovanGroup","url":"https:\/\/www.piovan.com\/","logo":{"@type":"ImageObject","inLanguage":"es","@id":"https:\/\/www.piovan.com\/#\/schema\/logo\/image\/","url":"https:\/\/www.piovan.com\/wp-content\/uploads\/2021\/06\/logo@2x.png","contentUrl":"https:\/\/www.piovan.com\/wp-content\/uploads\/2021\/06\/logo@2x.png","width":489,"height":78,"caption":"PiovanGroup"},"image":{"@id":"https:\/\/www.piovan.com\/#\/schema\/logo\/image\/"}}]}},"_links":{"self":[{"href":"https:\/\/www.piovan.com\/es\/wp-json\/wp\/v2\/product\/4860"}],"collection":[{"href":"https:\/\/www.piovan.com\/es\/wp-json\/wp\/v2\/product"}],"about":[{"href":"https:\/\/www.piovan.com\/es\/wp-json\/wp\/v2\/types\/product"}],"version-history":[{"count":3,"href":"https:\/\/www.piovan.com\/es\/wp-json\/wp\/v2\/product\/4860\/revisions"}],"predecessor-version":[{"id":16229,"href":"https:\/\/www.piovan.com\/es\/wp-json\/wp\/v2\/product\/4860\/revisions\/16229"}],"wp:featuredmedia":[{"embeddable":true,"href":"https:\/\/www.piovan.com\/es\/wp-json\/wp\/v2\/media\/13442"}],"wp:attachment":[{"href":"https:\/\/www.piovan.com\/es\/wp-json\/wp\/v2\/media?parent=4860"}],"wp:term":[{"taxonomy":"post_tag","embeddable":true,"href":"https:\/\/www.piovan.com\/es\/wp-json\/wp\/v2\/tags?post=4860"}],"curies":[{"name":"wp","href":"https:\/\/api.w.org\/{rel}","templated":true}]}}