{"id":4849,"date":"2021-11-09T09:42:55","date_gmt":"2021-11-09T08:42:55","guid":{"rendered":"https:\/\/www.piovan.com\/product\/dp-619-622-double-desiccant-tower-drying-2\/"},"modified":"2025-01-08T08:39:10","modified_gmt":"2025-01-08T07:39:10","slug":"dp-623-644","status":"publish","type":"product","link":"https:\/\/www.piovan.com\/es\/product\/dp-623-644\/","title":{"rendered":"DP 623-644"},"content":{"rendered":"<p>El DP se caracteriza por un punto de roc\u00edo inferior a -55 \u00b0C y una temperatura del aire de proceso de hasta 200 \u00b0C (en la versi\u00f3n HT).<br \/>\nControl por microprocesador con algoritmo PID autoajustable para una alta precisi\u00f3n.<br \/>\nEl DP es f\u00e1cil de usar gracias a una gran pantalla disponible en el idioma del operador con el estado de la m\u00e1quina y los par\u00e1metros clave accesibles desde la pantalla principal.<br \/>\nHoppers capacity goes from 800 to 4,000 dm3, single or multiple and their number can be added to at any time.<\/p>\n<p class=\" translation-block\">Serie DP<br>\n\u2022 optimiza el consumo de energ\u00eda ajustando la energ\u00eda en funci\u00f3n de las necesidades del proceso<br>\n\u2022 evita la degradaci\u00f3n t\u00e9rmica del material o el secado excesivo.<\/p>","protected":false},"featured_media":13159,"template":"","tags":[108],"acf":[],"yoast_head":"<title>DP 623-644 - PiovanGroup<\/title>\n<meta name=\"robots\" content=\"index, follow, max-snippet:-1, max-image-preview:large, max-video-preview:-1\" \/>\n<link rel=\"canonical\" href=\"https:\/\/www.piovan.com\/es\/product\/dp-623-644\/\" \/>\n<meta property=\"og:locale\" content=\"es_ES\" \/>\n<meta property=\"og:type\" content=\"article\" \/>\n<meta property=\"og:title\" content=\"DP 623-644 - PiovanGroup\" \/>\n<meta property=\"og:description\" content=\"DP is characterised by dew point lower than-55 \u00b0C and process air temperature up to 200 \u00b0C (HT version). Microprocessor control with self-adjusting PID algorithm for high precision. DP is easy to use thanks to a large display available in the operator\u2019s language with the status of the machine and key parameters accessible from the main screen. Hoppers capacity goes from 800 to 4,000 dm3, single or multiple and their number can be added to at any time. DP series [&hellip;]\" \/>\n<meta property=\"og:url\" content=\"https:\/\/www.piovan.com\/es\/product\/dp-623-644\/\" \/>\n<meta property=\"og:site_name\" content=\"PiovanGroup\" \/>\n<meta property=\"article:modified_time\" content=\"2025-01-08T07:39:10+00:00\" \/>\n<meta property=\"og:image\" content=\"https:\/\/www.piovan.com\/wp-content\/uploads\/DP-623-644_1200x1560px.png\" \/>\n\t<meta property=\"og:image:width\" content=\"1200\" \/>\n\t<meta property=\"og:image:height\" content=\"1560\" \/>\n\t<meta property=\"og:image:type\" content=\"image\/png\" \/>\n<meta name=\"twitter:card\" content=\"summary_large_image\" \/>\n<script type=\"application\/ld+json\" class=\"yoast-schema-graph\">{\"@context\":\"https:\/\/schema.org\",\"@graph\":[{\"@type\":\"WebPage\",\"@id\":\"https:\/\/www.piovan.com\/product\/dp-623-644\/\",\"url\":\"https:\/\/www.piovan.com\/product\/dp-623-644\/\",\"name\":\"DP 623-644 - PiovanGroup\",\"isPartOf\":{\"@id\":\"https:\/\/www.piovan.com\/#website\"},\"datePublished\":\"2021-11-09T08:42:55+00:00\",\"dateModified\":\"2025-01-08T07:39:10+00:00\",\"breadcrumb\":{\"@id\":\"https:\/\/www.piovan.com\/product\/dp-623-644\/#breadcrumb\"},\"inLanguage\":\"es\",\"potentialAction\":[{\"@type\":\"ReadAction\",\"target\":[\"https:\/\/www.piovan.com\/product\/dp-623-644\/\"]}]},{\"@type\":\"BreadcrumbList\",\"@id\":\"https:\/\/www.piovan.com\/product\/dp-623-644\/#breadcrumb\",\"itemListElement\":[{\"@type\":\"ListItem\",\"position\":1,\"name\":\"Home\",\"item\":\"https:\/\/www.piovan.com\/\"},{\"@type\":\"ListItem\",\"position\":2,\"name\":\"Plastic\",\"item\":\"https:\/\/www.piovan.com\/es\/products\/plastico\/\"},{\"@type\":\"ListItem\",\"position\":3,\"name\":\"Drying &amp; Dehumidifying\",\"item\":\"https:\/\/www.piovan.com\/es\/products\/plastico\/secado-y-deshumidificacion\/\"},{\"@type\":\"ListItem\",\"position\":4,\"name\":\"DP 623-644\"}]},{\"@type\":\"WebSite\",\"@id\":\"https:\/\/www.piovan.com\/#website\",\"url\":\"https:\/\/www.piovan.com\/\",\"name\":\"PiovanGroup\",\"description\":\"\",\"publisher\":{\"@id\":\"https:\/\/www.piovan.com\/#organization\"},\"potentialAction\":[{\"@type\":\"SearchAction\",\"target\":{\"@type\":\"EntryPoint\",\"urlTemplate\":\"https:\/\/www.piovan.com\/?s={search_term_string}\"},\"query-input\":\"required name=search_term_string\"}],\"inLanguage\":\"es\"},{\"@type\":\"Organization\",\"@id\":\"https:\/\/www.piovan.com\/#organization\",\"name\":\"PiovanGroup\",\"url\":\"https:\/\/www.piovan.com\/\",\"logo\":{\"@type\":\"ImageObject\",\"inLanguage\":\"es\",\"@id\":\"https:\/\/www.piovan.com\/#\/schema\/logo\/image\/\",\"url\":\"https:\/\/www.piovan.com\/wp-content\/uploads\/2021\/06\/logo@2x.png\",\"contentUrl\":\"https:\/\/www.piovan.com\/wp-content\/uploads\/2021\/06\/logo@2x.png\",\"width\":489,\"height\":78,\"caption\":\"PiovanGroup\"},\"image\":{\"@id\":\"https:\/\/www.piovan.com\/#\/schema\/logo\/image\/\"}}]}<\/script>","yoast_head_json":{"title":"DP 623-644 - PiovanGroup","robots":{"index":"index","follow":"follow","max-snippet":"max-snippet:-1","max-image-preview":"max-image-preview:large","max-video-preview":"max-video-preview:-1"},"canonical":"https:\/\/www.piovan.com\/es\/product\/dp-623-644\/","og_locale":"es_ES","og_type":"article","og_title":"DP 623-644 - PiovanGroup","og_description":"DP is characterised by dew point lower than-55 \u00b0C and process air temperature up to 200 \u00b0C (HT version). Microprocessor control with self-adjusting PID algorithm for high precision. DP is easy to use thanks to a large display available in the operator\u2019s language with the status of the machine and key parameters accessible from the main screen. Hoppers capacity goes from 800 to 4,000 dm3, single or multiple and their number can be added to at any time. DP series [&hellip;]","og_url":"https:\/\/www.piovan.com\/es\/product\/dp-623-644\/","og_site_name":"PiovanGroup","article_modified_time":"2025-01-08T07:39:10+00:00","og_image":[{"width":1200,"height":1560,"url":"https:\/\/www.piovan.com\/wp-content\/uploads\/DP-623-644_1200x1560px.png","type":"image\/png"}],"twitter_card":"summary_large_image","schema":{"@context":"https:\/\/schema.org","@graph":[{"@type":"WebPage","@id":"https:\/\/www.piovan.com\/product\/dp-623-644\/","url":"https:\/\/www.piovan.com\/product\/dp-623-644\/","name":"DP 623-644 - PiovanGroup","isPartOf":{"@id":"https:\/\/www.piovan.com\/#website"},"datePublished":"2021-11-09T08:42:55+00:00","dateModified":"2025-01-08T07:39:10+00:00","breadcrumb":{"@id":"https:\/\/www.piovan.com\/product\/dp-623-644\/#breadcrumb"},"inLanguage":"es","potentialAction":[{"@type":"ReadAction","target":["https:\/\/www.piovan.com\/product\/dp-623-644\/"]}]},{"@type":"BreadcrumbList","@id":"https:\/\/www.piovan.com\/product\/dp-623-644\/#breadcrumb","itemListElement":[{"@type":"ListItem","position":1,"name":"Home","item":"https:\/\/www.piovan.com\/"},{"@type":"ListItem","position":2,"name":"Plastic","item":"https:\/\/www.piovan.com\/es\/products\/plastico\/"},{"@type":"ListItem","position":3,"name":"Drying &amp; Dehumidifying","item":"https:\/\/www.piovan.com\/es\/products\/plastico\/secado-y-deshumidificacion\/"},{"@type":"ListItem","position":4,"name":"DP 623-644"}]},{"@type":"WebSite","@id":"https:\/\/www.piovan.com\/#website","url":"https:\/\/www.piovan.com\/","name":"PiovanGroup","description":"","publisher":{"@id":"https:\/\/www.piovan.com\/#organization"},"potentialAction":[{"@type":"SearchAction","target":{"@type":"EntryPoint","urlTemplate":"https:\/\/www.piovan.com\/?s={search_term_string}"},"query-input":"required name=search_term_string"}],"inLanguage":"es"},{"@type":"Organization","@id":"https:\/\/www.piovan.com\/#organization","name":"PiovanGroup","url":"https:\/\/www.piovan.com\/","logo":{"@type":"ImageObject","inLanguage":"es","@id":"https:\/\/www.piovan.com\/#\/schema\/logo\/image\/","url":"https:\/\/www.piovan.com\/wp-content\/uploads\/2021\/06\/logo@2x.png","contentUrl":"https:\/\/www.piovan.com\/wp-content\/uploads\/2021\/06\/logo@2x.png","width":489,"height":78,"caption":"PiovanGroup"},"image":{"@id":"https:\/\/www.piovan.com\/#\/schema\/logo\/image\/"}}]}},"_links":{"self":[{"href":"https:\/\/www.piovan.com\/es\/wp-json\/wp\/v2\/product\/4849"}],"collection":[{"href":"https:\/\/www.piovan.com\/es\/wp-json\/wp\/v2\/product"}],"about":[{"href":"https:\/\/www.piovan.com\/es\/wp-json\/wp\/v2\/types\/product"}],"version-history":[{"count":3,"href":"https:\/\/www.piovan.com\/es\/wp-json\/wp\/v2\/product\/4849\/revisions"}],"predecessor-version":[{"id":14171,"href":"https:\/\/www.piovan.com\/es\/wp-json\/wp\/v2\/product\/4849\/revisions\/14171"}],"wp:featuredmedia":[{"embeddable":true,"href":"https:\/\/www.piovan.com\/es\/wp-json\/wp\/v2\/media\/13159"}],"wp:attachment":[{"href":"https:\/\/www.piovan.com\/es\/wp-json\/wp\/v2\/media?parent=4849"}],"wp:term":[{"taxonomy":"post_tag","embeddable":true,"href":"https:\/\/www.piovan.com\/es\/wp-json\/wp\/v2\/tags?post=4849"}],"curies":[{"name":"wp","href":"https:\/\/api.w.org\/{rel}","templated":true}]}}