{"id":4842,"date":"2021-11-09T09:42:18","date_gmt":"2021-11-09T08:42:18","guid":{"rendered":"https:\/\/www.piovan.com\/?post_type=product&#038;p=4842"},"modified":"2025-01-07T16:54:38","modified_gmt":"2025-01-07T15:54:38","slug":"dp-619-622","status":"publish","type":"product","link":"https:\/\/www.piovan.com\/es\/product\/dp-619-622\/","title":{"rendered":"DP 619-622"},"content":{"rendered":"<p>El DP se caracteriza por un punto de roc\u00edo inferior a -55 \u00b0C y una temperatura del aire de proceso de hasta 200 \u00b0C (en la versi\u00f3n HT).<\/p>\n<p>Control por microprocesador con algoritmo PID autoajustable para una alta precisi\u00f3n.<\/p>\n<p>El DP es f\u00e1cil de usar gracias a una gran pantalla disponible en el idioma del operador con el estado de la m\u00e1quina y los par\u00e1metros clave accesibles desde la pantalla principal.<\/p>\n<p>La capacidad de las tolvas va de 300 a 2500 dm3, individuales o m\u00faltiples y su n\u00famero puede cambiarse f\u00e1cilmente en cualquier momento.<\/p>","protected":false},"featured_media":13166,"template":"","tags":[108],"acf":[],"yoast_head":"<title>DP 619-622 - Grupo Piovan<\/title>\n<meta name=\"robots\" content=\"index, follow, max-snippet:-1, max-image-preview:large, max-video-preview:-1\" \/>\n<link rel=\"canonical\" href=\"https:\/\/www.piovan.com\/es\/product\/dp-619-622\/\" \/>\n<meta property=\"og:locale\" content=\"es_ES\" \/>\n<meta property=\"og:type\" content=\"article\" \/>\n<meta property=\"og:title\" content=\"DP 619-622 - PiovanGroup\" \/>\n<meta property=\"og:description\" content=\"DP is characterised by dew point lower than-55 \u00b0C and process air temperature up to 200 \u00b0C (HT version). Microprocessor control with self-adjusting PID algorithm for high precision. DP is easy to use thanks to a large display available in the operator\u2019s language with the status of the machine and key parameters accessible from the main screen. Hoppers capacity goes from 300 to 2500 dm3, single or multiple and their number can be easily changed at any time.\" \/>\n<meta property=\"og:url\" content=\"https:\/\/www.piovan.com\/es\/product\/dp-619-622\/\" \/>\n<meta property=\"og:site_name\" content=\"PiovanGroup\" \/>\n<meta property=\"article:modified_time\" content=\"2025-01-07T15:54:38+00:00\" \/>\n<meta property=\"og:image\" content=\"https:\/\/www.piovan.com\/wp-content\/uploads\/DP-619-622_1200x1560px.png\" \/>\n\t<meta property=\"og:image:width\" content=\"1200\" \/>\n\t<meta property=\"og:image:height\" content=\"1560\" \/>\n\t<meta property=\"og:image:type\" content=\"image\/png\" \/>\n<meta name=\"twitter:card\" content=\"summary_large_image\" \/>\n<script type=\"application\/ld+json\" class=\"yoast-schema-graph\">{\"@context\":\"https:\/\/schema.org\",\"@graph\":[{\"@type\":\"WebPage\",\"@id\":\"https:\/\/www.piovan.com\/product\/dp-619-622\/\",\"url\":\"https:\/\/www.piovan.com\/product\/dp-619-622\/\",\"name\":\"DP 619-622 - PiovanGroup\",\"isPartOf\":{\"@id\":\"https:\/\/www.piovan.com\/#website\"},\"datePublished\":\"2021-11-09T08:42:18+00:00\",\"dateModified\":\"2025-01-07T15:54:38+00:00\",\"breadcrumb\":{\"@id\":\"https:\/\/www.piovan.com\/product\/dp-619-622\/#breadcrumb\"},\"inLanguage\":\"es\",\"potentialAction\":[{\"@type\":\"ReadAction\",\"target\":[\"https:\/\/www.piovan.com\/product\/dp-619-622\/\"]}]},{\"@type\":\"BreadcrumbList\",\"@id\":\"https:\/\/www.piovan.com\/product\/dp-619-622\/#breadcrumb\",\"itemListElement\":[{\"@type\":\"ListItem\",\"position\":1,\"name\":\"Home\",\"item\":\"https:\/\/www.piovan.com\/\"},{\"@type\":\"ListItem\",\"position\":2,\"name\":\"Plastic\",\"item\":\"https:\/\/www.piovan.com\/es\/products\/plastico\/\"},{\"@type\":\"ListItem\",\"position\":3,\"name\":\"Drying &amp; Dehumidifying\",\"item\":\"https:\/\/www.piovan.com\/es\/products\/plastico\/secado-y-deshumidificacion\/\"},{\"@type\":\"ListItem\",\"position\":4,\"name\":\"DP 619-622\"}]},{\"@type\":\"WebSite\",\"@id\":\"https:\/\/www.piovan.com\/#website\",\"url\":\"https:\/\/www.piovan.com\/\",\"name\":\"PiovanGroup\",\"description\":\"\",\"publisher\":{\"@id\":\"https:\/\/www.piovan.com\/#organization\"},\"potentialAction\":[{\"@type\":\"SearchAction\",\"target\":{\"@type\":\"EntryPoint\",\"urlTemplate\":\"https:\/\/www.piovan.com\/?s={search_term_string}\"},\"query-input\":\"required name=search_term_string\"}],\"inLanguage\":\"es\"},{\"@type\":\"Organization\",\"@id\":\"https:\/\/www.piovan.com\/#organization\",\"name\":\"PiovanGroup\",\"url\":\"https:\/\/www.piovan.com\/\",\"logo\":{\"@type\":\"ImageObject\",\"inLanguage\":\"es\",\"@id\":\"https:\/\/www.piovan.com\/#\/schema\/logo\/image\/\",\"url\":\"https:\/\/www.piovan.com\/wp-content\/uploads\/2021\/06\/logo@2x.png\",\"contentUrl\":\"https:\/\/www.piovan.com\/wp-content\/uploads\/2021\/06\/logo@2x.png\",\"width\":489,\"height\":78,\"caption\":\"PiovanGroup\"},\"image\":{\"@id\":\"https:\/\/www.piovan.com\/#\/schema\/logo\/image\/\"}}]}<\/script>","yoast_head_json":{"title":"DP 619-622 - Grupo Piovan","robots":{"index":"index","follow":"follow","max-snippet":"max-snippet:-1","max-image-preview":"max-image-preview:large","max-video-preview":"max-video-preview:-1"},"canonical":"https:\/\/www.piovan.com\/es\/product\/dp-619-622\/","og_locale":"es_ES","og_type":"article","og_title":"DP 619-622 - PiovanGroup","og_description":"DP is characterised by dew point lower than-55 \u00b0C and process air temperature up to 200 \u00b0C (HT version). Microprocessor control with self-adjusting PID algorithm for high precision. DP is easy to use thanks to a large display available in the operator\u2019s language with the status of the machine and key parameters accessible from the main screen. Hoppers capacity goes from 300 to 2500 dm3, single or multiple and their number can be easily changed at any time.","og_url":"https:\/\/www.piovan.com\/es\/product\/dp-619-622\/","og_site_name":"PiovanGroup","article_modified_time":"2025-01-07T15:54:38+00:00","og_image":[{"width":1200,"height":1560,"url":"https:\/\/www.piovan.com\/wp-content\/uploads\/DP-619-622_1200x1560px.png","type":"image\/png"}],"twitter_card":"summary_large_image","schema":{"@context":"https:\/\/schema.org","@graph":[{"@type":"WebPage","@id":"https:\/\/www.piovan.com\/product\/dp-619-622\/","url":"https:\/\/www.piovan.com\/product\/dp-619-622\/","name":"DP 619-622 - PiovanGroup","isPartOf":{"@id":"https:\/\/www.piovan.com\/#website"},"datePublished":"2021-11-09T08:42:18+00:00","dateModified":"2025-01-07T15:54:38+00:00","breadcrumb":{"@id":"https:\/\/www.piovan.com\/product\/dp-619-622\/#breadcrumb"},"inLanguage":"es","potentialAction":[{"@type":"ReadAction","target":["https:\/\/www.piovan.com\/product\/dp-619-622\/"]}]},{"@type":"BreadcrumbList","@id":"https:\/\/www.piovan.com\/product\/dp-619-622\/#breadcrumb","itemListElement":[{"@type":"ListItem","position":1,"name":"Home","item":"https:\/\/www.piovan.com\/"},{"@type":"ListItem","position":2,"name":"Plastic","item":"https:\/\/www.piovan.com\/es\/products\/plastico\/"},{"@type":"ListItem","position":3,"name":"Drying &amp; Dehumidifying","item":"https:\/\/www.piovan.com\/es\/products\/plastico\/secado-y-deshumidificacion\/"},{"@type":"ListItem","position":4,"name":"DP 619-622"}]},{"@type":"WebSite","@id":"https:\/\/www.piovan.com\/#website","url":"https:\/\/www.piovan.com\/","name":"PiovanGroup","description":"","publisher":{"@id":"https:\/\/www.piovan.com\/#organization"},"potentialAction":[{"@type":"SearchAction","target":{"@type":"EntryPoint","urlTemplate":"https:\/\/www.piovan.com\/?s={search_term_string}"},"query-input":"required name=search_term_string"}],"inLanguage":"es"},{"@type":"Organization","@id":"https:\/\/www.piovan.com\/#organization","name":"PiovanGroup","url":"https:\/\/www.piovan.com\/","logo":{"@type":"ImageObject","inLanguage":"es","@id":"https:\/\/www.piovan.com\/#\/schema\/logo\/image\/","url":"https:\/\/www.piovan.com\/wp-content\/uploads\/2021\/06\/logo@2x.png","contentUrl":"https:\/\/www.piovan.com\/wp-content\/uploads\/2021\/06\/logo@2x.png","width":489,"height":78,"caption":"PiovanGroup"},"image":{"@id":"https:\/\/www.piovan.com\/#\/schema\/logo\/image\/"}}]}},"_links":{"self":[{"href":"https:\/\/www.piovan.com\/es\/wp-json\/wp\/v2\/product\/4842"}],"collection":[{"href":"https:\/\/www.piovan.com\/es\/wp-json\/wp\/v2\/product"}],"about":[{"href":"https:\/\/www.piovan.com\/es\/wp-json\/wp\/v2\/types\/product"}],"version-history":[{"count":3,"href":"https:\/\/www.piovan.com\/es\/wp-json\/wp\/v2\/product\/4842\/revisions"}],"predecessor-version":[{"id":14168,"href":"https:\/\/www.piovan.com\/es\/wp-json\/wp\/v2\/product\/4842\/revisions\/14168"}],"wp:featuredmedia":[{"embeddable":true,"href":"https:\/\/www.piovan.com\/es\/wp-json\/wp\/v2\/media\/13166"}],"wp:attachment":[{"href":"https:\/\/www.piovan.com\/es\/wp-json\/wp\/v2\/media?parent=4842"}],"wp:term":[{"taxonomy":"post_tag","embeddable":true,"href":"https:\/\/www.piovan.com\/es\/wp-json\/wp\/v2\/tags?post=4842"}],"curies":[{"name":"wp","href":"https:\/\/api.w.org\/{rel}","templated":true}]}}