{"id":4812,"date":"2021-11-09T08:04:14","date_gmt":"2021-11-09T07:04:14","guid":{"rendered":"https:\/\/www.piovan.com\/product\/aipc-technology-2\/"},"modified":"2025-01-07T16:20:55","modified_gmt":"2025-01-07T15:20:55","slug":"condenso","status":"publish","type":"product","link":"https:\/\/www.piovan.com\/es\/product\/condenso\/","title":{"rendered":"Condenso"},"content":{"rendered":"<p>Condenso est\u00e1 dise\u00f1ado para condensar las sustancias con bajo punto de ebullici\u00f3n liberadas por los pellets pl\u00e1sticos, rPET o escamas durante el\nproceso de calefacci\u00f3n.<\/p>\n<p class=\" translation-block\">Las caracter\u00edsticas principales son:<br>\n\u2022 Recuperaci\u00f3n energ\u00e9tica inteligente para minimizar el consumo de agua de enfriamiento y el poder calor\u00edfico.<br>\n\u2022 Tecnolog\u00eda PureTech para eliminar COV (Compuestos Org\u00e1nicos Vol\u00e1tiles) y sustancias contaminantes<br>\n\u2022 Elevados rendimientos de condensaci\u00f3n<br>\n\u2022 Funci\u00f3n inteligente para maximizar el proceso de condensaci\u00f3n<br>\n\u2022 F\u00e1cil mantenimiento<br>\n\u2022 Los m\u00f3dulos individuales de Condenso pueden instalarse en paralelo para lograr caudales mayores.<\/p>","protected":false},"featured_media":13081,"template":"","tags":[108],"acf":[],"yoast_head":"<title>Condenso - Grupo Piovan<\/title>\n<meta name=\"robots\" content=\"index, follow, max-snippet:-1, max-image-preview:large, max-video-preview:-1\" \/>\n<link rel=\"canonical\" href=\"https:\/\/www.piovan.com\/es\/product\/condenso\/\" \/>\n<meta property=\"og:locale\" content=\"es_ES\" \/>\n<meta property=\"og:type\" content=\"article\" \/>\n<meta property=\"og:title\" content=\"Condenso - PiovanGroup\" \/>\n<meta property=\"og:description\" content=\"Condenso is designed to condense the low boiling substances released from the plastic pellets, rPET or flakes during the heating process. The main features are: \u2022 Smart energy recovery to minimize the consumption of cooling water and heating power. \u2022 PureTech technology to remove VOC and contaminants \u2022 High condensing performance \u2022 Smart function to maximize condensing process \u2022 Easy maintenance \u2022 Condenso modules can be installed in parallel for higher flow rates.\" \/>\n<meta property=\"og:url\" content=\"https:\/\/www.piovan.com\/es\/product\/condenso\/\" \/>\n<meta property=\"og:site_name\" content=\"PiovanGroup\" \/>\n<meta property=\"article:modified_time\" content=\"2025-01-07T15:20:55+00:00\" \/>\n<meta property=\"og:image\" content=\"https:\/\/www.piovan.com\/wp-content\/uploads\/CONDENSO_1200x1560px.png\" \/>\n\t<meta property=\"og:image:width\" content=\"1200\" \/>\n\t<meta property=\"og:image:height\" content=\"1560\" \/>\n\t<meta property=\"og:image:type\" content=\"image\/png\" \/>\n<meta name=\"twitter:card\" content=\"summary_large_image\" \/>\n<script type=\"application\/ld+json\" class=\"yoast-schema-graph\">{\"@context\":\"https:\/\/schema.org\",\"@graph\":[{\"@type\":\"WebPage\",\"@id\":\"https:\/\/www.piovan.com\/product\/condenso\/\",\"url\":\"https:\/\/www.piovan.com\/product\/condenso\/\",\"name\":\"Condenso - PiovanGroup\",\"isPartOf\":{\"@id\":\"https:\/\/www.piovan.com\/#website\"},\"datePublished\":\"2021-11-09T07:04:14+00:00\",\"dateModified\":\"2025-01-07T15:20:55+00:00\",\"breadcrumb\":{\"@id\":\"https:\/\/www.piovan.com\/product\/condenso\/#breadcrumb\"},\"inLanguage\":\"es\",\"potentialAction\":[{\"@type\":\"ReadAction\",\"target\":[\"https:\/\/www.piovan.com\/product\/condenso\/\"]}]},{\"@type\":\"BreadcrumbList\",\"@id\":\"https:\/\/www.piovan.com\/product\/condenso\/#breadcrumb\",\"itemListElement\":[{\"@type\":\"ListItem\",\"position\":1,\"name\":\"Home\",\"item\":\"https:\/\/www.piovan.com\/\"},{\"@type\":\"ListItem\",\"position\":2,\"name\":\"Plastic\",\"item\":\"https:\/\/www.piovan.com\/es\/products\/plastico\/\"},{\"@type\":\"ListItem\",\"position\":3,\"name\":\"Drying &amp; Dehumidifying\",\"item\":\"https:\/\/www.piovan.com\/es\/products\/plastico\/secado-y-deshumidificacion\/\"},{\"@type\":\"ListItem\",\"position\":4,\"name\":\"Condenso\"}]},{\"@type\":\"WebSite\",\"@id\":\"https:\/\/www.piovan.com\/#website\",\"url\":\"https:\/\/www.piovan.com\/\",\"name\":\"PiovanGroup\",\"description\":\"\",\"publisher\":{\"@id\":\"https:\/\/www.piovan.com\/#organization\"},\"potentialAction\":[{\"@type\":\"SearchAction\",\"target\":{\"@type\":\"EntryPoint\",\"urlTemplate\":\"https:\/\/www.piovan.com\/?s={search_term_string}\"},\"query-input\":\"required name=search_term_string\"}],\"inLanguage\":\"es\"},{\"@type\":\"Organization\",\"@id\":\"https:\/\/www.piovan.com\/#organization\",\"name\":\"PiovanGroup\",\"url\":\"https:\/\/www.piovan.com\/\",\"logo\":{\"@type\":\"ImageObject\",\"inLanguage\":\"es\",\"@id\":\"https:\/\/www.piovan.com\/#\/schema\/logo\/image\/\",\"url\":\"https:\/\/www.piovan.com\/wp-content\/uploads\/2021\/06\/logo@2x.png\",\"contentUrl\":\"https:\/\/www.piovan.com\/wp-content\/uploads\/2021\/06\/logo@2x.png\",\"width\":489,\"height\":78,\"caption\":\"PiovanGroup\"},\"image\":{\"@id\":\"https:\/\/www.piovan.com\/#\/schema\/logo\/image\/\"}}]}<\/script>","yoast_head_json":{"title":"Condenso - Grupo Piovan","robots":{"index":"index","follow":"follow","max-snippet":"max-snippet:-1","max-image-preview":"max-image-preview:large","max-video-preview":"max-video-preview:-1"},"canonical":"https:\/\/www.piovan.com\/es\/product\/condenso\/","og_locale":"es_ES","og_type":"article","og_title":"Condenso - PiovanGroup","og_description":"Condenso is designed to condense the low boiling substances released from the plastic pellets, rPET or flakes during the heating process. The main features are: \u2022 Smart energy recovery to minimize the consumption of cooling water and heating power. \u2022 PureTech technology to remove VOC and contaminants \u2022 High condensing performance \u2022 Smart function to maximize condensing process \u2022 Easy maintenance \u2022 Condenso modules can be installed in parallel for higher flow rates.","og_url":"https:\/\/www.piovan.com\/es\/product\/condenso\/","og_site_name":"PiovanGroup","article_modified_time":"2025-01-07T15:20:55+00:00","og_image":[{"width":1200,"height":1560,"url":"https:\/\/www.piovan.com\/wp-content\/uploads\/CONDENSO_1200x1560px.png","type":"image\/png"}],"twitter_card":"summary_large_image","schema":{"@context":"https:\/\/schema.org","@graph":[{"@type":"WebPage","@id":"https:\/\/www.piovan.com\/product\/condenso\/","url":"https:\/\/www.piovan.com\/product\/condenso\/","name":"Condenso - PiovanGroup","isPartOf":{"@id":"https:\/\/www.piovan.com\/#website"},"datePublished":"2021-11-09T07:04:14+00:00","dateModified":"2025-01-07T15:20:55+00:00","breadcrumb":{"@id":"https:\/\/www.piovan.com\/product\/condenso\/#breadcrumb"},"inLanguage":"es","potentialAction":[{"@type":"ReadAction","target":["https:\/\/www.piovan.com\/product\/condenso\/"]}]},{"@type":"BreadcrumbList","@id":"https:\/\/www.piovan.com\/product\/condenso\/#breadcrumb","itemListElement":[{"@type":"ListItem","position":1,"name":"Home","item":"https:\/\/www.piovan.com\/"},{"@type":"ListItem","position":2,"name":"Plastic","item":"https:\/\/www.piovan.com\/es\/products\/plastico\/"},{"@type":"ListItem","position":3,"name":"Drying &amp; Dehumidifying","item":"https:\/\/www.piovan.com\/es\/products\/plastico\/secado-y-deshumidificacion\/"},{"@type":"ListItem","position":4,"name":"Condenso"}]},{"@type":"WebSite","@id":"https:\/\/www.piovan.com\/#website","url":"https:\/\/www.piovan.com\/","name":"PiovanGroup","description":"","publisher":{"@id":"https:\/\/www.piovan.com\/#organization"},"potentialAction":[{"@type":"SearchAction","target":{"@type":"EntryPoint","urlTemplate":"https:\/\/www.piovan.com\/?s={search_term_string}"},"query-input":"required name=search_term_string"}],"inLanguage":"es"},{"@type":"Organization","@id":"https:\/\/www.piovan.com\/#organization","name":"PiovanGroup","url":"https:\/\/www.piovan.com\/","logo":{"@type":"ImageObject","inLanguage":"es","@id":"https:\/\/www.piovan.com\/#\/schema\/logo\/image\/","url":"https:\/\/www.piovan.com\/wp-content\/uploads\/2021\/06\/logo@2x.png","contentUrl":"https:\/\/www.piovan.com\/wp-content\/uploads\/2021\/06\/logo@2x.png","width":489,"height":78,"caption":"PiovanGroup"},"image":{"@id":"https:\/\/www.piovan.com\/#\/schema\/logo\/image\/"}}]}},"_links":{"self":[{"href":"https:\/\/www.piovan.com\/es\/wp-json\/wp\/v2\/product\/4812"}],"collection":[{"href":"https:\/\/www.piovan.com\/es\/wp-json\/wp\/v2\/product"}],"about":[{"href":"https:\/\/www.piovan.com\/es\/wp-json\/wp\/v2\/types\/product"}],"version-history":[{"count":5,"href":"https:\/\/www.piovan.com\/es\/wp-json\/wp\/v2\/product\/4812\/revisions"}],"predecessor-version":[{"id":14159,"href":"https:\/\/www.piovan.com\/es\/wp-json\/wp\/v2\/product\/4812\/revisions\/14159"}],"wp:featuredmedia":[{"embeddable":true,"href":"https:\/\/www.piovan.com\/es\/wp-json\/wp\/v2\/media\/13081"}],"wp:attachment":[{"href":"https:\/\/www.piovan.com\/es\/wp-json\/wp\/v2\/media?parent=4812"}],"wp:term":[{"taxonomy":"post_tag","embeddable":true,"href":"https:\/\/www.piovan.com\/es\/wp-json\/wp\/v2\/tags?post=4812"}],"curies":[{"name":"wp","href":"https:\/\/api.w.org\/{rel}","templated":true}]}}