{"id":4799,"date":"2021-11-09T07:56:46","date_gmt":"2021-11-09T06:56:46","guid":{"rendered":"https:\/\/www.piovan.com\/?post_type=product&#038;p=4799"},"modified":"2025-02-26T16:02:21","modified_gmt":"2025-02-26T15:02:21","slug":"quantum","status":"publish","type":"product","link":"https:\/\/www.piovan.com\/es\/product\/quantum\/","title":{"rendered":"Quantum"},"content":{"rendered":"<p>Los mezcladores gravim\u00e9tricos Quantum son aptos para todos los materiales pl\u00e1sticos, inmunes a las vibraciones y f\u00e1ciles de usar. Todas las superficies que entran en contacto con el material de proceso son de acero inoxidable y pueden utilizarse en los entornos m\u00e1s cr\u00edticos, como los sectores m\u00e9dico y de envasado de alimentos. La gama puede tener hasta 6 estaciones de dosificaci\u00f3n, que pueden extraerse f\u00e1cilmente, para su vaciado o limpieza.<\/p>\n<p>El mezclador puede instalarse a distancia sobre la m\u00e1quina de procesamiento, lo que garantiza la mejor mezcla, especialmente tras el transporte de materiales con diferentes densidades a largas distancias.<\/p>\n<p>Dise\u00f1adas para simplificar el cambio de materiales, cuando el peso y el tama\u00f1o son compatibles con una manipulaci\u00f3n segura, las estaciones de dosificaci\u00f3n pueden ser retiradas f\u00e1cil y r\u00e1pidamente por un solo operador.<\/p>\n<p>Los mezcladores Quantum est\u00e1n disponibles con Premium Evo, pantalla t\u00e1ctil de 10\" con toda la informaci\u00f3n principal del mezclador y f\u00e1cil acceso a los ajustes y a los eventos\/alarmas. El puerto Ethernet y la interfaz USB permiten la descarga del archivo de registro y la integraci\u00f3n con sistemas de supervisi\u00f3n, como Piovan Winfactory 4.0. Esto permite calcular el consumo para optimizar las existencias o la producci\u00f3n y ayuda al departamento de calidad a seguir y almacenar todas las fases de la producci\u00f3n.<\/p>","protected":false},"featured_media":13570,"template":"","tags":[108,41],"acf":[],"yoast_head":"<title>Quantum - Grupo Piovan<\/title>\n<meta name=\"robots\" content=\"index, follow, max-snippet:-1, max-image-preview:large, max-video-preview:-1\" \/>\n<link rel=\"canonical\" href=\"https:\/\/www.piovan.com\/es\/product\/quantum\/\" \/>\n<meta property=\"og:locale\" content=\"es_ES\" \/>\n<meta property=\"og:type\" content=\"article\" \/>\n<meta property=\"og:title\" content=\"Quantum - PiovanGroup\" \/>\n<meta property=\"og:description\" content=\"Quantum are gravimetric blenders suitable for all plastic materials, immune to vibrations and easy to use. All the surfaces that come into contact with the process material are stainless steel and can be used in the most critical environments, like the medical and food packaging sectors. Its semispherical shape assures perfect mixing without stagnation. The range can have up to 6 dosing stations, which can be easily removed, for emptying or cleaning. The mixer can be installed remotely over the [&hellip;]\" \/>\n<meta property=\"og:url\" content=\"https:\/\/www.piovan.com\/es\/product\/quantum\/\" \/>\n<meta property=\"og:site_name\" content=\"PiovanGroup\" \/>\n<meta property=\"article:modified_time\" content=\"2025-02-26T15:02:21+00:00\" \/>\n<meta property=\"og:image\" content=\"https:\/\/www.piovan.com\/wp-content\/uploads\/Quantum-1.png\" \/>\n\t<meta property=\"og:image:width\" content=\"1200\" \/>\n\t<meta property=\"og:image:height\" content=\"1560\" \/>\n\t<meta property=\"og:image:type\" content=\"image\/png\" \/>\n<meta name=\"twitter:card\" content=\"summary_large_image\" \/>\n<script type=\"application\/ld+json\" class=\"yoast-schema-graph\">{\"@context\":\"https:\/\/schema.org\",\"@graph\":[{\"@type\":\"WebPage\",\"@id\":\"https:\/\/www.piovan.com\/product\/quantum\/\",\"url\":\"https:\/\/www.piovan.com\/product\/quantum\/\",\"name\":\"Quantum - PiovanGroup\",\"isPartOf\":{\"@id\":\"https:\/\/www.piovan.com\/#website\"},\"datePublished\":\"2021-11-09T06:56:46+00:00\",\"dateModified\":\"2025-02-26T15:02:21+00:00\",\"breadcrumb\":{\"@id\":\"https:\/\/www.piovan.com\/product\/quantum\/#breadcrumb\"},\"inLanguage\":\"es\",\"potentialAction\":[{\"@type\":\"ReadAction\",\"target\":[\"https:\/\/www.piovan.com\/product\/quantum\/\"]}]},{\"@type\":\"BreadcrumbList\",\"@id\":\"https:\/\/www.piovan.com\/product\/quantum\/#breadcrumb\",\"itemListElement\":[{\"@type\":\"ListItem\",\"position\":1,\"name\":\"Home\",\"item\":\"https:\/\/www.piovan.com\/\"},{\"@type\":\"ListItem\",\"position\":2,\"name\":\"Plastic\",\"item\":\"https:\/\/www.piovan.com\/es\/products\/plastico\/\"},{\"@type\":\"ListItem\",\"position\":3,\"name\":\"Dosing &amp; Blending\",\"item\":\"https:\/\/www.piovan.com\/es\/products\/plastico\/dosificacion\/\"},{\"@type\":\"ListItem\",\"position\":4,\"name\":\"Quantum\"}]},{\"@type\":\"WebSite\",\"@id\":\"https:\/\/www.piovan.com\/#website\",\"url\":\"https:\/\/www.piovan.com\/\",\"name\":\"PiovanGroup\",\"description\":\"\",\"publisher\":{\"@id\":\"https:\/\/www.piovan.com\/#organization\"},\"potentialAction\":[{\"@type\":\"SearchAction\",\"target\":{\"@type\":\"EntryPoint\",\"urlTemplate\":\"https:\/\/www.piovan.com\/?s={search_term_string}\"},\"query-input\":\"required name=search_term_string\"}],\"inLanguage\":\"es\"},{\"@type\":\"Organization\",\"@id\":\"https:\/\/www.piovan.com\/#organization\",\"name\":\"PiovanGroup\",\"url\":\"https:\/\/www.piovan.com\/\",\"logo\":{\"@type\":\"ImageObject\",\"inLanguage\":\"es\",\"@id\":\"https:\/\/www.piovan.com\/#\/schema\/logo\/image\/\",\"url\":\"https:\/\/www.piovan.com\/wp-content\/uploads\/2021\/06\/logo@2x.png\",\"contentUrl\":\"https:\/\/www.piovan.com\/wp-content\/uploads\/2021\/06\/logo@2x.png\",\"width\":489,\"height\":78,\"caption\":\"PiovanGroup\"},\"image\":{\"@id\":\"https:\/\/www.piovan.com\/#\/schema\/logo\/image\/\"}}]}<\/script>","yoast_head_json":{"title":"Quantum - Grupo Piovan","robots":{"index":"index","follow":"follow","max-snippet":"max-snippet:-1","max-image-preview":"max-image-preview:large","max-video-preview":"max-video-preview:-1"},"canonical":"https:\/\/www.piovan.com\/es\/product\/quantum\/","og_locale":"es_ES","og_type":"article","og_title":"Quantum - PiovanGroup","og_description":"Quantum are gravimetric blenders suitable for all plastic materials, immune to vibrations and easy to use. All the surfaces that come into contact with the process material are stainless steel and can be used in the most critical environments, like the medical and food packaging sectors. Its semispherical shape assures perfect mixing without stagnation. The range can have up to 6 dosing stations, which can be easily removed, for emptying or cleaning. The mixer can be installed remotely over the [&hellip;]","og_url":"https:\/\/www.piovan.com\/es\/product\/quantum\/","og_site_name":"PiovanGroup","article_modified_time":"2025-02-26T15:02:21+00:00","og_image":[{"width":1200,"height":1560,"url":"https:\/\/www.piovan.com\/wp-content\/uploads\/Quantum-1.png","type":"image\/png"}],"twitter_card":"summary_large_image","schema":{"@context":"https:\/\/schema.org","@graph":[{"@type":"WebPage","@id":"https:\/\/www.piovan.com\/product\/quantum\/","url":"https:\/\/www.piovan.com\/product\/quantum\/","name":"Quantum - PiovanGroup","isPartOf":{"@id":"https:\/\/www.piovan.com\/#website"},"datePublished":"2021-11-09T06:56:46+00:00","dateModified":"2025-02-26T15:02:21+00:00","breadcrumb":{"@id":"https:\/\/www.piovan.com\/product\/quantum\/#breadcrumb"},"inLanguage":"es","potentialAction":[{"@type":"ReadAction","target":["https:\/\/www.piovan.com\/product\/quantum\/"]}]},{"@type":"BreadcrumbList","@id":"https:\/\/www.piovan.com\/product\/quantum\/#breadcrumb","itemListElement":[{"@type":"ListItem","position":1,"name":"Home","item":"https:\/\/www.piovan.com\/"},{"@type":"ListItem","position":2,"name":"Plastic","item":"https:\/\/www.piovan.com\/es\/products\/plastico\/"},{"@type":"ListItem","position":3,"name":"Dosing &amp; Blending","item":"https:\/\/www.piovan.com\/es\/products\/plastico\/dosificacion\/"},{"@type":"ListItem","position":4,"name":"Quantum"}]},{"@type":"WebSite","@id":"https:\/\/www.piovan.com\/#website","url":"https:\/\/www.piovan.com\/","name":"PiovanGroup","description":"","publisher":{"@id":"https:\/\/www.piovan.com\/#organization"},"potentialAction":[{"@type":"SearchAction","target":{"@type":"EntryPoint","urlTemplate":"https:\/\/www.piovan.com\/?s={search_term_string}"},"query-input":"required name=search_term_string"}],"inLanguage":"es"},{"@type":"Organization","@id":"https:\/\/www.piovan.com\/#organization","name":"PiovanGroup","url":"https:\/\/www.piovan.com\/","logo":{"@type":"ImageObject","inLanguage":"es","@id":"https:\/\/www.piovan.com\/#\/schema\/logo\/image\/","url":"https:\/\/www.piovan.com\/wp-content\/uploads\/2021\/06\/logo@2x.png","contentUrl":"https:\/\/www.piovan.com\/wp-content\/uploads\/2021\/06\/logo@2x.png","width":489,"height":78,"caption":"PiovanGroup"},"image":{"@id":"https:\/\/www.piovan.com\/#\/schema\/logo\/image\/"}}]}},"_links":{"self":[{"href":"https:\/\/www.piovan.com\/es\/wp-json\/wp\/v2\/product\/4799"}],"collection":[{"href":"https:\/\/www.piovan.com\/es\/wp-json\/wp\/v2\/product"}],"about":[{"href":"https:\/\/www.piovan.com\/es\/wp-json\/wp\/v2\/types\/product"}],"version-history":[{"count":3,"href":"https:\/\/www.piovan.com\/es\/wp-json\/wp\/v2\/product\/4799\/revisions"}],"predecessor-version":[{"id":14556,"href":"https:\/\/www.piovan.com\/es\/wp-json\/wp\/v2\/product\/4799\/revisions\/14556"}],"wp:featuredmedia":[{"embeddable":true,"href":"https:\/\/www.piovan.com\/es\/wp-json\/wp\/v2\/media\/13570"}],"wp:attachment":[{"href":"https:\/\/www.piovan.com\/es\/wp-json\/wp\/v2\/media?parent=4799"}],"wp:term":[{"taxonomy":"post_tag","embeddable":true,"href":"https:\/\/www.piovan.com\/es\/wp-json\/wp\/v2\/tags?post=4799"}],"curies":[{"name":"wp","href":"https:\/\/api.w.org\/{rel}","templated":true}]}}