{"id":4791,"date":"2021-11-09T07:43:16","date_gmt":"2021-11-09T06:43:16","guid":{"rendered":"https:\/\/www.piovan.com\/product\/mdw-gravimetric-batch-blenders-2\/"},"modified":"2024-10-04T12:44:59","modified_gmt":"2024-10-04T10:44:59","slug":"quantum-e","status":"publish","type":"product","link":"https:\/\/www.piovan.com\/es\/product\/quantum-e\/","title":{"rendered":"Quantum E"},"content":{"rendered":"<p>Quantum E es una soluci\u00f3n sencilla y eficaz para la dosificaci\u00f3n y el control del proceso de extrusi\u00f3n. Su control es mediante PLC de \u00faltima generaci\u00f3n, con pantallas t\u00e1ctiles en color de hasta 15\", para un control total de la extrusi\u00f3n en tiempo real.<\/p>\n<p>Quantum E es muy vers\u00e1til gracias a sus 8 estaciones de dosificaci\u00f3n: cada estaci\u00f3n se a\u00f1ade o sustituye mediante una simple operaci\u00f3n mec\u00e1nica sin necesidad de complejas maniobras y en condiciones de total seguridad para el operador y los equipos cercanos.<\/p>\n<p>Quantum E ha sido dise\u00f1ado y construido para la trazabilidad total del proceso, especialmente en combinaci\u00f3n con Winfactory 4.0.<\/p>\n<p>El particular dise\u00f1o del mezclador esf\u00e9rico patentado, con doble c\u00e9lula de carga, asegura una mezcla homog\u00e9nea y precisa de los distintos ingredientes.<\/p>","protected":false},"featured_media":13567,"template":"","tags":[108],"acf":[],"yoast_head":"<title>Quantum E - Grupo Piovan<\/title>\n<meta name=\"robots\" content=\"index, follow, max-snippet:-1, max-image-preview:large, max-video-preview:-1\" \/>\n<link rel=\"canonical\" href=\"https:\/\/www.piovan.com\/es\/product\/quantum-e\/\" \/>\n<meta property=\"og:locale\" content=\"es_ES\" \/>\n<meta property=\"og:type\" content=\"article\" \/>\n<meta property=\"og:title\" content=\"Quantum E - PiovanGroup\" \/>\n<meta property=\"og:description\" content=\"Quantum E is a simple and effective solution for dosing and control of the extrusion process. Its control is by means of latest-generation PLC, with colour touch screens up to 15\u201d, for total extrusion control in real-time. Quantum E is very versatile thanks to 8 dosing stations: each station is added or replaced by a simple mechanical operation without the need for complex manoeuvring and in conditions of complete safety for the operator and nearby equipment. Quantum E has been [&hellip;]\" \/>\n<meta property=\"og:url\" content=\"https:\/\/www.piovan.com\/es\/product\/quantum-e\/\" \/>\n<meta property=\"og:site_name\" content=\"PiovanGroup\" \/>\n<meta property=\"article:modified_time\" content=\"2024-10-04T10:44:59+00:00\" \/>\n<meta property=\"og:image\" content=\"https:\/\/www.piovan.com\/wp-content\/uploads\/QuantumE.png\" \/>\n\t<meta property=\"og:image:width\" content=\"1200\" \/>\n\t<meta property=\"og:image:height\" content=\"1560\" \/>\n\t<meta property=\"og:image:type\" content=\"image\/png\" \/>\n<meta name=\"twitter:card\" content=\"summary_large_image\" \/>\n<script type=\"application\/ld+json\" class=\"yoast-schema-graph\">{\"@context\":\"https:\/\/schema.org\",\"@graph\":[{\"@type\":\"WebPage\",\"@id\":\"https:\/\/www.piovan.com\/product\/quantum-e\/\",\"url\":\"https:\/\/www.piovan.com\/product\/quantum-e\/\",\"name\":\"Quantum E - PiovanGroup\",\"isPartOf\":{\"@id\":\"https:\/\/www.piovan.com\/#website\"},\"datePublished\":\"2021-11-09T06:43:16+00:00\",\"dateModified\":\"2024-10-04T10:44:59+00:00\",\"breadcrumb\":{\"@id\":\"https:\/\/www.piovan.com\/product\/quantum-e\/#breadcrumb\"},\"inLanguage\":\"es\",\"potentialAction\":[{\"@type\":\"ReadAction\",\"target\":[\"https:\/\/www.piovan.com\/product\/quantum-e\/\"]}]},{\"@type\":\"BreadcrumbList\",\"@id\":\"https:\/\/www.piovan.com\/product\/quantum-e\/#breadcrumb\",\"itemListElement\":[{\"@type\":\"ListItem\",\"position\":1,\"name\":\"Home\",\"item\":\"https:\/\/www.piovan.com\/\"},{\"@type\":\"ListItem\",\"position\":2,\"name\":\"Plastic\",\"item\":\"https:\/\/www.piovan.com\/es\/products\/plastico\/\"},{\"@type\":\"ListItem\",\"position\":3,\"name\":\"Dosing &amp; Blending\",\"item\":\"https:\/\/www.piovan.com\/es\/products\/plastico\/dosificacion\/\"},{\"@type\":\"ListItem\",\"position\":4,\"name\":\"Quantum E\"}]},{\"@type\":\"WebSite\",\"@id\":\"https:\/\/www.piovan.com\/#website\",\"url\":\"https:\/\/www.piovan.com\/\",\"name\":\"PiovanGroup\",\"description\":\"\",\"publisher\":{\"@id\":\"https:\/\/www.piovan.com\/#organization\"},\"potentialAction\":[{\"@type\":\"SearchAction\",\"target\":{\"@type\":\"EntryPoint\",\"urlTemplate\":\"https:\/\/www.piovan.com\/?s={search_term_string}\"},\"query-input\":\"required name=search_term_string\"}],\"inLanguage\":\"es\"},{\"@type\":\"Organization\",\"@id\":\"https:\/\/www.piovan.com\/#organization\",\"name\":\"PiovanGroup\",\"url\":\"https:\/\/www.piovan.com\/\",\"logo\":{\"@type\":\"ImageObject\",\"inLanguage\":\"es\",\"@id\":\"https:\/\/www.piovan.com\/#\/schema\/logo\/image\/\",\"url\":\"https:\/\/www.piovan.com\/wp-content\/uploads\/2021\/06\/logo@2x.png\",\"contentUrl\":\"https:\/\/www.piovan.com\/wp-content\/uploads\/2021\/06\/logo@2x.png\",\"width\":489,\"height\":78,\"caption\":\"PiovanGroup\"},\"image\":{\"@id\":\"https:\/\/www.piovan.com\/#\/schema\/logo\/image\/\"}}]}<\/script>","yoast_head_json":{"title":"Quantum E - Grupo Piovan","robots":{"index":"index","follow":"follow","max-snippet":"max-snippet:-1","max-image-preview":"max-image-preview:large","max-video-preview":"max-video-preview:-1"},"canonical":"https:\/\/www.piovan.com\/es\/product\/quantum-e\/","og_locale":"es_ES","og_type":"article","og_title":"Quantum E - PiovanGroup","og_description":"Quantum E is a simple and effective solution for dosing and control of the extrusion process. Its control is by means of latest-generation PLC, with colour touch screens up to 15\u201d, for total extrusion control in real-time. Quantum E is very versatile thanks to 8 dosing stations: each station is added or replaced by a simple mechanical operation without the need for complex manoeuvring and in conditions of complete safety for the operator and nearby equipment. Quantum E has been [&hellip;]","og_url":"https:\/\/www.piovan.com\/es\/product\/quantum-e\/","og_site_name":"PiovanGroup","article_modified_time":"2024-10-04T10:44:59+00:00","og_image":[{"width":1200,"height":1560,"url":"https:\/\/www.piovan.com\/wp-content\/uploads\/QuantumE.png","type":"image\/png"}],"twitter_card":"summary_large_image","schema":{"@context":"https:\/\/schema.org","@graph":[{"@type":"WebPage","@id":"https:\/\/www.piovan.com\/product\/quantum-e\/","url":"https:\/\/www.piovan.com\/product\/quantum-e\/","name":"Quantum E - PiovanGroup","isPartOf":{"@id":"https:\/\/www.piovan.com\/#website"},"datePublished":"2021-11-09T06:43:16+00:00","dateModified":"2024-10-04T10:44:59+00:00","breadcrumb":{"@id":"https:\/\/www.piovan.com\/product\/quantum-e\/#breadcrumb"},"inLanguage":"es","potentialAction":[{"@type":"ReadAction","target":["https:\/\/www.piovan.com\/product\/quantum-e\/"]}]},{"@type":"BreadcrumbList","@id":"https:\/\/www.piovan.com\/product\/quantum-e\/#breadcrumb","itemListElement":[{"@type":"ListItem","position":1,"name":"Home","item":"https:\/\/www.piovan.com\/"},{"@type":"ListItem","position":2,"name":"Plastic","item":"https:\/\/www.piovan.com\/es\/products\/plastico\/"},{"@type":"ListItem","position":3,"name":"Dosing &amp; Blending","item":"https:\/\/www.piovan.com\/es\/products\/plastico\/dosificacion\/"},{"@type":"ListItem","position":4,"name":"Quantum E"}]},{"@type":"WebSite","@id":"https:\/\/www.piovan.com\/#website","url":"https:\/\/www.piovan.com\/","name":"PiovanGroup","description":"","publisher":{"@id":"https:\/\/www.piovan.com\/#organization"},"potentialAction":[{"@type":"SearchAction","target":{"@type":"EntryPoint","urlTemplate":"https:\/\/www.piovan.com\/?s={search_term_string}"},"query-input":"required name=search_term_string"}],"inLanguage":"es"},{"@type":"Organization","@id":"https:\/\/www.piovan.com\/#organization","name":"PiovanGroup","url":"https:\/\/www.piovan.com\/","logo":{"@type":"ImageObject","inLanguage":"es","@id":"https:\/\/www.piovan.com\/#\/schema\/logo\/image\/","url":"https:\/\/www.piovan.com\/wp-content\/uploads\/2021\/06\/logo@2x.png","contentUrl":"https:\/\/www.piovan.com\/wp-content\/uploads\/2021\/06\/logo@2x.png","width":489,"height":78,"caption":"PiovanGroup"},"image":{"@id":"https:\/\/www.piovan.com\/#\/schema\/logo\/image\/"}}]}},"_links":{"self":[{"href":"https:\/\/www.piovan.com\/es\/wp-json\/wp\/v2\/product\/4791"}],"collection":[{"href":"https:\/\/www.piovan.com\/es\/wp-json\/wp\/v2\/product"}],"about":[{"href":"https:\/\/www.piovan.com\/es\/wp-json\/wp\/v2\/types\/product"}],"version-history":[{"count":3,"href":"https:\/\/www.piovan.com\/es\/wp-json\/wp\/v2\/product\/4791\/revisions"}],"predecessor-version":[{"id":13569,"href":"https:\/\/www.piovan.com\/es\/wp-json\/wp\/v2\/product\/4791\/revisions\/13569"}],"wp:featuredmedia":[{"embeddable":true,"href":"https:\/\/www.piovan.com\/es\/wp-json\/wp\/v2\/media\/13567"}],"wp:attachment":[{"href":"https:\/\/www.piovan.com\/es\/wp-json\/wp\/v2\/media?parent=4791"}],"wp:term":[{"taxonomy":"post_tag","embeddable":true,"href":"https:\/\/www.piovan.com\/es\/wp-json\/wp\/v2\/tags?post=4791"}],"curies":[{"name":"wp","href":"https:\/\/api.w.org\/{rel}","templated":true}]}}