{"id":4768,"date":"2021-11-08T19:30:12","date_gmt":"2021-11-08T18:30:12","guid":{"rendered":"https:\/\/www.piovan.com\/?post_type=product&#038;p=4768"},"modified":"2025-01-09T16:53:39","modified_gmt":"2025-01-09T15:53:39","slug":"lybra-lv-lvr","status":"publish","type":"product","link":"https:\/\/www.piovan.com\/es\/product\/lybra-lv-lvr\/","title":{"rendered":"Lybra LV - LVR"},"content":{"rendered":"<p>El dosificador volum\u00e9trico Lybra LV es preciso y flexible. Tambi\u00e9n est\u00e1 disponible en la versi\u00f3n enfriada con agua con el nombre de LVR.<\/p>\n<p>El sinf\u00edn de dosificaci\u00f3n est\u00e1 disponible en 3 configuraciones (individual, doble o triple) y garantiza altos nivel de precisi\u00f3n y repetibilidad.<br \/>\nLa intuitiva interfaz gr\u00e1fica de usuario permite al operador controlar los principales par\u00e1metros, como los valores reales y de ajuste o la producci\u00f3n instant\u00e1nea, y acceder a todas las funciones de la unidad.<\/p>\n<p>Dise\u00f1adas para simplificar el cambio de materiales, las estaciones de dosificaci\u00f3n pueden retirarse f\u00e1cil y r\u00e1pidamente por un solo operador y trasladarse de una unidad a otra.<br \/>\nEl dosificador Lybra LV\/LVR puede integrarse f\u00e1cilmente con los sistemas de supervisi\u00f3n, en particular con Winfactory 4.0.<\/p>\n<p>El cuerpo central est\u00e1 equipado con un mezclador est\u00e1tico gracias al cual los aditivos entran al centro de la columna de material virgen, asegurando una mezcla perfecta.<\/p>","protected":false},"featured_media":13452,"template":"","tags":[108],"acf":[],"yoast_head":"<title>Lybra LV - LVR - Grupo Piovan<\/title>\n<meta name=\"robots\" content=\"index, follow, max-snippet:-1, max-image-preview:large, max-video-preview:-1\" \/>\n<link rel=\"canonical\" href=\"https:\/\/www.piovan.com\/es\/product\/lybra-lv-lvr\/\" \/>\n<meta property=\"og:locale\" content=\"es_ES\" \/>\n<meta property=\"og:type\" content=\"article\" \/>\n<meta property=\"og:title\" content=\"Lybra LV - LVR - PiovanGroup\" \/>\n<meta property=\"og:description\" content=\"Lybra LV is a volumetric precise and flexible doser. It is also available in water-cooled version under the name of LVR. The dosing auger is available in 3 configurations, single, dual or triple flight screws, assures high levels of accuracy and repeatability. The intuitive graphical user interface allows the operator to control the main parameters such as actual and set values or instantaneous production and access all unit\u2019s functions. Designed to simplify the change of materials, dosing stations can be [&hellip;]\" \/>\n<meta property=\"og:url\" content=\"https:\/\/www.piovan.com\/es\/product\/lybra-lv-lvr\/\" \/>\n<meta property=\"og:site_name\" content=\"PiovanGroup\" \/>\n<meta property=\"article:modified_time\" content=\"2025-01-09T15:53:39+00:00\" \/>\n<meta property=\"og:image\" content=\"https:\/\/www.piovan.com\/wp-content\/uploads\/Lybra-LV.png\" \/>\n\t<meta property=\"og:image:width\" content=\"1200\" \/>\n\t<meta property=\"og:image:height\" content=\"1560\" \/>\n\t<meta property=\"og:image:type\" content=\"image\/png\" \/>\n<meta name=\"twitter:card\" content=\"summary_large_image\" \/>\n<script type=\"application\/ld+json\" class=\"yoast-schema-graph\">{\"@context\":\"https:\/\/schema.org\",\"@graph\":[{\"@type\":\"WebPage\",\"@id\":\"https:\/\/www.piovan.com\/product\/lybra-lv-lvr\/\",\"url\":\"https:\/\/www.piovan.com\/product\/lybra-lv-lvr\/\",\"name\":\"Lybra LV - LVR - PiovanGroup\",\"isPartOf\":{\"@id\":\"https:\/\/www.piovan.com\/#website\"},\"datePublished\":\"2021-11-08T18:30:12+00:00\",\"dateModified\":\"2025-01-09T15:53:39+00:00\",\"breadcrumb\":{\"@id\":\"https:\/\/www.piovan.com\/product\/lybra-lv-lvr\/#breadcrumb\"},\"inLanguage\":\"es\",\"potentialAction\":[{\"@type\":\"ReadAction\",\"target\":[\"https:\/\/www.piovan.com\/product\/lybra-lv-lvr\/\"]}]},{\"@type\":\"BreadcrumbList\",\"@id\":\"https:\/\/www.piovan.com\/product\/lybra-lv-lvr\/#breadcrumb\",\"itemListElement\":[{\"@type\":\"ListItem\",\"position\":1,\"name\":\"Home\",\"item\":\"https:\/\/www.piovan.com\/\"},{\"@type\":\"ListItem\",\"position\":2,\"name\":\"Plastic\",\"item\":\"https:\/\/www.piovan.com\/es\/products\/plastico\/\"},{\"@type\":\"ListItem\",\"position\":3,\"name\":\"Dosing &amp; Blending\",\"item\":\"https:\/\/www.piovan.com\/es\/products\/plastico\/dosificacion\/\"},{\"@type\":\"ListItem\",\"position\":4,\"name\":\"Lybra LV - LVR\"}]},{\"@type\":\"WebSite\",\"@id\":\"https:\/\/www.piovan.com\/#website\",\"url\":\"https:\/\/www.piovan.com\/\",\"name\":\"PiovanGroup\",\"description\":\"\",\"publisher\":{\"@id\":\"https:\/\/www.piovan.com\/#organization\"},\"potentialAction\":[{\"@type\":\"SearchAction\",\"target\":{\"@type\":\"EntryPoint\",\"urlTemplate\":\"https:\/\/www.piovan.com\/?s={search_term_string}\"},\"query-input\":\"required name=search_term_string\"}],\"inLanguage\":\"es\"},{\"@type\":\"Organization\",\"@id\":\"https:\/\/www.piovan.com\/#organization\",\"name\":\"PiovanGroup\",\"url\":\"https:\/\/www.piovan.com\/\",\"logo\":{\"@type\":\"ImageObject\",\"inLanguage\":\"es\",\"@id\":\"https:\/\/www.piovan.com\/#\/schema\/logo\/image\/\",\"url\":\"https:\/\/www.piovan.com\/wp-content\/uploads\/2021\/06\/logo@2x.png\",\"contentUrl\":\"https:\/\/www.piovan.com\/wp-content\/uploads\/2021\/06\/logo@2x.png\",\"width\":489,\"height\":78,\"caption\":\"PiovanGroup\"},\"image\":{\"@id\":\"https:\/\/www.piovan.com\/#\/schema\/logo\/image\/\"}}]}<\/script>","yoast_head_json":{"title":"Lybra LV - LVR - Grupo Piovan","robots":{"index":"index","follow":"follow","max-snippet":"max-snippet:-1","max-image-preview":"max-image-preview:large","max-video-preview":"max-video-preview:-1"},"canonical":"https:\/\/www.piovan.com\/es\/product\/lybra-lv-lvr\/","og_locale":"es_ES","og_type":"article","og_title":"Lybra LV - LVR - PiovanGroup","og_description":"Lybra LV is a volumetric precise and flexible doser. It is also available in water-cooled version under the name of LVR. The dosing auger is available in 3 configurations, single, dual or triple flight screws, assures high levels of accuracy and repeatability. The intuitive graphical user interface allows the operator to control the main parameters such as actual and set values or instantaneous production and access all unit\u2019s functions. Designed to simplify the change of materials, dosing stations can be [&hellip;]","og_url":"https:\/\/www.piovan.com\/es\/product\/lybra-lv-lvr\/","og_site_name":"PiovanGroup","article_modified_time":"2025-01-09T15:53:39+00:00","og_image":[{"width":1200,"height":1560,"url":"https:\/\/www.piovan.com\/wp-content\/uploads\/Lybra-LV.png","type":"image\/png"}],"twitter_card":"summary_large_image","schema":{"@context":"https:\/\/schema.org","@graph":[{"@type":"WebPage","@id":"https:\/\/www.piovan.com\/product\/lybra-lv-lvr\/","url":"https:\/\/www.piovan.com\/product\/lybra-lv-lvr\/","name":"Lybra LV - LVR - PiovanGroup","isPartOf":{"@id":"https:\/\/www.piovan.com\/#website"},"datePublished":"2021-11-08T18:30:12+00:00","dateModified":"2025-01-09T15:53:39+00:00","breadcrumb":{"@id":"https:\/\/www.piovan.com\/product\/lybra-lv-lvr\/#breadcrumb"},"inLanguage":"es","potentialAction":[{"@type":"ReadAction","target":["https:\/\/www.piovan.com\/product\/lybra-lv-lvr\/"]}]},{"@type":"BreadcrumbList","@id":"https:\/\/www.piovan.com\/product\/lybra-lv-lvr\/#breadcrumb","itemListElement":[{"@type":"ListItem","position":1,"name":"Home","item":"https:\/\/www.piovan.com\/"},{"@type":"ListItem","position":2,"name":"Plastic","item":"https:\/\/www.piovan.com\/es\/products\/plastico\/"},{"@type":"ListItem","position":3,"name":"Dosing &amp; Blending","item":"https:\/\/www.piovan.com\/es\/products\/plastico\/dosificacion\/"},{"@type":"ListItem","position":4,"name":"Lybra LV - LVR"}]},{"@type":"WebSite","@id":"https:\/\/www.piovan.com\/#website","url":"https:\/\/www.piovan.com\/","name":"PiovanGroup","description":"","publisher":{"@id":"https:\/\/www.piovan.com\/#organization"},"potentialAction":[{"@type":"SearchAction","target":{"@type":"EntryPoint","urlTemplate":"https:\/\/www.piovan.com\/?s={search_term_string}"},"query-input":"required name=search_term_string"}],"inLanguage":"es"},{"@type":"Organization","@id":"https:\/\/www.piovan.com\/#organization","name":"PiovanGroup","url":"https:\/\/www.piovan.com\/","logo":{"@type":"ImageObject","inLanguage":"es","@id":"https:\/\/www.piovan.com\/#\/schema\/logo\/image\/","url":"https:\/\/www.piovan.com\/wp-content\/uploads\/2021\/06\/logo@2x.png","contentUrl":"https:\/\/www.piovan.com\/wp-content\/uploads\/2021\/06\/logo@2x.png","width":489,"height":78,"caption":"PiovanGroup"},"image":{"@id":"https:\/\/www.piovan.com\/#\/schema\/logo\/image\/"}}]}},"_links":{"self":[{"href":"https:\/\/www.piovan.com\/es\/wp-json\/wp\/v2\/product\/4768"}],"collection":[{"href":"https:\/\/www.piovan.com\/es\/wp-json\/wp\/v2\/product"}],"about":[{"href":"https:\/\/www.piovan.com\/es\/wp-json\/wp\/v2\/types\/product"}],"version-history":[{"count":4,"href":"https:\/\/www.piovan.com\/es\/wp-json\/wp\/v2\/product\/4768\/revisions"}],"predecessor-version":[{"id":14206,"href":"https:\/\/www.piovan.com\/es\/wp-json\/wp\/v2\/product\/4768\/revisions\/14206"}],"wp:featuredmedia":[{"embeddable":true,"href":"https:\/\/www.piovan.com\/es\/wp-json\/wp\/v2\/media\/13452"}],"wp:attachment":[{"href":"https:\/\/www.piovan.com\/es\/wp-json\/wp\/v2\/media?parent=4768"}],"wp:term":[{"taxonomy":"post_tag","embeddable":true,"href":"https:\/\/www.piovan.com\/es\/wp-json\/wp\/v2\/tags?post=4768"}],"curies":[{"name":"wp","href":"https:\/\/api.w.org\/{rel}","templated":true}]}}