{"id":4761,"date":"2021-11-08T19:21:23","date_gmt":"2021-11-08T18:21:23","guid":{"rendered":"https:\/\/www.piovan.com\/?post_type=product&#038;p=4761"},"modified":"2025-01-09T17:04:50","modified_gmt":"2025-01-09T16:04:50","slug":"lybra-lg-lgr","status":"publish","type":"product","link":"https:\/\/www.piovan.com\/es\/product\/lybra-lg-lgr\/","title":{"rendered":"Lybra LG - LGR"},"content":{"rendered":"<p>El dosificador gravim\u00e9trico Lybra LG es preciso y flexible. Tambi\u00e9n est\u00e1 disponible el versi\u00f3n enfriada con el nombre de LGR.<\/p>\n<p>El sinf\u00edn de dosificaci\u00f3n est\u00e1 disponible en 3 configuraciones (individual, doble o triple) y garantiza un alto nivel de precisi\u00f3n y repetibilidad.<br \/>\nLa intuitiva interfaz gr\u00e1fica de usuario permite al operador controlar los principales par\u00e1metros, como los valores reales y de ajuste o la producci\u00f3n instant\u00e1nea, y acceder a todas las funciones de la unidad.<\/p>\n<p>El dosificador Lybra LG\/LGR puede integrarse f\u00e1cilmente con los sistemas de supervisi\u00f3n, en particular con Winfactory 4.0.<br \/>\nEl cuerpo central est\u00e1 equipado con un mezclador est\u00e1tico que deja entrar los aditivos al centro de la columna de material virgen, asegurando una mezcla\nperfecta.<\/p>\n<p>El dosificador Lybra cuenta con una estaci\u00f3n de dosificaci\u00f3n en \u00e1ngulo que controla la alimentaci\u00f3n excesiva del aditivo en el flujo de proceso y un dise\u00f1o de doble c\u00e9lula de carga, donde solo la tolva de mantenimiento est\u00e1\nsoportada por c\u00e9lulas de carga. Un soporte separado a\u00edsla la unidad de alimentaci\u00f3n de la tolva del sistema de alimentaci\u00f3n. Este dise\u00f1o permite obtener un mayor volumen del material, una mayor precisi\u00f3n y un menor desgaste de la unidad.<\/p>","protected":false},"featured_media":13448,"template":"","tags":[108,41],"acf":[],"yoast_head":"<title>Lybra LG - LGR - Grupo Piovan<\/title>\n<meta name=\"robots\" content=\"index, follow, max-snippet:-1, max-image-preview:large, max-video-preview:-1\" \/>\n<link rel=\"canonical\" href=\"https:\/\/www.piovan.com\/es\/product\/lybra-lg-lgr\/\" \/>\n<meta property=\"og:locale\" content=\"es_ES\" \/>\n<meta property=\"og:type\" content=\"article\" \/>\n<meta property=\"og:title\" content=\"Lybra LG - LGR - PiovanGroup\" \/>\n<meta property=\"og:description\" content=\"Lybra LG is a gravimetric doser which is precise and flexible. It is also available in cooled version under the name of LGR. The dosing auger available in 3 configurations, single, dual or triple flight screws, assures high level of accuracy and repeatability. The intuitive graphical user interface allows the operator to control the main parameters such as actual and set values or instantaneous production and access all unit\u2019s functions. Lybra LG\/LGR can be easily integrated in supervision system and [&hellip;]\" \/>\n<meta property=\"og:url\" content=\"https:\/\/www.piovan.com\/es\/product\/lybra-lg-lgr\/\" \/>\n<meta property=\"og:site_name\" content=\"PiovanGroup\" \/>\n<meta property=\"article:modified_time\" content=\"2025-01-09T16:04:50+00:00\" \/>\n<meta property=\"og:image\" content=\"https:\/\/www.piovan.com\/wp-content\/uploads\/Lybra-LG.png\" \/>\n\t<meta property=\"og:image:width\" content=\"1200\" \/>\n\t<meta property=\"og:image:height\" content=\"1560\" \/>\n\t<meta property=\"og:image:type\" content=\"image\/png\" \/>\n<meta name=\"twitter:card\" content=\"summary_large_image\" \/>\n<script type=\"application\/ld+json\" class=\"yoast-schema-graph\">{\"@context\":\"https:\/\/schema.org\",\"@graph\":[{\"@type\":\"WebPage\",\"@id\":\"https:\/\/www.piovan.com\/product\/lybra-lg-lgr\/\",\"url\":\"https:\/\/www.piovan.com\/product\/lybra-lg-lgr\/\",\"name\":\"Lybra LG - LGR - PiovanGroup\",\"isPartOf\":{\"@id\":\"https:\/\/www.piovan.com\/#website\"},\"datePublished\":\"2021-11-08T18:21:23+00:00\",\"dateModified\":\"2025-01-09T16:04:50+00:00\",\"breadcrumb\":{\"@id\":\"https:\/\/www.piovan.com\/product\/lybra-lg-lgr\/#breadcrumb\"},\"inLanguage\":\"es\",\"potentialAction\":[{\"@type\":\"ReadAction\",\"target\":[\"https:\/\/www.piovan.com\/product\/lybra-lg-lgr\/\"]}]},{\"@type\":\"BreadcrumbList\",\"@id\":\"https:\/\/www.piovan.com\/product\/lybra-lg-lgr\/#breadcrumb\",\"itemListElement\":[{\"@type\":\"ListItem\",\"position\":1,\"name\":\"Home\",\"item\":\"https:\/\/www.piovan.com\/\"},{\"@type\":\"ListItem\",\"position\":2,\"name\":\"Plastic\",\"item\":\"https:\/\/www.piovan.com\/es\/products\/plastico\/\"},{\"@type\":\"ListItem\",\"position\":3,\"name\":\"Dosing &amp; Blending\",\"item\":\"https:\/\/www.piovan.com\/es\/products\/plastico\/dosificacion\/\"},{\"@type\":\"ListItem\",\"position\":4,\"name\":\"Lybra LG - LGR\"}]},{\"@type\":\"WebSite\",\"@id\":\"https:\/\/www.piovan.com\/#website\",\"url\":\"https:\/\/www.piovan.com\/\",\"name\":\"PiovanGroup\",\"description\":\"\",\"publisher\":{\"@id\":\"https:\/\/www.piovan.com\/#organization\"},\"potentialAction\":[{\"@type\":\"SearchAction\",\"target\":{\"@type\":\"EntryPoint\",\"urlTemplate\":\"https:\/\/www.piovan.com\/?s={search_term_string}\"},\"query-input\":\"required name=search_term_string\"}],\"inLanguage\":\"es\"},{\"@type\":\"Organization\",\"@id\":\"https:\/\/www.piovan.com\/#organization\",\"name\":\"PiovanGroup\",\"url\":\"https:\/\/www.piovan.com\/\",\"logo\":{\"@type\":\"ImageObject\",\"inLanguage\":\"es\",\"@id\":\"https:\/\/www.piovan.com\/#\/schema\/logo\/image\/\",\"url\":\"https:\/\/www.piovan.com\/wp-content\/uploads\/2021\/06\/logo@2x.png\",\"contentUrl\":\"https:\/\/www.piovan.com\/wp-content\/uploads\/2021\/06\/logo@2x.png\",\"width\":489,\"height\":78,\"caption\":\"PiovanGroup\"},\"image\":{\"@id\":\"https:\/\/www.piovan.com\/#\/schema\/logo\/image\/\"}}]}<\/script>","yoast_head_json":{"title":"Lybra LG - LGR - Grupo Piovan","robots":{"index":"index","follow":"follow","max-snippet":"max-snippet:-1","max-image-preview":"max-image-preview:large","max-video-preview":"max-video-preview:-1"},"canonical":"https:\/\/www.piovan.com\/es\/product\/lybra-lg-lgr\/","og_locale":"es_ES","og_type":"article","og_title":"Lybra LG - LGR - PiovanGroup","og_description":"Lybra LG is a gravimetric doser which is precise and flexible. It is also available in cooled version under the name of LGR. The dosing auger available in 3 configurations, single, dual or triple flight screws, assures high level of accuracy and repeatability. The intuitive graphical user interface allows the operator to control the main parameters such as actual and set values or instantaneous production and access all unit\u2019s functions. Lybra LG\/LGR can be easily integrated in supervision system and [&hellip;]","og_url":"https:\/\/www.piovan.com\/es\/product\/lybra-lg-lgr\/","og_site_name":"PiovanGroup","article_modified_time":"2025-01-09T16:04:50+00:00","og_image":[{"width":1200,"height":1560,"url":"https:\/\/www.piovan.com\/wp-content\/uploads\/Lybra-LG.png","type":"image\/png"}],"twitter_card":"summary_large_image","schema":{"@context":"https:\/\/schema.org","@graph":[{"@type":"WebPage","@id":"https:\/\/www.piovan.com\/product\/lybra-lg-lgr\/","url":"https:\/\/www.piovan.com\/product\/lybra-lg-lgr\/","name":"Lybra LG - LGR - PiovanGroup","isPartOf":{"@id":"https:\/\/www.piovan.com\/#website"},"datePublished":"2021-11-08T18:21:23+00:00","dateModified":"2025-01-09T16:04:50+00:00","breadcrumb":{"@id":"https:\/\/www.piovan.com\/product\/lybra-lg-lgr\/#breadcrumb"},"inLanguage":"es","potentialAction":[{"@type":"ReadAction","target":["https:\/\/www.piovan.com\/product\/lybra-lg-lgr\/"]}]},{"@type":"BreadcrumbList","@id":"https:\/\/www.piovan.com\/product\/lybra-lg-lgr\/#breadcrumb","itemListElement":[{"@type":"ListItem","position":1,"name":"Home","item":"https:\/\/www.piovan.com\/"},{"@type":"ListItem","position":2,"name":"Plastic","item":"https:\/\/www.piovan.com\/es\/products\/plastico\/"},{"@type":"ListItem","position":3,"name":"Dosing &amp; Blending","item":"https:\/\/www.piovan.com\/es\/products\/plastico\/dosificacion\/"},{"@type":"ListItem","position":4,"name":"Lybra LG - LGR"}]},{"@type":"WebSite","@id":"https:\/\/www.piovan.com\/#website","url":"https:\/\/www.piovan.com\/","name":"PiovanGroup","description":"","publisher":{"@id":"https:\/\/www.piovan.com\/#organization"},"potentialAction":[{"@type":"SearchAction","target":{"@type":"EntryPoint","urlTemplate":"https:\/\/www.piovan.com\/?s={search_term_string}"},"query-input":"required name=search_term_string"}],"inLanguage":"es"},{"@type":"Organization","@id":"https:\/\/www.piovan.com\/#organization","name":"PiovanGroup","url":"https:\/\/www.piovan.com\/","logo":{"@type":"ImageObject","inLanguage":"es","@id":"https:\/\/www.piovan.com\/#\/schema\/logo\/image\/","url":"https:\/\/www.piovan.com\/wp-content\/uploads\/2021\/06\/logo@2x.png","contentUrl":"https:\/\/www.piovan.com\/wp-content\/uploads\/2021\/06\/logo@2x.png","width":489,"height":78,"caption":"PiovanGroup"},"image":{"@id":"https:\/\/www.piovan.com\/#\/schema\/logo\/image\/"}}]}},"_links":{"self":[{"href":"https:\/\/www.piovan.com\/es\/wp-json\/wp\/v2\/product\/4761"}],"collection":[{"href":"https:\/\/www.piovan.com\/es\/wp-json\/wp\/v2\/product"}],"about":[{"href":"https:\/\/www.piovan.com\/es\/wp-json\/wp\/v2\/types\/product"}],"version-history":[{"count":3,"href":"https:\/\/www.piovan.com\/es\/wp-json\/wp\/v2\/product\/4761\/revisions"}],"predecessor-version":[{"id":14209,"href":"https:\/\/www.piovan.com\/es\/wp-json\/wp\/v2\/product\/4761\/revisions\/14209"}],"wp:featuredmedia":[{"embeddable":true,"href":"https:\/\/www.piovan.com\/es\/wp-json\/wp\/v2\/media\/13448"}],"wp:attachment":[{"href":"https:\/\/www.piovan.com\/es\/wp-json\/wp\/v2\/media?parent=4761"}],"wp:term":[{"taxonomy":"post_tag","embeddable":true,"href":"https:\/\/www.piovan.com\/es\/wp-json\/wp\/v2\/tags?post=4761"}],"curies":[{"name":"wp","href":"https:\/\/api.w.org\/{rel}","templated":true}]}}