{"id":1705,"date":"2024-05-02T09:55:42","date_gmt":"2024-05-02T07:55:42","guid":{"rendered":"https:\/\/www.piovan.com\/?post_type=product&#038;p=1705"},"modified":"2025-01-07T11:35:26","modified_gmt":"2025-01-07T10:35:26","slug":"c-series","status":"publish","type":"product","link":"https:\/\/www.piovan.com\/es\/product\/c-series\/","title":{"rendered":"C Series"},"content":{"rendered":"<p>Serie de receptores trif\u00e1sicos multi- prop\u00f3sito para gr\u00e1nulos con capacidad de 2 a 200 litros.<\/p>\n<p>Es adecuado para materiales comunes pero tambi\u00e9n est\u00e1 disponible en configuraciones para los abrasivos o los que deben transportarse a alta temperatura.<\/p>","protected":false},"featured_media":12987,"template":"","tags":[108],"acf":[],"yoast_head":"<title>C Series - PiovanGroup<\/title>\n<meta name=\"robots\" content=\"index, follow, max-snippet:-1, max-image-preview:large, max-video-preview:-1\" \/>\n<link rel=\"canonical\" href=\"https:\/\/www.piovan.com\/es\/product\/c-series\/\" \/>\n<meta property=\"og:locale\" content=\"es_ES\" \/>\n<meta property=\"og:type\" content=\"article\" \/>\n<meta property=\"og:title\" content=\"C Series - PiovanGroup\" \/>\n<meta property=\"og:description\" content=\"Multi-purpose three-phase receiver series for granules with capacity from 2 to 200 litres. It is suitable for common materials but also available in configurations for abrasive ones or those that must be conveyed at high temperature.\" \/>\n<meta property=\"og:url\" content=\"https:\/\/www.piovan.com\/es\/product\/c-series\/\" \/>\n<meta property=\"og:site_name\" content=\"PiovanGroup\" \/>\n<meta property=\"article:modified_time\" content=\"2025-01-07T10:35:26+00:00\" \/>\n<meta property=\"og:image\" content=\"https:\/\/www.piovan.com\/wp-content\/uploads\/NUOVO-LOGO.png\" \/>\n\t<meta property=\"og:image:width\" content=\"1200\" \/>\n\t<meta property=\"og:image:height\" content=\"1560\" \/>\n\t<meta property=\"og:image:type\" content=\"image\/png\" \/>\n<meta name=\"twitter:card\" content=\"summary_large_image\" \/>\n<script type=\"application\/ld+json\" class=\"yoast-schema-graph\">{\"@context\":\"https:\/\/schema.org\",\"@graph\":[{\"@type\":\"WebPage\",\"@id\":\"https:\/\/www.piovan.com\/product\/c-series\/\",\"url\":\"https:\/\/www.piovan.com\/product\/c-series\/\",\"name\":\"C Series - PiovanGroup\",\"isPartOf\":{\"@id\":\"https:\/\/www.piovan.com\/#website\"},\"datePublished\":\"2024-05-02T07:55:42+00:00\",\"dateModified\":\"2025-01-07T10:35:26+00:00\",\"breadcrumb\":{\"@id\":\"https:\/\/www.piovan.com\/product\/c-series\/#breadcrumb\"},\"inLanguage\":\"es\",\"potentialAction\":[{\"@type\":\"ReadAction\",\"target\":[\"https:\/\/www.piovan.com\/product\/c-series\/\"]}]},{\"@type\":\"BreadcrumbList\",\"@id\":\"https:\/\/www.piovan.com\/product\/c-series\/#breadcrumb\",\"itemListElement\":[{\"@type\":\"ListItem\",\"position\":1,\"name\":\"Home\",\"item\":\"https:\/\/www.piovan.com\/\"},{\"@type\":\"ListItem\",\"position\":2,\"name\":\"Plastic\",\"item\":\"https:\/\/www.piovan.com\/es\/products\/plastico\/\"},{\"@type\":\"ListItem\",\"position\":3,\"name\":\"Feeding &amp; Conveying\",\"item\":\"https:\/\/www.piovan.com\/es\/products\/plastico\/alimentacion-y-transporte\/\"},{\"@type\":\"ListItem\",\"position\":4,\"name\":\"C Series\"}]},{\"@type\":\"WebSite\",\"@id\":\"https:\/\/www.piovan.com\/#website\",\"url\":\"https:\/\/www.piovan.com\/\",\"name\":\"PiovanGroup\",\"description\":\"\",\"publisher\":{\"@id\":\"https:\/\/www.piovan.com\/#organization\"},\"potentialAction\":[{\"@type\":\"SearchAction\",\"target\":{\"@type\":\"EntryPoint\",\"urlTemplate\":\"https:\/\/www.piovan.com\/?s={search_term_string}\"},\"query-input\":\"required name=search_term_string\"}],\"inLanguage\":\"es\"},{\"@type\":\"Organization\",\"@id\":\"https:\/\/www.piovan.com\/#organization\",\"name\":\"PiovanGroup\",\"url\":\"https:\/\/www.piovan.com\/\",\"logo\":{\"@type\":\"ImageObject\",\"inLanguage\":\"es\",\"@id\":\"https:\/\/www.piovan.com\/#\/schema\/logo\/image\/\",\"url\":\"https:\/\/www.piovan.com\/wp-content\/uploads\/2021\/06\/logo@2x.png\",\"contentUrl\":\"https:\/\/www.piovan.com\/wp-content\/uploads\/2021\/06\/logo@2x.png\",\"width\":489,\"height\":78,\"caption\":\"PiovanGroup\"},\"image\":{\"@id\":\"https:\/\/www.piovan.com\/#\/schema\/logo\/image\/\"}}]}<\/script>","yoast_head_json":{"title":"C Series - PiovanGroup","robots":{"index":"index","follow":"follow","max-snippet":"max-snippet:-1","max-image-preview":"max-image-preview:large","max-video-preview":"max-video-preview:-1"},"canonical":"https:\/\/www.piovan.com\/es\/product\/c-series\/","og_locale":"es_ES","og_type":"article","og_title":"C Series - PiovanGroup","og_description":"Multi-purpose three-phase receiver series for granules with capacity from 2 to 200 litres. It is suitable for common materials but also available in configurations for abrasive ones or those that must be conveyed at high temperature.","og_url":"https:\/\/www.piovan.com\/es\/product\/c-series\/","og_site_name":"PiovanGroup","article_modified_time":"2025-01-07T10:35:26+00:00","og_image":[{"width":1200,"height":1560,"url":"https:\/\/www.piovan.com\/wp-content\/uploads\/NUOVO-LOGO.png","type":"image\/png"}],"twitter_card":"summary_large_image","schema":{"@context":"https:\/\/schema.org","@graph":[{"@type":"WebPage","@id":"https:\/\/www.piovan.com\/product\/c-series\/","url":"https:\/\/www.piovan.com\/product\/c-series\/","name":"C Series - PiovanGroup","isPartOf":{"@id":"https:\/\/www.piovan.com\/#website"},"datePublished":"2024-05-02T07:55:42+00:00","dateModified":"2025-01-07T10:35:26+00:00","breadcrumb":{"@id":"https:\/\/www.piovan.com\/product\/c-series\/#breadcrumb"},"inLanguage":"es","potentialAction":[{"@type":"ReadAction","target":["https:\/\/www.piovan.com\/product\/c-series\/"]}]},{"@type":"BreadcrumbList","@id":"https:\/\/www.piovan.com\/product\/c-series\/#breadcrumb","itemListElement":[{"@type":"ListItem","position":1,"name":"Home","item":"https:\/\/www.piovan.com\/"},{"@type":"ListItem","position":2,"name":"Plastic","item":"https:\/\/www.piovan.com\/es\/products\/plastico\/"},{"@type":"ListItem","position":3,"name":"Feeding &amp; Conveying","item":"https:\/\/www.piovan.com\/es\/products\/plastico\/alimentacion-y-transporte\/"},{"@type":"ListItem","position":4,"name":"C Series"}]},{"@type":"WebSite","@id":"https:\/\/www.piovan.com\/#website","url":"https:\/\/www.piovan.com\/","name":"PiovanGroup","description":"","publisher":{"@id":"https:\/\/www.piovan.com\/#organization"},"potentialAction":[{"@type":"SearchAction","target":{"@type":"EntryPoint","urlTemplate":"https:\/\/www.piovan.com\/?s={search_term_string}"},"query-input":"required name=search_term_string"}],"inLanguage":"es"},{"@type":"Organization","@id":"https:\/\/www.piovan.com\/#organization","name":"PiovanGroup","url":"https:\/\/www.piovan.com\/","logo":{"@type":"ImageObject","inLanguage":"es","@id":"https:\/\/www.piovan.com\/#\/schema\/logo\/image\/","url":"https:\/\/www.piovan.com\/wp-content\/uploads\/2021\/06\/logo@2x.png","contentUrl":"https:\/\/www.piovan.com\/wp-content\/uploads\/2021\/06\/logo@2x.png","width":489,"height":78,"caption":"PiovanGroup"},"image":{"@id":"https:\/\/www.piovan.com\/#\/schema\/logo\/image\/"}}]}},"_links":{"self":[{"href":"https:\/\/www.piovan.com\/es\/wp-json\/wp\/v2\/product\/1705"}],"collection":[{"href":"https:\/\/www.piovan.com\/es\/wp-json\/wp\/v2\/product"}],"about":[{"href":"https:\/\/www.piovan.com\/es\/wp-json\/wp\/v2\/types\/product"}],"version-history":[{"count":3,"href":"https:\/\/www.piovan.com\/es\/wp-json\/wp\/v2\/product\/1705\/revisions"}],"predecessor-version":[{"id":14098,"href":"https:\/\/www.piovan.com\/es\/wp-json\/wp\/v2\/product\/1705\/revisions\/14098"}],"wp:featuredmedia":[{"embeddable":true,"href":"https:\/\/www.piovan.com\/es\/wp-json\/wp\/v2\/media\/12987"}],"wp:attachment":[{"href":"https:\/\/www.piovan.com\/es\/wp-json\/wp\/v2\/media?parent=1705"}],"wp:term":[{"taxonomy":"post_tag","embeddable":true,"href":"https:\/\/www.piovan.com\/es\/wp-json\/wp\/v2\/tags?post=1705"}],"curies":[{"name":"wp","href":"https:\/\/api.w.org\/{rel}","templated":true}]}}