{"id":13392,"date":"2024-10-01T16:53:57","date_gmt":"2024-10-01T14:53:57","guid":{"rendered":"https:\/\/www.piovan.com\/?post_type=product&#038;p=13392"},"modified":"2025-02-26T11:54:21","modified_gmt":"2025-02-26T10:54:21","slug":"handlinkevo","status":"publish","type":"product","link":"https:\/\/www.piovan.com\/es\/product\/handlinkevo\/","title":{"rendered":"HandlinkEVO"},"content":{"rendered":"<p>Handlink es la unidad manual de acoplamiento sin juntas que evita la contaminaci\u00f3n garantizando el vac\u00edo.<\/p>\n<p>Con las nuevas juntas de conexi\u00f3n Handlink, el acero inoxidable es el \u00fanico material que entra en contacto con los gr\u00e1nulos de pl\u00e1stico.<\/p>\n<p>El modelo HandlinkEVO est\u00e1 equipado con un sistema de control RFID con un LED local para estado de conexi\u00f3n en tiempo real.<\/p>\n<p>En combinaci\u00f3n con Easy3+, el sistema de alimentaci\u00f3n controla que el cierre o la conexi\u00f3n entre la fuente y el destino se realicen correctamente,\ninhibiendo los ciclos de alimentaci\u00f3n en caso de circuito abierto o de combinaci\u00f3n incorrecta de material, y avisando al operador.<\/p>\n<p>The Handlink EVO version allows the operator to couple material sources and receivers without error. A system of flashing colored LEDs assists the operator when setting up Handlink EVO. On request, Handlink EVO can also be integrated with Users\u2019 feeding systems.<\/p>\n<p>Bajo pedido, tambi\u00e9n est\u00e1 disponible un modelo con racor roscado de lat\u00f3n y sin sistema de etiquetado.<\/p>","protected":false},"featured_media":13486,"template":"","tags":[108],"acf":[],"yoast_head":"<title>HandlinkEVO - PiovanGroup<\/title>\n<meta name=\"robots\" content=\"index, follow, max-snippet:-1, max-image-preview:large, max-video-preview:-1\" \/>\n<link rel=\"canonical\" href=\"https:\/\/www.piovan.com\/es\/product\/handlinkevo\/\" \/>\n<meta property=\"og:locale\" content=\"es_ES\" \/>\n<meta property=\"og:type\" content=\"article\" \/>\n<meta property=\"og:title\" content=\"HandlinkEVO - PiovanGroup\" \/>\n<meta property=\"og:description\" content=\"Handlink is the gasket-less manual coupling station that avoids contamination while assuring vacuum. With the new couplings of Handlink, stainless steel is the only material that is in contact with the plastic granules. The Handlink EVO version is equipped with an RFID tagging system with a local LED for real-time status of the connection. In conjunction with Easy3+, the feeding system controls the proper closing or match between source and destination inhibiting the feeding cycles in case of open circuit [&hellip;]\" \/>\n<meta property=\"og:url\" content=\"https:\/\/www.piovan.com\/es\/product\/handlinkevo\/\" \/>\n<meta property=\"og:site_name\" content=\"PiovanGroup\" \/>\n<meta property=\"article:modified_time\" content=\"2025-02-26T10:54:21+00:00\" \/>\n<meta property=\"og:image\" content=\"https:\/\/www.piovan.com\/wp-content\/uploads\/Handlink-Evo.png\" \/>\n\t<meta property=\"og:image:width\" content=\"1200\" \/>\n\t<meta property=\"og:image:height\" content=\"1560\" \/>\n\t<meta property=\"og:image:type\" content=\"image\/png\" \/>\n<meta name=\"twitter:card\" content=\"summary_large_image\" \/>\n<script type=\"application\/ld+json\" class=\"yoast-schema-graph\">{\"@context\":\"https:\/\/schema.org\",\"@graph\":[{\"@type\":\"WebPage\",\"@id\":\"https:\/\/www.piovan.com\/product\/handlinkevo\/\",\"url\":\"https:\/\/www.piovan.com\/product\/handlinkevo\/\",\"name\":\"HandlinkEVO - PiovanGroup\",\"isPartOf\":{\"@id\":\"https:\/\/www.piovan.com\/#website\"},\"datePublished\":\"2024-10-01T14:53:57+00:00\",\"dateModified\":\"2025-02-26T10:54:21+00:00\",\"breadcrumb\":{\"@id\":\"https:\/\/www.piovan.com\/product\/handlinkevo\/#breadcrumb\"},\"inLanguage\":\"es\",\"potentialAction\":[{\"@type\":\"ReadAction\",\"target\":[\"https:\/\/www.piovan.com\/product\/handlinkevo\/\"]}]},{\"@type\":\"BreadcrumbList\",\"@id\":\"https:\/\/www.piovan.com\/product\/handlinkevo\/#breadcrumb\",\"itemListElement\":[{\"@type\":\"ListItem\",\"position\":1,\"name\":\"Home\",\"item\":\"https:\/\/www.piovan.com\/\"},{\"@type\":\"ListItem\",\"position\":2,\"name\":\"Plastic\",\"item\":\"https:\/\/www.piovan.com\/es\/products\/plastico\/\"},{\"@type\":\"ListItem\",\"position\":3,\"name\":\"Feeding &amp; Conveying\",\"item\":\"https:\/\/www.piovan.com\/es\/products\/plastico\/alimentacion-y-transporte\/\"},{\"@type\":\"ListItem\",\"position\":4,\"name\":\"HandlinkEVO\"}]},{\"@type\":\"WebSite\",\"@id\":\"https:\/\/www.piovan.com\/#website\",\"url\":\"https:\/\/www.piovan.com\/\",\"name\":\"PiovanGroup\",\"description\":\"\",\"publisher\":{\"@id\":\"https:\/\/www.piovan.com\/#organization\"},\"potentialAction\":[{\"@type\":\"SearchAction\",\"target\":{\"@type\":\"EntryPoint\",\"urlTemplate\":\"https:\/\/www.piovan.com\/?s={search_term_string}\"},\"query-input\":\"required name=search_term_string\"}],\"inLanguage\":\"es\"},{\"@type\":\"Organization\",\"@id\":\"https:\/\/www.piovan.com\/#organization\",\"name\":\"PiovanGroup\",\"url\":\"https:\/\/www.piovan.com\/\",\"logo\":{\"@type\":\"ImageObject\",\"inLanguage\":\"es\",\"@id\":\"https:\/\/www.piovan.com\/#\/schema\/logo\/image\/\",\"url\":\"https:\/\/www.piovan.com\/wp-content\/uploads\/2021\/06\/logo@2x.png\",\"contentUrl\":\"https:\/\/www.piovan.com\/wp-content\/uploads\/2021\/06\/logo@2x.png\",\"width\":489,\"height\":78,\"caption\":\"PiovanGroup\"},\"image\":{\"@id\":\"https:\/\/www.piovan.com\/#\/schema\/logo\/image\/\"}}]}<\/script>","yoast_head_json":{"title":"HandlinkEVO - PiovanGroup","robots":{"index":"index","follow":"follow","max-snippet":"max-snippet:-1","max-image-preview":"max-image-preview:large","max-video-preview":"max-video-preview:-1"},"canonical":"https:\/\/www.piovan.com\/es\/product\/handlinkevo\/","og_locale":"es_ES","og_type":"article","og_title":"HandlinkEVO - PiovanGroup","og_description":"Handlink is the gasket-less manual coupling station that avoids contamination while assuring vacuum. With the new couplings of Handlink, stainless steel is the only material that is in contact with the plastic granules. The Handlink EVO version is equipped with an RFID tagging system with a local LED for real-time status of the connection. In conjunction with Easy3+, the feeding system controls the proper closing or match between source and destination inhibiting the feeding cycles in case of open circuit [&hellip;]","og_url":"https:\/\/www.piovan.com\/es\/product\/handlinkevo\/","og_site_name":"PiovanGroup","article_modified_time":"2025-02-26T10:54:21+00:00","og_image":[{"width":1200,"height":1560,"url":"https:\/\/www.piovan.com\/wp-content\/uploads\/Handlink-Evo.png","type":"image\/png"}],"twitter_card":"summary_large_image","schema":{"@context":"https:\/\/schema.org","@graph":[{"@type":"WebPage","@id":"https:\/\/www.piovan.com\/product\/handlinkevo\/","url":"https:\/\/www.piovan.com\/product\/handlinkevo\/","name":"HandlinkEVO - PiovanGroup","isPartOf":{"@id":"https:\/\/www.piovan.com\/#website"},"datePublished":"2024-10-01T14:53:57+00:00","dateModified":"2025-02-26T10:54:21+00:00","breadcrumb":{"@id":"https:\/\/www.piovan.com\/product\/handlinkevo\/#breadcrumb"},"inLanguage":"es","potentialAction":[{"@type":"ReadAction","target":["https:\/\/www.piovan.com\/product\/handlinkevo\/"]}]},{"@type":"BreadcrumbList","@id":"https:\/\/www.piovan.com\/product\/handlinkevo\/#breadcrumb","itemListElement":[{"@type":"ListItem","position":1,"name":"Home","item":"https:\/\/www.piovan.com\/"},{"@type":"ListItem","position":2,"name":"Plastic","item":"https:\/\/www.piovan.com\/es\/products\/plastico\/"},{"@type":"ListItem","position":3,"name":"Feeding &amp; Conveying","item":"https:\/\/www.piovan.com\/es\/products\/plastico\/alimentacion-y-transporte\/"},{"@type":"ListItem","position":4,"name":"HandlinkEVO"}]},{"@type":"WebSite","@id":"https:\/\/www.piovan.com\/#website","url":"https:\/\/www.piovan.com\/","name":"PiovanGroup","description":"","publisher":{"@id":"https:\/\/www.piovan.com\/#organization"},"potentialAction":[{"@type":"SearchAction","target":{"@type":"EntryPoint","urlTemplate":"https:\/\/www.piovan.com\/?s={search_term_string}"},"query-input":"required name=search_term_string"}],"inLanguage":"es"},{"@type":"Organization","@id":"https:\/\/www.piovan.com\/#organization","name":"PiovanGroup","url":"https:\/\/www.piovan.com\/","logo":{"@type":"ImageObject","inLanguage":"es","@id":"https:\/\/www.piovan.com\/#\/schema\/logo\/image\/","url":"https:\/\/www.piovan.com\/wp-content\/uploads\/2021\/06\/logo@2x.png","contentUrl":"https:\/\/www.piovan.com\/wp-content\/uploads\/2021\/06\/logo@2x.png","width":489,"height":78,"caption":"PiovanGroup"},"image":{"@id":"https:\/\/www.piovan.com\/#\/schema\/logo\/image\/"}}]}},"_links":{"self":[{"href":"https:\/\/www.piovan.com\/es\/wp-json\/wp\/v2\/product\/13392"}],"collection":[{"href":"https:\/\/www.piovan.com\/es\/wp-json\/wp\/v2\/product"}],"about":[{"href":"https:\/\/www.piovan.com\/es\/wp-json\/wp\/v2\/types\/product"}],"version-history":[{"count":4,"href":"https:\/\/www.piovan.com\/es\/wp-json\/wp\/v2\/product\/13392\/revisions"}],"predecessor-version":[{"id":14534,"href":"https:\/\/www.piovan.com\/es\/wp-json\/wp\/v2\/product\/13392\/revisions\/14534"}],"wp:featuredmedia":[{"embeddable":true,"href":"https:\/\/www.piovan.com\/es\/wp-json\/wp\/v2\/media\/13486"}],"wp:attachment":[{"href":"https:\/\/www.piovan.com\/es\/wp-json\/wp\/v2\/media?parent=13392"}],"wp:term":[{"taxonomy":"post_tag","embeddable":true,"href":"https:\/\/www.piovan.com\/es\/wp-json\/wp\/v2\/tags?post=13392"}],"curies":[{"name":"wp","href":"https:\/\/api.w.org\/{rel}","templated":true}]}}