{"id":11201,"date":"2023-12-14T09:40:40","date_gmt":"2023-12-14T08:40:40","guid":{"rendered":"https:\/\/www.piovan.com\/product\/slim-1911-4311\/"},"modified":"2025-10-23T16:20:26","modified_gmt":"2025-10-23T14:20:26","slug":"slim-1911-4311","status":"publish","type":"product","link":"https:\/\/www.piovan.com\/es\/product\/slim-1911-4311\/","title":{"rendered":"Slim 1911-4311"},"content":{"rendered":"<p><strong>Model SCA 1911-4311<br \/>\n1 X compresor SCROLL, 1 X circuito de refrigeraci\u00f3n<br \/>\n<\/strong><\/p>\n<p>La serie SLIM de refrigeradores port\u00e1tiles proporciona agua a baja temperatura independientemente de cualquier condici\u00f3n ambiental. La gama, dise\u00f1ada para su aplicaci\u00f3n en todos los sectores industriales, asegura la m\u00e1xima flexibilidad y un funcionamiento energ\u00e9ticamente eficiente.<\/p>\n<p><strong>Caracter\u00edsticas<\/strong><br \/>\n\u2022 <strong>Funcionamiento flexible<\/strong>Temperatura del aire ambiente hasta +40 \u00b0C<br \/>\n\u2022 <strong>Ecocompatible<\/strong>: Refrigerante ecol\u00f3gico R410a con alta capacidad de refrigeraci\u00f3n<br \/>\n\u2022 <strong>Reduced energy absorption and lower noise levels<\/strong>: compresor scroll<br \/>\n\u2022 <strong>High efficient heat exchange<\/strong>: evaporador de placas soldadas de acero inoxidable<br \/>\n\u2022 <strong>Optimal flow<\/strong>: bomba de circulaci\u00f3n de agua interna<br \/>\n\u2022 <strong>Temperature stability and low thermal dispersion<\/strong>: dep\u00f3sito interno de acero inoxidable y aislado de tipo abierto para descargar el aire dentro del circuito durante el cambio de producci\u00f3n<br \/>\n\u2022 <strong>Safe functioning<\/strong>: presostatos de alta y baja presi\u00f3n, man\u00f3metros de alta y baja presi\u00f3n, filtros met\u00e1licos en los condensadores, interruptor de flujo.<br \/>\n\u2022 <strong>F\u00e1cil y r\u00e1pido uso<\/strong>: control por microprocesador que muestra la temperatura del agua programada y real y las alarmas<br \/>\n\u2022 Tama\u00f1o reducido<br \/>\n\u2022 Circuito de agua construido con <strong>no ferrous part<\/strong><\/p>\n<p><strong>Opcional<\/strong><br \/>\n\u2022 Kit de seguridad anti-desbordamiento<br \/>\n\u2022 Interfaz en serie Modbus<br \/>\n\u2022 Alarma ac\u00fastica con l\u00e1mpara<br \/>\n\u2022 V\u00e1lvula de by-pass para gas caliente, para una temperatura del agua extremadamente precisa<br \/>\n\u2022 Versi\u00f3n exterior<br \/>\n\u2022 Filtro de agua mec\u00e1nico<\/p>","protected":false},"featured_media":11202,"template":"","tags":[168],"acf":[],"yoast_head":"<title>Slim 1911-4311 - Grupo Piovan<\/title>\n<meta name=\"robots\" content=\"index, follow, max-snippet:-1, max-image-preview:large, max-video-preview:-1\" \/>\n<link rel=\"canonical\" href=\"https:\/\/www.piovan.com\/es\/product\/slim-1911-4311\/\" \/>\n<meta property=\"og:locale\" content=\"es_ES\" \/>\n<meta property=\"og:type\" content=\"article\" \/>\n<meta property=\"og:title\" content=\"Slim 1911-4311 - PiovanGroup\" \/>\n<meta property=\"og:description\" content=\"Model SCA 1911-4311 1 X SCROLL compressor, 1 X refrigerant circuit The SLIM Series of portable chillers provide low temperature water independent from any ambient condition. The range, designed for application in all the industrial sectors, assures maximum flexibility and energy efficient functioning. Features \u2022 Flexible functioning: ambient air temperatures up to +40\u00b0C \u2022 Eco-compatible: green refrigerant R410a with high cooling capacity \u2022 Reduced energy absorption and lower noise levels: scroll compressor \u2022 High efficient heat exchange: stainless steel brazed [&hellip;]\" \/>\n<meta property=\"og:url\" content=\"https:\/\/www.piovan.com\/es\/product\/slim-1911-4311\/\" \/>\n<meta property=\"og:site_name\" content=\"PiovanGroup\" \/>\n<meta property=\"article:modified_time\" content=\"2025-10-23T14:20:26+00:00\" \/>\n<meta property=\"og:image\" content=\"https:\/\/www.piovan.com\/wp-content\/uploads\/0006_SLIM-SCA-1911-4311.png\" \/>\n\t<meta property=\"og:image:width\" content=\"1200\" \/>\n\t<meta property=\"og:image:height\" content=\"1560\" \/>\n\t<meta property=\"og:image:type\" content=\"image\/png\" \/>\n<meta name=\"twitter:card\" content=\"summary_large_image\" \/>\n<script type=\"application\/ld+json\" class=\"yoast-schema-graph\">{\"@context\":\"https:\/\/schema.org\",\"@graph\":[{\"@type\":\"WebPage\",\"@id\":\"https:\/\/www.piovan.com\/product\/slim-1911-4311\/\",\"url\":\"https:\/\/www.piovan.com\/product\/slim-1911-4311\/\",\"name\":\"Slim 1911-4311 - PiovanGroup\",\"isPartOf\":{\"@id\":\"https:\/\/www.piovan.com\/#website\"},\"datePublished\":\"2023-12-14T08:40:40+00:00\",\"dateModified\":\"2025-10-23T14:20:26+00:00\",\"breadcrumb\":{\"@id\":\"https:\/\/www.piovan.com\/product\/slim-1911-4311\/#breadcrumb\"},\"inLanguage\":\"es\",\"potentialAction\":[{\"@type\":\"ReadAction\",\"target\":[\"https:\/\/www.piovan.com\/product\/slim-1911-4311\/\"]}]},{\"@type\":\"BreadcrumbList\",\"@id\":\"https:\/\/www.piovan.com\/product\/slim-1911-4311\/#breadcrumb\",\"itemListElement\":[{\"@type\":\"ListItem\",\"position\":1,\"name\":\"Home\",\"item\":\"https:\/\/www.piovan.com\/\"},{\"@type\":\"ListItem\",\"position\":2,\"name\":\"Industrial cooling\",\"item\":\"https:\/\/www.piovan.com\/es\/products\/refrigeracion-industrial\/\"},{\"@type\":\"ListItem\",\"position\":3,\"name\":\"Air-Cooled Chillers\",\"item\":\"https:\/\/www.piovan.com\/es\/products\/refrigeracion-industrial\/air-cooled-chillers\/\"},{\"@type\":\"ListItem\",\"position\":4,\"name\":\"Slim 1911-4311\"}]},{\"@type\":\"WebSite\",\"@id\":\"https:\/\/www.piovan.com\/#website\",\"url\":\"https:\/\/www.piovan.com\/\",\"name\":\"PiovanGroup\",\"description\":\"\",\"publisher\":{\"@id\":\"https:\/\/www.piovan.com\/#organization\"},\"potentialAction\":[{\"@type\":\"SearchAction\",\"target\":{\"@type\":\"EntryPoint\",\"urlTemplate\":\"https:\/\/www.piovan.com\/?s={search_term_string}\"},\"query-input\":\"required name=search_term_string\"}],\"inLanguage\":\"es\"},{\"@type\":\"Organization\",\"@id\":\"https:\/\/www.piovan.com\/#organization\",\"name\":\"PiovanGroup\",\"url\":\"https:\/\/www.piovan.com\/\",\"logo\":{\"@type\":\"ImageObject\",\"inLanguage\":\"es\",\"@id\":\"https:\/\/www.piovan.com\/#\/schema\/logo\/image\/\",\"url\":\"https:\/\/www.piovan.com\/wp-content\/uploads\/2021\/06\/logo@2x.png\",\"contentUrl\":\"https:\/\/www.piovan.com\/wp-content\/uploads\/2021\/06\/logo@2x.png\",\"width\":489,\"height\":78,\"caption\":\"PiovanGroup\"},\"image\":{\"@id\":\"https:\/\/www.piovan.com\/#\/schema\/logo\/image\/\"}}]}<\/script>","yoast_head_json":{"title":"Slim 1911-4311 - Grupo Piovan","robots":{"index":"index","follow":"follow","max-snippet":"max-snippet:-1","max-image-preview":"max-image-preview:large","max-video-preview":"max-video-preview:-1"},"canonical":"https:\/\/www.piovan.com\/es\/product\/slim-1911-4311\/","og_locale":"es_ES","og_type":"article","og_title":"Slim 1911-4311 - PiovanGroup","og_description":"Model SCA 1911-4311 1 X SCROLL compressor, 1 X refrigerant circuit The SLIM Series of portable chillers provide low temperature water independent from any ambient condition. The range, designed for application in all the industrial sectors, assures maximum flexibility and energy efficient functioning. Features \u2022 Flexible functioning: ambient air temperatures up to +40\u00b0C \u2022 Eco-compatible: green refrigerant R410a with high cooling capacity \u2022 Reduced energy absorption and lower noise levels: scroll compressor \u2022 High efficient heat exchange: stainless steel brazed [&hellip;]","og_url":"https:\/\/www.piovan.com\/es\/product\/slim-1911-4311\/","og_site_name":"PiovanGroup","article_modified_time":"2025-10-23T14:20:26+00:00","og_image":[{"width":1200,"height":1560,"url":"https:\/\/www.piovan.com\/wp-content\/uploads\/0006_SLIM-SCA-1911-4311.png","type":"image\/png"}],"twitter_card":"summary_large_image","schema":{"@context":"https:\/\/schema.org","@graph":[{"@type":"WebPage","@id":"https:\/\/www.piovan.com\/product\/slim-1911-4311\/","url":"https:\/\/www.piovan.com\/product\/slim-1911-4311\/","name":"Slim 1911-4311 - PiovanGroup","isPartOf":{"@id":"https:\/\/www.piovan.com\/#website"},"datePublished":"2023-12-14T08:40:40+00:00","dateModified":"2025-10-23T14:20:26+00:00","breadcrumb":{"@id":"https:\/\/www.piovan.com\/product\/slim-1911-4311\/#breadcrumb"},"inLanguage":"es","potentialAction":[{"@type":"ReadAction","target":["https:\/\/www.piovan.com\/product\/slim-1911-4311\/"]}]},{"@type":"BreadcrumbList","@id":"https:\/\/www.piovan.com\/product\/slim-1911-4311\/#breadcrumb","itemListElement":[{"@type":"ListItem","position":1,"name":"Home","item":"https:\/\/www.piovan.com\/"},{"@type":"ListItem","position":2,"name":"Industrial cooling","item":"https:\/\/www.piovan.com\/es\/products\/refrigeracion-industrial\/"},{"@type":"ListItem","position":3,"name":"Air-Cooled Chillers","item":"https:\/\/www.piovan.com\/es\/products\/refrigeracion-industrial\/air-cooled-chillers\/"},{"@type":"ListItem","position":4,"name":"Slim 1911-4311"}]},{"@type":"WebSite","@id":"https:\/\/www.piovan.com\/#website","url":"https:\/\/www.piovan.com\/","name":"PiovanGroup","description":"","publisher":{"@id":"https:\/\/www.piovan.com\/#organization"},"potentialAction":[{"@type":"SearchAction","target":{"@type":"EntryPoint","urlTemplate":"https:\/\/www.piovan.com\/?s={search_term_string}"},"query-input":"required name=search_term_string"}],"inLanguage":"es"},{"@type":"Organization","@id":"https:\/\/www.piovan.com\/#organization","name":"PiovanGroup","url":"https:\/\/www.piovan.com\/","logo":{"@type":"ImageObject","inLanguage":"es","@id":"https:\/\/www.piovan.com\/#\/schema\/logo\/image\/","url":"https:\/\/www.piovan.com\/wp-content\/uploads\/2021\/06\/logo@2x.png","contentUrl":"https:\/\/www.piovan.com\/wp-content\/uploads\/2021\/06\/logo@2x.png","width":489,"height":78,"caption":"PiovanGroup"},"image":{"@id":"https:\/\/www.piovan.com\/#\/schema\/logo\/image\/"}}]}},"_links":{"self":[{"href":"https:\/\/www.piovan.com\/es\/wp-json\/wp\/v2\/product\/11201"}],"collection":[{"href":"https:\/\/www.piovan.com\/es\/wp-json\/wp\/v2\/product"}],"about":[{"href":"https:\/\/www.piovan.com\/es\/wp-json\/wp\/v2\/types\/product"}],"version-history":[{"count":2,"href":"https:\/\/www.piovan.com\/es\/wp-json\/wp\/v2\/product\/11201\/revisions"}],"predecessor-version":[{"id":15836,"href":"https:\/\/www.piovan.com\/es\/wp-json\/wp\/v2\/product\/11201\/revisions\/15836"}],"wp:featuredmedia":[{"embeddable":true,"href":"https:\/\/www.piovan.com\/es\/wp-json\/wp\/v2\/media\/11202"}],"wp:attachment":[{"href":"https:\/\/www.piovan.com\/es\/wp-json\/wp\/v2\/media?parent=11201"}],"wp:term":[{"taxonomy":"post_tag","embeddable":true,"href":"https:\/\/www.piovan.com\/es\/wp-json\/wp\/v2\/tags?post=11201"}],"curies":[{"name":"wp","href":"https:\/\/api.w.org\/{rel}","templated":true}]}}