{"id":11168,"date":"2023-12-13T17:01:39","date_gmt":"2023-12-13T16:01:39","guid":{"rendered":"https:\/\/www.piovan.com\/product\/flexcool\/"},"modified":"2025-10-23T15:55:48","modified_gmt":"2025-10-23T13:55:48","slug":"flexcool","status":"publish","type":"product","link":"https:\/\/www.piovan.com\/es\/product\/flexcool\/","title":{"rendered":"Flexcool"},"content":{"rendered":"<div>\n<p>Las tecnolog\u00edas de refrigeraci\u00f3n industrial est\u00e1n evolucionando a un ritmo muy r\u00e1pido para estar en l\u00ednea con la demanda creciente de orientaci\u00f3n al proceso y adaptarse a condiciones de producci\u00f3n cada vez m\u00e1s variables. Flexcool se ha desarrollado para hacer frente a esas estrictas condiciones de funcionamiento y ofrecer la m\u00e1xima precisi\u00f3n de control, flexibilidad de servicio y eficiencia en el uso de la energ\u00eda. La nueva gama de termoenfriadores de Thermal Care de la serie DigitempEvo, junto con la nueva l\u00ednea de unidades de enfriamiento en seco Aryacool, son los principales elementos de la soluci\u00f3n Flexcool y representan el estado de la t\u00e9cnica en el dise\u00f1o de equipos de refrigeraci\u00f3n y controles modernos.<\/p>\n<h3><strong>Soluci\u00f3n Flexcool<\/strong><\/h3>\n<p><strong>Tuber\u00edas - distribuci\u00f3n de agua simplificada<\/strong><br \/>\nUna sola l\u00ednea de tuber\u00edas a temperatura ambiente, en lugar de la tuber\u00eda grande y aislada necesaria desde la planta de refrigeraci\u00f3n central.<\/p>\n<\/div>","protected":false},"featured_media":11283,"template":"","tags":[168],"acf":[],"yoast_head":"<title>Flexcool - Grupo Piovan<\/title>\n<meta name=\"robots\" content=\"index, follow, max-snippet:-1, max-image-preview:large, max-video-preview:-1\" \/>\n<link rel=\"canonical\" href=\"https:\/\/www.piovan.com\/es\/product\/flexcool\/\" \/>\n<meta property=\"og:locale\" content=\"es_ES\" \/>\n<meta property=\"og:type\" content=\"article\" \/>\n<meta property=\"og:title\" content=\"Flexcool - PiovanGroup\" \/>\n<meta property=\"og:description\" content=\"Industrial cooling technologies evolve at a high pace, so to keep up with the demand of being more and more process centred and adaptive to increasingly variable production conditions. Flexcool was developed to cope with those stringent conditions of operation and to deliver the highest accuracy of control, flexibility of duty and efficiency of energy utilization. Thermal Care\u2019s newly introduced range of thermochiller of the DigitempEvo series, along with the new line of Aryacool dry cooler units, are the main [&hellip;]\" \/>\n<meta property=\"og:url\" content=\"https:\/\/www.piovan.com\/es\/product\/flexcool\/\" \/>\n<meta property=\"og:site_name\" content=\"PiovanGroup\" \/>\n<meta property=\"article:modified_time\" content=\"2025-10-23T13:55:48+00:00\" \/>\n<meta property=\"og:image\" content=\"https:\/\/www.piovan.com\/wp-content\/uploads\/0066_Flexcool_DTEvo.jpg\" \/>\n\t<meta property=\"og:image:width\" content=\"1200\" \/>\n\t<meta property=\"og:image:height\" content=\"1560\" \/>\n\t<meta property=\"og:image:type\" content=\"image\/jpeg\" \/>\n<meta name=\"twitter:card\" content=\"summary_large_image\" \/>\n<script type=\"application\/ld+json\" class=\"yoast-schema-graph\">{\"@context\":\"https:\/\/schema.org\",\"@graph\":[{\"@type\":\"WebPage\",\"@id\":\"https:\/\/www.piovan.com\/product\/flexcool\/\",\"url\":\"https:\/\/www.piovan.com\/product\/flexcool\/\",\"name\":\"Flexcool - PiovanGroup\",\"isPartOf\":{\"@id\":\"https:\/\/www.piovan.com\/#website\"},\"datePublished\":\"2023-12-13T16:01:39+00:00\",\"dateModified\":\"2025-10-23T13:55:48+00:00\",\"breadcrumb\":{\"@id\":\"https:\/\/www.piovan.com\/product\/flexcool\/#breadcrumb\"},\"inLanguage\":\"es\",\"potentialAction\":[{\"@type\":\"ReadAction\",\"target\":[\"https:\/\/www.piovan.com\/product\/flexcool\/\"]}]},{\"@type\":\"BreadcrumbList\",\"@id\":\"https:\/\/www.piovan.com\/product\/flexcool\/#breadcrumb\",\"itemListElement\":[{\"@type\":\"ListItem\",\"position\":1,\"name\":\"Home\",\"item\":\"https:\/\/www.piovan.com\/\"},{\"@type\":\"ListItem\",\"position\":2,\"name\":\"Industrial cooling\",\"item\":\"https:\/\/www.piovan.com\/es\/products\/refrigeracion-industrial\/\"},{\"@type\":\"ListItem\",\"position\":3,\"name\":\"Integrated Solutions\",\"item\":\"https:\/\/www.piovan.com\/es\/products\/refrigeracion-industrial\/integrated-solutions\/\"},{\"@type\":\"ListItem\",\"position\":4,\"name\":\"Flexcool\"}]},{\"@type\":\"WebSite\",\"@id\":\"https:\/\/www.piovan.com\/#website\",\"url\":\"https:\/\/www.piovan.com\/\",\"name\":\"PiovanGroup\",\"description\":\"\",\"publisher\":{\"@id\":\"https:\/\/www.piovan.com\/#organization\"},\"potentialAction\":[{\"@type\":\"SearchAction\",\"target\":{\"@type\":\"EntryPoint\",\"urlTemplate\":\"https:\/\/www.piovan.com\/?s={search_term_string}\"},\"query-input\":\"required name=search_term_string\"}],\"inLanguage\":\"es\"},{\"@type\":\"Organization\",\"@id\":\"https:\/\/www.piovan.com\/#organization\",\"name\":\"PiovanGroup\",\"url\":\"https:\/\/www.piovan.com\/\",\"logo\":{\"@type\":\"ImageObject\",\"inLanguage\":\"es\",\"@id\":\"https:\/\/www.piovan.com\/#\/schema\/logo\/image\/\",\"url\":\"https:\/\/www.piovan.com\/wp-content\/uploads\/2021\/06\/logo@2x.png\",\"contentUrl\":\"https:\/\/www.piovan.com\/wp-content\/uploads\/2021\/06\/logo@2x.png\",\"width\":489,\"height\":78,\"caption\":\"PiovanGroup\"},\"image\":{\"@id\":\"https:\/\/www.piovan.com\/#\/schema\/logo\/image\/\"}}]}<\/script>","yoast_head_json":{"title":"Flexcool - Grupo Piovan","robots":{"index":"index","follow":"follow","max-snippet":"max-snippet:-1","max-image-preview":"max-image-preview:large","max-video-preview":"max-video-preview:-1"},"canonical":"https:\/\/www.piovan.com\/es\/product\/flexcool\/","og_locale":"es_ES","og_type":"article","og_title":"Flexcool - PiovanGroup","og_description":"Industrial cooling technologies evolve at a high pace, so to keep up with the demand of being more and more process centred and adaptive to increasingly variable production conditions. Flexcool was developed to cope with those stringent conditions of operation and to deliver the highest accuracy of control, flexibility of duty and efficiency of energy utilization. Thermal Care\u2019s newly introduced range of thermochiller of the DigitempEvo series, along with the new line of Aryacool dry cooler units, are the main [&hellip;]","og_url":"https:\/\/www.piovan.com\/es\/product\/flexcool\/","og_site_name":"PiovanGroup","article_modified_time":"2025-10-23T13:55:48+00:00","og_image":[{"width":1200,"height":1560,"url":"https:\/\/www.piovan.com\/wp-content\/uploads\/0066_Flexcool_DTEvo.jpg","type":"image\/jpeg"}],"twitter_card":"summary_large_image","schema":{"@context":"https:\/\/schema.org","@graph":[{"@type":"WebPage","@id":"https:\/\/www.piovan.com\/product\/flexcool\/","url":"https:\/\/www.piovan.com\/product\/flexcool\/","name":"Flexcool - PiovanGroup","isPartOf":{"@id":"https:\/\/www.piovan.com\/#website"},"datePublished":"2023-12-13T16:01:39+00:00","dateModified":"2025-10-23T13:55:48+00:00","breadcrumb":{"@id":"https:\/\/www.piovan.com\/product\/flexcool\/#breadcrumb"},"inLanguage":"es","potentialAction":[{"@type":"ReadAction","target":["https:\/\/www.piovan.com\/product\/flexcool\/"]}]},{"@type":"BreadcrumbList","@id":"https:\/\/www.piovan.com\/product\/flexcool\/#breadcrumb","itemListElement":[{"@type":"ListItem","position":1,"name":"Home","item":"https:\/\/www.piovan.com\/"},{"@type":"ListItem","position":2,"name":"Industrial cooling","item":"https:\/\/www.piovan.com\/es\/products\/refrigeracion-industrial\/"},{"@type":"ListItem","position":3,"name":"Integrated Solutions","item":"https:\/\/www.piovan.com\/es\/products\/refrigeracion-industrial\/integrated-solutions\/"},{"@type":"ListItem","position":4,"name":"Flexcool"}]},{"@type":"WebSite","@id":"https:\/\/www.piovan.com\/#website","url":"https:\/\/www.piovan.com\/","name":"PiovanGroup","description":"","publisher":{"@id":"https:\/\/www.piovan.com\/#organization"},"potentialAction":[{"@type":"SearchAction","target":{"@type":"EntryPoint","urlTemplate":"https:\/\/www.piovan.com\/?s={search_term_string}"},"query-input":"required name=search_term_string"}],"inLanguage":"es"},{"@type":"Organization","@id":"https:\/\/www.piovan.com\/#organization","name":"PiovanGroup","url":"https:\/\/www.piovan.com\/","logo":{"@type":"ImageObject","inLanguage":"es","@id":"https:\/\/www.piovan.com\/#\/schema\/logo\/image\/","url":"https:\/\/www.piovan.com\/wp-content\/uploads\/2021\/06\/logo@2x.png","contentUrl":"https:\/\/www.piovan.com\/wp-content\/uploads\/2021\/06\/logo@2x.png","width":489,"height":78,"caption":"PiovanGroup"},"image":{"@id":"https:\/\/www.piovan.com\/#\/schema\/logo\/image\/"}}]}},"_links":{"self":[{"href":"https:\/\/www.piovan.com\/es\/wp-json\/wp\/v2\/product\/11168"}],"collection":[{"href":"https:\/\/www.piovan.com\/es\/wp-json\/wp\/v2\/product"}],"about":[{"href":"https:\/\/www.piovan.com\/es\/wp-json\/wp\/v2\/types\/product"}],"version-history":[{"count":3,"href":"https:\/\/www.piovan.com\/es\/wp-json\/wp\/v2\/product\/11168\/revisions"}],"predecessor-version":[{"id":15830,"href":"https:\/\/www.piovan.com\/es\/wp-json\/wp\/v2\/product\/11168\/revisions\/15830"}],"wp:featuredmedia":[{"embeddable":true,"href":"https:\/\/www.piovan.com\/es\/wp-json\/wp\/v2\/media\/11283"}],"wp:attachment":[{"href":"https:\/\/www.piovan.com\/es\/wp-json\/wp\/v2\/media?parent=11168"}],"wp:term":[{"taxonomy":"post_tag","embeddable":true,"href":"https:\/\/www.piovan.com\/es\/wp-json\/wp\/v2\/tags?post=11168"}],"curies":[{"name":"wp","href":"https:\/\/api.w.org\/{rel}","templated":true}]}}