{"id":10687,"date":"2023-08-28T10:02:25","date_gmt":"2023-08-28T08:02:25","guid":{"rendered":"https:\/\/www.piovan.com\/?post_type=product&#038;p=10687"},"modified":"2025-01-08T10:51:35","modified_gmt":"2025-01-08T09:51:35","slug":"easypure","status":"publish","type":"product","link":"https:\/\/www.piovan.com\/es\/product\/easypure\/","title":{"rendered":"Easypure"},"content":{"rendered":"<p>Easypure permite una mejora significativa en la calidad del material reciclado, destinado a la integraci\u00f3n en el proceso de reciclaje mec\u00e1nico, tras la fase de paletizaci\u00f3n. Easypure permite una mejora significativa en la calidad del material reciclado, destinado a la integraci\u00f3n en el proceso de reciclaje mec\u00e1nico, tras la fase de paletizaci\u00f3n.<\/p>\n<p>Easypure es un sistema flexible, ya que los par\u00e1metros principales pueden ajustarse seg\u00fan las condiciones de proceso reales. La temperatura, la cantidad de aire y el tiempo de mantenimiento se pueden controlar y ajustar manualmente o de manera completamente autom\u00e1tica.<\/p>\n<p>Easypure opera en un proceso continuo gracias a un sinf\u00edn de transporte que descarga la tolva y env\u00eda el material desodorizado al \u00e1rea de empaquetado o al sistema de transporte de la instalaci\u00f3n.<\/p>\n<p>Para un mayor control del proceso de desodorizaci\u00f3n, Easypure puede estar equipado con la nariz electr\u00f3nica desarrollada por Piovan, - OdorMinder - que proporciona una evaluaci\u00f3n inmediata de la efectividad del proceso de eliminaci\u00f3n de olores del gr\u00e1nulo tratado.<\/p>\n<p>Odor Minder thanks to its sensors and, following adequate \u201ctraining\u201d, is able to detect up to 25 odorous substances. It is characterised by: high sensitivity, high selectivity, good time stability, and high reactivity to gas presence.<\/p>\n<p>Odor Minder permite un perfecto seguimiento de las producciones con poliolefinas recicladas como rPP, rPE, rHDPE y rLDPE.<\/p>","protected":false},"featured_media":13105,"template":"","tags":[108],"acf":[],"yoast_head":"<title>Easypure - PiovanGroup<\/title>\n<meta name=\"robots\" content=\"index, follow, max-snippet:-1, max-image-preview:large, max-video-preview:-1\" \/>\n<link rel=\"canonical\" href=\"https:\/\/www.piovan.com\/es\/product\/easypure\/\" \/>\n<meta property=\"og:locale\" content=\"es_ES\" \/>\n<meta property=\"og:type\" content=\"article\" \/>\n<meta property=\"og:title\" content=\"Easypure - PiovanGroup\" \/>\n<meta property=\"og:description\" content=\"Easypure allows a significant improvement in the quality of the recycled material, being integrated in the process of mechanical recycling, after the pelletising phase. This is because Easypure removes the low boiling substances contained in the recycled plastic material, that can generate undesired smells. Easypure is a flexible system since the main parameters can be adjusted according to actual process conditions. The temperature, the amount of air and the residence time can be controlled and adjusted manually or in a [&hellip;]\" \/>\n<meta property=\"og:url\" content=\"https:\/\/www.piovan.com\/es\/product\/easypure\/\" \/>\n<meta property=\"og:site_name\" content=\"PiovanGroup\" \/>\n<meta property=\"article:modified_time\" content=\"2025-01-08T09:51:35+00:00\" \/>\n<meta property=\"og:image\" content=\"https:\/\/www.piovan.com\/wp-content\/uploads\/EASYPURE_1200x1560px.png\" \/>\n\t<meta property=\"og:image:width\" content=\"1200\" \/>\n\t<meta property=\"og:image:height\" content=\"1560\" \/>\n\t<meta property=\"og:image:type\" content=\"image\/png\" \/>\n<meta name=\"twitter:card\" content=\"summary_large_image\" \/>\n<script type=\"application\/ld+json\" class=\"yoast-schema-graph\">{\"@context\":\"https:\/\/schema.org\",\"@graph\":[{\"@type\":\"WebPage\",\"@id\":\"https:\/\/www.piovan.com\/product\/easypure\/\",\"url\":\"https:\/\/www.piovan.com\/product\/easypure\/\",\"name\":\"Easypure - PiovanGroup\",\"isPartOf\":{\"@id\":\"https:\/\/www.piovan.com\/#website\"},\"datePublished\":\"2023-08-28T08:02:25+00:00\",\"dateModified\":\"2025-01-08T09:51:35+00:00\",\"breadcrumb\":{\"@id\":\"https:\/\/www.piovan.com\/product\/easypure\/#breadcrumb\"},\"inLanguage\":\"es\",\"potentialAction\":[{\"@type\":\"ReadAction\",\"target\":[\"https:\/\/www.piovan.com\/product\/easypure\/\"]}]},{\"@type\":\"BreadcrumbList\",\"@id\":\"https:\/\/www.piovan.com\/product\/easypure\/#breadcrumb\",\"itemListElement\":[{\"@type\":\"ListItem\",\"position\":1,\"name\":\"Home\",\"item\":\"https:\/\/www.piovan.com\/\"},{\"@type\":\"ListItem\",\"position\":2,\"name\":\"Plastic\",\"item\":\"https:\/\/www.piovan.com\/es\/products\/plastico\/\"},{\"@type\":\"ListItem\",\"position\":3,\"name\":\"Drying &amp; Dehumidifying\",\"item\":\"https:\/\/www.piovan.com\/es\/products\/plastico\/secado-y-deshumidificacion\/\"},{\"@type\":\"ListItem\",\"position\":4,\"name\":\"Easypure\"}]},{\"@type\":\"WebSite\",\"@id\":\"https:\/\/www.piovan.com\/#website\",\"url\":\"https:\/\/www.piovan.com\/\",\"name\":\"PiovanGroup\",\"description\":\"\",\"publisher\":{\"@id\":\"https:\/\/www.piovan.com\/#organization\"},\"potentialAction\":[{\"@type\":\"SearchAction\",\"target\":{\"@type\":\"EntryPoint\",\"urlTemplate\":\"https:\/\/www.piovan.com\/?s={search_term_string}\"},\"query-input\":\"required name=search_term_string\"}],\"inLanguage\":\"es\"},{\"@type\":\"Organization\",\"@id\":\"https:\/\/www.piovan.com\/#organization\",\"name\":\"PiovanGroup\",\"url\":\"https:\/\/www.piovan.com\/\",\"logo\":{\"@type\":\"ImageObject\",\"inLanguage\":\"es\",\"@id\":\"https:\/\/www.piovan.com\/#\/schema\/logo\/image\/\",\"url\":\"https:\/\/www.piovan.com\/wp-content\/uploads\/2021\/06\/logo@2x.png\",\"contentUrl\":\"https:\/\/www.piovan.com\/wp-content\/uploads\/2021\/06\/logo@2x.png\",\"width\":489,\"height\":78,\"caption\":\"PiovanGroup\"},\"image\":{\"@id\":\"https:\/\/www.piovan.com\/#\/schema\/logo\/image\/\"}}]}<\/script>","yoast_head_json":{"title":"Easypure - PiovanGroup","robots":{"index":"index","follow":"follow","max-snippet":"max-snippet:-1","max-image-preview":"max-image-preview:large","max-video-preview":"max-video-preview:-1"},"canonical":"https:\/\/www.piovan.com\/es\/product\/easypure\/","og_locale":"es_ES","og_type":"article","og_title":"Easypure - PiovanGroup","og_description":"Easypure allows a significant improvement in the quality of the recycled material, being integrated in the process of mechanical recycling, after the pelletising phase. This is because Easypure removes the low boiling substances contained in the recycled plastic material, that can generate undesired smells. Easypure is a flexible system since the main parameters can be adjusted according to actual process conditions. The temperature, the amount of air and the residence time can be controlled and adjusted manually or in a [&hellip;]","og_url":"https:\/\/www.piovan.com\/es\/product\/easypure\/","og_site_name":"PiovanGroup","article_modified_time":"2025-01-08T09:51:35+00:00","og_image":[{"width":1200,"height":1560,"url":"https:\/\/www.piovan.com\/wp-content\/uploads\/EASYPURE_1200x1560px.png","type":"image\/png"}],"twitter_card":"summary_large_image","schema":{"@context":"https:\/\/schema.org","@graph":[{"@type":"WebPage","@id":"https:\/\/www.piovan.com\/product\/easypure\/","url":"https:\/\/www.piovan.com\/product\/easypure\/","name":"Easypure - PiovanGroup","isPartOf":{"@id":"https:\/\/www.piovan.com\/#website"},"datePublished":"2023-08-28T08:02:25+00:00","dateModified":"2025-01-08T09:51:35+00:00","breadcrumb":{"@id":"https:\/\/www.piovan.com\/product\/easypure\/#breadcrumb"},"inLanguage":"es","potentialAction":[{"@type":"ReadAction","target":["https:\/\/www.piovan.com\/product\/easypure\/"]}]},{"@type":"BreadcrumbList","@id":"https:\/\/www.piovan.com\/product\/easypure\/#breadcrumb","itemListElement":[{"@type":"ListItem","position":1,"name":"Home","item":"https:\/\/www.piovan.com\/"},{"@type":"ListItem","position":2,"name":"Plastic","item":"https:\/\/www.piovan.com\/es\/products\/plastico\/"},{"@type":"ListItem","position":3,"name":"Drying &amp; Dehumidifying","item":"https:\/\/www.piovan.com\/es\/products\/plastico\/secado-y-deshumidificacion\/"},{"@type":"ListItem","position":4,"name":"Easypure"}]},{"@type":"WebSite","@id":"https:\/\/www.piovan.com\/#website","url":"https:\/\/www.piovan.com\/","name":"PiovanGroup","description":"","publisher":{"@id":"https:\/\/www.piovan.com\/#organization"},"potentialAction":[{"@type":"SearchAction","target":{"@type":"EntryPoint","urlTemplate":"https:\/\/www.piovan.com\/?s={search_term_string}"},"query-input":"required name=search_term_string"}],"inLanguage":"es"},{"@type":"Organization","@id":"https:\/\/www.piovan.com\/#organization","name":"PiovanGroup","url":"https:\/\/www.piovan.com\/","logo":{"@type":"ImageObject","inLanguage":"es","@id":"https:\/\/www.piovan.com\/#\/schema\/logo\/image\/","url":"https:\/\/www.piovan.com\/wp-content\/uploads\/2021\/06\/logo@2x.png","contentUrl":"https:\/\/www.piovan.com\/wp-content\/uploads\/2021\/06\/logo@2x.png","width":489,"height":78,"caption":"PiovanGroup"},"image":{"@id":"https:\/\/www.piovan.com\/#\/schema\/logo\/image\/"}}]}},"_links":{"self":[{"href":"https:\/\/www.piovan.com\/es\/wp-json\/wp\/v2\/product\/10687"}],"collection":[{"href":"https:\/\/www.piovan.com\/es\/wp-json\/wp\/v2\/product"}],"about":[{"href":"https:\/\/www.piovan.com\/es\/wp-json\/wp\/v2\/types\/product"}],"version-history":[{"count":3,"href":"https:\/\/www.piovan.com\/es\/wp-json\/wp\/v2\/product\/10687\/revisions"}],"predecessor-version":[{"id":14186,"href":"https:\/\/www.piovan.com\/es\/wp-json\/wp\/v2\/product\/10687\/revisions\/14186"}],"wp:featuredmedia":[{"embeddable":true,"href":"https:\/\/www.piovan.com\/es\/wp-json\/wp\/v2\/media\/13105"}],"wp:attachment":[{"href":"https:\/\/www.piovan.com\/es\/wp-json\/wp\/v2\/media?parent=10687"}],"wp:term":[{"taxonomy":"post_tag","embeddable":true,"href":"https:\/\/www.piovan.com\/es\/wp-json\/wp\/v2\/tags?post=10687"}],"curies":[{"name":"wp","href":"https:\/\/api.w.org\/{rel}","templated":true}]}}