{"id":10028,"date":"2023-03-20T12:48:27","date_gmt":"2023-03-20T11:48:27","guid":{"rendered":"https:\/\/www.piovan.com\/product\/easytherm-ew-2\/"},"modified":"2023-12-12T16:20:33","modified_gmt":"2023-12-12T15:20:33","slug":"easytherm-ew_p-china","status":"publish","type":"product","link":"https:\/\/www.piovan.com\/es\/product\/easytherm-ew_p-china\/","title":{"rendered":"Easytherm EW"},"content":{"rendered":"<p>Easytherm EW es la nueva serie de controladores de temperatura de molde que utiliza agua como fluido de proceso con una configuraci\u00f3n de sistema abierto, para procesos de inyecci\u00f3n, moldeo por soplado y extrusi\u00f3n.<\/p>\n<p>Un nuevo dise\u00f1o interior y exterior, controles ergon\u00f3micos redise\u00f1ados, junto con componentes de alta gama, caracterizan a una m\u00e1quina vers\u00e1til que garantiza fiabilidad y rendimiento a largo plazo. Easytherm EW opera a temperaturas de hasta 90 \u00b0C.<\/p>\n<p>La gran pantalla TFT de 4,3\u201d y alto contraste est\u00e1 inclinada para garantizar una f\u00e1cil lectura. La navegaci\u00f3n por los submen\u00fas se gestiona mediante un c\u00f3modo mando giratorio.<\/p>\n<p>Easytherm EW ya est\u00e1 preparada para su uso en entornos de Industria 4.0 con una amplia gama de protocolos de comunicaci\u00f3n, incluida la plataforma OPC-UA, y es compatible con Winfactory 4.0.<\/p>","protected":false},"featured_media":10029,"template":"","tags":[],"acf":[],"yoast_head":"<title>Easytherm EW - Grupo Piovan<\/title>\n<meta name=\"robots\" content=\"index, follow, max-snippet:-1, max-image-preview:large, max-video-preview:-1\" \/>\n<link rel=\"canonical\" href=\"https:\/\/www.piovan.com\/es\/product\/easytherm-ew_p-china\/\" \/>\n<meta property=\"og:locale\" content=\"es_ES\" \/>\n<meta property=\"og:type\" content=\"article\" \/>\n<meta property=\"og:title\" content=\"Easytherm EW - PiovanGroup\" \/>\n<meta property=\"og:description\" content=\"Easytherm EW is the new mould temperature series uses water as process fluid with an open system configuration, for injection, blow moulding and extrusion processes. A new interior and exterior layout, re\u00addesigned ergonomic control, coupled with high-end components, character\u00adise a versatile machine that guarantees reliability and long term performances. Easytherm EW operates at temperatures up to 90 \u00b0C. The large 4.3\u201d TFT high contrast display is tilted to ensure easy reading. Naviga\u00adtion in the sub menus is managed via a [&hellip;]\" \/>\n<meta property=\"og:url\" content=\"https:\/\/www.piovan.com\/es\/product\/easytherm-ew_p-china\/\" \/>\n<meta property=\"og:site_name\" content=\"PiovanGroup\" \/>\n<meta property=\"article:modified_time\" content=\"2023-12-12T15:20:33+00:00\" \/>\n<meta property=\"og:image\" content=\"https:\/\/www.piovan.com\/wp-content\/uploads\/Easytherm-EW_P-China.png\" \/>\n\t<meta property=\"og:image:width\" content=\"1200\" \/>\n\t<meta property=\"og:image:height\" content=\"1560\" \/>\n\t<meta property=\"og:image:type\" content=\"image\/png\" \/>\n<meta name=\"twitter:card\" content=\"summary_large_image\" \/>\n<script type=\"application\/ld+json\" class=\"yoast-schema-graph\">{\"@context\":\"https:\/\/schema.org\",\"@graph\":[{\"@type\":\"WebPage\",\"@id\":\"https:\/\/www.piovan.com\/product\/easytherm-ew_p-china\/\",\"url\":\"https:\/\/www.piovan.com\/product\/easytherm-ew_p-china\/\",\"name\":\"Easytherm EW - PiovanGroup\",\"isPartOf\":{\"@id\":\"https:\/\/www.piovan.com\/#website\"},\"datePublished\":\"2023-03-20T11:48:27+00:00\",\"dateModified\":\"2023-12-12T15:20:33+00:00\",\"breadcrumb\":{\"@id\":\"https:\/\/www.piovan.com\/product\/easytherm-ew_p-china\/#breadcrumb\"},\"inLanguage\":\"es\",\"potentialAction\":[{\"@type\":\"ReadAction\",\"target\":[\"https:\/\/www.piovan.com\/product\/easytherm-ew_p-china\/\"]}]},{\"@type\":\"BreadcrumbList\",\"@id\":\"https:\/\/www.piovan.com\/product\/easytherm-ew_p-china\/#breadcrumb\",\"itemListElement\":[{\"@type\":\"ListItem\",\"position\":1,\"name\":\"Home\",\"item\":\"https:\/\/www.piovan.com\/\"},{\"@type\":\"ListItem\",\"position\":2,\"name\":\"Plastic\",\"item\":\"https:\/\/www.piovan.com\/es\/products\/plastico\/\"},{\"@type\":\"ListItem\",\"position\":3,\"name\":\"Temperature Controllers\",\"item\":\"https:\/\/www.piovan.com\/es\/products\/plastico\/termorreguladores\/\"},{\"@type\":\"ListItem\",\"position\":4,\"name\":\"Easytherm EW\"}]},{\"@type\":\"WebSite\",\"@id\":\"https:\/\/www.piovan.com\/#website\",\"url\":\"https:\/\/www.piovan.com\/\",\"name\":\"PiovanGroup\",\"description\":\"\",\"publisher\":{\"@id\":\"https:\/\/www.piovan.com\/#organization\"},\"potentialAction\":[{\"@type\":\"SearchAction\",\"target\":{\"@type\":\"EntryPoint\",\"urlTemplate\":\"https:\/\/www.piovan.com\/?s={search_term_string}\"},\"query-input\":\"required name=search_term_string\"}],\"inLanguage\":\"es\"},{\"@type\":\"Organization\",\"@id\":\"https:\/\/www.piovan.com\/#organization\",\"name\":\"PiovanGroup\",\"url\":\"https:\/\/www.piovan.com\/\",\"logo\":{\"@type\":\"ImageObject\",\"inLanguage\":\"es\",\"@id\":\"https:\/\/www.piovan.com\/#\/schema\/logo\/image\/\",\"url\":\"https:\/\/www.piovan.com\/wp-content\/uploads\/2021\/06\/logo@2x.png\",\"contentUrl\":\"https:\/\/www.piovan.com\/wp-content\/uploads\/2021\/06\/logo@2x.png\",\"width\":489,\"height\":78,\"caption\":\"PiovanGroup\"},\"image\":{\"@id\":\"https:\/\/www.piovan.com\/#\/schema\/logo\/image\/\"}}]}<\/script>","yoast_head_json":{"title":"Easytherm EW - Grupo Piovan","robots":{"index":"index","follow":"follow","max-snippet":"max-snippet:-1","max-image-preview":"max-image-preview:large","max-video-preview":"max-video-preview:-1"},"canonical":"https:\/\/www.piovan.com\/es\/product\/easytherm-ew_p-china\/","og_locale":"es_ES","og_type":"article","og_title":"Easytherm EW - PiovanGroup","og_description":"Easytherm EW is the new mould temperature series uses water as process fluid with an open system configuration, for injection, blow moulding and extrusion processes. A new interior and exterior layout, re\u00addesigned ergonomic control, coupled with high-end components, character\u00adise a versatile machine that guarantees reliability and long term performances. Easytherm EW operates at temperatures up to 90 \u00b0C. The large 4.3\u201d TFT high contrast display is tilted to ensure easy reading. Naviga\u00adtion in the sub menus is managed via a [&hellip;]","og_url":"https:\/\/www.piovan.com\/es\/product\/easytherm-ew_p-china\/","og_site_name":"PiovanGroup","article_modified_time":"2023-12-12T15:20:33+00:00","og_image":[{"width":1200,"height":1560,"url":"https:\/\/www.piovan.com\/wp-content\/uploads\/Easytherm-EW_P-China.png","type":"image\/png"}],"twitter_card":"summary_large_image","schema":{"@context":"https:\/\/schema.org","@graph":[{"@type":"WebPage","@id":"https:\/\/www.piovan.com\/product\/easytherm-ew_p-china\/","url":"https:\/\/www.piovan.com\/product\/easytherm-ew_p-china\/","name":"Easytherm EW - PiovanGroup","isPartOf":{"@id":"https:\/\/www.piovan.com\/#website"},"datePublished":"2023-03-20T11:48:27+00:00","dateModified":"2023-12-12T15:20:33+00:00","breadcrumb":{"@id":"https:\/\/www.piovan.com\/product\/easytherm-ew_p-china\/#breadcrumb"},"inLanguage":"es","potentialAction":[{"@type":"ReadAction","target":["https:\/\/www.piovan.com\/product\/easytherm-ew_p-china\/"]}]},{"@type":"BreadcrumbList","@id":"https:\/\/www.piovan.com\/product\/easytherm-ew_p-china\/#breadcrumb","itemListElement":[{"@type":"ListItem","position":1,"name":"Home","item":"https:\/\/www.piovan.com\/"},{"@type":"ListItem","position":2,"name":"Plastic","item":"https:\/\/www.piovan.com\/es\/products\/plastico\/"},{"@type":"ListItem","position":3,"name":"Temperature Controllers","item":"https:\/\/www.piovan.com\/es\/products\/plastico\/termorreguladores\/"},{"@type":"ListItem","position":4,"name":"Easytherm EW"}]},{"@type":"WebSite","@id":"https:\/\/www.piovan.com\/#website","url":"https:\/\/www.piovan.com\/","name":"PiovanGroup","description":"","publisher":{"@id":"https:\/\/www.piovan.com\/#organization"},"potentialAction":[{"@type":"SearchAction","target":{"@type":"EntryPoint","urlTemplate":"https:\/\/www.piovan.com\/?s={search_term_string}"},"query-input":"required name=search_term_string"}],"inLanguage":"es"},{"@type":"Organization","@id":"https:\/\/www.piovan.com\/#organization","name":"PiovanGroup","url":"https:\/\/www.piovan.com\/","logo":{"@type":"ImageObject","inLanguage":"es","@id":"https:\/\/www.piovan.com\/#\/schema\/logo\/image\/","url":"https:\/\/www.piovan.com\/wp-content\/uploads\/2021\/06\/logo@2x.png","contentUrl":"https:\/\/www.piovan.com\/wp-content\/uploads\/2021\/06\/logo@2x.png","width":489,"height":78,"caption":"PiovanGroup"},"image":{"@id":"https:\/\/www.piovan.com\/#\/schema\/logo\/image\/"}}]}},"_links":{"self":[{"href":"https:\/\/www.piovan.com\/es\/wp-json\/wp\/v2\/product\/10028"}],"collection":[{"href":"https:\/\/www.piovan.com\/es\/wp-json\/wp\/v2\/product"}],"about":[{"href":"https:\/\/www.piovan.com\/es\/wp-json\/wp\/v2\/types\/product"}],"version-history":[{"count":3,"href":"https:\/\/www.piovan.com\/es\/wp-json\/wp\/v2\/product\/10028\/revisions"}],"predecessor-version":[{"id":11058,"href":"https:\/\/www.piovan.com\/es\/wp-json\/wp\/v2\/product\/10028\/revisions\/11058"}],"wp:featuredmedia":[{"embeddable":true,"href":"https:\/\/www.piovan.com\/es\/wp-json\/wp\/v2\/media\/10029"}],"wp:attachment":[{"href":"https:\/\/www.piovan.com\/es\/wp-json\/wp\/v2\/media?parent=10028"}],"wp:term":[{"taxonomy":"post_tag","embeddable":true,"href":"https:\/\/www.piovan.com\/es\/wp-json\/wp\/v2\/tags?post=10028"}],"curies":[{"name":"wp","href":"https:\/\/api.w.org\/{rel}","templated":true}]}}