{"id":9213,"date":"2022-09-28T16:44:25","date_gmt":"2022-09-28T14:44:25","guid":{"rendered":"https:\/\/www.piovan.com\/?post_type=product&#038;p=9213"},"modified":"2025-02-26T15:46:46","modified_gmt":"2025-02-26T14:46:46","slug":"softboost","status":"publish","type":"product","link":"https:\/\/www.piovan.com\/de\/product\/softboost\/","title":{"rendered":"SoftBoost"},"content":{"rendered":"<p>SoftBoost ist der innovative Trichter f\u00fcr die schnelle Trocknung von PET-Regenerat mit dem Ziel<br \/>\n\u2022 die Eigenschaften des Harzes so weit wie m\u00f6glich zu erhalten<br \/>\n\u2022 ein hochwertiges Endprodukt zu erhalten<br \/>\n\u2022 eine hohe Produktivit\u00e4t zu gew\u00e4hrleisten<\/p>\n<p>Das neue, patentierte Luftkanalsystem erm\u00f6glicht es, das Granulat in nur 45 Minuten bis zum Kern zu erhitzen, um es schnell von 120 auf 180 \u00b0C zu bringen.<\/p>\n<p>Da die Entfeuchtung direkt oder in der N\u00e4he der Spritzgie\u00dfmaschine erfolgt, k\u00f6nnen die Hauptentfeuchtungstrichter bei Temperaturen zwischen 120 und 140 \u00b0C verwendet werden, wodurch der W\u00e4rmeverlust begrenzt wird. Gleichzeitig ist es dadurch m\u00f6glich, entlang der Plastifizierschnecke der Presse bei niedrigeren Temperaturen zu arbeiten, was weitere thermische Belastungen w\u00e4hrend des Spritzgie\u00dfens reduziert und die Produktion von Ausschuss begrenzt.<\/p>\n<p>Die verk\u00fcrzte Verweilzeit des Materials im SoftBoost-Trichter bei der erforderlichen Arbeitstemperatur vermeidet unn\u00f6tigen Stress f\u00fcr das rPET und erm\u00f6glicht den Erhalt seiner mechanischen, chemischen und optischen Eigenschaften.<\/p>\n<p>Die geringe Gr\u00f6\u00dfe und die Vielseitigkeit des Systems erm\u00f6glichen einen schnellen Materialwechsel auch w\u00e4hrend eines Werkzeugwechsels, was die Stillstandszeiten erheblich reduziert und die Anlagenauslastung maximiert.<\/p>","protected":false},"featured_media":13094,"template":"","tags":[108],"acf":[],"yoast_head":"<title>SoftBoost - PiovanGroup<\/title>\n<meta name=\"robots\" content=\"index, follow, max-snippet:-1, max-image-preview:large, max-video-preview:-1\" \/>\n<link rel=\"canonical\" href=\"https:\/\/www.piovan.com\/de\/product\/softboost\/\" \/>\n<meta property=\"og:locale\" content=\"de_DE\" \/>\n<meta property=\"og:type\" content=\"article\" \/>\n<meta property=\"og:title\" content=\"SoftBoost - PiovanGroup\" \/>\n<meta property=\"og:description\" content=\"SoftBoost is the innovative hopper designed for the rapid drying of regenerated PET with the aim of \u2022 preserving the characteristics of the resin as much as possible \u2022 obtain a high-quality finished product \u2022 guaranteeing high productivity The new, patented air channeling system allows the granule to be heated to the core in just 45 minutes to quickly bring it from 120 to 180 \u00b0C. Completing the dehumidification directly or close to the injection molding machine allows the main [&hellip;]\" \/>\n<meta property=\"og:url\" content=\"https:\/\/www.piovan.com\/de\/product\/softboost\/\" \/>\n<meta property=\"og:site_name\" content=\"PiovanGroup\" \/>\n<meta property=\"article:modified_time\" content=\"2025-02-26T14:46:46+00:00\" \/>\n<meta property=\"og:image\" content=\"https:\/\/www.piovan.com\/wp-content\/uploads\/SOFTBOOST_1200x1560px.png\" \/>\n\t<meta property=\"og:image:width\" content=\"1200\" \/>\n\t<meta property=\"og:image:height\" content=\"1560\" \/>\n\t<meta property=\"og:image:type\" content=\"image\/png\" \/>\n<meta name=\"twitter:card\" content=\"summary_large_image\" \/>\n<script type=\"application\/ld+json\" class=\"yoast-schema-graph\">{\"@context\":\"https:\/\/schema.org\",\"@graph\":[{\"@type\":\"WebPage\",\"@id\":\"https:\/\/www.piovan.com\/product\/softboost\/\",\"url\":\"https:\/\/www.piovan.com\/product\/softboost\/\",\"name\":\"SoftBoost - PiovanGroup\",\"isPartOf\":{\"@id\":\"https:\/\/www.piovan.com\/#website\"},\"datePublished\":\"2022-09-28T14:44:25+00:00\",\"dateModified\":\"2025-02-26T14:46:46+00:00\",\"breadcrumb\":{\"@id\":\"https:\/\/www.piovan.com\/product\/softboost\/#breadcrumb\"},\"inLanguage\":\"de-DE\",\"potentialAction\":[{\"@type\":\"ReadAction\",\"target\":[\"https:\/\/www.piovan.com\/product\/softboost\/\"]}]},{\"@type\":\"BreadcrumbList\",\"@id\":\"https:\/\/www.piovan.com\/product\/softboost\/#breadcrumb\",\"itemListElement\":[{\"@type\":\"ListItem\",\"position\":1,\"name\":\"Home\",\"item\":\"https:\/\/www.piovan.com\/\"},{\"@type\":\"ListItem\",\"position\":2,\"name\":\"Plastic\",\"item\":\"https:\/\/www.piovan.com\/de\/products\/kunststoff\/\"},{\"@type\":\"ListItem\",\"position\":3,\"name\":\"Drying &amp; Dehumidifying\",\"item\":\"https:\/\/www.piovan.com\/de\/products\/kunststoff\/trockung-und-entfeuchtung\/\"},{\"@type\":\"ListItem\",\"position\":4,\"name\":\"SoftBoost\"}]},{\"@type\":\"WebSite\",\"@id\":\"https:\/\/www.piovan.com\/#website\",\"url\":\"https:\/\/www.piovan.com\/\",\"name\":\"PiovanGroup\",\"description\":\"\",\"publisher\":{\"@id\":\"https:\/\/www.piovan.com\/#organization\"},\"potentialAction\":[{\"@type\":\"SearchAction\",\"target\":{\"@type\":\"EntryPoint\",\"urlTemplate\":\"https:\/\/www.piovan.com\/?s={search_term_string}\"},\"query-input\":\"required name=search_term_string\"}],\"inLanguage\":\"de-DE\"},{\"@type\":\"Organization\",\"@id\":\"https:\/\/www.piovan.com\/#organization\",\"name\":\"PiovanGroup\",\"url\":\"https:\/\/www.piovan.com\/\",\"logo\":{\"@type\":\"ImageObject\",\"inLanguage\":\"de-DE\",\"@id\":\"https:\/\/www.piovan.com\/#\/schema\/logo\/image\/\",\"url\":\"https:\/\/www.piovan.com\/wp-content\/uploads\/2021\/06\/logo@2x.png\",\"contentUrl\":\"https:\/\/www.piovan.com\/wp-content\/uploads\/2021\/06\/logo@2x.png\",\"width\":489,\"height\":78,\"caption\":\"PiovanGroup\"},\"image\":{\"@id\":\"https:\/\/www.piovan.com\/#\/schema\/logo\/image\/\"}}]}<\/script>","yoast_head_json":{"title":"SoftBoost - PiovanGroup","robots":{"index":"index","follow":"follow","max-snippet":"max-snippet:-1","max-image-preview":"max-image-preview:large","max-video-preview":"max-video-preview:-1"},"canonical":"https:\/\/www.piovan.com\/de\/product\/softboost\/","og_locale":"de_DE","og_type":"article","og_title":"SoftBoost - PiovanGroup","og_description":"SoftBoost is the innovative hopper designed for the rapid drying of regenerated PET with the aim of \u2022 preserving the characteristics of the resin as much as possible \u2022 obtain a high-quality finished product \u2022 guaranteeing high productivity The new, patented air channeling system allows the granule to be heated to the core in just 45 minutes to quickly bring it from 120 to 180 \u00b0C. Completing the dehumidification directly or close to the injection molding machine allows the main [&hellip;]","og_url":"https:\/\/www.piovan.com\/de\/product\/softboost\/","og_site_name":"PiovanGroup","article_modified_time":"2025-02-26T14:46:46+00:00","og_image":[{"width":1200,"height":1560,"url":"https:\/\/www.piovan.com\/wp-content\/uploads\/SOFTBOOST_1200x1560px.png","type":"image\/png"}],"twitter_card":"summary_large_image","schema":{"@context":"https:\/\/schema.org","@graph":[{"@type":"WebPage","@id":"https:\/\/www.piovan.com\/product\/softboost\/","url":"https:\/\/www.piovan.com\/product\/softboost\/","name":"SoftBoost - PiovanGroup","isPartOf":{"@id":"https:\/\/www.piovan.com\/#website"},"datePublished":"2022-09-28T14:44:25+00:00","dateModified":"2025-02-26T14:46:46+00:00","breadcrumb":{"@id":"https:\/\/www.piovan.com\/product\/softboost\/#breadcrumb"},"inLanguage":"de-DE","potentialAction":[{"@type":"ReadAction","target":["https:\/\/www.piovan.com\/product\/softboost\/"]}]},{"@type":"BreadcrumbList","@id":"https:\/\/www.piovan.com\/product\/softboost\/#breadcrumb","itemListElement":[{"@type":"ListItem","position":1,"name":"Home","item":"https:\/\/www.piovan.com\/"},{"@type":"ListItem","position":2,"name":"Plastic","item":"https:\/\/www.piovan.com\/de\/products\/kunststoff\/"},{"@type":"ListItem","position":3,"name":"Drying &amp; Dehumidifying","item":"https:\/\/www.piovan.com\/de\/products\/kunststoff\/trockung-und-entfeuchtung\/"},{"@type":"ListItem","position":4,"name":"SoftBoost"}]},{"@type":"WebSite","@id":"https:\/\/www.piovan.com\/#website","url":"https:\/\/www.piovan.com\/","name":"PiovanGroup","description":"","publisher":{"@id":"https:\/\/www.piovan.com\/#organization"},"potentialAction":[{"@type":"SearchAction","target":{"@type":"EntryPoint","urlTemplate":"https:\/\/www.piovan.com\/?s={search_term_string}"},"query-input":"required name=search_term_string"}],"inLanguage":"de-DE"},{"@type":"Organization","@id":"https:\/\/www.piovan.com\/#organization","name":"PiovanGroup","url":"https:\/\/www.piovan.com\/","logo":{"@type":"ImageObject","inLanguage":"de-DE","@id":"https:\/\/www.piovan.com\/#\/schema\/logo\/image\/","url":"https:\/\/www.piovan.com\/wp-content\/uploads\/2021\/06\/logo@2x.png","contentUrl":"https:\/\/www.piovan.com\/wp-content\/uploads\/2021\/06\/logo@2x.png","width":489,"height":78,"caption":"PiovanGroup"},"image":{"@id":"https:\/\/www.piovan.com\/#\/schema\/logo\/image\/"}}]}},"_links":{"self":[{"href":"https:\/\/www.piovan.com\/de\/wp-json\/wp\/v2\/product\/9213"}],"collection":[{"href":"https:\/\/www.piovan.com\/de\/wp-json\/wp\/v2\/product"}],"about":[{"href":"https:\/\/www.piovan.com\/de\/wp-json\/wp\/v2\/types\/product"}],"version-history":[{"count":4,"href":"https:\/\/www.piovan.com\/de\/wp-json\/wp\/v2\/product\/9213\/revisions"}],"predecessor-version":[{"id":14549,"href":"https:\/\/www.piovan.com\/de\/wp-json\/wp\/v2\/product\/9213\/revisions\/14549"}],"wp:featuredmedia":[{"embeddable":true,"href":"https:\/\/www.piovan.com\/de\/wp-json\/wp\/v2\/media\/13094"}],"wp:attachment":[{"href":"https:\/\/www.piovan.com\/de\/wp-json\/wp\/v2\/media?parent=9213"}],"wp:term":[{"taxonomy":"post_tag","embeddable":true,"href":"https:\/\/www.piovan.com\/de\/wp-json\/wp\/v2\/tags?post=9213"}],"curies":[{"name":"wp","href":"https:\/\/api.w.org\/{rel}","templated":true}]}}