{"id":9209,"date":"2022-09-28T16:31:23","date_gmt":"2022-09-28T14:31:23","guid":{"rendered":"https:\/\/www.piovan.com\/?post_type=product&#038;p=9209"},"modified":"2025-02-27T08:57:26","modified_gmt":"2025-02-27T07:57:26","slug":"vulkano","status":"publish","type":"product","link":"https:\/\/www.piovan.com\/de\/product\/vulkano\/","title":{"rendered":"Vulkano"},"content":{"rendered":"<p>Vulkano ist ein tragbares Ger\u00e4t zur Erkennung\nund Quantifizierung des Vorhandenseins\norganischer Kohlenstoffverbindungen\n(T.O.C. \u2013 Total Organic\nCarbon - gesamter organischer Kohlenstoff)\nin der Luft des Entfeuchtungsprozesses<\/p>\n<p>Hygroskopische Post-Consumer-Kunststoffe\nm\u00fcssen entfeuchtet werden, um\nneue Produkte herstellen zu k\u00f6nnen.\nDer Prozess zur Feuchtigkeitsentnahme\nextrahiert auch Substanzen, die das\nPolymer w\u00e4hrend seines vorherigen Lebens\nabsorbiert hat, die so genannten\nNIAS (Non Intentionally Added Substances\n- Unabsichtlich eingebrachte Stoffe). <br>\nDie Luft, die in Kreisl\u00e4ufen zirkuliert, die\nnormalerweise aus Energieeffizienzund\nSicherheitsgr\u00fcnden geschlossen\nsind, l\u00e4uft Gefahr, mit organischen Kohlenstoffverbindungen\nges\u00e4ttigt zu werden,\nwas zu Folgendem f\u00fchren kann:<br \/>\n\u25cf \u00d6lablagerungen auf den Innenfl\u00e4chen des Luftentfeuchters<br \/>\n\u25cf S\u00e4ttigung von Molekularsieben mit daraus resultierendem Funktionsverlust<br \/>\n\u25cf Fehler beim Extrahieren von N.I.A.S. aus dem behandelten Kunststoff.<\/p>\n<p>Da der Einsatz von Post-Consumer- Kunststoffen zunimmt, empfiehlt sich der Einsatz von Dunstkondensatoren wie Condenso und Aktivkohlefiltern wie PureTech zum Schutz des Luftentfeuchters und des Endprodukts.<\/p>\n<p>Ein tragbares Analyseger\u00e4t wie Vulkano bietet eine schnelle und genaue Methode (auch f\u00fcr kontinuierliche Messungen anpassbar) zur \u00dcberpr\u00fcfung der Reinheit der Prozessluft. Es erm\u00f6glicht die \u00dcberwachung der S\u00e4ttigung der Filter\nund zeigt den relativen Zeitpunkt des Austauschs an.<\/p>\n<p>Vulkano kann aufgrund seiner intuitiven Benutzeroberfl\u00e4che auch von jedem Bediener ganz einfach verwendet werden.<\/p>","protected":false},"featured_media":13755,"template":"","tags":[108],"acf":[],"yoast_head":"<title>Vulkano - PiovanGroup<\/title>\n<meta name=\"robots\" content=\"index, follow, max-snippet:-1, max-image-preview:large, max-video-preview:-1\" \/>\n<link rel=\"canonical\" href=\"https:\/\/www.piovan.com\/de\/product\/vulkano\/\" \/>\n<meta property=\"og:locale\" content=\"de_DE\" \/>\n<meta property=\"og:type\" content=\"article\" \/>\n<meta property=\"og:title\" content=\"Vulkano - PiovanGroup\" \/>\n<meta property=\"og:description\" content=\"Vulkano is a portable instrument for detecting and quantifying the presence of organic carbon compounds (T.O.C. -Total Organic Carbon), in the dehumidification process air. Post-consumer hygroscopic plastics must be dehumidified to produce new products. The process to extract moisture also extracts substances absorbed by the polymer during its previous life, the NIAS (Non Intentionally Added Substances). The air circulating in circuits that are typically closed for energy efficiency and safety reasons is at risk of becoming saturated with of organic [&hellip;]\" \/>\n<meta property=\"og:url\" content=\"https:\/\/www.piovan.com\/de\/product\/vulkano\/\" \/>\n<meta property=\"og:site_name\" content=\"PiovanGroup\" \/>\n<meta property=\"article:modified_time\" content=\"2025-02-27T07:57:26+00:00\" \/>\n<meta property=\"og:image\" content=\"https:\/\/www.piovan.com\/wp-content\/uploads\/Vulkano-1.png\" \/>\n\t<meta property=\"og:image:width\" content=\"1200\" \/>\n\t<meta property=\"og:image:height\" content=\"1560\" \/>\n\t<meta property=\"og:image:type\" content=\"image\/png\" \/>\n<meta name=\"twitter:card\" content=\"summary_large_image\" \/>\n<script type=\"application\/ld+json\" class=\"yoast-schema-graph\">{\"@context\":\"https:\/\/schema.org\",\"@graph\":[{\"@type\":\"WebPage\",\"@id\":\"https:\/\/www.piovan.com\/product\/vulkano\/\",\"url\":\"https:\/\/www.piovan.com\/product\/vulkano\/\",\"name\":\"Vulkano - PiovanGroup\",\"isPartOf\":{\"@id\":\"https:\/\/www.piovan.com\/#website\"},\"datePublished\":\"2022-09-28T14:31:23+00:00\",\"dateModified\":\"2025-02-27T07:57:26+00:00\",\"breadcrumb\":{\"@id\":\"https:\/\/www.piovan.com\/product\/vulkano\/#breadcrumb\"},\"inLanguage\":\"de-DE\",\"potentialAction\":[{\"@type\":\"ReadAction\",\"target\":[\"https:\/\/www.piovan.com\/product\/vulkano\/\"]}]},{\"@type\":\"BreadcrumbList\",\"@id\":\"https:\/\/www.piovan.com\/product\/vulkano\/#breadcrumb\",\"itemListElement\":[{\"@type\":\"ListItem\",\"position\":1,\"name\":\"Home\",\"item\":\"https:\/\/www.piovan.com\/\"},{\"@type\":\"ListItem\",\"position\":2,\"name\":\"Plastic\",\"item\":\"https:\/\/www.piovan.com\/de\/products\/kunststoff\/\"},{\"@type\":\"ListItem\",\"position\":3,\"name\":\"Lab-tech\",\"item\":\"https:\/\/www.piovan.com\/de\/products\/kunststoff\/lab-tech\/\"},{\"@type\":\"ListItem\",\"position\":4,\"name\":\"Vulkano\"}]},{\"@type\":\"WebSite\",\"@id\":\"https:\/\/www.piovan.com\/#website\",\"url\":\"https:\/\/www.piovan.com\/\",\"name\":\"PiovanGroup\",\"description\":\"\",\"publisher\":{\"@id\":\"https:\/\/www.piovan.com\/#organization\"},\"potentialAction\":[{\"@type\":\"SearchAction\",\"target\":{\"@type\":\"EntryPoint\",\"urlTemplate\":\"https:\/\/www.piovan.com\/?s={search_term_string}\"},\"query-input\":\"required name=search_term_string\"}],\"inLanguage\":\"de-DE\"},{\"@type\":\"Organization\",\"@id\":\"https:\/\/www.piovan.com\/#organization\",\"name\":\"PiovanGroup\",\"url\":\"https:\/\/www.piovan.com\/\",\"logo\":{\"@type\":\"ImageObject\",\"inLanguage\":\"de-DE\",\"@id\":\"https:\/\/www.piovan.com\/#\/schema\/logo\/image\/\",\"url\":\"https:\/\/www.piovan.com\/wp-content\/uploads\/2021\/06\/logo@2x.png\",\"contentUrl\":\"https:\/\/www.piovan.com\/wp-content\/uploads\/2021\/06\/logo@2x.png\",\"width\":489,\"height\":78,\"caption\":\"PiovanGroup\"},\"image\":{\"@id\":\"https:\/\/www.piovan.com\/#\/schema\/logo\/image\/\"}}]}<\/script>","yoast_head_json":{"title":"Vulkano - PiovanGroup","robots":{"index":"index","follow":"follow","max-snippet":"max-snippet:-1","max-image-preview":"max-image-preview:large","max-video-preview":"max-video-preview:-1"},"canonical":"https:\/\/www.piovan.com\/de\/product\/vulkano\/","og_locale":"de_DE","og_type":"article","og_title":"Vulkano - PiovanGroup","og_description":"Vulkano is a portable instrument for detecting and quantifying the presence of organic carbon compounds (T.O.C. -Total Organic Carbon), in the dehumidification process air. Post-consumer hygroscopic plastics must be dehumidified to produce new products. The process to extract moisture also extracts substances absorbed by the polymer during its previous life, the NIAS (Non Intentionally Added Substances). The air circulating in circuits that are typically closed for energy efficiency and safety reasons is at risk of becoming saturated with of organic [&hellip;]","og_url":"https:\/\/www.piovan.com\/de\/product\/vulkano\/","og_site_name":"PiovanGroup","article_modified_time":"2025-02-27T07:57:26+00:00","og_image":[{"width":1200,"height":1560,"url":"https:\/\/www.piovan.com\/wp-content\/uploads\/Vulkano-1.png","type":"image\/png"}],"twitter_card":"summary_large_image","schema":{"@context":"https:\/\/schema.org","@graph":[{"@type":"WebPage","@id":"https:\/\/www.piovan.com\/product\/vulkano\/","url":"https:\/\/www.piovan.com\/product\/vulkano\/","name":"Vulkano - PiovanGroup","isPartOf":{"@id":"https:\/\/www.piovan.com\/#website"},"datePublished":"2022-09-28T14:31:23+00:00","dateModified":"2025-02-27T07:57:26+00:00","breadcrumb":{"@id":"https:\/\/www.piovan.com\/product\/vulkano\/#breadcrumb"},"inLanguage":"de-DE","potentialAction":[{"@type":"ReadAction","target":["https:\/\/www.piovan.com\/product\/vulkano\/"]}]},{"@type":"BreadcrumbList","@id":"https:\/\/www.piovan.com\/product\/vulkano\/#breadcrumb","itemListElement":[{"@type":"ListItem","position":1,"name":"Home","item":"https:\/\/www.piovan.com\/"},{"@type":"ListItem","position":2,"name":"Plastic","item":"https:\/\/www.piovan.com\/de\/products\/kunststoff\/"},{"@type":"ListItem","position":3,"name":"Lab-tech","item":"https:\/\/www.piovan.com\/de\/products\/kunststoff\/lab-tech\/"},{"@type":"ListItem","position":4,"name":"Vulkano"}]},{"@type":"WebSite","@id":"https:\/\/www.piovan.com\/#website","url":"https:\/\/www.piovan.com\/","name":"PiovanGroup","description":"","publisher":{"@id":"https:\/\/www.piovan.com\/#organization"},"potentialAction":[{"@type":"SearchAction","target":{"@type":"EntryPoint","urlTemplate":"https:\/\/www.piovan.com\/?s={search_term_string}"},"query-input":"required name=search_term_string"}],"inLanguage":"de-DE"},{"@type":"Organization","@id":"https:\/\/www.piovan.com\/#organization","name":"PiovanGroup","url":"https:\/\/www.piovan.com\/","logo":{"@type":"ImageObject","inLanguage":"de-DE","@id":"https:\/\/www.piovan.com\/#\/schema\/logo\/image\/","url":"https:\/\/www.piovan.com\/wp-content\/uploads\/2021\/06\/logo@2x.png","contentUrl":"https:\/\/www.piovan.com\/wp-content\/uploads\/2021\/06\/logo@2x.png","width":489,"height":78,"caption":"PiovanGroup"},"image":{"@id":"https:\/\/www.piovan.com\/#\/schema\/logo\/image\/"}}]}},"_links":{"self":[{"href":"https:\/\/www.piovan.com\/de\/wp-json\/wp\/v2\/product\/9209"}],"collection":[{"href":"https:\/\/www.piovan.com\/de\/wp-json\/wp\/v2\/product"}],"about":[{"href":"https:\/\/www.piovan.com\/de\/wp-json\/wp\/v2\/types\/product"}],"version-history":[{"count":4,"href":"https:\/\/www.piovan.com\/de\/wp-json\/wp\/v2\/product\/9209\/revisions"}],"predecessor-version":[{"id":14593,"href":"https:\/\/www.piovan.com\/de\/wp-json\/wp\/v2\/product\/9209\/revisions\/14593"}],"wp:featuredmedia":[{"embeddable":true,"href":"https:\/\/www.piovan.com\/de\/wp-json\/wp\/v2\/media\/13755"}],"wp:attachment":[{"href":"https:\/\/www.piovan.com\/de\/wp-json\/wp\/v2\/media?parent=9209"}],"wp:term":[{"taxonomy":"post_tag","embeddable":true,"href":"https:\/\/www.piovan.com\/de\/wp-json\/wp\/v2\/tags?post=9209"}],"curies":[{"name":"wp","href":"https:\/\/api.w.org\/{rel}","templated":true}]}}