{"id":9200,"date":"2022-09-28T16:21:39","date_gmt":"2022-09-28T14:21:39","guid":{"rendered":"https:\/\/www.piovan.com\/?post_type=product&#038;p=9200"},"modified":"2022-09-28T16:23:09","modified_gmt":"2022-09-28T14:23:09","slug":"cleantech","status":"publish","type":"product","link":"https:\/\/www.piovan.com\/de\/product\/cleantech\/","title":{"rendered":"CleanTech"},"content":{"rendered":"<p>CleanTech ist der neue Filter, der von Piovan entwickelt und realisiert wurde, um die Effizienz zu maximieren und Anlagen zu sch\u00fctzen, bei denen die Luftfiltration entscheidend ist. Die gelungene Kombination aus ausgew\u00e4hlten Materialien und der innovativen Anwendung von Nanotechnologie auf Filterelementen erm\u00f6glicht es dem Filter nicht nur, ein breites Spektrum an Partikeln zur\u00fcckzuhalten, sondern auch die Wartungskosten zu senken und die Effizienz dort zu erh\u00f6hen, wo der Trocknungsprozess von grundlegender Bedeutung f\u00fcr die Herstellung von Hochleistungsprodukten ist, wie z. B. im Verpackungs-, Medizin- oder Lebensmittelsektor.<\/p>\n<p>Bei CleanTech besteht das Filterelement aus Hochleistungs-Acrylzellulose, und die Oberfl\u00e4che ist durch ein Gewirr von Nanofasern modifiziert. Es h\u00e4lt Partikel mit einem Durchmesser zur\u00fcck, der 37 % kleiner ist als bei einem herk\u00f6mmlichen Filter. Der Vorteil ist die Verringerung des Verschlei\u00dfes in den Ger\u00e4ten. Die Lebensdauer des Filters wird verl\u00e4ngert, wodurch Verstopfungen langfristig vermieden werden.<\/p>\n<p>Der CleanTech-Filter ist leicht zu warten. Das Nanomesh verhindert das Verstopfen des Filters. Verunreinigungen oder Staub, die sich auf der Oberfl\u00e4che befinden, k\u00f6nnen durch einen umgekehrten Luftimpuls entfernt werden, was zu einer l\u00e4ngeren Lebensdauer im Vergleich zu herk\u00f6mmlichen Filtern f\u00fchrt.<\/p>","protected":false},"featured_media":9201,"template":"","tags":[108],"acf":[],"yoast_head":"<title>CleanTech - PiovanGroup<\/title>\n<meta name=\"robots\" content=\"index, follow, max-snippet:-1, max-image-preview:large, max-video-preview:-1\" \/>\n<link rel=\"canonical\" href=\"https:\/\/www.piovan.com\/de\/product\/cleantech\/\" \/>\n<meta property=\"og:locale\" content=\"de_DE\" \/>\n<meta property=\"og:type\" content=\"article\" \/>\n<meta property=\"og:title\" content=\"CleanTech - PiovanGroup\" \/>\n<meta property=\"og:description\" content=\"CleanTech is the new filter studied and realised by Piovan to maximize efficiency and protect equipment where air filtration is critical. The winning combination between selected materials and the innovative application of nanotechnology on filter elements not only allows the filter to hold a wide range of particulate matter, but also cuts maintenance costs and increases efficiency where the drying process is fundamental in achieving high-performance products such as in packaging, medical or food sectors. In CleanTech the filter element [&hellip;]\" \/>\n<meta property=\"og:url\" content=\"https:\/\/www.piovan.com\/de\/product\/cleantech\/\" \/>\n<meta property=\"og:site_name\" content=\"PiovanGroup\" \/>\n<meta property=\"article:modified_time\" content=\"2022-09-28T14:23:09+00:00\" \/>\n<meta property=\"og:image\" content=\"https:\/\/www.piovan.com\/wp-content\/uploads\/CleanTech-Filters.png\" \/>\n\t<meta property=\"og:image:width\" content=\"1200\" \/>\n\t<meta property=\"og:image:height\" content=\"1560\" \/>\n\t<meta property=\"og:image:type\" content=\"image\/png\" \/>\n<meta name=\"twitter:card\" content=\"summary_large_image\" \/>\n<script type=\"application\/ld+json\" class=\"yoast-schema-graph\">{\"@context\":\"https:\/\/schema.org\",\"@graph\":[{\"@type\":\"WebPage\",\"@id\":\"https:\/\/www.piovan.com\/product\/cleantech\/\",\"url\":\"https:\/\/www.piovan.com\/product\/cleantech\/\",\"name\":\"CleanTech - PiovanGroup\",\"isPartOf\":{\"@id\":\"https:\/\/www.piovan.com\/#website\"},\"datePublished\":\"2022-09-28T14:21:39+00:00\",\"dateModified\":\"2022-09-28T14:23:09+00:00\",\"breadcrumb\":{\"@id\":\"https:\/\/www.piovan.com\/product\/cleantech\/#breadcrumb\"},\"inLanguage\":\"de-DE\",\"potentialAction\":[{\"@type\":\"ReadAction\",\"target\":[\"https:\/\/www.piovan.com\/product\/cleantech\/\"]}]},{\"@type\":\"BreadcrumbList\",\"@id\":\"https:\/\/www.piovan.com\/product\/cleantech\/#breadcrumb\",\"itemListElement\":[{\"@type\":\"ListItem\",\"position\":1,\"name\":\"Home\",\"item\":\"https:\/\/www.piovan.com\/\"},{\"@type\":\"ListItem\",\"position\":2,\"name\":\"Plastic\",\"item\":\"https:\/\/www.piovan.com\/de\/products\/kunststoff\/\"},{\"@type\":\"ListItem\",\"position\":3,\"name\":\"Drying &amp; Dehumidifying\",\"item\":\"https:\/\/www.piovan.com\/de\/products\/kunststoff\/trockung-und-entfeuchtung\/\"},{\"@type\":\"ListItem\",\"position\":4,\"name\":\"CleanTech\"}]},{\"@type\":\"WebSite\",\"@id\":\"https:\/\/www.piovan.com\/#website\",\"url\":\"https:\/\/www.piovan.com\/\",\"name\":\"PiovanGroup\",\"description\":\"\",\"publisher\":{\"@id\":\"https:\/\/www.piovan.com\/#organization\"},\"potentialAction\":[{\"@type\":\"SearchAction\",\"target\":{\"@type\":\"EntryPoint\",\"urlTemplate\":\"https:\/\/www.piovan.com\/?s={search_term_string}\"},\"query-input\":\"required name=search_term_string\"}],\"inLanguage\":\"de-DE\"},{\"@type\":\"Organization\",\"@id\":\"https:\/\/www.piovan.com\/#organization\",\"name\":\"PiovanGroup\",\"url\":\"https:\/\/www.piovan.com\/\",\"logo\":{\"@type\":\"ImageObject\",\"inLanguage\":\"de-DE\",\"@id\":\"https:\/\/www.piovan.com\/#\/schema\/logo\/image\/\",\"url\":\"https:\/\/www.piovan.com\/wp-content\/uploads\/2021\/06\/logo@2x.png\",\"contentUrl\":\"https:\/\/www.piovan.com\/wp-content\/uploads\/2021\/06\/logo@2x.png\",\"width\":489,\"height\":78,\"caption\":\"PiovanGroup\"},\"image\":{\"@id\":\"https:\/\/www.piovan.com\/#\/schema\/logo\/image\/\"}}]}<\/script>","yoast_head_json":{"title":"CleanTech - PiovanGroup","robots":{"index":"index","follow":"follow","max-snippet":"max-snippet:-1","max-image-preview":"max-image-preview:large","max-video-preview":"max-video-preview:-1"},"canonical":"https:\/\/www.piovan.com\/de\/product\/cleantech\/","og_locale":"de_DE","og_type":"article","og_title":"CleanTech - PiovanGroup","og_description":"CleanTech is the new filter studied and realised by Piovan to maximize efficiency and protect equipment where air filtration is critical. The winning combination between selected materials and the innovative application of nanotechnology on filter elements not only allows the filter to hold a wide range of particulate matter, but also cuts maintenance costs and increases efficiency where the drying process is fundamental in achieving high-performance products such as in packaging, medical or food sectors. In CleanTech the filter element [&hellip;]","og_url":"https:\/\/www.piovan.com\/de\/product\/cleantech\/","og_site_name":"PiovanGroup","article_modified_time":"2022-09-28T14:23:09+00:00","og_image":[{"width":1200,"height":1560,"url":"https:\/\/www.piovan.com\/wp-content\/uploads\/CleanTech-Filters.png","type":"image\/png"}],"twitter_card":"summary_large_image","schema":{"@context":"https:\/\/schema.org","@graph":[{"@type":"WebPage","@id":"https:\/\/www.piovan.com\/product\/cleantech\/","url":"https:\/\/www.piovan.com\/product\/cleantech\/","name":"CleanTech - PiovanGroup","isPartOf":{"@id":"https:\/\/www.piovan.com\/#website"},"datePublished":"2022-09-28T14:21:39+00:00","dateModified":"2022-09-28T14:23:09+00:00","breadcrumb":{"@id":"https:\/\/www.piovan.com\/product\/cleantech\/#breadcrumb"},"inLanguage":"de-DE","potentialAction":[{"@type":"ReadAction","target":["https:\/\/www.piovan.com\/product\/cleantech\/"]}]},{"@type":"BreadcrumbList","@id":"https:\/\/www.piovan.com\/product\/cleantech\/#breadcrumb","itemListElement":[{"@type":"ListItem","position":1,"name":"Home","item":"https:\/\/www.piovan.com\/"},{"@type":"ListItem","position":2,"name":"Plastic","item":"https:\/\/www.piovan.com\/de\/products\/kunststoff\/"},{"@type":"ListItem","position":3,"name":"Drying &amp; Dehumidifying","item":"https:\/\/www.piovan.com\/de\/products\/kunststoff\/trockung-und-entfeuchtung\/"},{"@type":"ListItem","position":4,"name":"CleanTech"}]},{"@type":"WebSite","@id":"https:\/\/www.piovan.com\/#website","url":"https:\/\/www.piovan.com\/","name":"PiovanGroup","description":"","publisher":{"@id":"https:\/\/www.piovan.com\/#organization"},"potentialAction":[{"@type":"SearchAction","target":{"@type":"EntryPoint","urlTemplate":"https:\/\/www.piovan.com\/?s={search_term_string}"},"query-input":"required name=search_term_string"}],"inLanguage":"de-DE"},{"@type":"Organization","@id":"https:\/\/www.piovan.com\/#organization","name":"PiovanGroup","url":"https:\/\/www.piovan.com\/","logo":{"@type":"ImageObject","inLanguage":"de-DE","@id":"https:\/\/www.piovan.com\/#\/schema\/logo\/image\/","url":"https:\/\/www.piovan.com\/wp-content\/uploads\/2021\/06\/logo@2x.png","contentUrl":"https:\/\/www.piovan.com\/wp-content\/uploads\/2021\/06\/logo@2x.png","width":489,"height":78,"caption":"PiovanGroup"},"image":{"@id":"https:\/\/www.piovan.com\/#\/schema\/logo\/image\/"}}]}},"_links":{"self":[{"href":"https:\/\/www.piovan.com\/de\/wp-json\/wp\/v2\/product\/9200"}],"collection":[{"href":"https:\/\/www.piovan.com\/de\/wp-json\/wp\/v2\/product"}],"about":[{"href":"https:\/\/www.piovan.com\/de\/wp-json\/wp\/v2\/types\/product"}],"version-history":[{"count":0,"href":"https:\/\/www.piovan.com\/de\/wp-json\/wp\/v2\/product\/9200\/revisions"}],"wp:featuredmedia":[{"embeddable":true,"href":"https:\/\/www.piovan.com\/de\/wp-json\/wp\/v2\/media\/9201"}],"wp:attachment":[{"href":"https:\/\/www.piovan.com\/de\/wp-json\/wp\/v2\/media?parent=9200"}],"wp:term":[{"taxonomy":"post_tag","embeddable":true,"href":"https:\/\/www.piovan.com\/de\/wp-json\/wp\/v2\/tags?post=9200"}],"curies":[{"name":"wp","href":"https:\/\/api.w.org\/{rel}","templated":true}]}}