{"id":6046,"date":"2021-12-05T15:18:35","date_gmt":"2021-12-05T14:18:35","guid":{"rendered":"http:\/\/188.166.2.129\/product\/winflo\/"},"modified":"2023-12-15T09:37:40","modified_gmt":"2023-12-15T08:37:40","slug":"winflo_piovan-china","status":"publish","type":"product","link":"https:\/\/www.piovan.com\/de\/product\/winflo_piovan-china\/","title":{"rendered":"Winflo"},"content":{"rendered":"<p>Eine flexible Software f\u00fcr die \u00dcberwachung und Steuerung industrieller K\u00fchlanlagen von Aquatech, die Felddaten in gesch\u00e4ftsrelevante Informationen umwandelt und den Betrieb und die Verwaltung entfernter Anlagen optimiert.<\/p>\n<p class=\" translation-block\">Winflo ist das richtige Werkzeug f\u00fcr K\u00e4ltetechniker, Betriebs-, Anlagen- und Qualit\u00e4tsmanager, das sie von h\u00e4ufigen T\u00e4tigkeiten entlastet, das Risiko menschlicher Fehler reduziert, die Betriebszeit maximiert und komplexe Steuerungen von auf D\u00e4chern installierten Anlagen vermeidet. Winflo, in der Tat<br>\n\u2022 gibt einen Gesamt\u00fcberblick \u00fcber die K\u00fchlger\u00e4te in der Anlage und erm\u00f6glicht es, die Details der einzelnen Einheiten leicht zu erkennen<br>\n\u2022 verf\u00fcgt \u00fcber eine einfach zu bedienende Schnittstelle, die mit einem normalen PC oder mittels eines auf Anfrage erh\u00e4ltlichen 43\"-Bildschirms f\u00fcr hohe Sichtbarkeit in der Anlage oder visuelles Management geeignet ist<br>\n\u2022 liefert EER- und COP-Werte mit der M\u00f6glichkeit, Schwellenwerte f\u00fcr die Ausl\u00f6sung von Alarmen festzulegen<br>\n\u2022 analysiert Daten und reduziert Verschwendung mit Hilfe des Pareto-Analyse-Tools<br>\n\u2022 erinnert an die regelm\u00e4\u00dfige Wartung, um die Betriebszeit der Anlage zu maximieren<br>\n\u2022 informiert Facility Manager und Aquatech-Techniker per E-Mail \u00fcber kritische Alarme, damit sie sofort eingreifen k\u00f6nnen<br>\n\u2022 erm\u00f6glicht die Fernunterst\u00fctzung durch eine sichere VPN-Verbindung zwischen dem Aquatech-Servicezentrum und der Anlage<br>\n\u2022 \u00fcberwacht die Energie- und Wasserverbr\u00e4uche, um fr\u00fchzeitig Anomalien zu erkennen oder einfach Kosten zu verfolgen.<\/p>\n<p>Winflo kann auch den Status, allgemeine Alarme und die wichtigsten analogen Prozessparameter von Ger\u00e4ten anderer Hersteller \u00fcberwachen, indem es eine auf Anfrage erh\u00e4ltliche Erfassungskarte verwendet.<\/p>\n<p>Winflo kann leicht in Winfactory 4.0 und Winenergy integriert werden, um einen globalen \u00dcberblick \u00fcber die Automatisierung der Linie und den Energieverbrauch zu erhalten. Die drei Softwares sind effektive Werkzeuge f\u00fcr die Automatisierung und Verfolgung von Qualit\u00e4tsverfahren.<\/p>","protected":false},"featured_media":6084,"template":"","tags":[],"acf":[],"yoast_head":"<title>Winflo - PiovanGroup<\/title>\n<meta name=\"robots\" content=\"index, follow, max-snippet:-1, max-image-preview:large, max-video-preview:-1\" \/>\n<link rel=\"canonical\" href=\"https:\/\/www.piovan.com\/de\/product\/winflo_piovan-china\/\" \/>\n<meta property=\"og:locale\" content=\"de_DE\" \/>\n<meta property=\"og:type\" content=\"article\" \/>\n<meta property=\"og:title\" content=\"Winflo - PiovanGroup\" \/>\n<meta property=\"og:description\" content=\"A flexible software system for monitoring and controlling industrial cooling equipment by Aquatech, for transforming field data into business-relevant information and optimize the operation and management of remote assets. Winflo is the right tool for Cooling Engineers, Operators, Facilities and Quality managers, since it releases them from performing unnecessary remote checks, reducing the risk of human errors, maximizing uptime and avoiding the need for complex monitoring equipment to be installed in inaccessible areas. Winflo, in fact \u2022 gives a\u00a0global overview [&hellip;]\" \/>\n<meta property=\"og:url\" content=\"https:\/\/www.piovan.com\/de\/product\/winflo_piovan-china\/\" \/>\n<meta property=\"og:site_name\" content=\"PiovanGroup\" \/>\n<meta property=\"article:modified_time\" content=\"2023-12-15T08:37:40+00:00\" \/>\n<meta property=\"og:image\" content=\"https:\/\/www.piovan.com\/wp-content\/uploads\/1200x1560_Winflo.png\" \/>\n\t<meta property=\"og:image:width\" content=\"1200\" \/>\n\t<meta property=\"og:image:height\" content=\"1560\" \/>\n\t<meta property=\"og:image:type\" content=\"image\/png\" \/>\n<meta name=\"twitter:card\" content=\"summary_large_image\" \/>\n<script type=\"application\/ld+json\" class=\"yoast-schema-graph\">{\"@context\":\"https:\/\/schema.org\",\"@graph\":[{\"@type\":\"WebPage\",\"@id\":\"https:\/\/www.piovan.com\/product\/winflo_piovan-china\/\",\"url\":\"https:\/\/www.piovan.com\/product\/winflo_piovan-china\/\",\"name\":\"Winflo - PiovanGroup\",\"isPartOf\":{\"@id\":\"https:\/\/www.piovan.com\/#website\"},\"datePublished\":\"2021-12-05T14:18:35+00:00\",\"dateModified\":\"2023-12-15T08:37:40+00:00\",\"breadcrumb\":{\"@id\":\"https:\/\/www.piovan.com\/product\/winflo_piovan-china\/#breadcrumb\"},\"inLanguage\":\"de-DE\",\"potentialAction\":[{\"@type\":\"ReadAction\",\"target\":[\"https:\/\/www.piovan.com\/product\/winflo_piovan-china\/\"]}]},{\"@type\":\"BreadcrumbList\",\"@id\":\"https:\/\/www.piovan.com\/product\/winflo_piovan-china\/#breadcrumb\",\"itemListElement\":[{\"@type\":\"ListItem\",\"position\":1,\"name\":\"Home\",\"item\":\"https:\/\/www.piovan.com\/\"},{\"@type\":\"ListItem\",\"position\":2,\"name\":\"Industrial cooling\",\"item\":\"https:\/\/www.piovan.com\/de\/products\/industrie-kuhlung\/\"},{\"@type\":\"ListItem\",\"position\":3,\"name\":\"Software\",\"item\":\"https:\/\/www.piovan.com\/de\/products\/industrie-kuhlung\/software-industrial-cooling\/\"},{\"@type\":\"ListItem\",\"position\":4,\"name\":\"Winflo\"}]},{\"@type\":\"WebSite\",\"@id\":\"https:\/\/www.piovan.com\/#website\",\"url\":\"https:\/\/www.piovan.com\/\",\"name\":\"PiovanGroup\",\"description\":\"\",\"publisher\":{\"@id\":\"https:\/\/www.piovan.com\/#organization\"},\"potentialAction\":[{\"@type\":\"SearchAction\",\"target\":{\"@type\":\"EntryPoint\",\"urlTemplate\":\"https:\/\/www.piovan.com\/?s={search_term_string}\"},\"query-input\":\"required name=search_term_string\"}],\"inLanguage\":\"de-DE\"},{\"@type\":\"Organization\",\"@id\":\"https:\/\/www.piovan.com\/#organization\",\"name\":\"PiovanGroup\",\"url\":\"https:\/\/www.piovan.com\/\",\"logo\":{\"@type\":\"ImageObject\",\"inLanguage\":\"de-DE\",\"@id\":\"https:\/\/www.piovan.com\/#\/schema\/logo\/image\/\",\"url\":\"https:\/\/www.piovan.com\/wp-content\/uploads\/2021\/06\/logo@2x.png\",\"contentUrl\":\"https:\/\/www.piovan.com\/wp-content\/uploads\/2021\/06\/logo@2x.png\",\"width\":489,\"height\":78,\"caption\":\"PiovanGroup\"},\"image\":{\"@id\":\"https:\/\/www.piovan.com\/#\/schema\/logo\/image\/\"}}]}<\/script>","yoast_head_json":{"title":"Winflo - PiovanGroup","robots":{"index":"index","follow":"follow","max-snippet":"max-snippet:-1","max-image-preview":"max-image-preview:large","max-video-preview":"max-video-preview:-1"},"canonical":"https:\/\/www.piovan.com\/de\/product\/winflo_piovan-china\/","og_locale":"de_DE","og_type":"article","og_title":"Winflo - PiovanGroup","og_description":"A flexible software system for monitoring and controlling industrial cooling equipment by Aquatech, for transforming field data into business-relevant information and optimize the operation and management of remote assets. Winflo is the right tool for Cooling Engineers, Operators, Facilities and Quality managers, since it releases them from performing unnecessary remote checks, reducing the risk of human errors, maximizing uptime and avoiding the need for complex monitoring equipment to be installed in inaccessible areas. Winflo, in fact \u2022 gives a\u00a0global overview [&hellip;]","og_url":"https:\/\/www.piovan.com\/de\/product\/winflo_piovan-china\/","og_site_name":"PiovanGroup","article_modified_time":"2023-12-15T08:37:40+00:00","og_image":[{"width":1200,"height":1560,"url":"https:\/\/www.piovan.com\/wp-content\/uploads\/1200x1560_Winflo.png","type":"image\/png"}],"twitter_card":"summary_large_image","schema":{"@context":"https:\/\/schema.org","@graph":[{"@type":"WebPage","@id":"https:\/\/www.piovan.com\/product\/winflo_piovan-china\/","url":"https:\/\/www.piovan.com\/product\/winflo_piovan-china\/","name":"Winflo - PiovanGroup","isPartOf":{"@id":"https:\/\/www.piovan.com\/#website"},"datePublished":"2021-12-05T14:18:35+00:00","dateModified":"2023-12-15T08:37:40+00:00","breadcrumb":{"@id":"https:\/\/www.piovan.com\/product\/winflo_piovan-china\/#breadcrumb"},"inLanguage":"de-DE","potentialAction":[{"@type":"ReadAction","target":["https:\/\/www.piovan.com\/product\/winflo_piovan-china\/"]}]},{"@type":"BreadcrumbList","@id":"https:\/\/www.piovan.com\/product\/winflo_piovan-china\/#breadcrumb","itemListElement":[{"@type":"ListItem","position":1,"name":"Home","item":"https:\/\/www.piovan.com\/"},{"@type":"ListItem","position":2,"name":"Industrial cooling","item":"https:\/\/www.piovan.com\/de\/products\/industrie-kuhlung\/"},{"@type":"ListItem","position":3,"name":"Software","item":"https:\/\/www.piovan.com\/de\/products\/industrie-kuhlung\/software-industrial-cooling\/"},{"@type":"ListItem","position":4,"name":"Winflo"}]},{"@type":"WebSite","@id":"https:\/\/www.piovan.com\/#website","url":"https:\/\/www.piovan.com\/","name":"PiovanGroup","description":"","publisher":{"@id":"https:\/\/www.piovan.com\/#organization"},"potentialAction":[{"@type":"SearchAction","target":{"@type":"EntryPoint","urlTemplate":"https:\/\/www.piovan.com\/?s={search_term_string}"},"query-input":"required name=search_term_string"}],"inLanguage":"de-DE"},{"@type":"Organization","@id":"https:\/\/www.piovan.com\/#organization","name":"PiovanGroup","url":"https:\/\/www.piovan.com\/","logo":{"@type":"ImageObject","inLanguage":"de-DE","@id":"https:\/\/www.piovan.com\/#\/schema\/logo\/image\/","url":"https:\/\/www.piovan.com\/wp-content\/uploads\/2021\/06\/logo@2x.png","contentUrl":"https:\/\/www.piovan.com\/wp-content\/uploads\/2021\/06\/logo@2x.png","width":489,"height":78,"caption":"PiovanGroup"},"image":{"@id":"https:\/\/www.piovan.com\/#\/schema\/logo\/image\/"}}]}},"_links":{"self":[{"href":"https:\/\/www.piovan.com\/de\/wp-json\/wp\/v2\/product\/6046"}],"collection":[{"href":"https:\/\/www.piovan.com\/de\/wp-json\/wp\/v2\/product"}],"about":[{"href":"https:\/\/www.piovan.com\/de\/wp-json\/wp\/v2\/types\/product"}],"version-history":[{"count":1,"href":"https:\/\/www.piovan.com\/de\/wp-json\/wp\/v2\/product\/6046\/revisions"}],"predecessor-version":[{"id":11279,"href":"https:\/\/www.piovan.com\/de\/wp-json\/wp\/v2\/product\/6046\/revisions\/11279"}],"wp:featuredmedia":[{"embeddable":true,"href":"https:\/\/www.piovan.com\/de\/wp-json\/wp\/v2\/media\/6084"}],"wp:attachment":[{"href":"https:\/\/www.piovan.com\/de\/wp-json\/wp\/v2\/media?parent=6046"}],"wp:term":[{"taxonomy":"post_tag","embeddable":true,"href":"https:\/\/www.piovan.com\/de\/wp-json\/wp\/v2\/tags?post=6046"}],"curies":[{"name":"wp","href":"https:\/\/api.w.org\/{rel}","templated":true}]}}