{"id":6040,"date":"2021-12-05T15:18:23","date_gmt":"2021-12-05T14:18:23","guid":{"rendered":"http:\/\/188.166.2.129\/product\/aquaflow\/"},"modified":"2023-12-13T16:12:07","modified_gmt":"2023-12-13T15:12:07","slug":"aquaflow_piovan-china","status":"publish","type":"product","link":"https:\/\/www.piovan.com\/de\/product\/aquaflow_piovan-china\/","title":{"rendered":"Aquaflow"},"content":{"rendered":"<p>Aquaflow ist eine neue Baureihe mit Wasserpumpengruppen von Aquatech, die zur Abdeckung aller f\u00fcr industrielle Prozesse ben\u00f6tigten Durchflussraten und Dr\u00fccke entwickelt wurden.<br \/>\nDie h\u00f6chste kundenspezifische Anpassung kann durch die Ausstattung der Pumpengruppe mit einem Wechselrichter erreicht werden, um die beste Energieeinsparung bei Teillast zu erreichen. Jede Gruppe kann zur Leistungsverbesserung und zur Erh\u00f6hung der Zuverl\u00e4ssigkeit mit einer \u201eStand-by\u201c-Pumpe ausgestattet werden.<br \/>\nDie Produkte der Baureihe Aquaflow zeichnen sich durch einen sehr geringen Energieverbrauch, eine qualitativ hochwertige Verarbeitung und robuste Konstruktion aus und bieten damit die ideale L\u00f6sung f\u00fcr Pumpengruppen, die problemlos in der Wartung sind, sehr genau arbeiten und \u00e4u\u00dferst langlebig sind.<\/p>\n<p><strong>Modulare Bauweise<\/strong><br \/>\nDie Wasserpumpengruppen von Aquaflow wurden nach einem modularen innovativen Designkonzept entwickelt. Sie k\u00f6nnen als Stand-alone-Pumpe oder mit zwei oder mehreren Pumpen geliefert werden, um jede beliebige Durchflussrate zu erm\u00f6glichen und einen zuverl\u00e4ssigen Dauerbetrieb zu gew\u00e4hrleisten.<\/p>\n<p><strong>Verschiedene Druckbereiche<\/strong><br \/>\nDank der drei verschiedenen Druckbereiche werden die Produkte allen Arbeitsbedingungen und spezifischen Anforderungen jedes Herstellungsprozesses gerecht.<br \/>\n\u2022 Pumpengruppen f\u00fcr Niederdruck [2 - 3] Bar<br \/>\n\u2022 Pumpengruppen f\u00fcr mittleren Druck [3 - 5] Bar<br \/>\n\u2022 Pumpengruppen f\u00fcr Hochdruck [5 - 7] Bar<\/p>\n<p>F\u00fcr jeden Bereich sind 10 verschiedene Einzelpumpengruppen lieferbar.<\/p>\n<p><strong>Wechselrichter-Ausr\u00fcstung<\/strong><br \/>\nJe nach Anforderungen des Kunden kann Aquaflow mit einem Wechselrichter ausgestattet werden, der die beste Leistung bei m\u00f6glichst niedrigem Energieverbrauch garantiert, so dass das System mit konstantem Betriebsdruck arbeiten kann und bei Teillast Energieeinsparungen erm\u00f6glicht.<\/p>\n<p><em>Alle Aquaflow-Produkte entsprechen den Anforderungen f\u00fcr \u00d6kodesign gem\u00e4\u00df Richtlinie 2005\/32\/EG der Europ\u00e4ischen Gemeinschaft \u00fcber energiebetriebene Produkte (EbP) und der Richtlinie 2009\/125\/EG \u00fcber energieverbrauchsrelevante Produkte (EvP).<\/em><\/p>","protected":false},"featured_media":6082,"template":"","tags":[],"acf":[],"yoast_head":"<title>Aquaflow - Piovan Gruppe<\/title>\n<meta name=\"robots\" content=\"index, follow, max-snippet:-1, max-image-preview:large, max-video-preview:-1\" \/>\n<link rel=\"canonical\" href=\"https:\/\/www.piovan.com\/de\/product\/aquaflow_piovan-china\/\" \/>\n<meta property=\"og:locale\" content=\"de_DE\" \/>\n<meta property=\"og:type\" content=\"article\" \/>\n<meta property=\"og:title\" content=\"Aquaflow - PiovanGroup\" \/>\n<meta property=\"og:description\" content=\"Aquaflow is the new range of water pumping groups by Aquatech designed to cover all the flow rates and pressures required by the industrial processes. The utmost customization can be achieved by equipping the pumping group with an inverter to obtain the highest energy saving at partial loads. Any group can be configured with a \u201cstand-by\u201d pump, to increase performances and reliability. Very low energy consumptions, high-quality production, and robust structure make the Aquaflow line an ideal pumping solution, with [&hellip;]\" \/>\n<meta property=\"og:url\" content=\"https:\/\/www.piovan.com\/de\/product\/aquaflow_piovan-china\/\" \/>\n<meta property=\"og:site_name\" content=\"PiovanGroup\" \/>\n<meta property=\"article:modified_time\" content=\"2023-12-13T15:12:07+00:00\" \/>\n<meta property=\"og:image\" content=\"https:\/\/www.piovan.com\/wp-content\/uploads\/1200x1560_Aquaflow.png\" \/>\n\t<meta property=\"og:image:width\" content=\"1200\" \/>\n\t<meta property=\"og:image:height\" content=\"1560\" \/>\n\t<meta property=\"og:image:type\" content=\"image\/png\" \/>\n<meta name=\"twitter:card\" content=\"summary_large_image\" \/>\n<script type=\"application\/ld+json\" class=\"yoast-schema-graph\">{\"@context\":\"https:\/\/schema.org\",\"@graph\":[{\"@type\":\"WebPage\",\"@id\":\"https:\/\/www.piovan.com\/product\/aquaflow_piovan-china\/\",\"url\":\"https:\/\/www.piovan.com\/product\/aquaflow_piovan-china\/\",\"name\":\"Aquaflow - PiovanGroup\",\"isPartOf\":{\"@id\":\"https:\/\/www.piovan.com\/#website\"},\"datePublished\":\"2021-12-05T14:18:23+00:00\",\"dateModified\":\"2023-12-13T15:12:07+00:00\",\"breadcrumb\":{\"@id\":\"https:\/\/www.piovan.com\/product\/aquaflow_piovan-china\/#breadcrumb\"},\"inLanguage\":\"de-DE\",\"potentialAction\":[{\"@type\":\"ReadAction\",\"target\":[\"https:\/\/www.piovan.com\/product\/aquaflow_piovan-china\/\"]}]},{\"@type\":\"BreadcrumbList\",\"@id\":\"https:\/\/www.piovan.com\/product\/aquaflow_piovan-china\/#breadcrumb\",\"itemListElement\":[{\"@type\":\"ListItem\",\"position\":1,\"name\":\"Home\",\"item\":\"https:\/\/www.piovan.com\/\"},{\"@type\":\"ListItem\",\"position\":2,\"name\":\"Industrial cooling\",\"item\":\"https:\/\/www.piovan.com\/de\/products\/industrie-kuhlung\/\"},{\"@type\":\"ListItem\",\"position\":3,\"name\":\"Pump Stations\",\"item\":\"https:\/\/www.piovan.com\/de\/products\/industrie-kuhlung\/pump-stations\/\"},{\"@type\":\"ListItem\",\"position\":4,\"name\":\"Aquaflow\"}]},{\"@type\":\"WebSite\",\"@id\":\"https:\/\/www.piovan.com\/#website\",\"url\":\"https:\/\/www.piovan.com\/\",\"name\":\"PiovanGroup\",\"description\":\"\",\"publisher\":{\"@id\":\"https:\/\/www.piovan.com\/#organization\"},\"potentialAction\":[{\"@type\":\"SearchAction\",\"target\":{\"@type\":\"EntryPoint\",\"urlTemplate\":\"https:\/\/www.piovan.com\/?s={search_term_string}\"},\"query-input\":\"required name=search_term_string\"}],\"inLanguage\":\"de-DE\"},{\"@type\":\"Organization\",\"@id\":\"https:\/\/www.piovan.com\/#organization\",\"name\":\"PiovanGroup\",\"url\":\"https:\/\/www.piovan.com\/\",\"logo\":{\"@type\":\"ImageObject\",\"inLanguage\":\"de-DE\",\"@id\":\"https:\/\/www.piovan.com\/#\/schema\/logo\/image\/\",\"url\":\"https:\/\/www.piovan.com\/wp-content\/uploads\/2021\/06\/logo@2x.png\",\"contentUrl\":\"https:\/\/www.piovan.com\/wp-content\/uploads\/2021\/06\/logo@2x.png\",\"width\":489,\"height\":78,\"caption\":\"PiovanGroup\"},\"image\":{\"@id\":\"https:\/\/www.piovan.com\/#\/schema\/logo\/image\/\"}}]}<\/script>","yoast_head_json":{"title":"Aquaflow - Piovan Gruppe","robots":{"index":"index","follow":"follow","max-snippet":"max-snippet:-1","max-image-preview":"max-image-preview:large","max-video-preview":"max-video-preview:-1"},"canonical":"https:\/\/www.piovan.com\/de\/product\/aquaflow_piovan-china\/","og_locale":"de_DE","og_type":"article","og_title":"Aquaflow - PiovanGroup","og_description":"Aquaflow is the new range of water pumping groups by Aquatech designed to cover all the flow rates and pressures required by the industrial processes. The utmost customization can be achieved by equipping the pumping group with an inverter to obtain the highest energy saving at partial loads. Any group can be configured with a \u201cstand-by\u201d pump, to increase performances and reliability. Very low energy consumptions, high-quality production, and robust structure make the Aquaflow line an ideal pumping solution, with [&hellip;]","og_url":"https:\/\/www.piovan.com\/de\/product\/aquaflow_piovan-china\/","og_site_name":"PiovanGroup","article_modified_time":"2023-12-13T15:12:07+00:00","og_image":[{"width":1200,"height":1560,"url":"https:\/\/www.piovan.com\/wp-content\/uploads\/1200x1560_Aquaflow.png","type":"image\/png"}],"twitter_card":"summary_large_image","schema":{"@context":"https:\/\/schema.org","@graph":[{"@type":"WebPage","@id":"https:\/\/www.piovan.com\/product\/aquaflow_piovan-china\/","url":"https:\/\/www.piovan.com\/product\/aquaflow_piovan-china\/","name":"Aquaflow - PiovanGroup","isPartOf":{"@id":"https:\/\/www.piovan.com\/#website"},"datePublished":"2021-12-05T14:18:23+00:00","dateModified":"2023-12-13T15:12:07+00:00","breadcrumb":{"@id":"https:\/\/www.piovan.com\/product\/aquaflow_piovan-china\/#breadcrumb"},"inLanguage":"de-DE","potentialAction":[{"@type":"ReadAction","target":["https:\/\/www.piovan.com\/product\/aquaflow_piovan-china\/"]}]},{"@type":"BreadcrumbList","@id":"https:\/\/www.piovan.com\/product\/aquaflow_piovan-china\/#breadcrumb","itemListElement":[{"@type":"ListItem","position":1,"name":"Home","item":"https:\/\/www.piovan.com\/"},{"@type":"ListItem","position":2,"name":"Industrial cooling","item":"https:\/\/www.piovan.com\/de\/products\/industrie-kuhlung\/"},{"@type":"ListItem","position":3,"name":"Pump Stations","item":"https:\/\/www.piovan.com\/de\/products\/industrie-kuhlung\/pump-stations\/"},{"@type":"ListItem","position":4,"name":"Aquaflow"}]},{"@type":"WebSite","@id":"https:\/\/www.piovan.com\/#website","url":"https:\/\/www.piovan.com\/","name":"PiovanGroup","description":"","publisher":{"@id":"https:\/\/www.piovan.com\/#organization"},"potentialAction":[{"@type":"SearchAction","target":{"@type":"EntryPoint","urlTemplate":"https:\/\/www.piovan.com\/?s={search_term_string}"},"query-input":"required name=search_term_string"}],"inLanguage":"de-DE"},{"@type":"Organization","@id":"https:\/\/www.piovan.com\/#organization","name":"PiovanGroup","url":"https:\/\/www.piovan.com\/","logo":{"@type":"ImageObject","inLanguage":"de-DE","@id":"https:\/\/www.piovan.com\/#\/schema\/logo\/image\/","url":"https:\/\/www.piovan.com\/wp-content\/uploads\/2021\/06\/logo@2x.png","contentUrl":"https:\/\/www.piovan.com\/wp-content\/uploads\/2021\/06\/logo@2x.png","width":489,"height":78,"caption":"PiovanGroup"},"image":{"@id":"https:\/\/www.piovan.com\/#\/schema\/logo\/image\/"}}]}},"_links":{"self":[{"href":"https:\/\/www.piovan.com\/de\/wp-json\/wp\/v2\/product\/6040"}],"collection":[{"href":"https:\/\/www.piovan.com\/de\/wp-json\/wp\/v2\/product"}],"about":[{"href":"https:\/\/www.piovan.com\/de\/wp-json\/wp\/v2\/types\/product"}],"version-history":[{"count":1,"href":"https:\/\/www.piovan.com\/de\/wp-json\/wp\/v2\/product\/6040\/revisions"}],"predecessor-version":[{"id":11153,"href":"https:\/\/www.piovan.com\/de\/wp-json\/wp\/v2\/product\/6040\/revisions\/11153"}],"wp:featuredmedia":[{"embeddable":true,"href":"https:\/\/www.piovan.com\/de\/wp-json\/wp\/v2\/media\/6082"}],"wp:attachment":[{"href":"https:\/\/www.piovan.com\/de\/wp-json\/wp\/v2\/media?parent=6040"}],"wp:term":[{"taxonomy":"post_tag","embeddable":true,"href":"https:\/\/www.piovan.com\/de\/wp-json\/wp\/v2\/tags?post=6040"}],"curies":[{"name":"wp","href":"https:\/\/api.w.org\/{rel}","templated":true}]}}