{"id":6039,"date":"2021-12-05T15:18:23","date_gmt":"2021-12-05T14:18:23","guid":{"rendered":"http:\/\/188.166.2.129\/product\/aquatreat\/"},"modified":"2025-10-23T15:03:38","modified_gmt":"2025-10-23T13:03:38","slug":"aquatreat","status":"publish","type":"product","link":"https:\/\/www.piovan.com\/de\/product\/aquatreat\/","title":{"rendered":"Aquatreat"},"content":{"rendered":"<p>Aquatreat ist die neue L\u00f6sung von Thermal Care f\u00fcr die industrielle Prozesswasseraufbereitung. Es ist eine h\u00f6chst individuell konfigurierbare L\u00f6sung, die es erm\u00f6glicht, das Prozesswasser zu \u00fcberwachen, zu behandeln und zu filtern, die sich f\u00fcr verschiedene industrielle Prozesse eignet.<\/p>\n<p>Die traditionellen L\u00f6sungen zur Wasseraufbereitung basieren auf umweltsch\u00e4dlichen Zus\u00e4tzen, die hohe Entsorgungskosten verursachen und deren Ergebnisse nicht immer pr\u00e4zise sind. Eine schlechte Wasserqualit\u00e4t verursacht einige Probleme in den K\u00fchlsystemen, wie z. B. Anlagenstillstand, Effizienzverluste und Sch\u00e4den an den Systemkomponenten, verstopfte Leitungen und erh\u00f6hte Wartungskosten.<\/p>\n<p>Eine gute K\u00fchlwasserqualit\u00e4t ist Voraussetzung f\u00fcr:<br \/>\n\u2022 Maximale Zuverl\u00e4ssigkeit des K\u00fchlsystems<br \/>\n\u2022 Vermeidung von unerwarteten Bruchstellen und Sch\u00e4den<br \/>\n\u2022 Hohe Effizienz des K\u00fchlsystems bei niedrigen Betriebskosten<br \/>\n\u2022 Sicherheit der Investition<\/p>\n<p>Aquatreat erm\u00f6glicht pH Wert, Leitf\u00e4higkeit, Chloride, Sulfate, Schwebstoffe, Verunreinigungen und vieles mehr zu verwalten, um die richtige Wasserqualit\u00e4t zu gew\u00e4hrleisten. Die Abweichung von den gew\u00fcnschten Werten erm\u00f6glicht eine schnelle Reaktion. Au\u00dferdem sch\u00fctzt es die Rohre dank Molybd\u00e4nadditive vor der Korrosion des Wassers.<\/p>","protected":false},"featured_media":11151,"template":"","tags":[168],"acf":[],"yoast_head":"<title>Aquatreat - Piovan Gruppe<\/title>\n<meta name=\"robots\" content=\"index, follow, max-snippet:-1, max-image-preview:large, max-video-preview:-1\" \/>\n<link rel=\"canonical\" href=\"https:\/\/www.piovan.com\/de\/product\/aquatreat\/\" \/>\n<meta property=\"og:locale\" content=\"de_DE\" \/>\n<meta property=\"og:type\" content=\"article\" \/>\n<meta property=\"og:title\" content=\"Aquatreat - PiovanGroup\" \/>\n<meta property=\"og:description\" content=\"Aquatreat is the new solution by Thermal Care for industrial process water treatment. Suitable for a variety of industrial processes, it is a highly customisable solution which allows to monitor, treat and filter the process water. Traditional solutions for water treatment are based on polluting additives which require high disposal costs with results that are not always precise. Low quality water causes some problems in the cooling systems, such as plant downtime, efficiency losses and damage to the system components, [&hellip;]\" \/>\n<meta property=\"og:url\" content=\"https:\/\/www.piovan.com\/de\/product\/aquatreat\/\" \/>\n<meta property=\"og:site_name\" content=\"PiovanGroup\" \/>\n<meta property=\"article:modified_time\" content=\"2025-10-23T13:03:38+00:00\" \/>\n<meta property=\"og:image\" content=\"https:\/\/www.piovan.com\/wp-content\/uploads\/0057_Aquatreat.png\" \/>\n\t<meta property=\"og:image:width\" content=\"1200\" \/>\n\t<meta property=\"og:image:height\" content=\"1560\" \/>\n\t<meta property=\"og:image:type\" content=\"image\/png\" \/>\n<meta name=\"twitter:card\" content=\"summary_large_image\" \/>\n<script type=\"application\/ld+json\" class=\"yoast-schema-graph\">{\"@context\":\"https:\/\/schema.org\",\"@graph\":[{\"@type\":\"WebPage\",\"@id\":\"https:\/\/www.piovan.com\/product\/aquatreat\/\",\"url\":\"https:\/\/www.piovan.com\/product\/aquatreat\/\",\"name\":\"Aquatreat - PiovanGroup\",\"isPartOf\":{\"@id\":\"https:\/\/www.piovan.com\/#website\"},\"datePublished\":\"2021-12-05T14:18:23+00:00\",\"dateModified\":\"2025-10-23T13:03:38+00:00\",\"breadcrumb\":{\"@id\":\"https:\/\/www.piovan.com\/product\/aquatreat\/#breadcrumb\"},\"inLanguage\":\"de-DE\",\"potentialAction\":[{\"@type\":\"ReadAction\",\"target\":[\"https:\/\/www.piovan.com\/product\/aquatreat\/\"]}]},{\"@type\":\"BreadcrumbList\",\"@id\":\"https:\/\/www.piovan.com\/product\/aquatreat\/#breadcrumb\",\"itemListElement\":[{\"@type\":\"ListItem\",\"position\":1,\"name\":\"Home\",\"item\":\"https:\/\/www.piovan.com\/\"},{\"@type\":\"ListItem\",\"position\":2,\"name\":\"Industrial cooling\",\"item\":\"https:\/\/www.piovan.com\/de\/products\/industrie-kuhlung\/\"},{\"@type\":\"ListItem\",\"position\":3,\"name\":\"Water and Environmental Treatment\",\"item\":\"https:\/\/www.piovan.com\/de\/products\/industrie-kuhlung\/water-and-environmental-treatment\/\"},{\"@type\":\"ListItem\",\"position\":4,\"name\":\"Aquatreat\"}]},{\"@type\":\"WebSite\",\"@id\":\"https:\/\/www.piovan.com\/#website\",\"url\":\"https:\/\/www.piovan.com\/\",\"name\":\"PiovanGroup\",\"description\":\"\",\"publisher\":{\"@id\":\"https:\/\/www.piovan.com\/#organization\"},\"potentialAction\":[{\"@type\":\"SearchAction\",\"target\":{\"@type\":\"EntryPoint\",\"urlTemplate\":\"https:\/\/www.piovan.com\/?s={search_term_string}\"},\"query-input\":\"required name=search_term_string\"}],\"inLanguage\":\"de-DE\"},{\"@type\":\"Organization\",\"@id\":\"https:\/\/www.piovan.com\/#organization\",\"name\":\"PiovanGroup\",\"url\":\"https:\/\/www.piovan.com\/\",\"logo\":{\"@type\":\"ImageObject\",\"inLanguage\":\"de-DE\",\"@id\":\"https:\/\/www.piovan.com\/#\/schema\/logo\/image\/\",\"url\":\"https:\/\/www.piovan.com\/wp-content\/uploads\/2021\/06\/logo@2x.png\",\"contentUrl\":\"https:\/\/www.piovan.com\/wp-content\/uploads\/2021\/06\/logo@2x.png\",\"width\":489,\"height\":78,\"caption\":\"PiovanGroup\"},\"image\":{\"@id\":\"https:\/\/www.piovan.com\/#\/schema\/logo\/image\/\"}}]}<\/script>","yoast_head_json":{"title":"Aquatreat - Piovan Gruppe","robots":{"index":"index","follow":"follow","max-snippet":"max-snippet:-1","max-image-preview":"max-image-preview:large","max-video-preview":"max-video-preview:-1"},"canonical":"https:\/\/www.piovan.com\/de\/product\/aquatreat\/","og_locale":"de_DE","og_type":"article","og_title":"Aquatreat - PiovanGroup","og_description":"Aquatreat is the new solution by Thermal Care for industrial process water treatment. Suitable for a variety of industrial processes, it is a highly customisable solution which allows to monitor, treat and filter the process water. Traditional solutions for water treatment are based on polluting additives which require high disposal costs with results that are not always precise. Low quality water causes some problems in the cooling systems, such as plant downtime, efficiency losses and damage to the system components, [&hellip;]","og_url":"https:\/\/www.piovan.com\/de\/product\/aquatreat\/","og_site_name":"PiovanGroup","article_modified_time":"2025-10-23T13:03:38+00:00","og_image":[{"width":1200,"height":1560,"url":"https:\/\/www.piovan.com\/wp-content\/uploads\/0057_Aquatreat.png","type":"image\/png"}],"twitter_card":"summary_large_image","schema":{"@context":"https:\/\/schema.org","@graph":[{"@type":"WebPage","@id":"https:\/\/www.piovan.com\/product\/aquatreat\/","url":"https:\/\/www.piovan.com\/product\/aquatreat\/","name":"Aquatreat - PiovanGroup","isPartOf":{"@id":"https:\/\/www.piovan.com\/#website"},"datePublished":"2021-12-05T14:18:23+00:00","dateModified":"2025-10-23T13:03:38+00:00","breadcrumb":{"@id":"https:\/\/www.piovan.com\/product\/aquatreat\/#breadcrumb"},"inLanguage":"de-DE","potentialAction":[{"@type":"ReadAction","target":["https:\/\/www.piovan.com\/product\/aquatreat\/"]}]},{"@type":"BreadcrumbList","@id":"https:\/\/www.piovan.com\/product\/aquatreat\/#breadcrumb","itemListElement":[{"@type":"ListItem","position":1,"name":"Home","item":"https:\/\/www.piovan.com\/"},{"@type":"ListItem","position":2,"name":"Industrial cooling","item":"https:\/\/www.piovan.com\/de\/products\/industrie-kuhlung\/"},{"@type":"ListItem","position":3,"name":"Water and Environmental Treatment","item":"https:\/\/www.piovan.com\/de\/products\/industrie-kuhlung\/water-and-environmental-treatment\/"},{"@type":"ListItem","position":4,"name":"Aquatreat"}]},{"@type":"WebSite","@id":"https:\/\/www.piovan.com\/#website","url":"https:\/\/www.piovan.com\/","name":"PiovanGroup","description":"","publisher":{"@id":"https:\/\/www.piovan.com\/#organization"},"potentialAction":[{"@type":"SearchAction","target":{"@type":"EntryPoint","urlTemplate":"https:\/\/www.piovan.com\/?s={search_term_string}"},"query-input":"required name=search_term_string"}],"inLanguage":"de-DE"},{"@type":"Organization","@id":"https:\/\/www.piovan.com\/#organization","name":"PiovanGroup","url":"https:\/\/www.piovan.com\/","logo":{"@type":"ImageObject","inLanguage":"de-DE","@id":"https:\/\/www.piovan.com\/#\/schema\/logo\/image\/","url":"https:\/\/www.piovan.com\/wp-content\/uploads\/2021\/06\/logo@2x.png","contentUrl":"https:\/\/www.piovan.com\/wp-content\/uploads\/2021\/06\/logo@2x.png","width":489,"height":78,"caption":"PiovanGroup"},"image":{"@id":"https:\/\/www.piovan.com\/#\/schema\/logo\/image\/"}}]}},"_links":{"self":[{"href":"https:\/\/www.piovan.com\/de\/wp-json\/wp\/v2\/product\/6039"}],"collection":[{"href":"https:\/\/www.piovan.com\/de\/wp-json\/wp\/v2\/product"}],"about":[{"href":"https:\/\/www.piovan.com\/de\/wp-json\/wp\/v2\/types\/product"}],"version-history":[{"count":3,"href":"https:\/\/www.piovan.com\/de\/wp-json\/wp\/v2\/product\/6039\/revisions"}],"predecessor-version":[{"id":15817,"href":"https:\/\/www.piovan.com\/de\/wp-json\/wp\/v2\/product\/6039\/revisions\/15817"}],"wp:featuredmedia":[{"embeddable":true,"href":"https:\/\/www.piovan.com\/de\/wp-json\/wp\/v2\/media\/11151"}],"wp:attachment":[{"href":"https:\/\/www.piovan.com\/de\/wp-json\/wp\/v2\/media?parent=6039"}],"wp:term":[{"taxonomy":"post_tag","embeddable":true,"href":"https:\/\/www.piovan.com\/de\/wp-json\/wp\/v2\/tags?post=6039"}],"curies":[{"name":"wp","href":"https:\/\/api.w.org\/{rel}","templated":true}]}}