{"id":6022,"date":"2021-12-05T15:18:07","date_gmt":"2021-12-05T14:18:07","guid":{"rendered":"http:\/\/188.166.2.129\/product\/ecosmart\/"},"modified":"2023-12-14T12:20:12","modified_gmt":"2023-12-14T11:20:12","slug":"ecosmart-ca_piovan-china","status":"publish","type":"product","link":"https:\/\/www.piovan.com\/de\/product\/ecosmart-ca_piovan-china\/","title":{"rendered":"Ecosmart"},"content":{"rendered":"<p><strong>Modell CA<br \/>\nHocheffizienter SCHRAUBEN-Kompressor mit eingebautem Frequenzumrichter<\/strong><\/p>\n<p class=\" translation-block\">Die Aquatech K\u00fchlger\u00e4te des Ecosmart-Sortiments mit Frequenzumrichter sind in der Lage, K\u00fchlwasser bei sehr geringem Energieverbrauch zu produzieren.<\/p>\n<p class=\" translation-block\"><strong>FREQUENZUMRICHTER-TECHNOLOGIE<\/strong> Die Drosselung der K\u00fchlleistung erfolgt durch eine Drehzahl-Reduzierung des Motors, der den Kompressor antreibt. Die Rotationsgeschwindigkeit der Schraube wird je nach der momentanen thermischen Belastung, die abgebaut werden soll, reguliert. Hohe thermische Belastungen erfordern einen hohen K\u00fchlmitteldurchfluss, somit hohe Rotationsgeschwindigkeiten; eine geringe thermische Belastung erlaubt es hingegen, mit geringerer Geschwindigkeit zu arbeiten.\n<br><br>\nDurch Regulierung der Rotationsgeschwindigkeit des Motors wird die Stromaufnahme und somit der Energieverbrauch reduziert, im Gegensatz zu einer Maschine mit Schraubenkompressor ohne Frequenzumrichter, der bei konstanter Geschwindigkeit l\u00e4uft.<\/p>\n<p class=\" translation-block\"><strong>Vorteile<\/strong><br>\n\u2022 Hohe Energieeffizienz: die h\u00f6chsten EER-Werte bei jeder Betriebsbedingung (Teillastbetrieb)<br>\n\u2022 Schraubenkompressor mit eingebautem Frequenzumrichter: kontinuierliche Regelung zwischen 25 % und 100 %<br>\n\u2022 Gebl\u00e4sesteuerung \u00fcber Frequenzumrichter: kontinuierliche Regelung des Kondensations-Luftvolumenstroms<br>\n\u2022 Interne, vom Frequenzumrichter gesteuerte Pumpe: um konstante Dr\u00fccke im Wasserkreislauf bei \u00c4nderungen der Betriebsbedingungen sicherzustellen<br>\n\u2022 Kondensatoren und Verdampfer: gro\u00dfz\u00fcgig bemessen, um die Kompressoreffizienz zu erh\u00f6hen<br>\n\u2022 Elektronisches Expansionsventil (EEV) f\u00fcr eine bessere Stabilit\u00e4t der Prozesswassertemperatur (+\/- 0,4\u00b0C am Verdampferausgang)<br>\n\u2022 L\u00e4ngere Lebensdauer des Kompressors: eine Reduzierung der Anl\u00e4ufe, des Anlaufstroms<br>\n\u2022 sowie geringerer Motorverschlei\u00df<br>\n\u2022 Schutzvorrichtungen: Differenzdruckw\u00e4chter zum Schutz des Verdampfers, \u00d6l-Druckw\u00e4chter zur Schmierung des Kompressors und Str\u00f6mungsw\u00e4chter f\u00fcr das Prozesswasser<br>\n\u2022 Vereinfachte Installation (innen oder au\u00dfen) mit einfachen Startprozeduren<br>\n\u2022 Umweltvertr\u00e4glich K\u00fchlfl\u00fcssigkeit R134a<br>\n\u2022 Geringe Schallemissionswerte<\/p>","protected":false},"featured_media":6123,"template":"","tags":[],"acf":[],"yoast_head":"<title>Ecosmart - Piovan Gruppe<\/title>\n<meta name=\"robots\" content=\"index, follow, max-snippet:-1, max-image-preview:large, max-video-preview:-1\" \/>\n<link rel=\"canonical\" href=\"https:\/\/www.piovan.com\/de\/product\/ecosmart-ca_piovan-china\/\" \/>\n<meta property=\"og:locale\" content=\"de_DE\" \/>\n<meta property=\"og:type\" content=\"article\" \/>\n<meta property=\"og:title\" content=\"Ecosmart - PiovanGroup\" \/>\n<meta property=\"og:description\" content=\"Model CA INVERTER driven SCREW compressor The Ecosmart Inverter driven chillers\u00a0provide low temperature water assuring the highest energy efficient functioning. INVERTER TECHNOLOGY works on the principle of variable compressor motor speed; an electrical signal is given to the compressor motor to adjust the screw speed according to the thermal load. If the thermal load is high the compressor runs faster developing a higher refrigerant flow rate and accordingly increasing the cooling power; on the contrary, the inverter reduces the refrigerant [&hellip;]\" \/>\n<meta property=\"og:url\" content=\"https:\/\/www.piovan.com\/de\/product\/ecosmart-ca_piovan-china\/\" \/>\n<meta property=\"og:site_name\" content=\"PiovanGroup\" \/>\n<meta property=\"article:modified_time\" content=\"2023-12-14T11:20:12+00:00\" \/>\n<meta property=\"og:image\" content=\"https:\/\/www.piovan.com\/wp-content\/uploads\/Ecosmart-CA_product_1200x1560.png\" \/>\n\t<meta property=\"og:image:width\" content=\"1200\" \/>\n\t<meta property=\"og:image:height\" content=\"1560\" \/>\n\t<meta property=\"og:image:type\" content=\"image\/png\" \/>\n<meta name=\"twitter:card\" content=\"summary_large_image\" \/>\n<script type=\"application\/ld+json\" class=\"yoast-schema-graph\">{\"@context\":\"https:\/\/schema.org\",\"@graph\":[{\"@type\":\"WebPage\",\"@id\":\"https:\/\/www.piovan.com\/product\/ecosmart-ca_piovan-china\/\",\"url\":\"https:\/\/www.piovan.com\/product\/ecosmart-ca_piovan-china\/\",\"name\":\"Ecosmart - PiovanGroup\",\"isPartOf\":{\"@id\":\"https:\/\/www.piovan.com\/#website\"},\"datePublished\":\"2021-12-05T14:18:07+00:00\",\"dateModified\":\"2023-12-14T11:20:12+00:00\",\"breadcrumb\":{\"@id\":\"https:\/\/www.piovan.com\/product\/ecosmart-ca_piovan-china\/#breadcrumb\"},\"inLanguage\":\"de-DE\",\"potentialAction\":[{\"@type\":\"ReadAction\",\"target\":[\"https:\/\/www.piovan.com\/product\/ecosmart-ca_piovan-china\/\"]}]},{\"@type\":\"BreadcrumbList\",\"@id\":\"https:\/\/www.piovan.com\/product\/ecosmart-ca_piovan-china\/#breadcrumb\",\"itemListElement\":[{\"@type\":\"ListItem\",\"position\":1,\"name\":\"Home\",\"item\":\"https:\/\/www.piovan.com\/\"},{\"@type\":\"ListItem\",\"position\":2,\"name\":\"Industrial cooling\",\"item\":\"https:\/\/www.piovan.com\/de\/products\/industrie-kuhlung\/\"},{\"@type\":\"ListItem\",\"position\":3,\"name\":\"Air-Cooled Chillers\",\"item\":\"https:\/\/www.piovan.com\/de\/products\/industrie-kuhlung\/air-cooled-chillers\/\"},{\"@type\":\"ListItem\",\"position\":4,\"name\":\"Ecosmart\"}]},{\"@type\":\"WebSite\",\"@id\":\"https:\/\/www.piovan.com\/#website\",\"url\":\"https:\/\/www.piovan.com\/\",\"name\":\"PiovanGroup\",\"description\":\"\",\"publisher\":{\"@id\":\"https:\/\/www.piovan.com\/#organization\"},\"potentialAction\":[{\"@type\":\"SearchAction\",\"target\":{\"@type\":\"EntryPoint\",\"urlTemplate\":\"https:\/\/www.piovan.com\/?s={search_term_string}\"},\"query-input\":\"required name=search_term_string\"}],\"inLanguage\":\"de-DE\"},{\"@type\":\"Organization\",\"@id\":\"https:\/\/www.piovan.com\/#organization\",\"name\":\"PiovanGroup\",\"url\":\"https:\/\/www.piovan.com\/\",\"logo\":{\"@type\":\"ImageObject\",\"inLanguage\":\"de-DE\",\"@id\":\"https:\/\/www.piovan.com\/#\/schema\/logo\/image\/\",\"url\":\"https:\/\/www.piovan.com\/wp-content\/uploads\/2021\/06\/logo@2x.png\",\"contentUrl\":\"https:\/\/www.piovan.com\/wp-content\/uploads\/2021\/06\/logo@2x.png\",\"width\":489,\"height\":78,\"caption\":\"PiovanGroup\"},\"image\":{\"@id\":\"https:\/\/www.piovan.com\/#\/schema\/logo\/image\/\"}}]}<\/script>","yoast_head_json":{"title":"Ecosmart - Piovan Gruppe","robots":{"index":"index","follow":"follow","max-snippet":"max-snippet:-1","max-image-preview":"max-image-preview:large","max-video-preview":"max-video-preview:-1"},"canonical":"https:\/\/www.piovan.com\/de\/product\/ecosmart-ca_piovan-china\/","og_locale":"de_DE","og_type":"article","og_title":"Ecosmart - PiovanGroup","og_description":"Model CA INVERTER driven SCREW compressor The Ecosmart Inverter driven chillers\u00a0provide low temperature water assuring the highest energy efficient functioning. INVERTER TECHNOLOGY works on the principle of variable compressor motor speed; an electrical signal is given to the compressor motor to adjust the screw speed according to the thermal load. If the thermal load is high the compressor runs faster developing a higher refrigerant flow rate and accordingly increasing the cooling power; on the contrary, the inverter reduces the refrigerant [&hellip;]","og_url":"https:\/\/www.piovan.com\/de\/product\/ecosmart-ca_piovan-china\/","og_site_name":"PiovanGroup","article_modified_time":"2023-12-14T11:20:12+00:00","og_image":[{"width":1200,"height":1560,"url":"https:\/\/www.piovan.com\/wp-content\/uploads\/Ecosmart-CA_product_1200x1560.png","type":"image\/png"}],"twitter_card":"summary_large_image","schema":{"@context":"https:\/\/schema.org","@graph":[{"@type":"WebPage","@id":"https:\/\/www.piovan.com\/product\/ecosmart-ca_piovan-china\/","url":"https:\/\/www.piovan.com\/product\/ecosmart-ca_piovan-china\/","name":"Ecosmart - PiovanGroup","isPartOf":{"@id":"https:\/\/www.piovan.com\/#website"},"datePublished":"2021-12-05T14:18:07+00:00","dateModified":"2023-12-14T11:20:12+00:00","breadcrumb":{"@id":"https:\/\/www.piovan.com\/product\/ecosmart-ca_piovan-china\/#breadcrumb"},"inLanguage":"de-DE","potentialAction":[{"@type":"ReadAction","target":["https:\/\/www.piovan.com\/product\/ecosmart-ca_piovan-china\/"]}]},{"@type":"BreadcrumbList","@id":"https:\/\/www.piovan.com\/product\/ecosmart-ca_piovan-china\/#breadcrumb","itemListElement":[{"@type":"ListItem","position":1,"name":"Home","item":"https:\/\/www.piovan.com\/"},{"@type":"ListItem","position":2,"name":"Industrial cooling","item":"https:\/\/www.piovan.com\/de\/products\/industrie-kuhlung\/"},{"@type":"ListItem","position":3,"name":"Air-Cooled Chillers","item":"https:\/\/www.piovan.com\/de\/products\/industrie-kuhlung\/air-cooled-chillers\/"},{"@type":"ListItem","position":4,"name":"Ecosmart"}]},{"@type":"WebSite","@id":"https:\/\/www.piovan.com\/#website","url":"https:\/\/www.piovan.com\/","name":"PiovanGroup","description":"","publisher":{"@id":"https:\/\/www.piovan.com\/#organization"},"potentialAction":[{"@type":"SearchAction","target":{"@type":"EntryPoint","urlTemplate":"https:\/\/www.piovan.com\/?s={search_term_string}"},"query-input":"required name=search_term_string"}],"inLanguage":"de-DE"},{"@type":"Organization","@id":"https:\/\/www.piovan.com\/#organization","name":"PiovanGroup","url":"https:\/\/www.piovan.com\/","logo":{"@type":"ImageObject","inLanguage":"de-DE","@id":"https:\/\/www.piovan.com\/#\/schema\/logo\/image\/","url":"https:\/\/www.piovan.com\/wp-content\/uploads\/2021\/06\/logo@2x.png","contentUrl":"https:\/\/www.piovan.com\/wp-content\/uploads\/2021\/06\/logo@2x.png","width":489,"height":78,"caption":"PiovanGroup"},"image":{"@id":"https:\/\/www.piovan.com\/#\/schema\/logo\/image\/"}}]}},"_links":{"self":[{"href":"https:\/\/www.piovan.com\/de\/wp-json\/wp\/v2\/product\/6022"}],"collection":[{"href":"https:\/\/www.piovan.com\/de\/wp-json\/wp\/v2\/product"}],"about":[{"href":"https:\/\/www.piovan.com\/de\/wp-json\/wp\/v2\/types\/product"}],"version-history":[{"count":1,"href":"https:\/\/www.piovan.com\/de\/wp-json\/wp\/v2\/product\/6022\/revisions"}],"predecessor-version":[{"id":11243,"href":"https:\/\/www.piovan.com\/de\/wp-json\/wp\/v2\/product\/6022\/revisions\/11243"}],"wp:featuredmedia":[{"embeddable":true,"href":"https:\/\/www.piovan.com\/de\/wp-json\/wp\/v2\/media\/6123"}],"wp:attachment":[{"href":"https:\/\/www.piovan.com\/de\/wp-json\/wp\/v2\/media?parent=6022"}],"wp:term":[{"taxonomy":"post_tag","embeddable":true,"href":"https:\/\/www.piovan.com\/de\/wp-json\/wp\/v2\/tags?post=6022"}],"curies":[{"name":"wp","href":"https:\/\/api.w.org\/{rel}","templated":true}]}}