{"id":5953,"date":"2021-12-04T21:31:45","date_gmt":"2021-12-04T20:31:45","guid":{"rendered":"https:\/\/www.piovan.com\/?post_type=product&#038;p=5953"},"modified":"2025-07-07T16:11:39","modified_gmt":"2025-07-07T14:11:39","slug":"vakupulse","status":"publish","type":"product","link":"https:\/\/www.piovan.com\/de\/product\/vakupulse\/","title":{"rendered":"Vakupulse"},"content":{"rendered":"<p>Vakupulse wurde speziell f\u00fcr die Handhabung von Materialien entwickelt,\ndie mit niedriger Geschwindigkeit gef\u00f6rdert werden m\u00fcssen, wie z. B. abrasive Materialien mit Glasfasern oder\neinem hohen F\u00fcllstoffanteil sowie\nweiche Produkte wie EVA oder PE, mit\ndem Ziel:<\/p>\n<ul>\n<li>Abrieb und Verschlei\u00df der Prozessrohrleitungen bei Vorhandensein\nabrasiver Materialien zu vermeiden<\/li>\n<li>Bei empfindlichen oder weichen\nMaterialien Kunststoffgranulat zu\nsch\u00fctzen, um die Entstehung von\nEngelshaar und Staub zu vermeiden.<\/li>\n<\/ul>\n<p>Das System basiert auf einem Vakuumbeh\u00e4lter und einer Saugnapf-Vakuumpumpe. In Kombination mit einer\nspeziellen Geometrie der Produktansaugd\u00fcse und einem entsprechenden\nEntl\u00fcftungsventil wird das Material\nschonend zum Empf\u00e4nger der Charge\ngef\u00f6rdert.<\/p>\n<p>Vakupulse verf\u00fcgt \u00fcber eine beachtliche Kapazit\u00e4t von bis zu 15.000 kg\/h.\nAuch die niedrige F\u00f6rdergeschwindigkeit des Materials von etwa 2\/3 m\/s\nwirkt sich positiv auf Energieverbrauch\nund Ger\u00e4uschpegel aus.<\/p>","protected":false},"featured_media":15076,"template":"","tags":[189,44],"acf":[],"yoast_head":"<title>Vakupulse - PiovanGroup<\/title>\n<meta name=\"robots\" content=\"index, follow, max-snippet:-1, max-image-preview:large, max-video-preview:-1\" \/>\n<link rel=\"canonical\" href=\"https:\/\/www.piovan.com\/de\/product\/vakupulse\/\" \/>\n<meta property=\"og:locale\" content=\"de_DE\" \/>\n<meta property=\"og:type\" content=\"article\" \/>\n<meta property=\"og:title\" content=\"Vakupulse - PiovanGroup\" \/>\n<meta property=\"og:description\" content=\"Vakupulse is specifically designed to handle materials that need to be transported at low speed, such as abrasive materials that contain glass fibers or an high amount of filler and soft products like EVA or PE. The targets are: Avoid abrasion and wearing of the process piping in case of abrasive material Preserve the plastic granules in case of delicate or soft material, avoiding the creation of angel hair and dust. The system is based on a vacuum receiver and [&hellip;]\" \/>\n<meta property=\"og:url\" content=\"https:\/\/www.piovan.com\/de\/product\/vakupulse\/\" \/>\n<meta property=\"og:site_name\" content=\"PiovanGroup\" \/>\n<meta property=\"article:modified_time\" content=\"2025-07-07T14:11:39+00:00\" \/>\n<meta property=\"og:image\" content=\"https:\/\/www.piovan.com\/wp-content\/uploads\/0004_Vakupulse.png\" \/>\n\t<meta property=\"og:image:width\" content=\"1200\" \/>\n\t<meta property=\"og:image:height\" content=\"1560\" \/>\n\t<meta property=\"og:image:type\" content=\"image\/png\" \/>\n<meta name=\"twitter:card\" content=\"summary_large_image\" \/>\n<script type=\"application\/ld+json\" class=\"yoast-schema-graph\">{\"@context\":\"https:\/\/schema.org\",\"@graph\":[{\"@type\":\"WebPage\",\"@id\":\"https:\/\/www.piovan.com\/product\/vakupulse\/\",\"url\":\"https:\/\/www.piovan.com\/product\/vakupulse\/\",\"name\":\"Vakupulse - PiovanGroup\",\"isPartOf\":{\"@id\":\"https:\/\/www.piovan.com\/#website\"},\"datePublished\":\"2021-12-04T20:31:45+00:00\",\"dateModified\":\"2025-07-07T14:11:39+00:00\",\"breadcrumb\":{\"@id\":\"https:\/\/www.piovan.com\/product\/vakupulse\/#breadcrumb\"},\"inLanguage\":\"de-DE\",\"potentialAction\":[{\"@type\":\"ReadAction\",\"target\":[\"https:\/\/www.piovan.com\/product\/vakupulse\/\"]}]},{\"@type\":\"BreadcrumbList\",\"@id\":\"https:\/\/www.piovan.com\/product\/vakupulse\/#breadcrumb\",\"itemListElement\":[{\"@type\":\"ListItem\",\"position\":1,\"name\":\"Home\",\"item\":\"https:\/\/www.piovan.com\/\"},{\"@type\":\"ListItem\",\"position\":2,\"name\":\"Food\",\"item\":\"https:\/\/www.piovan.com\/de\/products\/lebensmittel\/\"},{\"@type\":\"ListItem\",\"position\":3,\"name\":\"Transport\",\"item\":\"https:\/\/www.piovan.com\/de\/products\/lebensmittel\/transport\/\"},{\"@type\":\"ListItem\",\"position\":4,\"name\":\"Vakupulse\"}]},{\"@type\":\"WebSite\",\"@id\":\"https:\/\/www.piovan.com\/#website\",\"url\":\"https:\/\/www.piovan.com\/\",\"name\":\"PiovanGroup\",\"description\":\"\",\"publisher\":{\"@id\":\"https:\/\/www.piovan.com\/#organization\"},\"potentialAction\":[{\"@type\":\"SearchAction\",\"target\":{\"@type\":\"EntryPoint\",\"urlTemplate\":\"https:\/\/www.piovan.com\/?s={search_term_string}\"},\"query-input\":\"required name=search_term_string\"}],\"inLanguage\":\"de-DE\"},{\"@type\":\"Organization\",\"@id\":\"https:\/\/www.piovan.com\/#organization\",\"name\":\"PiovanGroup\",\"url\":\"https:\/\/www.piovan.com\/\",\"logo\":{\"@type\":\"ImageObject\",\"inLanguage\":\"de-DE\",\"@id\":\"https:\/\/www.piovan.com\/#\/schema\/logo\/image\/\",\"url\":\"https:\/\/www.piovan.com\/wp-content\/uploads\/2021\/06\/logo@2x.png\",\"contentUrl\":\"https:\/\/www.piovan.com\/wp-content\/uploads\/2021\/06\/logo@2x.png\",\"width\":489,\"height\":78,\"caption\":\"PiovanGroup\"},\"image\":{\"@id\":\"https:\/\/www.piovan.com\/#\/schema\/logo\/image\/\"}}]}<\/script>","yoast_head_json":{"title":"Vakupulse - PiovanGroup","robots":{"index":"index","follow":"follow","max-snippet":"max-snippet:-1","max-image-preview":"max-image-preview:large","max-video-preview":"max-video-preview:-1"},"canonical":"https:\/\/www.piovan.com\/de\/product\/vakupulse\/","og_locale":"de_DE","og_type":"article","og_title":"Vakupulse - PiovanGroup","og_description":"Vakupulse is specifically designed to handle materials that need to be transported at low speed, such as abrasive materials that contain glass fibers or an high amount of filler and soft products like EVA or PE. The targets are: Avoid abrasion and wearing of the process piping in case of abrasive material Preserve the plastic granules in case of delicate or soft material, avoiding the creation of angel hair and dust. The system is based on a vacuum receiver and [&hellip;]","og_url":"https:\/\/www.piovan.com\/de\/product\/vakupulse\/","og_site_name":"PiovanGroup","article_modified_time":"2025-07-07T14:11:39+00:00","og_image":[{"width":1200,"height":1560,"url":"https:\/\/www.piovan.com\/wp-content\/uploads\/0004_Vakupulse.png","type":"image\/png"}],"twitter_card":"summary_large_image","schema":{"@context":"https:\/\/schema.org","@graph":[{"@type":"WebPage","@id":"https:\/\/www.piovan.com\/product\/vakupulse\/","url":"https:\/\/www.piovan.com\/product\/vakupulse\/","name":"Vakupulse - PiovanGroup","isPartOf":{"@id":"https:\/\/www.piovan.com\/#website"},"datePublished":"2021-12-04T20:31:45+00:00","dateModified":"2025-07-07T14:11:39+00:00","breadcrumb":{"@id":"https:\/\/www.piovan.com\/product\/vakupulse\/#breadcrumb"},"inLanguage":"de-DE","potentialAction":[{"@type":"ReadAction","target":["https:\/\/www.piovan.com\/product\/vakupulse\/"]}]},{"@type":"BreadcrumbList","@id":"https:\/\/www.piovan.com\/product\/vakupulse\/#breadcrumb","itemListElement":[{"@type":"ListItem","position":1,"name":"Home","item":"https:\/\/www.piovan.com\/"},{"@type":"ListItem","position":2,"name":"Food","item":"https:\/\/www.piovan.com\/de\/products\/lebensmittel\/"},{"@type":"ListItem","position":3,"name":"Transport","item":"https:\/\/www.piovan.com\/de\/products\/lebensmittel\/transport\/"},{"@type":"ListItem","position":4,"name":"Vakupulse"}]},{"@type":"WebSite","@id":"https:\/\/www.piovan.com\/#website","url":"https:\/\/www.piovan.com\/","name":"PiovanGroup","description":"","publisher":{"@id":"https:\/\/www.piovan.com\/#organization"},"potentialAction":[{"@type":"SearchAction","target":{"@type":"EntryPoint","urlTemplate":"https:\/\/www.piovan.com\/?s={search_term_string}"},"query-input":"required name=search_term_string"}],"inLanguage":"de-DE"},{"@type":"Organization","@id":"https:\/\/www.piovan.com\/#organization","name":"PiovanGroup","url":"https:\/\/www.piovan.com\/","logo":{"@type":"ImageObject","inLanguage":"de-DE","@id":"https:\/\/www.piovan.com\/#\/schema\/logo\/image\/","url":"https:\/\/www.piovan.com\/wp-content\/uploads\/2021\/06\/logo@2x.png","contentUrl":"https:\/\/www.piovan.com\/wp-content\/uploads\/2021\/06\/logo@2x.png","width":489,"height":78,"caption":"PiovanGroup"},"image":{"@id":"https:\/\/www.piovan.com\/#\/schema\/logo\/image\/"}}]}},"_links":{"self":[{"href":"https:\/\/www.piovan.com\/de\/wp-json\/wp\/v2\/product\/5953"}],"collection":[{"href":"https:\/\/www.piovan.com\/de\/wp-json\/wp\/v2\/product"}],"about":[{"href":"https:\/\/www.piovan.com\/de\/wp-json\/wp\/v2\/types\/product"}],"version-history":[{"count":4,"href":"https:\/\/www.piovan.com\/de\/wp-json\/wp\/v2\/product\/5953\/revisions"}],"predecessor-version":[{"id":15351,"href":"https:\/\/www.piovan.com\/de\/wp-json\/wp\/v2\/product\/5953\/revisions\/15351"}],"wp:featuredmedia":[{"embeddable":true,"href":"https:\/\/www.piovan.com\/de\/wp-json\/wp\/v2\/media\/15076"}],"wp:attachment":[{"href":"https:\/\/www.piovan.com\/de\/wp-json\/wp\/v2\/media?parent=5953"}],"wp:term":[{"taxonomy":"post_tag","embeddable":true,"href":"https:\/\/www.piovan.com\/de\/wp-json\/wp\/v2\/tags?post=5953"}],"curies":[{"name":"wp","href":"https:\/\/api.w.org\/{rel}","templated":true}]}}