{"id":5947,"date":"2021-12-04T21:12:08","date_gmt":"2021-12-04T20:12:08","guid":{"rendered":"https:\/\/www.piovan.com\/?post_type=product&#038;p=5947"},"modified":"2025-05-19T12:50:21","modified_gmt":"2025-05-19T10:50:21","slug":"silos-food","status":"publish","type":"product","link":"https:\/\/www.piovan.com\/de\/product\/silos-food\/","title":{"rendered":"Silos"},"content":{"rendered":"<p>Silos mit gro\u00dfem Durchmesser bieten mit viel Augenmerk auf Funktionalit\u00e4t und \u00c4sthetik eine Installation im Freien.<\/p>\n<p>Die f\u00fcr Granulat, Flakes oder Pulver\ngeeigneten Piovan-Silos verf\u00fcgen \u00fcber\nspezifische Geometrien und Vorrichtungen\nf\u00fcr die zu lagernden Materialien,\nwie z.B.:<\/p>\n<ul>\n<li>Auslass-Luftfilter<\/li>\n<li>Extraktionssysteme f\u00fcr Polymere mit hohem Reibungskoeffizienten<\/li>\n<li>Messl\u00f6sungen wie W\u00e4gezellen oder kontinuierliche F\u00fcllstandssensoren (Radar oder Senklot)<\/li>\n<li>Schutzsysteme f\u00fcr explosionsgef\u00e4hrdete Bereiche.<\/li>\n<\/ul>\n<p>Die Silos sind mit einer Vielzahl von\nBeladungsmethoden kompatibel, wie\nz.B. LKW-Pumpen, Seecontainern\nmit S\u00e4cken, Hochdruckgebl\u00e4sen f\u00fcr\nDichtstrom- oder Halbdichtstrom-F\u00f6rdersysteme.<\/p>\n<p>Auf Anfrage ist eine Berechnung der\nBodenbelastung oder eine spezielle\ntechnische Dokumentation erh\u00e4ltlich.<\/p>","protected":false},"featured_media":15185,"template":"","tags":[189,44],"acf":[],"yoast_head":"<title>Silos - Piovan Gruppe<\/title>\n<meta name=\"robots\" content=\"index, follow, max-snippet:-1, max-image-preview:large, max-video-preview:-1\" \/>\n<link rel=\"canonical\" href=\"https:\/\/www.piovan.com\/de\/product\/silos-food\/\" \/>\n<meta property=\"og:locale\" content=\"de_DE\" \/>\n<meta property=\"og:type\" content=\"article\" \/>\n<meta property=\"og:title\" content=\"Silos - PiovanGroup\" \/>\n<meta property=\"og:description\" content=\"Large diameter silos offer with great attention to functional and aesthetics for out door installation. Suitable for granules, flakes or powders, Piovan silos have specific geometries and devices for according to the materials to store, such as: Outlet air filters Extraction systems for high friction polymers Measurement solutions like load cells or continuous level sensor (radar or plumb bob type) Protection systems for potentially explosive atmospheres. The silos are compatible with a wide range of loading methods like truck pumps, [&hellip;]\" \/>\n<meta property=\"og:url\" content=\"https:\/\/www.piovan.com\/de\/product\/silos-food\/\" \/>\n<meta property=\"og:site_name\" content=\"PiovanGroup\" \/>\n<meta property=\"article:modified_time\" content=\"2025-05-19T10:50:21+00:00\" \/>\n<meta property=\"og:image\" content=\"https:\/\/www.piovan.com\/wp-content\/uploads\/0002_SILI-PENTA-2_originale.png\" \/>\n\t<meta property=\"og:image:width\" content=\"1200\" \/>\n\t<meta property=\"og:image:height\" content=\"1560\" \/>\n\t<meta property=\"og:image:type\" content=\"image\/png\" \/>\n<meta name=\"twitter:card\" content=\"summary_large_image\" \/>\n<script type=\"application\/ld+json\" class=\"yoast-schema-graph\">{\"@context\":\"https:\/\/schema.org\",\"@graph\":[{\"@type\":\"WebPage\",\"@id\":\"https:\/\/www.piovan.com\/product\/silos-food\/\",\"url\":\"https:\/\/www.piovan.com\/product\/silos-food\/\",\"name\":\"Silos - PiovanGroup\",\"isPartOf\":{\"@id\":\"https:\/\/www.piovan.com\/#website\"},\"datePublished\":\"2021-12-04T20:12:08+00:00\",\"dateModified\":\"2025-05-19T10:50:21+00:00\",\"breadcrumb\":{\"@id\":\"https:\/\/www.piovan.com\/product\/silos-food\/#breadcrumb\"},\"inLanguage\":\"de-DE\",\"potentialAction\":[{\"@type\":\"ReadAction\",\"target\":[\"https:\/\/www.piovan.com\/product\/silos-food\/\"]}]},{\"@type\":\"BreadcrumbList\",\"@id\":\"https:\/\/www.piovan.com\/product\/silos-food\/#breadcrumb\",\"itemListElement\":[{\"@type\":\"ListItem\",\"position\":1,\"name\":\"Home\",\"item\":\"https:\/\/www.piovan.com\/\"},{\"@type\":\"ListItem\",\"position\":2,\"name\":\"Food\",\"item\":\"https:\/\/www.piovan.com\/de\/products\/lebensmittel\/\"},{\"@type\":\"ListItem\",\"position\":3,\"name\":\"Storage\",\"item\":\"https:\/\/www.piovan.com\/de\/products\/lebensmittel\/storage-food\/\"},{\"@type\":\"ListItem\",\"position\":4,\"name\":\"Silos\"}]},{\"@type\":\"WebSite\",\"@id\":\"https:\/\/www.piovan.com\/#website\",\"url\":\"https:\/\/www.piovan.com\/\",\"name\":\"PiovanGroup\",\"description\":\"\",\"publisher\":{\"@id\":\"https:\/\/www.piovan.com\/#organization\"},\"potentialAction\":[{\"@type\":\"SearchAction\",\"target\":{\"@type\":\"EntryPoint\",\"urlTemplate\":\"https:\/\/www.piovan.com\/?s={search_term_string}\"},\"query-input\":\"required name=search_term_string\"}],\"inLanguage\":\"de-DE\"},{\"@type\":\"Organization\",\"@id\":\"https:\/\/www.piovan.com\/#organization\",\"name\":\"PiovanGroup\",\"url\":\"https:\/\/www.piovan.com\/\",\"logo\":{\"@type\":\"ImageObject\",\"inLanguage\":\"de-DE\",\"@id\":\"https:\/\/www.piovan.com\/#\/schema\/logo\/image\/\",\"url\":\"https:\/\/www.piovan.com\/wp-content\/uploads\/2021\/06\/logo@2x.png\",\"contentUrl\":\"https:\/\/www.piovan.com\/wp-content\/uploads\/2021\/06\/logo@2x.png\",\"width\":489,\"height\":78,\"caption\":\"PiovanGroup\"},\"image\":{\"@id\":\"https:\/\/www.piovan.com\/#\/schema\/logo\/image\/\"}}]}<\/script>","yoast_head_json":{"title":"Silos - Piovan Gruppe","robots":{"index":"index","follow":"follow","max-snippet":"max-snippet:-1","max-image-preview":"max-image-preview:large","max-video-preview":"max-video-preview:-1"},"canonical":"https:\/\/www.piovan.com\/de\/product\/silos-food\/","og_locale":"de_DE","og_type":"article","og_title":"Silos - PiovanGroup","og_description":"Large diameter silos offer with great attention to functional and aesthetics for out door installation. Suitable for granules, flakes or powders, Piovan silos have specific geometries and devices for according to the materials to store, such as: Outlet air filters Extraction systems for high friction polymers Measurement solutions like load cells or continuous level sensor (radar or plumb bob type) Protection systems for potentially explosive atmospheres. The silos are compatible with a wide range of loading methods like truck pumps, [&hellip;]","og_url":"https:\/\/www.piovan.com\/de\/product\/silos-food\/","og_site_name":"PiovanGroup","article_modified_time":"2025-05-19T10:50:21+00:00","og_image":[{"width":1200,"height":1560,"url":"https:\/\/www.piovan.com\/wp-content\/uploads\/0002_SILI-PENTA-2_originale.png","type":"image\/png"}],"twitter_card":"summary_large_image","schema":{"@context":"https:\/\/schema.org","@graph":[{"@type":"WebPage","@id":"https:\/\/www.piovan.com\/product\/silos-food\/","url":"https:\/\/www.piovan.com\/product\/silos-food\/","name":"Silos - PiovanGroup","isPartOf":{"@id":"https:\/\/www.piovan.com\/#website"},"datePublished":"2021-12-04T20:12:08+00:00","dateModified":"2025-05-19T10:50:21+00:00","breadcrumb":{"@id":"https:\/\/www.piovan.com\/product\/silos-food\/#breadcrumb"},"inLanguage":"de-DE","potentialAction":[{"@type":"ReadAction","target":["https:\/\/www.piovan.com\/product\/silos-food\/"]}]},{"@type":"BreadcrumbList","@id":"https:\/\/www.piovan.com\/product\/silos-food\/#breadcrumb","itemListElement":[{"@type":"ListItem","position":1,"name":"Home","item":"https:\/\/www.piovan.com\/"},{"@type":"ListItem","position":2,"name":"Food","item":"https:\/\/www.piovan.com\/de\/products\/lebensmittel\/"},{"@type":"ListItem","position":3,"name":"Storage","item":"https:\/\/www.piovan.com\/de\/products\/lebensmittel\/storage-food\/"},{"@type":"ListItem","position":4,"name":"Silos"}]},{"@type":"WebSite","@id":"https:\/\/www.piovan.com\/#website","url":"https:\/\/www.piovan.com\/","name":"PiovanGroup","description":"","publisher":{"@id":"https:\/\/www.piovan.com\/#organization"},"potentialAction":[{"@type":"SearchAction","target":{"@type":"EntryPoint","urlTemplate":"https:\/\/www.piovan.com\/?s={search_term_string}"},"query-input":"required name=search_term_string"}],"inLanguage":"de-DE"},{"@type":"Organization","@id":"https:\/\/www.piovan.com\/#organization","name":"PiovanGroup","url":"https:\/\/www.piovan.com\/","logo":{"@type":"ImageObject","inLanguage":"de-DE","@id":"https:\/\/www.piovan.com\/#\/schema\/logo\/image\/","url":"https:\/\/www.piovan.com\/wp-content\/uploads\/2021\/06\/logo@2x.png","contentUrl":"https:\/\/www.piovan.com\/wp-content\/uploads\/2021\/06\/logo@2x.png","width":489,"height":78,"caption":"PiovanGroup"},"image":{"@id":"https:\/\/www.piovan.com\/#\/schema\/logo\/image\/"}}]}},"_links":{"self":[{"href":"https:\/\/www.piovan.com\/de\/wp-json\/wp\/v2\/product\/5947"}],"collection":[{"href":"https:\/\/www.piovan.com\/de\/wp-json\/wp\/v2\/product"}],"about":[{"href":"https:\/\/www.piovan.com\/de\/wp-json\/wp\/v2\/types\/product"}],"version-history":[{"count":3,"href":"https:\/\/www.piovan.com\/de\/wp-json\/wp\/v2\/product\/5947\/revisions"}],"predecessor-version":[{"id":15197,"href":"https:\/\/www.piovan.com\/de\/wp-json\/wp\/v2\/product\/5947\/revisions\/15197"}],"wp:featuredmedia":[{"embeddable":true,"href":"https:\/\/www.piovan.com\/de\/wp-json\/wp\/v2\/media\/15185"}],"wp:attachment":[{"href":"https:\/\/www.piovan.com\/de\/wp-json\/wp\/v2\/media?parent=5947"}],"wp:term":[{"taxonomy":"post_tag","embeddable":true,"href":"https:\/\/www.piovan.com\/de\/wp-json\/wp\/v2\/tags?post=5947"}],"curies":[{"name":"wp","href":"https:\/\/api.w.org\/{rel}","templated":true}]}}